{"id":1822,"date":"2021-07-13T20:25:59","date_gmt":"2021-07-13T20:25:59","guid":{"rendered":"https:\/\/pomeranianvalpar.eu\/doprava\/"},"modified":"2025-04-26T15:28:21","modified_gmt":"2025-04-26T15:28:21","slug":"doprava","status":"publish","type":"page","link":"https:\/\/pomeranianvalpar.eu\/cs\/doprava\/","title":{"rendered":"Doprava"},"content":{"rendered":"\t\t<div data-elementor-type=\"wp-page\" data-elementor-id=\"1822\" class=\"elementor elementor-1822 elementor-15\">\n\t\t\t\t\t\t<section class=\"elementor-section elementor-top-section elementor-element elementor-element-5158c2fd elementor-section-content-middle elementor-section-boxed elementor-section-height-default elementor-section-height-default\" data-id=\"5158c2fd\" data-element_type=\"section\" data-e-type=\"section\" data-settings=\"{&quot;background_background&quot;:&quot;classic&quot;}\">\n\t\t\t\t\t\t<div class=\"elementor-container elementor-column-gap-no\">\n\t\t\t\t\t<div class=\"elementor-column elementor-col-50 elementor-top-column elementor-element elementor-element-3bf45473\" data-id=\"3bf45473\" data-element_type=\"column\" data-e-type=\"column\">\n\t\t\t<div class=\"elementor-widget-wrap elementor-element-populated\">\n\t\t\t\t\t\t<div class=\"elementor-element elementor-element-7e8151c7 elementor-widget elementor-widget-image\" data-id=\"7e8151c7\" data-element_type=\"widget\" data-e-type=\"widget\" data-widget_type=\"image.default\">\n\t\t\t\t<div class=\"elementor-widget-container\">\n\t\t\t\t\t\t\t\t\t\t\t\t\t\t\t<img fetchpriority=\"high\" decoding=\"async\" width=\"1125\" height=\"760\" src=\"https:\/\/pomeranianvalpar.eu\/wp-content\/uploads\/2021\/07\/IMG_7356.jpg\" class=\"attachment-full size-full wp-image-1823\" alt=\"\" srcset=\"https:\/\/pomeranianvalpar.eu\/wp-content\/uploads\/2021\/07\/IMG_7356.jpg 1125w, https:\/\/pomeranianvalpar.eu\/wp-content\/uploads\/2021\/07\/IMG_7356-300x203.jpg 300w, https:\/\/pomeranianvalpar.eu\/wp-content\/uploads\/2021\/07\/IMG_7356-1024x692.jpg 1024w, https:\/\/pomeranianvalpar.eu\/wp-content\/uploads\/2021\/07\/IMG_7356-768x519.jpg 768w\" sizes=\"(max-width: 1125px) 100vw, 1125px\" \/>\t\t\t\t\t\t\t\t\t\t\t\t\t\t\t<\/div>\n\t\t\t\t<\/div>\n\t\t\t\t\t<\/div>\n\t\t<\/div>\n\t\t\t\t<div class=\"elementor-column elementor-col-50 elementor-top-column elementor-element elementor-element-79efaaa7\" data-id=\"79efaaa7\" data-element_type=\"column\" data-e-type=\"column\">\n\t\t\t<div class=\"elementor-widget-wrap elementor-element-populated\">\n\t\t\t\t\t\t<div class=\"elementor-element elementor-element-4c67bd60 elementor-widget elementor-widget-heading\" data-id=\"4c67bd60\" data-element_type=\"widget\" data-e-type=\"widget\" data-widget_type=\"heading.default\">\n\t\t\t\t<div class=\"elementor-widget-container\">\n\t\t\t\t\t<h4 class=\"elementor-heading-title elementor-size-default\">Je p\u0159eprava \u0161t\u011bn\u011bte bezpe\u010dn\u00e1?<\/h4>\t\t\t\t<\/div>\n\t\t\t\t<\/div>\n\t\t\t\t<div class=\"elementor-element elementor-element-6cb7f3df elementor-widget elementor-widget-text-editor\" data-id=\"6cb7f3df\" data-element_type=\"widget\" data-e-type=\"widget\" data-widget_type=\"text-editor.default\">\n\t\t\t\t<div class=\"elementor-widget-container\">\n\t\t\t\t\t\t\t\t\t<section class=\"elementor-section elementor-top-section elementor-element elementor-element-8160e23 elementor-section-boxed elementor-section-height-default elementor-section-height-default\" data-id=\"8160e23\" data-element_type=\"section\"><div class=\"elementor-container elementor-column-gap-default\"><div class=\"elementor-column elementor-col-100 elementor-top-column elementor-element elementor-element-9a59000\" data-id=\"9a59000\" data-element_type=\"column\"><div class=\"elementor-widget-wrap elementor-element-populated\"><div class=\"elementor-element elementor-element-701a091 elementor-position-top elementor-vertical-align-top elementor-widget elementor-widget-image-box\" data-id=\"701a091\" data-element_type=\"widget\" data-widget_type=\"image-box.default\"><div class=\"elementor-widget-container\"><div class=\"elementor-image-box-wrapper\"><div class=\"elementor-image-box-content\"><p class=\"elementor-image-box-description\"><span style=\"color: #666699;\"><strong>D\u00edky dlouholet\u00fdm zku\u0161enostem v p\u0159epravn\u00edm pr\u016fmyslu, a to jak s p\u0159epravou, tak s p\u0159ij\u00edm\u00e1n\u00edm \u0161t\u011b\u0148at, v\u00edm, \u017ee o v\u0161echna \u0161t\u011b\u0148ata je b\u011bhem jejich cesty dob\u0159e postar\u00e1no. Ve skute\u010dnosti m\u016f\u017ee b\u00fdt p\u0159eprava m\u00e9n\u011b stresuj\u00edc\u00ed ne\u017e j\u00edzda autem p\u0159es m\u011bsta, st\u00e1ty nebo zem\u011b, abyste si vyzvedli \u0161t\u011bn\u011b. Je\u0161t\u011b m\u00e9n\u011b, proto\u017ee doprava trv\u00e1 jen n\u011bkolik hodin, ne\u017e ji nov\u00ed majitel\u00e9 obdr\u017e\u00ed.  <\/strong><\/span><\/p><\/div><\/div><\/div><\/div><\/div><\/div><\/div><\/section>\t\t\t\t\t\t\t\t<\/div>\n\t\t\t\t<\/div>\n\t\t\t\t\t<\/div>\n\t\t<\/div>\n\t\t\t\t\t<\/div>\n\t\t<\/section>\n\t\t\t\t<section class=\"elementor-section elementor-top-section elementor-element elementor-element-7a150bff elementor-section-content-middle elementor-reverse-mobile elementor-section-boxed elementor-section-height-default elementor-section-height-default\" data-id=\"7a150bff\" data-element_type=\"section\" data-e-type=\"section\" data-settings=\"{&quot;background_background&quot;:&quot;classic&quot;}\">\n\t\t\t\t\t\t<div class=\"elementor-container elementor-column-gap-no\">\n\t\t\t\t\t<div class=\"elementor-column elementor-col-50 elementor-top-column elementor-element elementor-element-6317a4cc\" data-id=\"6317a4cc\" data-element_type=\"column\" data-e-type=\"column\">\n\t\t\t<div class=\"elementor-widget-wrap elementor-element-populated\">\n\t\t\t\t\t\t<div class=\"elementor-element elementor-element-2d5c707b elementor-widget elementor-widget-heading\" data-id=\"2d5c707b\" data-element_type=\"widget\" data-e-type=\"widget\" data-widget_type=\"heading.default\">\n\t\t\t\t<div class=\"elementor-widget-container\">\n\t\t\t\t\t<h4 class=\"elementor-heading-title elementor-size-default\">Co je zahrnuto v procesu p\u0159epravy?<\/h4>\t\t\t\t<\/div>\n\t\t\t\t<\/div>\n\t\t\t\t<div class=\"elementor-element elementor-element-3e5c79b8 elementor-widget elementor-widget-text-editor\" data-id=\"3e5c79b8\" data-element_type=\"widget\" data-e-type=\"widget\" data-widget_type=\"text-editor.default\">\n\t\t\t\t<div class=\"elementor-widget-container\">\n\t\t\t\t\t\t\t\t\t<section class=\"elementor-section elementor-top-section elementor-element elementor-element-0ca81f3 elementor-section-boxed elementor-section-height-default elementor-section-height-default\" data-id=\"0ca81f3\" data-element_type=\"section\"><div class=\"elementor-container elementor-column-gap-default\"><div class=\"elementor-column elementor-col-100 elementor-top-column elementor-element elementor-element-33694f9\" data-id=\"33694f9\" data-element_type=\"column\"><div class=\"elementor-widget-wrap elementor-element-populated\"><div class=\"elementor-element elementor-element-d2081f0 elementor-widget elementor-widget-text-editor\" data-id=\"d2081f0\" data-element_type=\"widget\" data-widget_type=\"text-editor.default\"><div class=\"elementor-widget-container\"><p><strong>Pot\u00e9, co od v\u00e1s potvrd\u00edme platby. Den a \u010das budou z\u00e1viset p\u0159edev\u0161\u00edm na dostupnosti let\u016f a teplot\u011b, a tak\u00e9 na tom, kdy se oba m\u016f\u017eeme dostat na leti\u0161t\u011b. Obvykle si m\u016f\u017eu rezervovat letenku s odesl\u00e1n\u00edm je\u0161t\u011b tent\u00fd\u017e den, i kdy\u017e je to trochu otravn\u00e9 a stoj\u00ed to o n\u011bco v\u00edc. Po rezervaci letu v\u00e1m po\u0161lu e-mail, SMS nebo zavol\u00e1m s \u010d\u00edslem letu, \u010dasy, letenkou a m\u00edstem vyzvednut\u00ed \u0161t\u011bn\u011bte. Pak si \u0161t\u011bn\u011b u\u017e jen vyzvedn\u011bte na leti\u0161ti. M\u016f\u017eeme tak\u00e9 za\u0159\u00eddit doru\u010den\u00ed dom\u016f, abyste si pro vyzvednut\u00ed nemuseli dojet na leti\u0161t\u011b. Jen \u010dek\u00e1te, a\u017e v\u00e1m kur\u00fdrn\u00ed person\u00e1l p\u0159iveze \u0161t\u011bn\u011b p\u0159\u00edmo ke dve\u0159\u00edm. Nicm\u00e9n\u011b je to tak\u00e9 velmi bez stresu. Budete pot\u0159ebovat doklad toto\u017enosti (\u0159idi\u010dsk\u00fd pr\u016fkaz nebo ob\u010dansk\u00fd pr\u016fkaz) a \u010d\u00edslo letenky, kter\u00e9 jsem v\u00e1m dal\/a. Pak pros\u00edm soukrom\u00e9 osoby, aby m\u011b co nejd\u0159\u00edve po obdr\u017een\u00ed sv\u00e9ho \u0161t\u011bn\u011bte kontaktovaly, proto\u017ee m\u011b velmi zaj\u00edm\u00e1, jestli bylo v\u0161e v po\u0159\u00e1dku, co si mysl\u00edte, a jak\u00e9koli dal\u0161\u00ed ot\u00e1zky, kter\u00e9 byste mohli m\u00edt. Vysv\u011btlen\u00ed se zd\u00e1 dlouh\u00e9, ale ve skute\u010dnosti to jde velmi rychle! \u0160t\u011b\u0148at\u016fm bude b\u011bhem cesty nab\u00eddnuto tak\u00e9 j\u00eddlo a v p\u0159\u00edpad\u011b pot\u0159eby i voda nav\u00edc. \u0160t\u011bn\u011b doraz\u00ed do n\u011bkolika hodin v den odesl\u00e1n\u00ed. Proces trv\u00e1 p\u0159ibli\u017en\u011b 8 a\u017e 12 hodin a VIP cesty jsou obvykle krat\u0161\u00ed.             <\/strong><\/p><\/div><\/div><\/div><\/div><\/div><\/section>\t\t\t\t\t\t\t\t<\/div>\n\t\t\t\t<\/div>\n\t\t\t\t<div class=\"elementor-element elementor-element-79bddafc elementor-align-center elementor-widget elementor-widget-button\" data-id=\"79bddafc\" data-element_type=\"widget\" data-e-type=\"widget\" data-widget_type=\"button.default\">\n\t\t\t\t<div class=\"elementor-widget-container\">\n\t\t\t\t\t\t\t\t\t<div class=\"elementor-button-wrapper\">\n\t\t\t\t\t<a class=\"elementor-button elementor-button-link elementor-size-sm elementor-animation-grow\" href=\"https:\/\/pomeranianvalpar.eu\/verfugbare-welpen\/\">\n\t\t\t\t\t\t<span class=\"elementor-button-content-wrapper\">\n\t\t\t\t\t\t\t\t\t<span class=\"elementor-button-text\">Voln\u00e1 \u0161t\u011b\u0148ata<\/span>\n\t\t\t\t\t<\/span>\n\t\t\t\t\t<\/a>\n\t\t\t\t<\/div>\n\t\t\t\t\t\t\t\t<\/div>\n\t\t\t\t<\/div>\n\t\t\t\t\t<\/div>\n\t\t<\/div>\n\t\t\t\t<div class=\"elementor-column elementor-col-50 elementor-top-column elementor-element elementor-element-684f007\" data-id=\"684f007\" data-element_type=\"column\" data-e-type=\"column\" data-settings=\"{&quot;background_background&quot;:&quot;classic&quot;}\">\n\t\t\t<div class=\"elementor-widget-wrap elementor-element-populated\">\n\t\t\t\t\t\t<div class=\"elementor-element elementor-element-41f2f9a elementor-widget elementor-widget-image\" data-id=\"41f2f9a\" data-element_type=\"widget\" data-e-type=\"widget\" data-widget_type=\"image.default\">\n\t\t\t\t<div class=\"elementor-widget-container\">\n\t\t\t\t\t\t\t\t\t\t\t\t\t\t\t<img decoding=\"async\" width=\"1024\" height=\"768\" src=\"https:\/\/pomeranianvalpar.eu\/wp-content\/uploads\/2021\/07\/fr33.jpeg\" class=\"attachment-full size-full wp-image-1826\" alt=\"\" srcset=\"https:\/\/pomeranianvalpar.eu\/wp-content\/uploads\/2021\/07\/fr33.jpeg 1024w, https:\/\/pomeranianvalpar.eu\/wp-content\/uploads\/2021\/07\/fr33-300x225.jpeg 300w, https:\/\/pomeranianvalpar.eu\/wp-content\/uploads\/2021\/07\/fr33-768x576.jpeg 768w\" sizes=\"(max-width: 1024px) 100vw, 1024px\" \/>\t\t\t\t\t\t\t\t\t\t\t\t\t\t\t<\/div>\n\t\t\t\t<\/div>\n\t\t\t\t\t<\/div>\n\t\t<\/div>\n\t\t\t\t\t<\/div>\n\t\t<\/section>\n\t\t\t\t<section class=\"elementor-section elementor-top-section elementor-element elementor-element-a013124 elementor-section-boxed elementor-section-height-default elementor-section-height-default\" data-id=\"a013124\" data-element_type=\"section\" data-e-type=\"section\">\n\t\t\t\t\t\t<div class=\"elementor-container elementor-column-gap-default\">\n\t\t\t\t\t<div class=\"elementor-column elementor-col-50 elementor-top-column elementor-element elementor-element-49cf1f2\" data-id=\"49cf1f2\" data-element_type=\"column\" data-e-type=\"column\" data-settings=\"{&quot;background_background&quot;:&quot;classic&quot;}\">\n\t\t\t<div class=\"elementor-widget-wrap elementor-element-populated\">\n\t\t\t\t\t\t<div class=\"elementor-element elementor-element-bdd48d4 elementor-widget elementor-widget-image\" data-id=\"bdd48d4\" data-element_type=\"widget\" data-e-type=\"widget\" data-widget_type=\"image.default\">\n\t\t\t\t<div class=\"elementor-widget-container\">\n\t\t\t\t\t\t\t\t\t\t\t\t\t\t\t<img decoding=\"async\" width=\"1024\" height=\"728\" src=\"https:\/\/pomeranianvalpar.eu\/wp-content\/uploads\/2021\/07\/fr44-1024x728.jpeg\" class=\"attachment-large size-large wp-image-1827\" alt=\"\" srcset=\"https:\/\/pomeranianvalpar.eu\/wp-content\/uploads\/2021\/07\/fr44-1024x728.jpeg 1024w, https:\/\/pomeranianvalpar.eu\/wp-content\/uploads\/2021\/07\/fr44-300x213.jpeg 300w, https:\/\/pomeranianvalpar.eu\/wp-content\/uploads\/2021\/07\/fr44-768x546.jpeg 768w, https:\/\/pomeranianvalpar.eu\/wp-content\/uploads\/2021\/07\/fr44.jpeg 1079w\" sizes=\"(max-width: 1024px) 100vw, 1024px\" \/>\t\t\t\t\t\t\t\t\t\t\t\t\t\t\t<\/div>\n\t\t\t\t<\/div>\n\t\t\t\t\t<\/div>\n\t\t<\/div>\n\t\t\t\t<div class=\"elementor-column elementor-col-50 elementor-top-column elementor-element elementor-element-50f7137\" data-id=\"50f7137\" data-element_type=\"column\" data-e-type=\"column\" data-settings=\"{&quot;background_background&quot;:&quot;classic&quot;}\">\n\t\t\t<div class=\"elementor-widget-wrap elementor-element-populated\">\n\t\t\t\t\t\t<div class=\"elementor-element elementor-element-9a3755c elementor-widget elementor-widget-text-editor\" data-id=\"9a3755c\" data-element_type=\"widget\" data-e-type=\"widget\" data-widget_type=\"text-editor.default\">\n\t\t\t\t<div class=\"elementor-widget-container\">\n\t\t\t\t\t\t\t\t\t<p><strong>V\u0161echna \u0161t\u011b\u0148ata cestuj\u00ed v b\u0159i\u0161e letadla, kde se teplota udr\u017euje na p\u0159\u00edjemn\u00fdch 21 stup\u0148\u016f Celsia. Stejn\u011b jako pro cestuj\u00edc\u00ed a ti nastupuj\u00ed do letadla posledn\u00ed a vystupuj\u00ed jako prvn\u00ed. Jedin\u00fd rozd\u00edl v tomto ro\u010dn\u00edm obdob\u00ed je, \u017ee leteck\u00e9 spole\u010dnosti mohou striktn\u011b dodr\u017eovat minim\u00e1ln\u00ed teplotu na ka\u017ed\u00e9m sedadle, i kdy\u017e je v letadle v\u017edy udr\u017eov\u00e1na teplota 21 stup\u0148\u016f Celsia. Mysl\u00edm, \u017ee je to hlavn\u011b kv\u016fli jejich zodpov\u011bdnosti a ochran\u011b. Stejn\u011b tak se neodes\u00edlaj\u00ed v l\u00e9t\u011b, kdy jsou na silnici p\u0159\u00edli\u0161 vysok\u00e9 teploty. Pokud ano, prost\u011b \u010dek\u00e1me na dal\u0161\u00ed nejvhodn\u011bj\u0161\u00ed den pro odesl\u00e1n\u00ed, nebo na d\u0159\u00edv\u011bj\u0161\u00ed \u010di pozd\u011bj\u0161\u00ed den, abychom se vyhnuli horku\/chladu b\u011bhem dne. Po p\u0159iveden\u00ed \u0161t\u011bn\u011bte dom\u016f s n\u00e1mi budete v p\u0159\u00edm\u00e9m kontaktu, budete n\u00e1s informovat o novink\u00e1ch, kl\u00e1st ot\u00e1zky a navazovat vztah. Star\u00e1me se o ubytov\u00e1n\u00ed na\u0161ich miminek a samoz\u0159ejm\u011b bychom rad\u011bji z\u016fstali v kontaktu a sledovali, jak mal\u00e9 \u0161t\u011b\u0148\u00e1tko roste.       <\/strong><\/p>\t\t\t\t\t\t\t\t<\/div>\n\t\t\t\t<\/div>\n\t\t\t\t\t<\/div>\n\t\t<\/div>\n\t\t\t\t\t<\/div>\n\t\t<\/section>\n\t\t\t\t<\/div>\n\t\t","protected":false},"excerpt":{"rendered":"<p>Je p\u0159eprava \u0161t\u011bn\u011bte bezpe\u010dn\u00e1? D\u00edky dlouholet\u00fdm zku\u0161enostem v p\u0159epravn\u00edm pr\u016fmyslu, a to jak s p\u0159epravou, tak s p\u0159ij\u00edm\u00e1n\u00edm \u0161t\u011b\u0148at, v\u00edm, \u017ee o v\u0161echna \u0161t\u011b\u0148ata je b\u011bhem jejich cesty dob\u0159e postar\u00e1no. Ve skute\u010dnosti m\u016f\u017ee b\u00fdt p\u0159eprava m\u00e9n\u011b stresuj\u00edc\u00ed ne\u017e j\u00edzda autem p\u0159es m\u011bsta, st\u00e1ty nebo zem\u011b, abyste si vyzvedli \u0161t\u011bn\u011b. Je\u0161t\u011b m\u00e9n\u011b, proto\u017ee doprava trv\u00e1 jen &hellip;<\/p>\n<p class=\"read-more\"> <a class=\"\" href=\"https:\/\/pomeranianvalpar.eu\/cs\/doprava\/\"> <span class=\"screen-reader-text\">Doprava<\/span> Pokra\u010dovat ve \u010dten\u00ed &raquo;<\/a><\/p>\n","protected":false},"author":1,"featured_media":0,"parent":0,"menu_order":0,"comment_status":"closed","ping_status":"closed","template":"","meta":{"footnotes":""},"class_list":["post-1822","page","type-page","status-publish","hentry"],"yoast_head":"<!-- This site is optimized with the Yoast SEO plugin v27.5 - https:\/\/yoast.com\/product\/yoast-seo-wordpress\/ -->\n<title>Pomeransk\u00fd pes na prodej - \u0160t\u011bn\u011b pomeransk\u00e9ho ov\u010d\u00e1ka k adopci<\/title>\n<meta name=\"description\" content=\"Prod\u00e1m pomeraniana, \u0161t\u011b\u0148ata pomeraniana dov\u00e1\u017e\u00edme do cel\u00e9ho sv\u011bta! ... Pokud uva\u017eujete o koupi \u0161t\u011bn\u011bte, kontaktujte n\u00e1s hned te\u010f.\" \/>\n<meta name=\"robots\" content=\"index, follow, max-snippet:-1, max-image-preview:large, max-video-preview:-1\" \/>\n<link rel=\"canonical\" href=\"https:\/\/pomeranianvalpar.eu\/cs\/doprava\/\" \/>\n<meta property=\"og:locale\" content=\"cs_CZ\" \/>\n<meta property=\"og:type\" content=\"article\" \/>\n<meta property=\"og:title\" content=\"Pomeransk\u00fd pes na prodej - \u0160t\u011bn\u011b pomeransk\u00e9ho ov\u010d\u00e1ka k adopci\" \/>\n<meta property=\"og:description\" content=\"Prod\u00e1m pomeraniana, \u0161t\u011b\u0148ata pomeraniana dov\u00e1\u017e\u00edme do cel\u00e9ho sv\u011bta! ... Pokud uva\u017eujete o koupi \u0161t\u011bn\u011bte, kontaktujte n\u00e1s hned te\u010f.\" \/>\n<meta property=\"og:url\" content=\"https:\/\/pomeranianvalpar.eu\/cs\/doprava\/\" \/>\n<meta property=\"og:site_name\" content=\"Pomeranian valpar till salu\" \/>\n<meta property=\"article:modified_time\" content=\"2025-04-26T15:28:21+00:00\" \/>\n<meta property=\"og:image\" content=\"https:\/\/pomeranianvalpar.eu\/wp-content\/uploads\/2021\/07\/IMG_7356.jpg\" \/>\n\t<meta property=\"og:image:width\" content=\"1125\" \/>\n\t<meta property=\"og:image:height\" content=\"760\" \/>\n\t<meta property=\"og:image:type\" content=\"image\/jpeg\" \/>\n<meta name=\"twitter:card\" content=\"summary_large_image\" \/>\n<meta name=\"twitter:label1\" content=\"Odhadovan\u00e1 doba \u010dten\u00ed\" \/>\n\t<meta name=\"twitter:data1\" content=\"3 minuty\" \/>\n<script type=\"application\/ld+json\" class=\"yoast-schema-graph\">{\"@context\":\"https:\\\/\\\/schema.org\",\"@graph\":[{\"@type\":\"WebPage\",\"@id\":\"https:\\\/\\\/pomeranianvalpar.eu\\\/cs\\\/doprava\\\/\",\"url\":\"https:\\\/\\\/pomeranianvalpar.eu\\\/cs\\\/doprava\\\/\",\"name\":\"Pomeransk\u00fd pes na prodej - \u0160t\u011bn\u011b pomeransk\u00e9ho ov\u010d\u00e1ka k adopci\",\"isPartOf\":{\"@id\":\"https:\\\/\\\/pomeranianvalpar.eu\\\/cs\\\/#website\"},\"primaryImageOfPage\":{\"@id\":\"https:\\\/\\\/pomeranianvalpar.eu\\\/cs\\\/doprava\\\/#primaryimage\"},\"image\":{\"@id\":\"https:\\\/\\\/pomeranianvalpar.eu\\\/cs\\\/doprava\\\/#primaryimage\"},\"thumbnailUrl\":\"https:\\\/\\\/pomeranianvalpar.eu\\\/wp-content\\\/uploads\\\/2021\\\/07\\\/IMG_7356.jpg\",\"datePublished\":\"2021-07-13T20:25:59+00:00\",\"dateModified\":\"2025-04-26T15:28:21+00:00\",\"description\":\"Prod\u00e1m pomeraniana, \u0161t\u011b\u0148ata pomeraniana dov\u00e1\u017e\u00edme do cel\u00e9ho sv\u011bta! ... Pokud uva\u017eujete o koupi \u0161t\u011bn\u011bte, kontaktujte n\u00e1s hned te\u010f.\",\"breadcrumb\":{\"@id\":\"https:\\\/\\\/pomeranianvalpar.eu\\\/cs\\\/doprava\\\/#breadcrumb\"},\"inLanguage\":\"cs\",\"potentialAction\":[{\"@type\":\"ReadAction\",\"target\":[\"https:\\\/\\\/pomeranianvalpar.eu\\\/cs\\\/doprava\\\/\"]}]},{\"@type\":\"ImageObject\",\"inLanguage\":\"cs\",\"@id\":\"https:\\\/\\\/pomeranianvalpar.eu\\\/cs\\\/doprava\\\/#primaryimage\",\"url\":\"https:\\\/\\\/pomeranianvalpar.eu\\\/wp-content\\\/uploads\\\/2021\\\/07\\\/IMG_7356.jpg\",\"contentUrl\":\"https:\\\/\\\/pomeranianvalpar.eu\\\/wp-content\\\/uploads\\\/2021\\\/07\\\/IMG_7356.jpg\"},{\"@type\":\"BreadcrumbList\",\"@id\":\"https:\\\/\\\/pomeranianvalpar.eu\\\/cs\\\/doprava\\\/#breadcrumb\",\"itemListElement\":[{\"@type\":\"ListItem\",\"position\":1,\"name\":\"Home\",\"item\":\"https:\\\/\\\/pomeranianvalpar.eu\\\/cs\\\/domovska-stranka\\\/\"},{\"@type\":\"ListItem\",\"position\":2,\"name\":\"Doprava\"}]},{\"@type\":\"WebSite\",\"@id\":\"https:\\\/\\\/pomeranianvalpar.eu\\\/cs\\\/#website\",\"url\":\"https:\\\/\\\/pomeranianvalpar.eu\\\/cs\\\/\",\"name\":\"Pomeranian valpar till salu\",\"description\":\"Pomeranian valpar\",\"potentialAction\":[{\"@type\":\"SearchAction\",\"target\":{\"@type\":\"EntryPoint\",\"urlTemplate\":\"https:\\\/\\\/pomeranianvalpar.eu\\\/cs\\\/?s={search_term_string}\"},\"query-input\":{\"@type\":\"PropertyValueSpecification\",\"valueRequired\":true,\"valueName\":\"search_term_string\"}}],\"inLanguage\":\"cs\"}]}<\/script>\n<!-- \/ Yoast SEO plugin. -->","yoast_head_json":{"title":"Pomeransk\u00fd pes na prodej - \u0160t\u011bn\u011b pomeransk\u00e9ho ov\u010d\u00e1ka k adopci","description":"Prod\u00e1m pomeraniana, \u0161t\u011b\u0148ata pomeraniana dov\u00e1\u017e\u00edme do cel\u00e9ho sv\u011bta! ... Pokud uva\u017eujete o koupi \u0161t\u011bn\u011bte, kontaktujte n\u00e1s hned te\u010f.","robots":{"index":"index","follow":"follow","max-snippet":"max-snippet:-1","max-image-preview":"max-image-preview:large","max-video-preview":"max-video-preview:-1"},"canonical":"https:\/\/pomeranianvalpar.eu\/cs\/doprava\/","og_locale":"cs_CZ","og_type":"article","og_title":"Pomeransk\u00fd pes na prodej - \u0160t\u011bn\u011b pomeransk\u00e9ho ov\u010d\u00e1ka k adopci","og_description":"Prod\u00e1m pomeraniana, \u0161t\u011b\u0148ata pomeraniana dov\u00e1\u017e\u00edme do cel\u00e9ho sv\u011bta! ... Pokud uva\u017eujete o koupi \u0161t\u011bn\u011bte, kontaktujte n\u00e1s hned te\u010f.","og_url":"https:\/\/pomeranianvalpar.eu\/cs\/doprava\/","og_site_name":"Pomeranian valpar till salu","article_modified_time":"2025-04-26T15:28:21+00:00","og_image":[{"width":1125,"height":760,"url":"https:\/\/pomeranianvalpar.eu\/wp-content\/uploads\/2021\/07\/IMG_7356.jpg","type":"image\/jpeg"}],"twitter_card":"summary_large_image","twitter_misc":{"Odhadovan\u00e1 doba \u010dten\u00ed":"3 minuty"},"schema":{"@context":"https:\/\/schema.org","@graph":[{"@type":"WebPage","@id":"https:\/\/pomeranianvalpar.eu\/cs\/doprava\/","url":"https:\/\/pomeranianvalpar.eu\/cs\/doprava\/","name":"Pomeransk\u00fd pes na prodej - \u0160t\u011bn\u011b pomeransk\u00e9ho ov\u010d\u00e1ka k adopci","isPartOf":{"@id":"https:\/\/pomeranianvalpar.eu\/cs\/#website"},"primaryImageOfPage":{"@id":"https:\/\/pomeranianvalpar.eu\/cs\/doprava\/#primaryimage"},"image":{"@id":"https:\/\/pomeranianvalpar.eu\/cs\/doprava\/#primaryimage"},"thumbnailUrl":"https:\/\/pomeranianvalpar.eu\/wp-content\/uploads\/2021\/07\/IMG_7356.jpg","datePublished":"2021-07-13T20:25:59+00:00","dateModified":"2025-04-26T15:28:21+00:00","description":"Prod\u00e1m pomeraniana, \u0161t\u011b\u0148ata pomeraniana dov\u00e1\u017e\u00edme do cel\u00e9ho sv\u011bta! ... Pokud uva\u017eujete o koupi \u0161t\u011bn\u011bte, kontaktujte n\u00e1s hned te\u010f.","breadcrumb":{"@id":"https:\/\/pomeranianvalpar.eu\/cs\/doprava\/#breadcrumb"},"inLanguage":"cs","potentialAction":[{"@type":"ReadAction","target":["https:\/\/pomeranianvalpar.eu\/cs\/doprava\/"]}]},{"@type":"ImageObject","inLanguage":"cs","@id":"https:\/\/pomeranianvalpar.eu\/cs\/doprava\/#primaryimage","url":"https:\/\/pomeranianvalpar.eu\/wp-content\/uploads\/2021\/07\/IMG_7356.jpg","contentUrl":"https:\/\/pomeranianvalpar.eu\/wp-content\/uploads\/2021\/07\/IMG_7356.jpg"},{"@type":"BreadcrumbList","@id":"https:\/\/pomeranianvalpar.eu\/cs\/doprava\/#breadcrumb","itemListElement":[{"@type":"ListItem","position":1,"name":"Home","item":"https:\/\/pomeranianvalpar.eu\/cs\/domovska-stranka\/"},{"@type":"ListItem","position":2,"name":"Doprava"}]},{"@type":"WebSite","@id":"https:\/\/pomeranianvalpar.eu\/cs\/#website","url":"https:\/\/pomeranianvalpar.eu\/cs\/","name":"Pomeranian valpar till salu","description":"Pomeranian valpar","potentialAction":[{"@type":"SearchAction","target":{"@type":"EntryPoint","urlTemplate":"https:\/\/pomeranianvalpar.eu\/cs\/?s={search_term_string}"},"query-input":{"@type":"PropertyValueSpecification","valueRequired":true,"valueName":"search_term_string"}}],"inLanguage":"cs"}]}},"_links":{"self":[{"href":"https:\/\/pomeranianvalpar.eu\/cs\/wp-json\/wp\/v2\/pages\/1822","targetHints":{"allow":["GET"]}}],"collection":[{"href":"https:\/\/pomeranianvalpar.eu\/cs\/wp-json\/wp\/v2\/pages"}],"about":[{"href":"https:\/\/pomeranianvalpar.eu\/cs\/wp-json\/wp\/v2\/types\/page"}],"author":[{"embeddable":true,"href":"https:\/\/pomeranianvalpar.eu\/cs\/wp-json\/wp\/v2\/users\/1"}],"replies":[{"embeddable":true,"href":"https:\/\/pomeranianvalpar.eu\/cs\/wp-json\/wp\/v2\/comments?post=1822"}],"version-history":[{"count":1,"href":"https:\/\/pomeranianvalpar.eu\/cs\/wp-json\/wp\/v2\/pages\/1822\/revisions"}],"predecessor-version":[{"id":1828,"href":"https:\/\/pomeranianvalpar.eu\/cs\/wp-json\/wp\/v2\/pages\/1822\/revisions\/1828"}],"wp:attachment":[{"href":"https:\/\/pomeranianvalpar.eu\/cs\/wp-json\/wp\/v2\/media?parent=1822"}],"curies":[{"name":"wp","href":"https:\/\/api.w.org\/{rel}","templated":true}]}}