{"id":1969,"date":"2021-07-13T20:25:30","date_gmt":"2021-07-13T20:25:30","guid":{"rendered":"https:\/\/pomeranianvalpar.eu\/recenze\/"},"modified":"2025-04-26T22:20:40","modified_gmt":"2025-04-26T22:20:40","slug":"recenze","status":"publish","type":"page","link":"https:\/\/pomeranianvalpar.eu\/cs\/recenze\/","title":{"rendered":"Recenze"},"content":{"rendered":"\t\t<div data-elementor-type=\"wp-page\" data-elementor-id=\"1969\" class=\"elementor elementor-1969 elementor-13\">\n\t\t\t\t\t\t<section class=\"elementor-section elementor-top-section elementor-element elementor-element-712ed9e elementor-section-boxed elementor-section-height-default elementor-section-height-default\" data-id=\"712ed9e\" data-element_type=\"section\" data-e-type=\"section\" data-settings=\"{&quot;background_background&quot;:&quot;classic&quot;}\">\n\t\t\t\t\t\t<div class=\"elementor-container elementor-column-gap-default\">\n\t\t\t\t\t<div class=\"elementor-column elementor-col-100 elementor-top-column elementor-element elementor-element-56c6ee4\" data-id=\"56c6ee4\" data-element_type=\"column\" data-e-type=\"column\">\n\t\t\t<div class=\"elementor-widget-wrap elementor-element-populated\">\n\t\t\t\t\t\t<div class=\"elementor-element elementor-element-7a3b3ab elementor-widget elementor-widget-htmega-testimonial-addons\" data-id=\"7a3b3ab\" data-element_type=\"widget\" data-e-type=\"widget\" data-widget_type=\"htmega-testimonial-addons.default\">\n\t\t\t\t<div class=\"elementor-widget-container\">\n\t\t\t\t\t            <div class=\"htmega-testimonial-area htmega-sl-arraow-style-1 htmega-testimonial-style-4 sid7a3b3ab htmega-testimonial-activation\" data-settings=\"{&quot;sectionid&quot;:&quot;sid7a3b3ab&quot;,&quot;arrows&quot;:true,&quot;arrow_prev_txt&quot;:&quot;&lt;i class=\\&quot;fas fa-angle-left\\&quot;&gt;&lt;\\\/i&gt;&quot;,&quot;arrow_next_txt&quot;:&quot;&lt;i class=\\&quot;fas fa-angle-right\\&quot;&gt;&lt;\\\/i&gt;&quot;,&quot;dots&quot;:false,&quot;autoplay&quot;:true,&quot;autoplay_speed&quot;:3000,&quot;animation_speed&quot;:300,&quot;pause_on_hover&quot;:true,&quot;center_mode&quot;:false,&quot;center_padding&quot;:0,&quot;testimonial_style_ck&quot;:4,&quot;display_columns&quot;:1,&quot;scroll_columns&quot;:1,&quot;tablet_width&quot;:750,&quot;tablet_display_columns&quot;:1,&quot;tablet_scroll_columns&quot;:1,&quot;mobile_width&quot;:480,&quot;mobile_display_columns&quot;:1,&quot;mobile_scroll_columns&quot;:1}\" style=\"display:none;\">\n\n                                                            <div class=\"testimonal\">\n                            <div class=\"testimonal-image\"><img decoding=\"async\" width=\"150\" height=\"150\" src=\"https:\/\/pomeranianvalpar.eu\/wp-content\/uploads\/2021\/07\/pom4-150x150.jpeg\" class=\"attachment-thumbnail size-thumbnail wp-image-51\" alt=\"pomeranian hund\" \/><\/div>\n                                                            <div class=\"content\">\n                                    <p>Koupili jsme si pom a cel\u00fd proces prob\u011bhl bez probl\u00e9m\u016f od za\u010d\u00e1tku a\u017e do porodu, na\u0161e \u0161t\u011bn\u011b je zdrav\u00e9 a energick\u00e9. Fantastick\u00e1 pr\u00e1ce, zodpov\u011bdn\u00fd a v\u017edy reaguje na zpr\u00e1vy, jsem se sv\u00fdm \u0161t\u011bn\u011btem nadm\u00edru spokojen\u00fd. <\/p><h4>Arabella M.<\/h4>                                <\/div>\n                                                    <\/div>\n                    \n                                                                <div class=\"testimonal\">\n                            <div class=\"testimonal-image\"><img decoding=\"async\" width=\"150\" height=\"150\" src=\"https:\/\/pomeranianvalpar.eu\/wp-content\/uploads\/2021\/07\/pom-150x150.jpeg\" class=\"attachment-thumbnail size-thumbnail wp-image-48\" alt=\"pomeranian\" \/><\/div>\n                                                            <div class=\"content\">\n                                    <p>Naprosto neuv\u011b\u0159iteln\u00fd z\u00e1\u017eitek! Zpo\u010d\u00e1tku jsme byli k n\u00e1kupu \u0161t\u011bn\u011bte online skepti\u010dt\u00ed, obzvl\u00e1\u0161\u0165 z tak dalek\u00e9 zem\u011b, ale v\u0161echny na\u0161e obavy zmizely. Mus\u00edm \u0159\u00edct, \u017ee v\u0161echny m\u00e9 e-maily pln\u00e9 spousty ot\u00e1zek byly zodpov\u011bzeny. D\u011bkuji v\u00e1m, \u017ee jste mi ud\u011blali \u017eivot kompletn\u00edm \u2764\ufe0f\u2764\ufe0f\ud83d\udc36   <\/p><h4>Nicholas A.<\/h4>                                <\/div>\n                                                    <\/div>\n                    \n                                                                <div class=\"testimonal\">\n                            <div class=\"testimonal-image\"><img decoding=\"async\" width=\"150\" height=\"150\" src=\"https:\/\/pomeranianvalpar.eu\/wp-content\/uploads\/2021\/07\/pom1-150x150.jpeg\" class=\"attachment-thumbnail size-thumbnail wp-image-49\" alt=\"pomeranian\" \/><\/div>\n                                                            <div class=\"content\">\n                                    <p>V\u00e5r valp \u00e4r mycket f\u00f6rtroendefull, lugn, glad, k\u00e4rleksfull (supersocialiserad), frisk och i utm\u00e4rkt kondition. mycket professionellt pappersarbete\/leverans av. P\u00e5 en skala fr\u00e5n ett till tio \u00e4r min nya hund \"Luna\" en stark 11:a :-). Jag rekommenderar dig starkt till vem som helst.   <\/p><h4>Emmeline F<\/h4>                                <\/div>\n                                                    <\/div>\n                    \n                                <\/div>\n\n                         <!-- Border style  -->\n                          \n                            \n                    \t\t\t\t<\/div>\n\t\t\t\t<\/div>\n\t\t\t\t\t<\/div>\n\t\t<\/div>\n\t\t\t\t\t<\/div>\n\t\t<\/section>\n\t\t\t\t<section class=\"elementor-section elementor-top-section elementor-element elementor-element-8988e48 elementor-section-boxed elementor-section-height-default elementor-section-height-default\" data-id=\"8988e48\" data-element_type=\"section\" data-e-type=\"section\" data-settings=\"{&quot;background_background&quot;:&quot;classic&quot;}\">\n\t\t\t\t\t\t<div class=\"elementor-container elementor-column-gap-default\">\n\t\t\t\t\t<div class=\"elementor-column elementor-col-100 elementor-top-column elementor-element elementor-element-04548dc\" data-id=\"04548dc\" data-element_type=\"column\" data-e-type=\"column\">\n\t\t\t<div class=\"elementor-widget-wrap elementor-element-populated\">\n\t\t\t\t\t\t<div class=\"elementor-element elementor-element-29dd0b4 elementor-widget elementor-widget-htmega-testimonialgrid-addons\" data-id=\"29dd0b4\" data-element_type=\"widget\" data-e-type=\"widget\" data-widget_type=\"htmega-testimonialgrid-addons.default\">\n\t\t\t\t<div class=\"elementor-widget-container\">\n\t\t\t\t\t            <div class=\"htmega-testimonialgrid-area htmega-testimonialgrid-style-5 sid29dd0b4\">\n\n                <div class=\"htb-row\">\n                    \n                        <div class=\"htb-col-lg-4 htb-col-md-4 htb-col-sm-6 htb-col-12\">\n\n                                                    <div class=\"testimonal\">\n                                <div class=\"content\">\n                                    <img loading=\"lazy\" decoding=\"async\" width=\"900\" height=\"755\" src=\"https:\/\/pomeranianvalpar.eu\/wp-content\/uploads\/2021\/07\/pomp.jpeg\" class=\"attachment-large size-large wp-image-101\" alt=\"\" srcset=\"https:\/\/pomeranianvalpar.eu\/wp-content\/uploads\/2021\/07\/pomp.jpeg 900w, https:\/\/pomeranianvalpar.eu\/wp-content\/uploads\/2021\/07\/pomp-300x252.jpeg 300w, https:\/\/pomeranianvalpar.eu\/wp-content\/uploads\/2021\/07\/pomp-768x644.jpeg 768w\" sizes=\"(max-width: 900px) 100vw, 900px\" \/>                                    <div class=\"clint-info\">\n                                        <h4>Tobias<\/h4>                                    <\/div>\n                                <\/div>\n                                <p>Ahoj, moc se omlouv\u00e1m, \u017ee mi trvalo tak dlouho, ne\u017e jsem odpov\u011bd\u011bl na tv\u016fj e-mail. Starbucks si vede dob\u0159e, te\u010f je zn\u00e1m\u00fd jako Branca. Moje \u017eena a j\u00e1 jsme do tebe zamilovan\u00ed. Tak\u00e9 vid\u00edme, \u017ee r\u00e1da chod\u00ed ven, na pl\u00e1\u017e, do park\u016f.   <\/p>                            <\/div>\n\n                        \n                        <\/div>\n\n                    \n                        <div class=\"htb-col-lg-4 htb-col-md-4 htb-col-sm-6 htb-col-12\">\n\n                                                    <div class=\"testimonal\">\n                                <div class=\"content\">\n                                    <img loading=\"lazy\" decoding=\"async\" width=\"600\" height=\"337\" src=\"https:\/\/pomeranianvalpar.eu\/wp-content\/uploads\/2021\/07\/pom.-1.jpeg\" class=\"attachment-large size-large wp-image-95\" alt=\"Pommerschen Welpen zu verkaufen\" srcset=\"https:\/\/pomeranianvalpar.eu\/wp-content\/uploads\/2021\/07\/pom.-1.jpeg 600w, https:\/\/pomeranianvalpar.eu\/wp-content\/uploads\/2021\/07\/pom.-1-300x169.jpeg 300w\" sizes=\"(max-width: 600px) 100vw, 600px\" \/>                                    <div class=\"clint-info\">\n                                        <h4>Amelia<\/h4>                                    <\/div>\n                                <\/div>\n                                <p>D\u011bkujeme, \u017ee jste se s n\u00e1mi a Maximem spojili. Je v\u0161\u00edm, co si jen m\u016f\u017eu p\u0159\u00e1t! Je v tolika ohledech dokonal\u00fd a tolik mi p\u0159ipom\u00edn\u00e1 m\u00e9 zesnul\u00e9 \u0161t\u011bn\u011b. Dali jste n\u00e1m v\u0161ichni l\u00e1sku na\u0161eho \u017eivota a j\u00e1 v\u00e1m chci pod\u011bkovat. P\u0159ejmenovali jsme ho na Maxima a on u\u017e zn\u00e1 sv\u00e9 jm\u00e9no, u\u017e se v n\u011bm orientuje a l\u00edb\u00e1 ho.    <\/p>                            <\/div>\n\n                        \n                        <\/div>\n\n                    \n                        <div class=\"htb-col-lg-4 htb-col-md-4 htb-col-sm-6 htb-col-12\">\n\n                                                    <div class=\"testimonal\">\n                                <div class=\"content\">\n                                    <img loading=\"lazy\" decoding=\"async\" width=\"600\" height=\"450\" src=\"https:\/\/pomeranianvalpar.eu\/wp-content\/uploads\/2021\/07\/pom..-1.jpeg\" class=\"attachment-large size-large wp-image-97\" alt=\"Pommerschen Welpen zu verkaufen\" srcset=\"https:\/\/pomeranianvalpar.eu\/wp-content\/uploads\/2021\/07\/pom..-1.jpeg 600w, https:\/\/pomeranianvalpar.eu\/wp-content\/uploads\/2021\/07\/pom..-1-300x225.jpeg 300w\" sizes=\"(max-width: 600px) 100vw, 600px\" \/>                                    <div class=\"clint-info\">\n                                        <h4>Emmeline<\/h4>                                    <\/div>\n                                <\/div>\n                                <p>Sotva jsem m\u011bl \u010das sednout si a napsat e-mail. Myslel jsem, \u017ee si to te\u010f d\u00e1m k ob\u011bdu. JSME DO ROSH NAPROSTO ZAMILOV\u00c1NI. Byl v na\u0161em dom\u011b uzl\u00ed\u010dkem sladk\u00e9 radosti. Nem\u016f\u017eeme v\u00e1m dostate\u010dn\u011b pod\u011bkovat za to, \u017ee jste ho p\u0159iv\u00edtali v na\u0161ich srdc\u00edch a domovech. \u2764\ufe0f\u2764\ufe0f<\/p>                            <\/div>\n\n                        \n                        <\/div>\n\n                                    <\/div>\n\n            <\/div>\n                    \t\t\t\t<\/div>\n\t\t\t\t<\/div>\n\t\t\t\t\t<\/div>\n\t\t<\/div>\n\t\t\t\t\t<\/div>\n\t\t<\/section>\n\t\t\t\t<section class=\"elementor-section elementor-top-section elementor-element elementor-element-eb67ef1 elementor-section-boxed elementor-section-height-default elementor-section-height-default\" data-id=\"eb67ef1\" data-element_type=\"section\" data-e-type=\"section\" data-settings=\"{&quot;background_background&quot;:&quot;classic&quot;}\">\n\t\t\t\t\t\t<div class=\"elementor-container elementor-column-gap-default\">\n\t\t\t\t\t<div class=\"elementor-column elementor-col-100 elementor-top-column elementor-element elementor-element-d2ef71d\" data-id=\"d2ef71d\" data-element_type=\"column\" data-e-type=\"column\">\n\t\t\t<div class=\"elementor-widget-wrap elementor-element-populated\">\n\t\t\t\t\t\t<div class=\"elementor-element elementor-element-f290b19 elementor-widget elementor-widget-htmega-testimonial-addons\" data-id=\"f290b19\" data-element_type=\"widget\" data-e-type=\"widget\" data-widget_type=\"htmega-testimonial-addons.default\">\n\t\t\t\t<div class=\"elementor-widget-container\">\n\t\t\t\t\t            <div class=\"htmega-testimonial-area htmega-sl-arraow-style- htmega-testimonial-style-7 sidf290b19 htmega-testimonial-activation\" data-settings=\"{&quot;sectionid&quot;:&quot;sidf290b19&quot;,&quot;arrows&quot;:true,&quot;arrow_prev_txt&quot;:&quot;&lt;i class=\\&quot;fas fa-angle-left\\&quot;&gt;&lt;\\\/i&gt;&quot;,&quot;arrow_next_txt&quot;:&quot;&lt;i class=\\&quot;fas fa-angle-right\\&quot;&gt;&lt;\\\/i&gt;&quot;,&quot;dots&quot;:false,&quot;autoplay&quot;:true,&quot;autoplay_speed&quot;:3000,&quot;animation_speed&quot;:300,&quot;pause_on_hover&quot;:true,&quot;center_mode&quot;:false,&quot;center_padding&quot;:0,&quot;testimonial_style_ck&quot;:7,&quot;display_columns&quot;:1,&quot;scroll_columns&quot;:1,&quot;tablet_width&quot;:750,&quot;tablet_display_columns&quot;:1,&quot;tablet_scroll_columns&quot;:1,&quot;mobile_width&quot;:480,&quot;mobile_display_columns&quot;:1,&quot;mobile_scroll_columns&quot;:1}\" style=\"display:none;\">\n\n                                                            <div class=\"testimonal\">\n                            <div class=\"testimonal-image\"><img loading=\"lazy\" decoding=\"async\" width=\"150\" height=\"150\" src=\"https:\/\/pomeranianvalpar.eu\/wp-content\/uploads\/2021\/07\/pom..-2-150x150.jpeg\" class=\"attachment-thumbnail size-thumbnail wp-image-98\" alt=\"Pommerschen Welpen\" \/><\/div> <div class=\"content\"><p>D\u011bkujeme, \u017ee jste n\u00e1m dali tuto radost. A mus\u00edme \u0159\u00edct, \u017ee je to uzl\u00ed\u010dek radosti. U\u017e\u00edv\u00e1me si ka\u017edou chv\u00edli s n\u00ed. Je to rozko\u0161n\u00fd sladk\u00fd dort\u00edk pln\u00fd \u017eivota. P\u0159ikl\u00e1d\u00e1m p\u00e1r jej\u00edch fotek a brzy v\u00e1m pravd\u011bpodobn\u011b po\u0161lu i n\u011bjak\u00e1 dobr\u00e1 videa. Je\u0161t\u011b jednou d\u011bkuji za va\u0161e slu\u017eby.     <\/p><\/div>                            <div class=\"clint-info\">\n                                <h4>Stefan<\/h4>                            <\/div>\n                        <\/div>\n\n                    \n                                                                <div class=\"testimonal\">\n                            <div class=\"testimonal-image\"><img loading=\"lazy\" decoding=\"async\" width=\"150\" height=\"150\" src=\"https:\/\/pomeranianvalpar.eu\/wp-content\/uploads\/2021\/07\/pom..-150x150.jpeg\" class=\"attachment-thumbnail size-thumbnail wp-image-96\" alt=\"Pommerschen Welpen\" \/><\/div> <div class=\"content\"><p>Je to nejkr\u00e1sn\u011bj\u0161\u00ed \u0161t\u011bn\u011b, jak\u00e9 jsme kdy vid\u011bli, s nejlep\u0161\u00ed povahou a temperamentem. Opravdu s n\u00edm nem\u016f\u017eeme b\u00fdt spokojen\u011bj\u0161\u00ed. Slu\u017eby, kter\u00e9 jste poskytli, byly v\u00fdjime\u010dn\u00e9 a ur\u010dit\u011b je doporu\u010d\u00edm ka\u017ed\u00e9mu, koho zn\u00e1m a kdo m\u00e1 z\u00e1jem o psa.  <\/p><\/div>                            <div class=\"clint-info\">\n                                <h4>Stacy Owen<\/h4>                            <\/div>\n                        <\/div>\n\n                    \n                                                                <div class=\"testimonal\">\n                            <div class=\"testimonal-image\"><img loading=\"lazy\" decoding=\"async\" width=\"150\" height=\"150\" src=\"https:\/\/pomeranianvalpar.eu\/wp-content\/uploads\/2021\/07\/IMG_6813-150x150.jpg\" class=\"attachment-thumbnail size-thumbnail wp-image-79\" alt=\"Pommerschen\" \/><\/div> <div class=\"content\"><p>Jen jsem v\u00e1m cht\u011bla podat aktu\u00e1ln\u00ed informace o na\u0161em mal\u00e9m (nyn\u00ed Ochovi), kter\u00e9ho jsme dostali v \u010dervnu. Je s n\u00e1mi i s na\u0161\u00ed ko\u010dkou moc spokojen\u00e1. Dob\u0159e se zotavila a zv\u00fd\u0161ili jsme z\u00e1t\u011b\u017e tren\u00e9ra. R\u00e1da chod\u00ed do ps\u00edho parku, mls\u00e1 a hraje si s kachn\u00ed hra\u010dkou.   <\/p><\/div>                            <div class=\"clint-info\">\n                                <h4>J\u00fcrgen<\/h4>                            <\/div>\n                        <\/div>\n\n                    \n                                <\/div>\n\n                         <!-- Border style  -->\n                          \n                            \n                    \t\t\t\t<\/div>\n\t\t\t\t<\/div>\n\t\t\t\t\t<\/div>\n\t\t<\/div>\n\t\t\t\t\t<\/div>\n\t\t<\/section>\n\t\t\t\t<\/div>\n\t\t","protected":false},"excerpt":{"rendered":"<p>Koupili jsme si pom a cel\u00fd proces prob\u011bhl bez probl\u00e9m\u016f od za\u010d\u00e1tku a\u017e do porodu, na\u0161e \u0161t\u011bn\u011b je zdrav\u00e9 a energick\u00e9. Fantastick\u00e1 pr\u00e1ce, zodpov\u011bdn\u00fd a v\u017edy reaguje na zpr\u00e1vy, jsem se sv\u00fdm \u0161t\u011bn\u011btem nadm\u00edru spokojen\u00fd. Arabella M. Naprosto neuv\u011b\u0159iteln\u00fd z\u00e1\u017eitek! Zpo\u010d\u00e1tku jsme byli k n\u00e1kupu \u0161t\u011bn\u011bte online skepti\u010dt\u00ed, obzvl\u00e1\u0161\u0165 z tak dalek\u00e9 zem\u011b, ale v\u0161echny &hellip;<\/p>\n<p class=\"read-more\"> <a class=\"\" href=\"https:\/\/pomeranianvalpar.eu\/cs\/recenze\/\"> <span class=\"screen-reader-text\">Recenze<\/span> Pokra\u010dovat ve \u010dten\u00ed &raquo;<\/a><\/p>\n","protected":false},"author":1,"featured_media":0,"parent":0,"menu_order":0,"comment_status":"closed","ping_status":"closed","template":"","meta":{"footnotes":""},"class_list":["post-1969","page","type-page","status-publish","hentry"],"yoast_head":"<!-- This site is optimized with the Yoast SEO plugin v27.5 - https:\/\/yoast.com\/product\/yoast-seo-wordpress\/ -->\n<title>Koupit \u0161t\u011bn\u011b pomeraniana - \u0160t\u011bn\u011b pomeraniana pobl\u00ed\u017e m\u011b<\/title>\n<meta name=\"description\" content=\"Kupte si \u0161t\u011bn\u011b pomeraniana, kr\u00e1sn\u00e1 \u0161t\u011b\u0148ata pomeraniana p\u0159ipraven\u00e1 do nov\u00fdch miluj\u00edc\u00edch a starostliv\u00fdch domov\u016f. Od\u010derveno registrovan\u00fdm veterin\u00e1\u0159em.\" \/>\n<meta name=\"robots\" content=\"index, follow, max-snippet:-1, max-image-preview:large, max-video-preview:-1\" \/>\n<link rel=\"canonical\" href=\"https:\/\/pomeranianvalpar.eu\/cs\/recenze\/\" \/>\n<meta property=\"og:locale\" content=\"cs_CZ\" \/>\n<meta property=\"og:type\" content=\"article\" \/>\n<meta property=\"og:title\" content=\"Koupit \u0161t\u011bn\u011b pomeraniana - \u0160t\u011bn\u011b pomeraniana pobl\u00ed\u017e m\u011b\" \/>\n<meta property=\"og:description\" content=\"Kupte si \u0161t\u011bn\u011b pomeraniana, kr\u00e1sn\u00e1 \u0161t\u011b\u0148ata pomeraniana p\u0159ipraven\u00e1 do nov\u00fdch miluj\u00edc\u00edch a starostliv\u00fdch domov\u016f. Od\u010derveno registrovan\u00fdm veterin\u00e1\u0159em.\" \/>\n<meta property=\"og:url\" content=\"https:\/\/pomeranianvalpar.eu\/cs\/recenze\/\" \/>\n<meta property=\"og:site_name\" content=\"Pomeranian valpar till salu\" \/>\n<meta property=\"article:modified_time\" content=\"2025-04-26T22:20:40+00:00\" \/>\n<meta property=\"og:image\" content=\"https:\/\/pomeranianvalpar.eu\/wp-content\/uploads\/2021\/07\/pom4.jpeg\" \/>\n\t<meta property=\"og:image:width\" content=\"1080\" \/>\n\t<meta property=\"og:image:height\" content=\"1349\" \/>\n\t<meta property=\"og:image:type\" content=\"image\/jpeg\" \/>\n<meta name=\"twitter:card\" content=\"summary_large_image\" \/>\n<meta name=\"twitter:label1\" content=\"Odhadovan\u00e1 doba \u010dten\u00ed\" \/>\n\t<meta name=\"twitter:data1\" content=\"3 minuty\" \/>\n<script type=\"application\/ld+json\" class=\"yoast-schema-graph\">{\"@context\":\"https:\\\/\\\/schema.org\",\"@graph\":[{\"@type\":\"WebPage\",\"@id\":\"https:\\\/\\\/pomeranianvalpar.eu\\\/cs\\\/recenze\\\/\",\"url\":\"https:\\\/\\\/pomeranianvalpar.eu\\\/cs\\\/recenze\\\/\",\"name\":\"Koupit \u0161t\u011bn\u011b pomeraniana - \u0160t\u011bn\u011b pomeraniana pobl\u00ed\u017e m\u011b\",\"isPartOf\":{\"@id\":\"https:\\\/\\\/pomeranianvalpar.eu\\\/cs\\\/#website\"},\"primaryImageOfPage\":{\"@id\":\"https:\\\/\\\/pomeranianvalpar.eu\\\/cs\\\/recenze\\\/#primaryimage\"},\"image\":{\"@id\":\"https:\\\/\\\/pomeranianvalpar.eu\\\/cs\\\/recenze\\\/#primaryimage\"},\"thumbnailUrl\":\"https:\\\/\\\/pomeranianvalpar.eu\\\/wp-content\\\/uploads\\\/2021\\\/07\\\/pom4-150x150.jpeg\",\"datePublished\":\"2021-07-13T20:25:30+00:00\",\"dateModified\":\"2025-04-26T22:20:40+00:00\",\"description\":\"Kupte si \u0161t\u011bn\u011b pomeraniana, kr\u00e1sn\u00e1 \u0161t\u011b\u0148ata pomeraniana p\u0159ipraven\u00e1 do nov\u00fdch miluj\u00edc\u00edch a starostliv\u00fdch domov\u016f. Od\u010derveno registrovan\u00fdm veterin\u00e1\u0159em.\",\"breadcrumb\":{\"@id\":\"https:\\\/\\\/pomeranianvalpar.eu\\\/cs\\\/recenze\\\/#breadcrumb\"},\"inLanguage\":\"cs\",\"potentialAction\":[{\"@type\":\"ReadAction\",\"target\":[\"https:\\\/\\\/pomeranianvalpar.eu\\\/cs\\\/recenze\\\/\"]}]},{\"@type\":\"ImageObject\",\"inLanguage\":\"cs\",\"@id\":\"https:\\\/\\\/pomeranianvalpar.eu\\\/cs\\\/recenze\\\/#primaryimage\",\"url\":\"https:\\\/\\\/pomeranianvalpar.eu\\\/wp-content\\\/uploads\\\/2021\\\/07\\\/pom4-150x150.jpeg\",\"contentUrl\":\"https:\\\/\\\/pomeranianvalpar.eu\\\/wp-content\\\/uploads\\\/2021\\\/07\\\/pom4-150x150.jpeg\"},{\"@type\":\"BreadcrumbList\",\"@id\":\"https:\\\/\\\/pomeranianvalpar.eu\\\/cs\\\/recenze\\\/#breadcrumb\",\"itemListElement\":[{\"@type\":\"ListItem\",\"position\":1,\"name\":\"Home\",\"item\":\"https:\\\/\\\/pomeranianvalpar.eu\\\/cs\\\/domovska-stranka\\\/\"},{\"@type\":\"ListItem\",\"position\":2,\"name\":\"Recenze\"}]},{\"@type\":\"WebSite\",\"@id\":\"https:\\\/\\\/pomeranianvalpar.eu\\\/cs\\\/#website\",\"url\":\"https:\\\/\\\/pomeranianvalpar.eu\\\/cs\\\/\",\"name\":\"Pomeranian valpar till salu\",\"description\":\"Pomeranian valpar\",\"potentialAction\":[{\"@type\":\"SearchAction\",\"target\":{\"@type\":\"EntryPoint\",\"urlTemplate\":\"https:\\\/\\\/pomeranianvalpar.eu\\\/cs\\\/?s={search_term_string}\"},\"query-input\":{\"@type\":\"PropertyValueSpecification\",\"valueRequired\":true,\"valueName\":\"search_term_string\"}}],\"inLanguage\":\"cs\"}]}<\/script>\n<!-- \/ Yoast SEO plugin. -->","yoast_head_json":{"title":"Koupit \u0161t\u011bn\u011b pomeraniana - \u0160t\u011bn\u011b pomeraniana pobl\u00ed\u017e m\u011b","description":"Kupte si \u0161t\u011bn\u011b pomeraniana, kr\u00e1sn\u00e1 \u0161t\u011b\u0148ata pomeraniana p\u0159ipraven\u00e1 do nov\u00fdch miluj\u00edc\u00edch a starostliv\u00fdch domov\u016f. Od\u010derveno registrovan\u00fdm veterin\u00e1\u0159em.","robots":{"index":"index","follow":"follow","max-snippet":"max-snippet:-1","max-image-preview":"max-image-preview:large","max-video-preview":"max-video-preview:-1"},"canonical":"https:\/\/pomeranianvalpar.eu\/cs\/recenze\/","og_locale":"cs_CZ","og_type":"article","og_title":"Koupit \u0161t\u011bn\u011b pomeraniana - \u0160t\u011bn\u011b pomeraniana pobl\u00ed\u017e m\u011b","og_description":"Kupte si \u0161t\u011bn\u011b pomeraniana, kr\u00e1sn\u00e1 \u0161t\u011b\u0148ata pomeraniana p\u0159ipraven\u00e1 do nov\u00fdch miluj\u00edc\u00edch a starostliv\u00fdch domov\u016f. Od\u010derveno registrovan\u00fdm veterin\u00e1\u0159em.","og_url":"https:\/\/pomeranianvalpar.eu\/cs\/recenze\/","og_site_name":"Pomeranian valpar till salu","article_modified_time":"2025-04-26T22:20:40+00:00","og_image":[{"width":1080,"height":1349,"url":"https:\/\/pomeranianvalpar.eu\/wp-content\/uploads\/2021\/07\/pom4.jpeg","type":"image\/jpeg"}],"twitter_card":"summary_large_image","twitter_misc":{"Odhadovan\u00e1 doba \u010dten\u00ed":"3 minuty"},"schema":{"@context":"https:\/\/schema.org","@graph":[{"@type":"WebPage","@id":"https:\/\/pomeranianvalpar.eu\/cs\/recenze\/","url":"https:\/\/pomeranianvalpar.eu\/cs\/recenze\/","name":"Koupit \u0161t\u011bn\u011b pomeraniana - \u0160t\u011bn\u011b pomeraniana pobl\u00ed\u017e m\u011b","isPartOf":{"@id":"https:\/\/pomeranianvalpar.eu\/cs\/#website"},"primaryImageOfPage":{"@id":"https:\/\/pomeranianvalpar.eu\/cs\/recenze\/#primaryimage"},"image":{"@id":"https:\/\/pomeranianvalpar.eu\/cs\/recenze\/#primaryimage"},"thumbnailUrl":"https:\/\/pomeranianvalpar.eu\/wp-content\/uploads\/2021\/07\/pom4-150x150.jpeg","datePublished":"2021-07-13T20:25:30+00:00","dateModified":"2025-04-26T22:20:40+00:00","description":"Kupte si \u0161t\u011bn\u011b pomeraniana, kr\u00e1sn\u00e1 \u0161t\u011b\u0148ata pomeraniana p\u0159ipraven\u00e1 do nov\u00fdch miluj\u00edc\u00edch a starostliv\u00fdch domov\u016f. Od\u010derveno registrovan\u00fdm veterin\u00e1\u0159em.","breadcrumb":{"@id":"https:\/\/pomeranianvalpar.eu\/cs\/recenze\/#breadcrumb"},"inLanguage":"cs","potentialAction":[{"@type":"ReadAction","target":["https:\/\/pomeranianvalpar.eu\/cs\/recenze\/"]}]},{"@type":"ImageObject","inLanguage":"cs","@id":"https:\/\/pomeranianvalpar.eu\/cs\/recenze\/#primaryimage","url":"https:\/\/pomeranianvalpar.eu\/wp-content\/uploads\/2021\/07\/pom4-150x150.jpeg","contentUrl":"https:\/\/pomeranianvalpar.eu\/wp-content\/uploads\/2021\/07\/pom4-150x150.jpeg"},{"@type":"BreadcrumbList","@id":"https:\/\/pomeranianvalpar.eu\/cs\/recenze\/#breadcrumb","itemListElement":[{"@type":"ListItem","position":1,"name":"Home","item":"https:\/\/pomeranianvalpar.eu\/cs\/domovska-stranka\/"},{"@type":"ListItem","position":2,"name":"Recenze"}]},{"@type":"WebSite","@id":"https:\/\/pomeranianvalpar.eu\/cs\/#website","url":"https:\/\/pomeranianvalpar.eu\/cs\/","name":"Pomeranian valpar till salu","description":"Pomeranian valpar","potentialAction":[{"@type":"SearchAction","target":{"@type":"EntryPoint","urlTemplate":"https:\/\/pomeranianvalpar.eu\/cs\/?s={search_term_string}"},"query-input":{"@type":"PropertyValueSpecification","valueRequired":true,"valueName":"search_term_string"}}],"inLanguage":"cs"}]}},"_links":{"self":[{"href":"https:\/\/pomeranianvalpar.eu\/cs\/wp-json\/wp\/v2\/pages\/1969","targetHints":{"allow":["GET"]}}],"collection":[{"href":"https:\/\/pomeranianvalpar.eu\/cs\/wp-json\/wp\/v2\/pages"}],"about":[{"href":"https:\/\/pomeranianvalpar.eu\/cs\/wp-json\/wp\/v2\/types\/page"}],"author":[{"embeddable":true,"href":"https:\/\/pomeranianvalpar.eu\/cs\/wp-json\/wp\/v2\/users\/1"}],"replies":[{"embeddable":true,"href":"https:\/\/pomeranianvalpar.eu\/cs\/wp-json\/wp\/v2\/comments?post=1969"}],"version-history":[{"count":1,"href":"https:\/\/pomeranianvalpar.eu\/cs\/wp-json\/wp\/v2\/pages\/1969\/revisions"}],"predecessor-version":[{"id":1978,"href":"https:\/\/pomeranianvalpar.eu\/cs\/wp-json\/wp\/v2\/pages\/1969\/revisions\/1978"}],"wp:attachment":[{"href":"https:\/\/pomeranianvalpar.eu\/cs\/wp-json\/wp\/v2\/media?parent=1969"}],"curies":[{"name":"wp","href":"https:\/\/api.w.org\/{rel}","templated":true}]}}