{"id":1106,"date":"2021-07-13T20:25:59","date_gmt":"2021-07-13T20:25:59","guid":{"rendered":"https:\/\/pomeranianvalpar.eu\/versand\/"},"modified":"2024-03-15T14:24:23","modified_gmt":"2024-03-15T14:24:23","slug":"versand","status":"publish","type":"page","link":"https:\/\/pomeranianvalpar.eu\/de\/versand\/","title":{"rendered":"Versand"},"content":{"rendered":"\t\t<div data-elementor-type=\"wp-page\" data-elementor-id=\"1106\" class=\"elementor elementor-1106 elementor-15\">\n\t\t\t\t\t\t<section class=\"elementor-section elementor-top-section elementor-element elementor-element-5158c2fd elementor-section-content-middle elementor-section-boxed elementor-section-height-default elementor-section-height-default\" data-id=\"5158c2fd\" data-element_type=\"section\" data-e-type=\"section\" data-settings=\"{&quot;background_background&quot;:&quot;classic&quot;}\">\n\t\t\t\t\t\t<div class=\"elementor-container elementor-column-gap-no\">\n\t\t\t\t\t<div class=\"elementor-column elementor-col-50 elementor-top-column elementor-element elementor-element-3bf45473\" data-id=\"3bf45473\" data-element_type=\"column\" data-e-type=\"column\">\n\t\t\t<div class=\"elementor-widget-wrap elementor-element-populated\">\n\t\t\t\t\t\t<div class=\"elementor-element elementor-element-7e8151c7 elementor-widget elementor-widget-image\" data-id=\"7e8151c7\" data-element_type=\"widget\" data-e-type=\"widget\" data-widget_type=\"image.default\">\n\t\t\t\t<div class=\"elementor-widget-container\">\n\t\t\t\t\t\t\t\t\t\t\t\t\t\t\t<img fetchpriority=\"high\" decoding=\"async\" width=\"1125\" height=\"760\" src=\"https:\/\/pomeranianvalpar.eu\/wp-content\/uploads\/2021\/07\/IMG_7356.jpg\" class=\"attachment-full size-full wp-image-829\" alt=\"\" srcset=\"https:\/\/pomeranianvalpar.eu\/wp-content\/uploads\/2021\/07\/IMG_7356.jpg 1125w, https:\/\/pomeranianvalpar.eu\/wp-content\/uploads\/2021\/07\/IMG_7356-300x203.jpg 300w, https:\/\/pomeranianvalpar.eu\/wp-content\/uploads\/2021\/07\/IMG_7356-1024x692.jpg 1024w, https:\/\/pomeranianvalpar.eu\/wp-content\/uploads\/2021\/07\/IMG_7356-768x519.jpg 768w\" sizes=\"(max-width: 1125px) 100vw, 1125px\" \/>\t\t\t\t\t\t\t\t\t\t\t\t\t\t\t<\/div>\n\t\t\t\t<\/div>\n\t\t\t\t\t<\/div>\n\t\t<\/div>\n\t\t\t\t<div class=\"elementor-column elementor-col-50 elementor-top-column elementor-element elementor-element-79efaaa7\" data-id=\"79efaaa7\" data-element_type=\"column\" data-e-type=\"column\">\n\t\t\t<div class=\"elementor-widget-wrap elementor-element-populated\">\n\t\t\t\t\t\t<div class=\"elementor-element elementor-element-4c67bd60 elementor-widget elementor-widget-heading\" data-id=\"4c67bd60\" data-element_type=\"widget\" data-e-type=\"widget\" data-widget_type=\"heading.default\">\n\t\t\t\t<div class=\"elementor-widget-container\">\n\t\t\t\t\t<h4 class=\"elementor-heading-title elementor-size-default\">Einen Welpen verschicken: Ist das sicher?<\/h4>\t\t\t\t<\/div>\n\t\t\t\t<\/div>\n\t\t\t\t<div class=\"elementor-element elementor-element-6cb7f3df elementor-widget elementor-widget-text-editor\" data-id=\"6cb7f3df\" data-element_type=\"widget\" data-e-type=\"widget\" data-widget_type=\"text-editor.default\">\n\t\t\t\t<div class=\"elementor-widget-container\">\n\t\t\t\t\t\t\t\t\t<section class=\"elementor-section elementor-top-section elementor-element elementor-element-8160e23 elementor-section-boxed elementor-section-height-default elementor-section-height-default\" data-id=\"8160e23\" data-element_type=\"section\">\n<div class=\"elementor-container elementor-column-gap-default\">\n<div class=\"elementor-column elementor-col-100 elementor-top-column elementor-element elementor-element-9a59000\" data-id=\"9a59000\" data-element_type=\"column\">\n<div class=\"elementor-widget-wrap elementor-element-populated\">\n<div class=\"elementor-element elementor-element-701a091 elementor-position-top elementor-vertical-align-top elementor-widget elementor-widget-image-box\" data-id=\"701a091\" data-element_type=\"widget\" data-widget_type=\"image-box.default\">\n<div class=\"elementor-widget-container\">\n<div class=\"elementor-image-box-wrapper\">\n<div class=\"elementor-image-box-content\">\n<p class=\"elementor-image-box-description\"><span style=\"color: #666699;\"><strong>Aufgrund meiner langj\u00e4hrigen Erfahrung in der Schifffahrtsbranche, sowohl beim Versenden als auch beim Empfangen von Welpen, wei\u00df ich, dass alle Welpen w\u00e4hrend ihrer Reise gut betreut werden. Tats\u00e4chlich kann der Versand weniger stressig sein, als quer durch St\u00e4dte, Bundesstaaten oder L\u00e4nder zu fahren, um einen Welpen abzuholen. Noch weniger, da die Lieferung nur wenige Stunden dauert, bis die neuen Besitzer sie erhalten.<\/strong><\/span><\/p>\n<\/div>\n<\/div>\n<\/div>\n<\/div>\n<\/div>\n<\/div>\n<\/div>\n<\/section>\n\t\t\t\t\t\t\t\t<\/div>\n\t\t\t\t<\/div>\n\t\t\t\t\t<\/div>\n\t\t<\/div>\n\t\t\t\t\t<\/div>\n\t\t<\/section>\n\t\t\t\t<section class=\"elementor-section elementor-top-section elementor-element elementor-element-7a150bff elementor-section-content-middle elementor-reverse-mobile elementor-section-boxed elementor-section-height-default elementor-section-height-default\" data-id=\"7a150bff\" data-element_type=\"section\" data-e-type=\"section\" data-settings=\"{&quot;background_background&quot;:&quot;classic&quot;}\">\n\t\t\t\t\t\t<div class=\"elementor-container elementor-column-gap-no\">\n\t\t\t\t\t<div class=\"elementor-column elementor-col-50 elementor-top-column elementor-element elementor-element-6317a4cc\" data-id=\"6317a4cc\" data-element_type=\"column\" data-e-type=\"column\">\n\t\t\t<div class=\"elementor-widget-wrap elementor-element-populated\">\n\t\t\t\t\t\t<div class=\"elementor-element elementor-element-2d5c707b elementor-widget elementor-widget-heading\" data-id=\"2d5c707b\" data-element_type=\"widget\" data-e-type=\"widget\" data-widget_type=\"heading.default\">\n\t\t\t\t<div class=\"elementor-widget-container\">\n\t\t\t\t\t<h4 class=\"elementor-heading-title elementor-size-default\">Was ist im Versandprozess enthalten?<\/h4>\t\t\t\t<\/div>\n\t\t\t\t<\/div>\n\t\t\t\t<div class=\"elementor-element elementor-element-3e5c79b8 elementor-widget elementor-widget-text-editor\" data-id=\"3e5c79b8\" data-element_type=\"widget\" data-e-type=\"widget\" data-widget_type=\"text-editor.default\">\n\t\t\t\t<div class=\"elementor-widget-container\">\n\t\t\t\t\t\t\t\t\t<section class=\"elementor-section elementor-top-section elementor-element elementor-element-0ca81f3 elementor-section-boxed elementor-section-height-default elementor-section-height-default\" data-id=\"0ca81f3\" data-element_type=\"section\">\n<div class=\"elementor-container elementor-column-gap-default\">\n<div class=\"elementor-column elementor-col-100 elementor-top-column elementor-element elementor-element-33694f9\" data-id=\"33694f9\" data-element_type=\"column\">\n<div class=\"elementor-widget-wrap elementor-element-populated\">\n<div class=\"elementor-element elementor-element-d2081f0 elementor-widget elementor-widget-text-editor\" data-id=\"d2081f0\" data-element_type=\"widget\" data-widget_type=\"text-editor.default\">\n<div class=\"elementor-widget-container\">\n<p><strong>Nachdem wir die Zahlungen von Ihnen best\u00e4tigt haben. Der Tag und die Uhrzeit h\u00e4ngen haupts\u00e4chlich von der Flugverf\u00fcgbarkeit und der Temperatur ab sowie davon, wann wir beide zum Flughafen fahren k\u00f6nnen. Normalerweise kann ich einen Flug zum Versand noch am selben Tag buchen, obwohl das etwas umst\u00e4ndlich ist und etwas mehr kostet. Nach der Buchung des Fluges sende ich Ihnen per E-Mail, SMS oder Anruf die Flugnummer, die Zeiten, das Ticket und den Ort, an dem Sie den Welpen abholen k\u00f6nnen. Dann m\u00fcssen Sie den Welpen nur noch am Flughafen abholen. Wir k\u00f6nnen auch die Lieferung nach Hause arrangieren, sodass Sie zur Abholung nicht zum Flughafen fahren m\u00fcssen. Sie warten einfach darauf, dass das Lieferpersonal Ihren Welpen direkt zu Ihnen nach Hause bringt. Allerdings ist dies auch sehr stressfrei. Sie ben\u00f6tigen einen Ausweis (F\u00fchrerschein oder Personalausweis) und die Flugticketnummer, die ich Ihnen gegeben habe. Dann bitte ich Privatpersonen, sich nach Erhalt ihres Welpen so schnell wie m\u00f6glich mit mir in Verbindung zu setzen, da ich sehr daran interessiert bin, von dem Welpen zu h\u00f6ren, wenn Sie denken, dass alles in Ordnung war, und wenn Sie weitere Fragen haben. Die Erkl\u00e4rung scheint lang zu sein, aber sie geht tats\u00e4chlich sehr schnell! Den Welpen wird w\u00e4hrend der Reise bei Bedarf auch Futter und zus\u00e4tzliches Wasser angeboten. Der Welpe kommt innerhalb weniger Stunden am selben Tag an, an dem er verschickt wird. Der Vorgang dauert etwa 8 bis 12 Stunden und VIP-Reisen sind in der Regel k\u00fcrzer.<\/strong><\/p>\n<\/div>\n<\/div>\n<\/div>\n<\/div>\n<\/div>\n<\/section>\n\t\t\t\t\t\t\t\t<\/div>\n\t\t\t\t<\/div>\n\t\t\t\t<div class=\"elementor-element elementor-element-79bddafc elementor-align-center elementor-widget elementor-widget-button\" data-id=\"79bddafc\" data-element_type=\"widget\" data-e-type=\"widget\" data-widget_type=\"button.default\">\n\t\t\t\t<div class=\"elementor-widget-container\">\n\t\t\t\t\t\t\t\t\t<div class=\"elementor-button-wrapper\">\n\t\t\t\t\t<a class=\"elementor-button elementor-button-link elementor-size-sm elementor-animation-grow\" href=\"https:\/\/pomeranianvalpar.eu\/verfugbare-welpen\/\">\n\t\t\t\t\t\t<span class=\"elementor-button-content-wrapper\">\n\t\t\t\t\t\t\t\t\t<span class=\"elementor-button-text\">Welpen verf\u00fcgbar<\/span>\n\t\t\t\t\t<\/span>\n\t\t\t\t\t<\/a>\n\t\t\t\t<\/div>\n\t\t\t\t\t\t\t\t<\/div>\n\t\t\t\t<\/div>\n\t\t\t\t\t<\/div>\n\t\t<\/div>\n\t\t\t\t<div class=\"elementor-column elementor-col-50 elementor-top-column elementor-element elementor-element-684f007\" data-id=\"684f007\" data-element_type=\"column\" data-e-type=\"column\" data-settings=\"{&quot;background_background&quot;:&quot;classic&quot;}\">\n\t\t\t<div class=\"elementor-widget-wrap elementor-element-populated\">\n\t\t\t\t\t\t<div class=\"elementor-element elementor-element-41f2f9a elementor-widget elementor-widget-image\" data-id=\"41f2f9a\" data-element_type=\"widget\" data-e-type=\"widget\" data-widget_type=\"image.default\">\n\t\t\t\t<div class=\"elementor-widget-container\">\n\t\t\t\t\t\t\t\t\t\t\t\t\t\t\t<img decoding=\"async\" width=\"1024\" height=\"768\" src=\"https:\/\/pomeranianvalpar.eu\/wp-content\/uploads\/2021\/07\/fr33.jpeg\" class=\"attachment-full size-full wp-image-847\" alt=\"\" srcset=\"https:\/\/pomeranianvalpar.eu\/wp-content\/uploads\/2021\/07\/fr33.jpeg 1024w, https:\/\/pomeranianvalpar.eu\/wp-content\/uploads\/2021\/07\/fr33-300x225.jpeg 300w, https:\/\/pomeranianvalpar.eu\/wp-content\/uploads\/2021\/07\/fr33-768x576.jpeg 768w\" sizes=\"(max-width: 1024px) 100vw, 1024px\" \/>\t\t\t\t\t\t\t\t\t\t\t\t\t\t\t<\/div>\n\t\t\t\t<\/div>\n\t\t\t\t\t<\/div>\n\t\t<\/div>\n\t\t\t\t\t<\/div>\n\t\t<\/section>\n\t\t\t\t<section class=\"elementor-section elementor-top-section elementor-element elementor-element-a013124 elementor-section-boxed elementor-section-height-default elementor-section-height-default\" data-id=\"a013124\" data-element_type=\"section\" data-e-type=\"section\">\n\t\t\t\t\t\t<div class=\"elementor-container elementor-column-gap-default\">\n\t\t\t\t\t<div class=\"elementor-column elementor-col-50 elementor-top-column elementor-element elementor-element-49cf1f2\" data-id=\"49cf1f2\" data-element_type=\"column\" data-e-type=\"column\" data-settings=\"{&quot;background_background&quot;:&quot;classic&quot;}\">\n\t\t\t<div class=\"elementor-widget-wrap elementor-element-populated\">\n\t\t\t\t\t\t<div class=\"elementor-element elementor-element-bdd48d4 elementor-widget elementor-widget-image\" data-id=\"bdd48d4\" data-element_type=\"widget\" data-e-type=\"widget\" data-widget_type=\"image.default\">\n\t\t\t\t<div class=\"elementor-widget-container\">\n\t\t\t\t\t\t\t\t\t\t\t\t\t\t\t<img decoding=\"async\" width=\"1024\" height=\"728\" src=\"https:\/\/pomeranianvalpar.eu\/wp-content\/uploads\/2021\/07\/fr44-1024x728.jpeg\" class=\"attachment-large size-large wp-image-853\" alt=\"\" srcset=\"https:\/\/pomeranianvalpar.eu\/wp-content\/uploads\/2021\/07\/fr44-1024x728.jpeg 1024w, https:\/\/pomeranianvalpar.eu\/wp-content\/uploads\/2021\/07\/fr44-300x213.jpeg 300w, https:\/\/pomeranianvalpar.eu\/wp-content\/uploads\/2021\/07\/fr44-768x546.jpeg 768w, https:\/\/pomeranianvalpar.eu\/wp-content\/uploads\/2021\/07\/fr44.jpeg 1079w\" sizes=\"(max-width: 1024px) 100vw, 1024px\" \/>\t\t\t\t\t\t\t\t\t\t\t\t\t\t\t<\/div>\n\t\t\t\t<\/div>\n\t\t\t\t\t<\/div>\n\t\t<\/div>\n\t\t\t\t<div class=\"elementor-column elementor-col-50 elementor-top-column elementor-element elementor-element-50f7137\" data-id=\"50f7137\" data-element_type=\"column\" data-e-type=\"column\" data-settings=\"{&quot;background_background&quot;:&quot;classic&quot;}\">\n\t\t\t<div class=\"elementor-widget-wrap elementor-element-populated\">\n\t\t\t\t\t\t<div class=\"elementor-element elementor-element-9a3755c elementor-widget elementor-widget-text-editor\" data-id=\"9a3755c\" data-element_type=\"widget\" data-e-type=\"widget\" data-widget_type=\"text-editor.default\">\n\t\t\t\t<div class=\"elementor-widget-container\">\n\t\t\t\t\t\t\t\t\t<p><strong>Alle Welpen reisen im Bauch des Flugzeugs, wo die Temperatur auf angenehme 70 Grad gehalten wird. Das Gleiche gilt f\u00fcr die Passagiere: Sie sind die letzten im Flugzeug und die ersten, die das Flugzeug verlassen. Der einzige Unterschied zu dieser Jahreszeit besteht darin, dass die Fluggesellschaften die Mindesttemperatur an jedem Sitzplatz strikt einhalten k\u00f6nnen, auch wenn im Flugzeug immer eine Temperatur von 70 Grad herrscht. Ich denke, es liegt vor allem an ihrer Verantwortung und ihrem Schutz. Ebenso werden sie nicht im Sommer verschickt, wenn die Temperaturen unterwegs zu hoch sind. Wenn ja, warten wir einfach auf den n\u00e4chstbesten Versandtag oder fr\u00fcher oder sp\u00e4ter am Tag, um dem hei\u00dfen\/kalten Teil des Tages entgegenzuwirken. Nachdem Sie den Welpen nach Hause gebracht haben, stehen Sie in direktem Kontakt mit uns, um Neuigkeiten zu erfahren, Fragen zu stellen und eine Beziehung aufzubauen. Wir k\u00fcmmern uns um die Unterbringung unserer Babys und m\u00f6chten nat\u00fcrlich lieber in Kontakt bleiben und dem kleinen Welpen beim Aufwachsen zusehen.<\/strong><\/p>\n\t\t\t\t\t\t\t\t<\/div>\n\t\t\t\t<\/div>\n\t\t\t\t\t<\/div>\n\t\t<\/div>\n\t\t\t\t\t<\/div>\n\t\t<\/section>\n\t\t\t\t<\/div>\n\t\t","protected":false},"excerpt":{"rendered":"<p>Einen Welpen verschicken: Ist das sicher? Aufgrund meiner langj\u00e4hrigen Erfahrung in der Schifffahrtsbranche, sowohl beim Versenden als auch beim Empfangen von Welpen, wei\u00df ich, dass alle Welpen w\u00e4hrend ihrer Reise gut betreut werden. Tats\u00e4chlich kann der Versand weniger stressig sein, als quer durch St\u00e4dte, Bundesstaaten oder L\u00e4nder zu fahren, um einen Welpen abzuholen. Noch weniger, &hellip;<\/p>\n<p class=\"read-more\"> <a class=\"\" href=\"https:\/\/pomeranianvalpar.eu\/de\/versand\/\"> <span class=\"screen-reader-text\">Versand<\/span> Weiterlesen &raquo;<\/a><\/p>\n","protected":false},"author":1,"featured_media":0,"parent":0,"menu_order":0,"comment_status":"closed","ping_status":"closed","template":"","meta":{"footnotes":""},"class_list":["post-1106","page","type-page","status-publish","hentry"],"yoast_head":"<!-- This site is optimized with the Yoast SEO plugin v27.5 - https:\/\/yoast.com\/product\/yoast-seo-wordpress\/ -->\n<title>Pommerscher Hund zu verkaufen \u2013 Pommerscher Welpe zur Adoption<\/title>\n<meta name=\"description\" content=\"Pommerscher Hund zu verkaufen, Wir liefern unsere Pommerschen Welpen weltweit! ... Wenn Sie dar\u00fcber nachdenken, einen Welpen zu kaufen, kontaktieren Sie uns jetzt.\" \/>\n<meta name=\"robots\" content=\"index, follow, max-snippet:-1, max-image-preview:large, max-video-preview:-1\" \/>\n<link rel=\"canonical\" href=\"https:\/\/pomeranianvalpar.eu\/de\/versand\/\" \/>\n<meta property=\"og:locale\" content=\"de_DE\" \/>\n<meta property=\"og:type\" content=\"article\" \/>\n<meta property=\"og:title\" content=\"Pommerscher Hund zu verkaufen \u2013 Pommerscher Welpe zur Adoption\" \/>\n<meta property=\"og:description\" content=\"Pommerscher Hund zu verkaufen, Wir liefern unsere Pommerschen Welpen weltweit! ... Wenn Sie dar\u00fcber nachdenken, einen Welpen zu kaufen, kontaktieren Sie uns jetzt.\" \/>\n<meta property=\"og:url\" content=\"https:\/\/pomeranianvalpar.eu\/de\/versand\/\" \/>\n<meta property=\"og:site_name\" content=\"Pomeranian valpar till salu\" \/>\n<meta property=\"article:modified_time\" content=\"2024-03-15T14:24:23+00:00\" \/>\n<meta property=\"og:image\" content=\"https:\/\/pomeranianvalpar.eu\/wp-content\/uploads\/2021\/07\/IMG_7356.jpg\" \/>\n<meta name=\"twitter:card\" content=\"summary_large_image\" \/>\n<meta name=\"twitter:label1\" content=\"Gesch\u00e4tzte Lesezeit\" \/>\n\t<meta name=\"twitter:data1\" content=\"3\u00a0Minuten\" \/>\n<script type=\"application\/ld+json\" class=\"yoast-schema-graph\">{\"@context\":\"https:\\\/\\\/schema.org\",\"@graph\":[{\"@type\":\"WebPage\",\"@id\":\"https:\\\/\\\/pomeranianvalpar.eu\\\/de\\\/versand\\\/\",\"url\":\"https:\\\/\\\/pomeranianvalpar.eu\\\/de\\\/versand\\\/\",\"name\":\"Pommerscher Hund zu verkaufen \u2013 Pommerscher Welpe zur Adoption\",\"isPartOf\":{\"@id\":\"https:\\\/\\\/pomeranianvalpar.eu\\\/de\\\/#website\"},\"primaryImageOfPage\":{\"@id\":\"https:\\\/\\\/pomeranianvalpar.eu\\\/de\\\/versand\\\/#primaryimage\"},\"image\":{\"@id\":\"https:\\\/\\\/pomeranianvalpar.eu\\\/de\\\/versand\\\/#primaryimage\"},\"thumbnailUrl\":\"https:\\\/\\\/pomeranianvalpar.eu\\\/wp-content\\\/uploads\\\/2021\\\/07\\\/IMG_7356.jpg\",\"datePublished\":\"2021-07-13T20:25:59+00:00\",\"dateModified\":\"2024-03-15T14:24:23+00:00\",\"description\":\"Pommerscher Hund zu verkaufen, Wir liefern unsere Pommerschen Welpen weltweit! ... Wenn Sie dar\u00fcber nachdenken, einen Welpen zu kaufen, kontaktieren Sie uns jetzt.\",\"breadcrumb\":{\"@id\":\"https:\\\/\\\/pomeranianvalpar.eu\\\/de\\\/versand\\\/#breadcrumb\"},\"inLanguage\":\"de\",\"potentialAction\":[{\"@type\":\"ReadAction\",\"target\":[\"https:\\\/\\\/pomeranianvalpar.eu\\\/de\\\/versand\\\/\"]}]},{\"@type\":\"ImageObject\",\"inLanguage\":\"de\",\"@id\":\"https:\\\/\\\/pomeranianvalpar.eu\\\/de\\\/versand\\\/#primaryimage\",\"url\":\"https:\\\/\\\/pomeranianvalpar.eu\\\/wp-content\\\/uploads\\\/2021\\\/07\\\/IMG_7356.jpg\",\"contentUrl\":\"https:\\\/\\\/pomeranianvalpar.eu\\\/wp-content\\\/uploads\\\/2021\\\/07\\\/IMG_7356.jpg\"},{\"@type\":\"BreadcrumbList\",\"@id\":\"https:\\\/\\\/pomeranianvalpar.eu\\\/de\\\/versand\\\/#breadcrumb\",\"itemListElement\":[{\"@type\":\"ListItem\",\"position\":1,\"name\":\"Home\",\"item\":\"https:\\\/\\\/pomeranianvalpar.eu\\\/de\\\/startseite\\\/\"},{\"@type\":\"ListItem\",\"position\":2,\"name\":\"Versand\"}]},{\"@type\":\"WebSite\",\"@id\":\"https:\\\/\\\/pomeranianvalpar.eu\\\/de\\\/#website\",\"url\":\"https:\\\/\\\/pomeranianvalpar.eu\\\/de\\\/\",\"name\":\"Pomeranian valpar till salu\",\"description\":\"Pomeranian valpar\",\"publisher\":{\"@id\":\"https:\\\/\\\/pomeranianvalpar.eu\\\/de\\\/#organization\"},\"potentialAction\":[{\"@type\":\"SearchAction\",\"target\":{\"@type\":\"EntryPoint\",\"urlTemplate\":\"https:\\\/\\\/pomeranianvalpar.eu\\\/de\\\/?s={search_term_string}\"},\"query-input\":{\"@type\":\"PropertyValueSpecification\",\"valueRequired\":true,\"valueName\":\"search_term_string\"}}],\"inLanguage\":\"de\"},{\"@type\":\"Organization\",\"@id\":\"https:\\\/\\\/pomeranianvalpar.eu\\\/de\\\/#organization\",\"name\":\"Pomeranian valpar till salu\",\"url\":\"https:\\\/\\\/pomeranianvalpar.eu\\\/de\\\/\",\"logo\":{\"@type\":\"ImageObject\",\"inLanguage\":\"de\",\"@id\":\"https:\\\/\\\/pomeranianvalpar.eu\\\/de\\\/#\\\/schema\\\/logo\\\/image\\\/\",\"url\":\"https:\\\/\\\/pomeranianvalpar.eu\\\/wp-content\\\/uploads\\\/2022\\\/04\\\/cropped-LogoMakr-8y8J7m.png\",\"contentUrl\":\"https:\\\/\\\/pomeranianvalpar.eu\\\/wp-content\\\/uploads\\\/2022\\\/04\\\/cropped-LogoMakr-8y8J7m.png\",\"width\":161,\"height\":130,\"caption\":\"Pomeranian valpar till salu\"},\"image\":{\"@id\":\"https:\\\/\\\/pomeranianvalpar.eu\\\/de\\\/#\\\/schema\\\/logo\\\/image\\\/\"}}]}<\/script>\n<!-- \/ Yoast SEO plugin. -->","yoast_head_json":{"title":"Pommerscher Hund zu verkaufen \u2013 Pommerscher Welpe zur Adoption","description":"Pommerscher Hund zu verkaufen, Wir liefern unsere Pommerschen Welpen weltweit! ... Wenn Sie dar\u00fcber nachdenken, einen Welpen zu kaufen, kontaktieren Sie uns jetzt.","robots":{"index":"index","follow":"follow","max-snippet":"max-snippet:-1","max-image-preview":"max-image-preview:large","max-video-preview":"max-video-preview:-1"},"canonical":"https:\/\/pomeranianvalpar.eu\/de\/versand\/","og_locale":"de_DE","og_type":"article","og_title":"Pommerscher Hund zu verkaufen \u2013 Pommerscher Welpe zur Adoption","og_description":"Pommerscher Hund zu verkaufen, Wir liefern unsere Pommerschen Welpen weltweit! ... Wenn Sie dar\u00fcber nachdenken, einen Welpen zu kaufen, kontaktieren Sie uns jetzt.","og_url":"https:\/\/pomeranianvalpar.eu\/de\/versand\/","og_site_name":"Pomeranian valpar till salu","article_modified_time":"2024-03-15T14:24:23+00:00","og_image":[{"url":"https:\/\/pomeranianvalpar.eu\/wp-content\/uploads\/2021\/07\/IMG_7356.jpg","type":"","width":"","height":""}],"twitter_card":"summary_large_image","twitter_misc":{"Gesch\u00e4tzte Lesezeit":"3\u00a0Minuten"},"schema":{"@context":"https:\/\/schema.org","@graph":[{"@type":"WebPage","@id":"https:\/\/pomeranianvalpar.eu\/de\/versand\/","url":"https:\/\/pomeranianvalpar.eu\/de\/versand\/","name":"Pommerscher Hund zu verkaufen \u2013 Pommerscher Welpe zur Adoption","isPartOf":{"@id":"https:\/\/pomeranianvalpar.eu\/de\/#website"},"primaryImageOfPage":{"@id":"https:\/\/pomeranianvalpar.eu\/de\/versand\/#primaryimage"},"image":{"@id":"https:\/\/pomeranianvalpar.eu\/de\/versand\/#primaryimage"},"thumbnailUrl":"https:\/\/pomeranianvalpar.eu\/wp-content\/uploads\/2021\/07\/IMG_7356.jpg","datePublished":"2021-07-13T20:25:59+00:00","dateModified":"2024-03-15T14:24:23+00:00","description":"Pommerscher Hund zu verkaufen, Wir liefern unsere Pommerschen Welpen weltweit! ... Wenn Sie dar\u00fcber nachdenken, einen Welpen zu kaufen, kontaktieren Sie uns jetzt.","breadcrumb":{"@id":"https:\/\/pomeranianvalpar.eu\/de\/versand\/#breadcrumb"},"inLanguage":"de","potentialAction":[{"@type":"ReadAction","target":["https:\/\/pomeranianvalpar.eu\/de\/versand\/"]}]},{"@type":"ImageObject","inLanguage":"de","@id":"https:\/\/pomeranianvalpar.eu\/de\/versand\/#primaryimage","url":"https:\/\/pomeranianvalpar.eu\/wp-content\/uploads\/2021\/07\/IMG_7356.jpg","contentUrl":"https:\/\/pomeranianvalpar.eu\/wp-content\/uploads\/2021\/07\/IMG_7356.jpg"},{"@type":"BreadcrumbList","@id":"https:\/\/pomeranianvalpar.eu\/de\/versand\/#breadcrumb","itemListElement":[{"@type":"ListItem","position":1,"name":"Home","item":"https:\/\/pomeranianvalpar.eu\/de\/startseite\/"},{"@type":"ListItem","position":2,"name":"Versand"}]},{"@type":"WebSite","@id":"https:\/\/pomeranianvalpar.eu\/de\/#website","url":"https:\/\/pomeranianvalpar.eu\/de\/","name":"Pomeranian valpar till salu","description":"Pomeranian valpar","publisher":{"@id":"https:\/\/pomeranianvalpar.eu\/de\/#organization"},"potentialAction":[{"@type":"SearchAction","target":{"@type":"EntryPoint","urlTemplate":"https:\/\/pomeranianvalpar.eu\/de\/?s={search_term_string}"},"query-input":{"@type":"PropertyValueSpecification","valueRequired":true,"valueName":"search_term_string"}}],"inLanguage":"de"},{"@type":"Organization","@id":"https:\/\/pomeranianvalpar.eu\/de\/#organization","name":"Pomeranian valpar till salu","url":"https:\/\/pomeranianvalpar.eu\/de\/","logo":{"@type":"ImageObject","inLanguage":"de","@id":"https:\/\/pomeranianvalpar.eu\/de\/#\/schema\/logo\/image\/","url":"https:\/\/pomeranianvalpar.eu\/wp-content\/uploads\/2022\/04\/cropped-LogoMakr-8y8J7m.png","contentUrl":"https:\/\/pomeranianvalpar.eu\/wp-content\/uploads\/2022\/04\/cropped-LogoMakr-8y8J7m.png","width":161,"height":130,"caption":"Pomeranian valpar till salu"},"image":{"@id":"https:\/\/pomeranianvalpar.eu\/de\/#\/schema\/logo\/image\/"}}]}},"_links":{"self":[{"href":"https:\/\/pomeranianvalpar.eu\/de\/wp-json\/wp\/v2\/pages\/1106","targetHints":{"allow":["GET"]}}],"collection":[{"href":"https:\/\/pomeranianvalpar.eu\/de\/wp-json\/wp\/v2\/pages"}],"about":[{"href":"https:\/\/pomeranianvalpar.eu\/de\/wp-json\/wp\/v2\/types\/page"}],"author":[{"embeddable":true,"href":"https:\/\/pomeranianvalpar.eu\/de\/wp-json\/wp\/v2\/users\/1"}],"replies":[{"embeddable":true,"href":"https:\/\/pomeranianvalpar.eu\/de\/wp-json\/wp\/v2\/comments?post=1106"}],"version-history":[{"count":1,"href":"https:\/\/pomeranianvalpar.eu\/de\/wp-json\/wp\/v2\/pages\/1106\/revisions"}],"predecessor-version":[{"id":1107,"href":"https:\/\/pomeranianvalpar.eu\/de\/wp-json\/wp\/v2\/pages\/1106\/revisions\/1107"}],"wp:attachment":[{"href":"https:\/\/pomeranianvalpar.eu\/de\/wp-json\/wp\/v2\/media?parent=1106"}],"curies":[{"name":"wp","href":"https:\/\/api.w.org\/{rel}","templated":true}]}}