{"id":1125,"date":"2021-07-13T20:24:47","date_gmt":"2021-07-13T20:24:47","guid":{"rendered":"https:\/\/pomeranianvalpar.eu\/ueber-uns\/"},"modified":"2024-03-19T07:25:40","modified_gmt":"2024-03-19T07:25:40","slug":"ueber-uns","status":"publish","type":"page","link":"https:\/\/pomeranianvalpar.eu\/de\/ueber-uns\/","title":{"rendered":"\u00dcber uns"},"content":{"rendered":"\t\t<div data-elementor-type=\"wp-page\" data-elementor-id=\"1125\" class=\"elementor elementor-1125 elementor-9\">\n\t\t\t\t\t\t<section class=\"elementor-section elementor-top-section elementor-element elementor-element-4f746402 elementor-section-boxed elementor-section-height-default elementor-section-height-default\" data-id=\"4f746402\" data-element_type=\"section\" data-e-type=\"section\" data-settings=\"{&quot;background_background&quot;:&quot;classic&quot;,&quot;shape_divider_bottom&quot;:&quot;curve&quot;,&quot;shape_divider_bottom_negative&quot;:&quot;yes&quot;}\">\n\t\t\t\t\t\t\t<div class=\"elementor-background-overlay\"><\/div>\n\t\t\t\t\t\t<div class=\"elementor-shape elementor-shape-bottom\" aria-hidden=\"true\" data-negative=\"true\">\n\t\t\t<svg xmlns=\"http:\/\/www.w3.org\/2000\/svg\" viewBox=\"0 0 1000 100\" preserveAspectRatio=\"none\">\n\t<path class=\"elementor-shape-fill\" d=\"M500,97C126.7,96.3,0.8,19.8,0,0v100l1000,0V1C1000,19.4,873.3,97.8,500,97z\"\/>\n<\/svg>\t\t<\/div>\n\t\t\t\t\t<div class=\"elementor-container elementor-column-gap-default\">\n\t\t\t\t\t<div class=\"elementor-column elementor-col-100 elementor-top-column elementor-element elementor-element-39b8e071\" data-id=\"39b8e071\" data-element_type=\"column\" data-e-type=\"column\">\n\t\t\t<div class=\"elementor-widget-wrap elementor-element-populated\">\n\t\t\t\t\t\t<div class=\"elementor-element elementor-element-1b0d8f33 elementor-widget elementor-widget-heading\" data-id=\"1b0d8f33\" data-element_type=\"widget\" data-e-type=\"widget\" data-widget_type=\"heading.default\">\n\t\t\t\t<div class=\"elementor-widget-container\">\n\t\t\t\t\t<h2 class=\"elementor-heading-title elementor-size-default\">\u00dcber uns<\/h2>\t\t\t\t<\/div>\n\t\t\t\t<\/div>\n\t\t\t\t<div class=\"elementor-element elementor-element-1c0c93e7 elementor-widget-divider--view-line elementor-widget elementor-widget-divider\" data-id=\"1c0c93e7\" data-element_type=\"widget\" data-e-type=\"widget\" data-widget_type=\"divider.default\">\n\t\t\t\t<div class=\"elementor-widget-container\">\n\t\t\t\t\t\t\t<div class=\"elementor-divider\">\n\t\t\t<span class=\"elementor-divider-separator\">\n\t\t\t\t\t\t<\/span>\n\t\t<\/div>\n\t\t\t\t\t\t<\/div>\n\t\t\t\t<\/div>\n\t\t\t\t<div class=\"elementor-element elementor-element-77ce2e36 elementor-widget elementor-widget-text-editor\" data-id=\"77ce2e36\" data-element_type=\"widget\" data-e-type=\"widget\" data-widget_type=\"text-editor.default\">\n\t\t\t\t<div class=\"elementor-widget-container\">\n\t\t\t\t\t\t\t\t\t<p><strong>Wir sind ein engagiertes und f\u00fcrsorgliches Team und unsere Mission ist es, Welpen von h\u00f6chster Qualit\u00e4t mit sauberen Gesundheitsakten, die verantwortungsvoll gez\u00fcchtet werden, sicher zur Welt zu bringen. Denn jeder verdient einen tollen Vierbeiner!<\/strong><\/p>\n\t\t\t\t\t\t\t\t<\/div>\n\t\t\t\t<\/div>\n\t\t\t\t\t<\/div>\n\t\t<\/div>\n\t\t\t\t\t<\/div>\n\t\t<\/section>\n\t\t\t\t<section class=\"elementor-section elementor-top-section elementor-element elementor-element-53c12235 elementor-section-boxed elementor-section-height-default elementor-section-height-default\" data-id=\"53c12235\" data-element_type=\"section\" data-e-type=\"section\" data-settings=\"{&quot;background_background&quot;:&quot;gradient&quot;}\">\n\t\t\t\t\t\t<div class=\"elementor-container elementor-column-gap-wide\">\n\t\t\t\t\t<div class=\"elementor-column elementor-col-33 elementor-top-column elementor-element elementor-element-6c87c64c\" data-id=\"6c87c64c\" data-element_type=\"column\" data-e-type=\"column\">\n\t\t\t<div class=\"elementor-widget-wrap elementor-element-populated\">\n\t\t\t\t\t\t<div class=\"elementor-element elementor-element-7747917d elementor-view-default elementor-position-block-start elementor-mobile-position-block-start elementor-widget elementor-widget-icon-box\" data-id=\"7747917d\" data-element_type=\"widget\" data-e-type=\"widget\" data-widget_type=\"icon-box.default\">\n\t\t\t\t<div class=\"elementor-widget-container\">\n\t\t\t\t\t\t\t<div class=\"elementor-icon-box-wrapper\">\n\n\t\t\t\t\t\t<div class=\"elementor-icon-box-icon\">\n\t\t\t\t<span  class=\"elementor-icon\">\n\t\t\t\t<i aria-hidden=\"true\" class=\"fas fa-paw\"><\/i>\t\t\t\t<\/span>\n\t\t\t<\/div>\n\t\t\t\n\t\t\t\t\t\t<div class=\"elementor-icon-box-content\">\n\n\t\t\t\t\n\t\t\t\t\t\t\t\t\t<p class=\"elementor-icon-box-description\">\n\t\t\t\t\t\tUnsere Welpen werden mit Liebe und F\u00fcrsorge betreut, Sie m\u00fcssen sie also nur nach Hause bringen und lieben.\t\t\t\t\t<\/p>\n\t\t\t\t\n\t\t\t<\/div>\n\t\t\t\n\t\t<\/div>\n\t\t\t\t\t\t<\/div>\n\t\t\t\t<\/div>\n\t\t\t\t\t<\/div>\n\t\t<\/div>\n\t\t\t\t<div class=\"elementor-column elementor-col-33 elementor-top-column elementor-element elementor-element-6b235440\" data-id=\"6b235440\" data-element_type=\"column\" data-e-type=\"column\">\n\t\t\t<div class=\"elementor-widget-wrap elementor-element-populated\">\n\t\t\t\t\t\t<div class=\"elementor-element elementor-element-69186569 elementor-view-default elementor-position-block-start elementor-mobile-position-block-start elementor-widget elementor-widget-icon-box\" data-id=\"69186569\" data-element_type=\"widget\" data-e-type=\"widget\" data-widget_type=\"icon-box.default\">\n\t\t\t\t<div class=\"elementor-widget-container\">\n\t\t\t\t\t\t\t<div class=\"elementor-icon-box-wrapper\">\n\n\t\t\t\t\t\t<div class=\"elementor-icon-box-icon\">\n\t\t\t\t<span  class=\"elementor-icon\">\n\t\t\t\t<i aria-hidden=\"true\" class=\"fas fa-dog\"><\/i>\t\t\t\t<\/span>\n\t\t\t<\/div>\n\t\t\t\n\t\t\t\t\t\t<div class=\"elementor-icon-box-content\">\n\n\t\t\t\t\n\t\t\t\t\t\t\t\t\t<p class=\"elementor-icon-box-description\">\n\t\t\t\t\t\tPomeranian Teacup Pommersche Welpen sind das ultimative Haustier. Mit erstaunlichen Eigenschaften sind diese Hunde klein und haben ein gro\u00dfes Herz.\t\t\t\t\t<\/p>\n\t\t\t\t\n\t\t\t<\/div>\n\t\t\t\n\t\t<\/div>\n\t\t\t\t\t\t<\/div>\n\t\t\t\t<\/div>\n\t\t\t\t\t<\/div>\n\t\t<\/div>\n\t\t\t\t<div class=\"elementor-column elementor-col-33 elementor-top-column elementor-element elementor-element-1586866f\" data-id=\"1586866f\" data-element_type=\"column\" data-e-type=\"column\">\n\t\t\t<div class=\"elementor-widget-wrap elementor-element-populated\">\n\t\t\t\t\t\t<div class=\"elementor-element elementor-element-7f7448c2 elementor-view-default elementor-position-block-start elementor-mobile-position-block-start elementor-widget elementor-widget-icon-box\" data-id=\"7f7448c2\" data-element_type=\"widget\" data-e-type=\"widget\" data-widget_type=\"icon-box.default\">\n\t\t\t\t<div class=\"elementor-widget-container\">\n\t\t\t\t\t\t\t<div class=\"elementor-icon-box-wrapper\">\n\n\t\t\t\t\t\t<div class=\"elementor-icon-box-icon\">\n\t\t\t\t<span  class=\"elementor-icon\">\n\t\t\t\t<i aria-hidden=\"true\" class=\"fas fa-paw\"><\/i>\t\t\t\t<\/span>\n\t\t\t<\/div>\n\t\t\t\n\t\t\t\t\t\t<div class=\"elementor-icon-box-content\">\n\n\t\t\t\t\n\t\t\t\t\t\t\t\t\t<p class=\"elementor-icon-box-description\">\n\t\t\t\t\t\tDiese gutm\u00fctigen und hochintelligenten Hunde werden als Helfer f\u00fcr Behinderte, Hausw\u00e4chter und Begleiter f\u00fcr Kinder eingesetzt.\t\t\t\t\t<\/p>\n\t\t\t\t\n\t\t\t<\/div>\n\t\t\t\n\t\t<\/div>\n\t\t\t\t\t\t<\/div>\n\t\t\t\t<\/div>\n\t\t\t\t\t<\/div>\n\t\t<\/div>\n\t\t\t\t\t<\/div>\n\t\t<\/section>\n\t\t\t\t<section class=\"elementor-section elementor-top-section elementor-element elementor-element-206ca4f7 elementor-section-boxed elementor-section-height-default elementor-section-height-default\" data-id=\"206ca4f7\" data-element_type=\"section\" data-e-type=\"section\" data-settings=\"{&quot;background_background&quot;:&quot;classic&quot;}\">\n\t\t\t\t\t\t<div class=\"elementor-container elementor-column-gap-wide\">\n\t\t\t\t\t<div class=\"elementor-column elementor-col-100 elementor-top-column elementor-element elementor-element-398b197c\" data-id=\"398b197c\" data-element_type=\"column\" data-e-type=\"column\" data-settings=\"{&quot;background_background&quot;:&quot;gradient&quot;}\">\n\t\t\t<div class=\"elementor-widget-wrap elementor-element-populated\">\n\t\t\t\t\t\t<div class=\"elementor-element elementor-element-7cca380d elementor-widget elementor-widget-heading\" data-id=\"7cca380d\" data-element_type=\"widget\" data-e-type=\"widget\" data-widget_type=\"heading.default\">\n\t\t\t\t<div class=\"elementor-widget-container\">\n\t\t\t\t\t<h3 class=\"elementor-heading-title elementor-size-default\">Unsere Geschichte<\/h3>\t\t\t\t<\/div>\n\t\t\t\t<\/div>\n\t\t\t\t<div class=\"elementor-element elementor-element-7311bd04 elementor-view-default elementor-widget elementor-widget-icon\" data-id=\"7311bd04\" data-element_type=\"widget\" data-e-type=\"widget\" data-widget_type=\"icon.default\">\n\t\t\t\t<div class=\"elementor-widget-container\">\n\t\t\t\t\t\t\t<div class=\"elementor-icon-wrapper\">\n\t\t\t<div class=\"elementor-icon\">\n\t\t\t<i aria-hidden=\"true\" class=\"fas fa-heart\"><\/i>\t\t\t<\/div>\n\t\t<\/div>\n\t\t\t\t\t\t<\/div>\n\t\t\t\t<\/div>\n\t\t\t\t<section class=\"elementor-section elementor-inner-section elementor-element elementor-element-4c00892b elementor-section-boxed elementor-section-height-default elementor-section-height-default\" data-id=\"4c00892b\" data-element_type=\"section\" data-e-type=\"section\">\n\t\t\t\t\t\t<div class=\"elementor-container elementor-column-gap-default\">\n\t\t\t\t\t<div class=\"elementor-column elementor-col-50 elementor-inner-column elementor-element elementor-element-5f7bae30\" data-id=\"5f7bae30\" data-element_type=\"column\" data-e-type=\"column\">\n\t\t\t<div class=\"elementor-widget-wrap elementor-element-populated\">\n\t\t\t\t\t\t<div class=\"elementor-element elementor-element-5a785f21 elementor-widget elementor-widget-text-editor\" data-id=\"5a785f21\" data-element_type=\"widget\" data-e-type=\"widget\" data-widget_type=\"text-editor.default\">\n\t\t\t\t<div class=\"elementor-widget-container\">\n\t\t\t\t\t\t\t\t\t<p><strong>Wir sind ein Familienunternehmen und z\u00fcchten und verkaufen seit 2009 Pomeranian Teacup Pomeranian Welpen. Wir z\u00fcchten nur reinrassige Pomeranian Teacup Pomeranian Welpen und aufgrund unserer Spezialisierung z\u00fcchten wir nur Qualit\u00e4tshunde. Wir z\u00fcchten und verkaufen unsere Hunde nicht nur, sie sind unsere Familie. Wir versenden in ganz Europa und in den Rest der Welt zu deutlich g\u00fcnstigeren Preisen.<\/strong><\/p>\n\t\t\t\t\t\t\t\t<\/div>\n\t\t\t\t<\/div>\n\t\t\t\t\t<\/div>\n\t\t<\/div>\n\t\t\t\t<div class=\"elementor-column elementor-col-50 elementor-inner-column elementor-element elementor-element-74adecc7\" data-id=\"74adecc7\" data-element_type=\"column\" data-e-type=\"column\">\n\t\t\t<div class=\"elementor-widget-wrap elementor-element-populated\">\n\t\t\t\t\t\t<div class=\"elementor-element elementor-element-d4eb4a1 elementor-widget elementor-widget-text-editor\" data-id=\"d4eb4a1\" data-element_type=\"widget\" data-e-type=\"widget\" data-widget_type=\"text-editor.default\">\n\t\t\t\t<div class=\"elementor-widget-container\">\n\t\t\t\t\t\t\t\t\t<p><strong>Unsere erste Priorit\u00e4t besteht darin, Ihnen bei der Auswahl eines Pomeranian Tcup Pomeranian-Welpen als Mitglied Ihrer Familie f\u00fcr die n\u00e4chsten 15 bis 20 Jahre zu helfen. Wir bieten die branchenweit beste lebenslange Gesundheitsgarantie, die auf der Website deutlich angegeben ist. Wenn Sie Ihren Welpen erhalten, erhalten Sie diese identische Gesundheitsgarantie schriftlich. Wir nehmen uns so viel Zeit wie n\u00f6tig, um Ihnen bei der Auswahl des richtigen Welpen f\u00fcr Ihre Familie zu helfen.<\/strong><\/p>\n\t\t\t\t\t\t\t\t<\/div>\n\t\t\t\t<\/div>\n\t\t\t\t\t<\/div>\n\t\t<\/div>\n\t\t\t\t\t<\/div>\n\t\t<\/section>\n\t\t\t\t\t<\/div>\n\t\t<\/div>\n\t\t\t\t\t<\/div>\n\t\t<\/section>\n\t\t\t\t<\/div>\n\t\t","protected":false},"excerpt":{"rendered":"<p>\u00dcber uns Wir sind ein engagiertes und f\u00fcrsorgliches Team und unsere Mission ist es, Welpen von h\u00f6chster Qualit\u00e4t mit sauberen Gesundheitsakten, die verantwortungsvoll gez\u00fcchtet werden, sicher zur Welt zu bringen. Denn jeder verdient einen tollen Vierbeiner! Unsere Welpen werden mit Liebe und F\u00fcrsorge betreut, Sie m\u00fcssen sie also nur nach Hause bringen und lieben. Pomeranian &hellip;<\/p>\n<p class=\"read-more\"> <a class=\"\" href=\"https:\/\/pomeranianvalpar.eu\/de\/ueber-uns\/\"> <span class=\"screen-reader-text\">\u00dcber uns<\/span> Weiterlesen &raquo;<\/a><\/p>\n","protected":false},"author":1,"featured_media":0,"parent":0,"menu_order":0,"comment_status":"closed","ping_status":"closed","template":"","meta":{"footnotes":""},"class_list":["post-1125","page","type-page","status-publish","hentry"],"yoast_head":"<!-- This site is optimized with the Yoast SEO plugin v27.5 - https:\/\/yoast.com\/product\/yoast-seo-wordpress\/ -->\n<title>Pommersche Welpen zur Vermittlung - Kaufen Sie Pomeranian<\/title>\n<meta name=\"description\" content=\"Pommersche Welpen zur Vermittlung. Diese kleinen Lieblinge sind gut sozialisiert und lieben es, sowohl mit Kindern als auch mit Erwachsenen zu spielen.\" \/>\n<meta name=\"robots\" content=\"index, follow, max-snippet:-1, max-image-preview:large, max-video-preview:-1\" \/>\n<link rel=\"canonical\" href=\"https:\/\/pomeranianvalpar.eu\/de\/ueber-uns\/\" \/>\n<meta property=\"og:locale\" content=\"de_DE\" \/>\n<meta property=\"og:type\" content=\"article\" \/>\n<meta property=\"og:title\" content=\"Pommersche Welpen zur Vermittlung - Kaufen Sie Pomeranian\" \/>\n<meta property=\"og:description\" content=\"Pommersche Welpen zur Vermittlung. Diese kleinen Lieblinge sind gut sozialisiert und lieben es, sowohl mit Kindern als auch mit Erwachsenen zu spielen.\" \/>\n<meta property=\"og:url\" content=\"https:\/\/pomeranianvalpar.eu\/de\/ueber-uns\/\" \/>\n<meta property=\"og:site_name\" content=\"Pomeranian valpar till salu\" \/>\n<meta property=\"article:modified_time\" content=\"2024-03-19T07:25:40+00:00\" \/>\n<meta name=\"twitter:card\" content=\"summary_large_image\" \/>\n<meta name=\"twitter:label1\" content=\"Gesch\u00e4tzte Lesezeit\" \/>\n\t<meta name=\"twitter:data1\" content=\"1\u00a0Minute\" \/>\n<script type=\"application\/ld+json\" class=\"yoast-schema-graph\">{\"@context\":\"https:\\\/\\\/schema.org\",\"@graph\":[{\"@type\":\"WebPage\",\"@id\":\"https:\\\/\\\/pomeranianvalpar.eu\\\/de\\\/ueber-uns\\\/\",\"url\":\"https:\\\/\\\/pomeranianvalpar.eu\\\/de\\\/ueber-uns\\\/\",\"name\":\"Pommersche Welpen zur Vermittlung - Kaufen Sie Pomeranian\",\"isPartOf\":{\"@id\":\"https:\\\/\\\/pomeranianvalpar.eu\\\/de\\\/#website\"},\"datePublished\":\"2021-07-13T20:24:47+00:00\",\"dateModified\":\"2024-03-19T07:25:40+00:00\",\"description\":\"Pommersche Welpen zur Vermittlung. Diese kleinen Lieblinge sind gut sozialisiert und lieben es, sowohl mit Kindern als auch mit Erwachsenen zu spielen.\",\"breadcrumb\":{\"@id\":\"https:\\\/\\\/pomeranianvalpar.eu\\\/de\\\/ueber-uns\\\/#breadcrumb\"},\"inLanguage\":\"de\",\"potentialAction\":[{\"@type\":\"ReadAction\",\"target\":[\"https:\\\/\\\/pomeranianvalpar.eu\\\/de\\\/ueber-uns\\\/\"]}]},{\"@type\":\"BreadcrumbList\",\"@id\":\"https:\\\/\\\/pomeranianvalpar.eu\\\/de\\\/ueber-uns\\\/#breadcrumb\",\"itemListElement\":[{\"@type\":\"ListItem\",\"position\":1,\"name\":\"Home\",\"item\":\"https:\\\/\\\/pomeranianvalpar.eu\\\/de\\\/startseite\\\/\"},{\"@type\":\"ListItem\",\"position\":2,\"name\":\"\u00dcber uns\"}]},{\"@type\":\"WebSite\",\"@id\":\"https:\\\/\\\/pomeranianvalpar.eu\\\/de\\\/#website\",\"url\":\"https:\\\/\\\/pomeranianvalpar.eu\\\/de\\\/\",\"name\":\"Pomeranian valpar till salu\",\"description\":\"Pomeranian valpar\",\"publisher\":{\"@id\":\"https:\\\/\\\/pomeranianvalpar.eu\\\/de\\\/#organization\"},\"potentialAction\":[{\"@type\":\"SearchAction\",\"target\":{\"@type\":\"EntryPoint\",\"urlTemplate\":\"https:\\\/\\\/pomeranianvalpar.eu\\\/de\\\/?s={search_term_string}\"},\"query-input\":{\"@type\":\"PropertyValueSpecification\",\"valueRequired\":true,\"valueName\":\"search_term_string\"}}],\"inLanguage\":\"de\"},{\"@type\":\"Organization\",\"@id\":\"https:\\\/\\\/pomeranianvalpar.eu\\\/de\\\/#organization\",\"name\":\"Pomeranian valpar till salu\",\"url\":\"https:\\\/\\\/pomeranianvalpar.eu\\\/de\\\/\",\"logo\":{\"@type\":\"ImageObject\",\"inLanguage\":\"de\",\"@id\":\"https:\\\/\\\/pomeranianvalpar.eu\\\/de\\\/#\\\/schema\\\/logo\\\/image\\\/\",\"url\":\"https:\\\/\\\/pomeranianvalpar.eu\\\/wp-content\\\/uploads\\\/2022\\\/04\\\/cropped-LogoMakr-8y8J7m.png\",\"contentUrl\":\"https:\\\/\\\/pomeranianvalpar.eu\\\/wp-content\\\/uploads\\\/2022\\\/04\\\/cropped-LogoMakr-8y8J7m.png\",\"width\":161,\"height\":130,\"caption\":\"Pomeranian valpar till salu\"},\"image\":{\"@id\":\"https:\\\/\\\/pomeranianvalpar.eu\\\/de\\\/#\\\/schema\\\/logo\\\/image\\\/\"}}]}<\/script>\n<!-- \/ Yoast SEO plugin. -->","yoast_head_json":{"title":"Pommersche Welpen zur Vermittlung - Kaufen Sie Pomeranian","description":"Pommersche Welpen zur Vermittlung. Diese kleinen Lieblinge sind gut sozialisiert und lieben es, sowohl mit Kindern als auch mit Erwachsenen zu spielen.","robots":{"index":"index","follow":"follow","max-snippet":"max-snippet:-1","max-image-preview":"max-image-preview:large","max-video-preview":"max-video-preview:-1"},"canonical":"https:\/\/pomeranianvalpar.eu\/de\/ueber-uns\/","og_locale":"de_DE","og_type":"article","og_title":"Pommersche Welpen zur Vermittlung - Kaufen Sie Pomeranian","og_description":"Pommersche Welpen zur Vermittlung. Diese kleinen Lieblinge sind gut sozialisiert und lieben es, sowohl mit Kindern als auch mit Erwachsenen zu spielen.","og_url":"https:\/\/pomeranianvalpar.eu\/de\/ueber-uns\/","og_site_name":"Pomeranian valpar till salu","article_modified_time":"2024-03-19T07:25:40+00:00","twitter_card":"summary_large_image","twitter_misc":{"Gesch\u00e4tzte Lesezeit":"1\u00a0Minute"},"schema":{"@context":"https:\/\/schema.org","@graph":[{"@type":"WebPage","@id":"https:\/\/pomeranianvalpar.eu\/de\/ueber-uns\/","url":"https:\/\/pomeranianvalpar.eu\/de\/ueber-uns\/","name":"Pommersche Welpen zur Vermittlung - Kaufen Sie Pomeranian","isPartOf":{"@id":"https:\/\/pomeranianvalpar.eu\/de\/#website"},"datePublished":"2021-07-13T20:24:47+00:00","dateModified":"2024-03-19T07:25:40+00:00","description":"Pommersche Welpen zur Vermittlung. Diese kleinen Lieblinge sind gut sozialisiert und lieben es, sowohl mit Kindern als auch mit Erwachsenen zu spielen.","breadcrumb":{"@id":"https:\/\/pomeranianvalpar.eu\/de\/ueber-uns\/#breadcrumb"},"inLanguage":"de","potentialAction":[{"@type":"ReadAction","target":["https:\/\/pomeranianvalpar.eu\/de\/ueber-uns\/"]}]},{"@type":"BreadcrumbList","@id":"https:\/\/pomeranianvalpar.eu\/de\/ueber-uns\/#breadcrumb","itemListElement":[{"@type":"ListItem","position":1,"name":"Home","item":"https:\/\/pomeranianvalpar.eu\/de\/startseite\/"},{"@type":"ListItem","position":2,"name":"\u00dcber uns"}]},{"@type":"WebSite","@id":"https:\/\/pomeranianvalpar.eu\/de\/#website","url":"https:\/\/pomeranianvalpar.eu\/de\/","name":"Pomeranian valpar till salu","description":"Pomeranian valpar","publisher":{"@id":"https:\/\/pomeranianvalpar.eu\/de\/#organization"},"potentialAction":[{"@type":"SearchAction","target":{"@type":"EntryPoint","urlTemplate":"https:\/\/pomeranianvalpar.eu\/de\/?s={search_term_string}"},"query-input":{"@type":"PropertyValueSpecification","valueRequired":true,"valueName":"search_term_string"}}],"inLanguage":"de"},{"@type":"Organization","@id":"https:\/\/pomeranianvalpar.eu\/de\/#organization","name":"Pomeranian valpar till salu","url":"https:\/\/pomeranianvalpar.eu\/de\/","logo":{"@type":"ImageObject","inLanguage":"de","@id":"https:\/\/pomeranianvalpar.eu\/de\/#\/schema\/logo\/image\/","url":"https:\/\/pomeranianvalpar.eu\/wp-content\/uploads\/2022\/04\/cropped-LogoMakr-8y8J7m.png","contentUrl":"https:\/\/pomeranianvalpar.eu\/wp-content\/uploads\/2022\/04\/cropped-LogoMakr-8y8J7m.png","width":161,"height":130,"caption":"Pomeranian valpar till salu"},"image":{"@id":"https:\/\/pomeranianvalpar.eu\/de\/#\/schema\/logo\/image\/"}}]}},"_links":{"self":[{"href":"https:\/\/pomeranianvalpar.eu\/de\/wp-json\/wp\/v2\/pages\/1125","targetHints":{"allow":["GET"]}}],"collection":[{"href":"https:\/\/pomeranianvalpar.eu\/de\/wp-json\/wp\/v2\/pages"}],"about":[{"href":"https:\/\/pomeranianvalpar.eu\/de\/wp-json\/wp\/v2\/types\/page"}],"author":[{"embeddable":true,"href":"https:\/\/pomeranianvalpar.eu\/de\/wp-json\/wp\/v2\/users\/1"}],"replies":[{"embeddable":true,"href":"https:\/\/pomeranianvalpar.eu\/de\/wp-json\/wp\/v2\/comments?post=1125"}],"version-history":[{"count":1,"href":"https:\/\/pomeranianvalpar.eu\/de\/wp-json\/wp\/v2\/pages\/1125\/revisions"}],"predecessor-version":[{"id":1126,"href":"https:\/\/pomeranianvalpar.eu\/de\/wp-json\/wp\/v2\/pages\/1125\/revisions\/1126"}],"wp:attachment":[{"href":"https:\/\/pomeranianvalpar.eu\/de\/wp-json\/wp\/v2\/media?parent=1125"}],"curies":[{"name":"wp","href":"https:\/\/api.w.org\/{rel}","templated":true}]}}