{"id":1116,"date":"2021-07-13T20:24:47","date_gmt":"2021-07-13T20:24:47","guid":{"rendered":"https:\/\/pomeranianvalpar.eu\/meista\/"},"modified":"2024-03-15T15:43:33","modified_gmt":"2024-03-15T15:43:33","slug":"meista","status":"publish","type":"page","link":"https:\/\/pomeranianvalpar.eu\/fi\/meista\/","title":{"rendered":"Meist\u00e4"},"content":{"rendered":"\t\t<div data-elementor-type=\"wp-page\" data-elementor-id=\"1116\" class=\"elementor elementor-1116 elementor-9\">\n\t\t\t\t\t\t<section class=\"elementor-section elementor-top-section elementor-element elementor-element-4f746402 elementor-section-boxed elementor-section-height-default elementor-section-height-default\" data-id=\"4f746402\" data-element_type=\"section\" data-e-type=\"section\" data-settings=\"{&quot;background_background&quot;:&quot;classic&quot;,&quot;shape_divider_bottom&quot;:&quot;curve&quot;,&quot;shape_divider_bottom_negative&quot;:&quot;yes&quot;}\">\n\t\t\t\t\t\t\t<div class=\"elementor-background-overlay\"><\/div>\n\t\t\t\t\t\t<div class=\"elementor-shape elementor-shape-bottom\" aria-hidden=\"true\" data-negative=\"true\">\n\t\t\t<svg xmlns=\"http:\/\/www.w3.org\/2000\/svg\" viewBox=\"0 0 1000 100\" preserveAspectRatio=\"none\">\n\t<path class=\"elementor-shape-fill\" d=\"M500,97C126.7,96.3,0.8,19.8,0,0v100l1000,0V1C1000,19.4,873.3,97.8,500,97z\"\/>\n<\/svg>\t\t<\/div>\n\t\t\t\t\t<div class=\"elementor-container elementor-column-gap-default\">\n\t\t\t\t\t<div class=\"elementor-column elementor-col-100 elementor-top-column elementor-element elementor-element-39b8e071\" data-id=\"39b8e071\" data-element_type=\"column\" data-e-type=\"column\">\n\t\t\t<div class=\"elementor-widget-wrap elementor-element-populated\">\n\t\t\t\t\t\t<div class=\"elementor-element elementor-element-1b0d8f33 elementor-widget elementor-widget-heading\" data-id=\"1b0d8f33\" data-element_type=\"widget\" data-e-type=\"widget\" data-widget_type=\"heading.default\">\n\t\t\t\t<div class=\"elementor-widget-container\">\n\t\t\t\t\t<h2 class=\"elementor-heading-title elementor-size-default\">Meist\u00e4<\/h2>\t\t\t\t<\/div>\n\t\t\t\t<\/div>\n\t\t\t\t<div class=\"elementor-element elementor-element-1c0c93e7 elementor-widget-divider--view-line elementor-widget elementor-widget-divider\" data-id=\"1c0c93e7\" data-element_type=\"widget\" data-e-type=\"widget\" data-widget_type=\"divider.default\">\n\t\t\t\t<div class=\"elementor-widget-container\">\n\t\t\t\t\t\t\t<div class=\"elementor-divider\">\n\t\t\t<span class=\"elementor-divider-separator\">\n\t\t\t\t\t\t<\/span>\n\t\t<\/div>\n\t\t\t\t\t\t<\/div>\n\t\t\t\t<\/div>\n\t\t\t\t<div class=\"elementor-element elementor-element-77ce2e36 elementor-widget elementor-widget-text-editor\" data-id=\"77ce2e36\" data-element_type=\"widget\" data-e-type=\"widget\" data-widget_type=\"text-editor.default\">\n\t\t\t\t<div class=\"elementor-widget-container\">\n\t\t\t\t\t\t\t\t\t<p><strong>Olemme omistautunut ja v\u00e4litt\u00e4v\u00e4 tiimi, ja teht\u00e4v\u00e4mme on toimittaa turvallisesti huippulaatuisia pentuja, joilla on puhtaat terveystiedot ja jotka on kasvatettu vastuullisesti. Koska jokainen ansaitsee mahtavan nelijalkaisen yst\u00e4v\u00e4n!<\/strong><\/p>\n\t\t\t\t\t\t\t\t<\/div>\n\t\t\t\t<\/div>\n\t\t\t\t\t<\/div>\n\t\t<\/div>\n\t\t\t\t\t<\/div>\n\t\t<\/section>\n\t\t\t\t<section class=\"elementor-section elementor-top-section elementor-element elementor-element-53c12235 elementor-section-boxed elementor-section-height-default elementor-section-height-default\" data-id=\"53c12235\" data-element_type=\"section\" data-e-type=\"section\" data-settings=\"{&quot;background_background&quot;:&quot;gradient&quot;}\">\n\t\t\t\t\t\t<div class=\"elementor-container elementor-column-gap-wide\">\n\t\t\t\t\t<div class=\"elementor-column elementor-col-33 elementor-top-column elementor-element elementor-element-6c87c64c\" data-id=\"6c87c64c\" data-element_type=\"column\" data-e-type=\"column\">\n\t\t\t<div class=\"elementor-widget-wrap elementor-element-populated\">\n\t\t\t\t\t\t<div class=\"elementor-element elementor-element-7747917d elementor-view-default elementor-position-block-start elementor-mobile-position-block-start elementor-widget elementor-widget-icon-box\" data-id=\"7747917d\" data-element_type=\"widget\" data-e-type=\"widget\" data-widget_type=\"icon-box.default\">\n\t\t\t\t<div class=\"elementor-widget-container\">\n\t\t\t\t\t\t\t<div class=\"elementor-icon-box-wrapper\">\n\n\t\t\t\t\t\t<div class=\"elementor-icon-box-icon\">\n\t\t\t\t<span  class=\"elementor-icon\">\n\t\t\t\t<i aria-hidden=\"true\" class=\"fas fa-paw\"><\/i>\t\t\t\t<\/span>\n\t\t\t<\/div>\n\t\t\t\n\t\t\t\t\t\t<div class=\"elementor-icon-box-content\">\n\n\t\t\t\t\n\t\t\t\t\t\t\t\t\t<p class=\"elementor-icon-box-description\">\n\t\t\t\t\t\tPentujamme hoidetaan rakkaudella ja huolella, joten sinun tarvitsee vain tuoda ne kotiin ja rakastaa niit\u00e4.\t\t\t\t\t<\/p>\n\t\t\t\t\n\t\t\t<\/div>\n\t\t\t\n\t\t<\/div>\n\t\t\t\t\t\t<\/div>\n\t\t\t\t<\/div>\n\t\t\t\t\t<\/div>\n\t\t<\/div>\n\t\t\t\t<div class=\"elementor-column elementor-col-33 elementor-top-column elementor-element elementor-element-6b235440\" data-id=\"6b235440\" data-element_type=\"column\" data-e-type=\"column\">\n\t\t\t<div class=\"elementor-widget-wrap elementor-element-populated\">\n\t\t\t\t\t\t<div class=\"elementor-element elementor-element-69186569 elementor-view-default elementor-position-block-start elementor-mobile-position-block-start elementor-widget elementor-widget-icon-box\" data-id=\"69186569\" data-element_type=\"widget\" data-e-type=\"widget\" data-widget_type=\"icon-box.default\">\n\t\t\t\t<div class=\"elementor-widget-container\">\n\t\t\t\t\t\t\t<div class=\"elementor-icon-box-wrapper\">\n\n\t\t\t\t\t\t<div class=\"elementor-icon-box-icon\">\n\t\t\t\t<span  class=\"elementor-icon\">\n\t\t\t\t<i aria-hidden=\"true\" class=\"fas fa-dog\"><\/i>\t\t\t\t<\/span>\n\t\t\t<\/div>\n\t\t\t\n\t\t\t\t\t\t<div class=\"elementor-icon-box-content\">\n\n\t\t\t\t\n\t\t\t\t\t\t\t\t\t<p class=\"elementor-icon-box-description\">\n\t\t\t\t\t\tPomeranian Tcup Pomeranian pennut ovat ykk\u00f6nen lemmikki. N\u00e4ill\u00e4 koirilla on h\u00e4mm\u00e4stytt\u00e4vi\u00e4 ominaisuuksia, ne ovat kooltaan pieni\u00e4 ja niill\u00e4 on suuri syd\u00e4n.\t\t\t\t\t<\/p>\n\t\t\t\t\n\t\t\t<\/div>\n\t\t\t\n\t\t<\/div>\n\t\t\t\t\t\t<\/div>\n\t\t\t\t<\/div>\n\t\t\t\t\t<\/div>\n\t\t<\/div>\n\t\t\t\t<div class=\"elementor-column elementor-col-33 elementor-top-column elementor-element elementor-element-1586866f\" data-id=\"1586866f\" data-element_type=\"column\" data-e-type=\"column\">\n\t\t\t<div class=\"elementor-widget-wrap elementor-element-populated\">\n\t\t\t\t\t\t<div class=\"elementor-element elementor-element-7f7448c2 elementor-view-default elementor-position-block-start elementor-mobile-position-block-start elementor-widget elementor-widget-icon-box\" data-id=\"7f7448c2\" data-element_type=\"widget\" data-e-type=\"widget\" data-widget_type=\"icon-box.default\">\n\t\t\t\t<div class=\"elementor-widget-container\">\n\t\t\t\t\t\t\t<div class=\"elementor-icon-box-wrapper\">\n\n\t\t\t\t\t\t<div class=\"elementor-icon-box-icon\">\n\t\t\t\t<span  class=\"elementor-icon\">\n\t\t\t\t<i aria-hidden=\"true\" class=\"fas fa-paw\"><\/i>\t\t\t\t<\/span>\n\t\t\t<\/div>\n\t\t\t\n\t\t\t\t\t\t<div class=\"elementor-icon-box-content\">\n\n\t\t\t\t\n\t\t\t\t\t\t\t\t\t<p class=\"elementor-icon-box-description\">\n\t\t\t\t\t\tN\u00e4it\u00e4 hyv\u00e4ntuulisia ja eritt\u00e4in \u00e4lykk\u00e4it\u00e4 koiria k\u00e4ytet\u00e4\u00e4n vammaisten auttajina, talojen vartijoina, lasten seuralaisina.\t\t\t\t\t<\/p>\n\t\t\t\t\n\t\t\t<\/div>\n\t\t\t\n\t\t<\/div>\n\t\t\t\t\t\t<\/div>\n\t\t\t\t<\/div>\n\t\t\t\t\t<\/div>\n\t\t<\/div>\n\t\t\t\t\t<\/div>\n\t\t<\/section>\n\t\t\t\t<section class=\"elementor-section elementor-top-section elementor-element elementor-element-206ca4f7 elementor-section-boxed elementor-section-height-default elementor-section-height-default\" data-id=\"206ca4f7\" data-element_type=\"section\" data-e-type=\"section\" data-settings=\"{&quot;background_background&quot;:&quot;classic&quot;}\">\n\t\t\t\t\t\t<div class=\"elementor-container elementor-column-gap-wide\">\n\t\t\t\t\t<div class=\"elementor-column elementor-col-100 elementor-top-column elementor-element elementor-element-398b197c\" data-id=\"398b197c\" data-element_type=\"column\" data-e-type=\"column\" data-settings=\"{&quot;background_background&quot;:&quot;gradient&quot;}\">\n\t\t\t<div class=\"elementor-widget-wrap elementor-element-populated\">\n\t\t\t\t\t\t<div class=\"elementor-element elementor-element-7cca380d elementor-widget elementor-widget-heading\" data-id=\"7cca380d\" data-element_type=\"widget\" data-e-type=\"widget\" data-widget_type=\"heading.default\">\n\t\t\t\t<div class=\"elementor-widget-container\">\n\t\t\t\t\t<h3 class=\"elementor-heading-title elementor-size-default\">Historiaamme<\/h3>\t\t\t\t<\/div>\n\t\t\t\t<\/div>\n\t\t\t\t<div class=\"elementor-element elementor-element-7311bd04 elementor-view-default elementor-widget elementor-widget-icon\" data-id=\"7311bd04\" data-element_type=\"widget\" data-e-type=\"widget\" data-widget_type=\"icon.default\">\n\t\t\t\t<div class=\"elementor-widget-container\">\n\t\t\t\t\t\t\t<div class=\"elementor-icon-wrapper\">\n\t\t\t<div class=\"elementor-icon\">\n\t\t\t<i aria-hidden=\"true\" class=\"fas fa-heart\"><\/i>\t\t\t<\/div>\n\t\t<\/div>\n\t\t\t\t\t\t<\/div>\n\t\t\t\t<\/div>\n\t\t\t\t<section class=\"elementor-section elementor-inner-section elementor-element elementor-element-4c00892b elementor-section-boxed elementor-section-height-default elementor-section-height-default\" data-id=\"4c00892b\" data-element_type=\"section\" data-e-type=\"section\">\n\t\t\t\t\t\t<div class=\"elementor-container elementor-column-gap-default\">\n\t\t\t\t\t<div class=\"elementor-column elementor-col-50 elementor-inner-column elementor-element elementor-element-5f7bae30\" data-id=\"5f7bae30\" data-element_type=\"column\" data-e-type=\"column\">\n\t\t\t<div class=\"elementor-widget-wrap elementor-element-populated\">\n\t\t\t\t\t\t<div class=\"elementor-element elementor-element-5a785f21 elementor-widget elementor-widget-text-editor\" data-id=\"5a785f21\" data-element_type=\"widget\" data-e-type=\"widget\" data-widget_type=\"text-editor.default\">\n\t\t\t\t<div class=\"elementor-widget-container\">\n\t\t\t\t\t\t\t\t\t<p><strong>Olemme perheyritys ja olemme kasvattaneet ja myyneet Pomeranian Teacup Pomeranian -pentuja vuodesta 2009 l\u00e4htien. Kasvatamme vain puhdasrotuisia Pomeranian Teacup Pomeranian pentuja ja erikoistuneisuutemme vuoksi kasvatamme vain laadukkaita koiria. Emme vain kasvata ja myy koiriamme, he ovat perheemme. Toimitamme kaikkialle Eurooppaan ja muualle maailmaan paljon halvemmalla.<\/strong><\/p>\n\t\t\t\t\t\t\t\t<\/div>\n\t\t\t\t<\/div>\n\t\t\t\t\t<\/div>\n\t\t<\/div>\n\t\t\t\t<div class=\"elementor-column elementor-col-50 elementor-inner-column elementor-element elementor-element-74adecc7\" data-id=\"74adecc7\" data-element_type=\"column\" data-e-type=\"column\">\n\t\t\t<div class=\"elementor-widget-wrap elementor-element-populated\">\n\t\t\t\t\t\t<div class=\"elementor-element elementor-element-d4eb4a1 elementor-widget elementor-widget-text-editor\" data-id=\"d4eb4a1\" data-element_type=\"widget\" data-e-type=\"widget\" data-widget_type=\"text-editor.default\">\n\t\t\t\t<div class=\"elementor-widget-container\">\n\t\t\t\t\t\t\t\t\t<p><strong>Ensimm\u00e4inen prioriteettimme on auttaa sinua valitsemaan Pomeranian Teacup Pomeranian pennun perheenj\u00e4seneksi seuraavat 15-20 vuotta. Tarjoamme alan parhaan elinik\u00e4isen terveystakuun, mik\u00e4 on selke\u00e4sti todettu verkkosivuilla. Kun vastaanotat pennun, saat t\u00e4m\u00e4n samanlaisen terveystakuun kirjallisena. K\u00e4yt\u00e4mme niin paljon aikaa kuin on tarpeen auttaaksemme sinua valitsemaan oikean pennun perheellesi.<\/strong><\/p>\n\t\t\t\t\t\t\t\t<\/div>\n\t\t\t\t<\/div>\n\t\t\t\t\t<\/div>\n\t\t<\/div>\n\t\t\t\t\t<\/div>\n\t\t<\/section>\n\t\t\t\t\t<\/div>\n\t\t<\/div>\n\t\t\t\t\t<\/div>\n\t\t<\/section>\n\t\t\t\t<\/div>\n\t\t","protected":false},"excerpt":{"rendered":"<p>Meist\u00e4 Olemme omistautunut ja v\u00e4litt\u00e4v\u00e4 tiimi, ja teht\u00e4v\u00e4mme on toimittaa turvallisesti huippulaatuisia pentuja, joilla on puhtaat terveystiedot ja jotka on kasvatettu vastuullisesti. Koska jokainen ansaitsee mahtavan nelijalkaisen yst\u00e4v\u00e4n! Pentujamme hoidetaan rakkaudella ja huolella, joten sinun tarvitsee vain tuoda ne kotiin ja rakastaa niit\u00e4. Pomeranian Tcup Pomeranian pennut ovat ykk\u00f6nen lemmikki. N\u00e4ill\u00e4 koirilla on h\u00e4mm\u00e4stytt\u00e4vi\u00e4 ominaisuuksia, &hellip;<\/p>\n<p class=\"read-more\"> <a class=\"\" href=\"https:\/\/pomeranianvalpar.eu\/fi\/meista\/\"> <span class=\"screen-reader-text\">Meist\u00e4<\/span> Lue lis\u00e4\u00e4 &raquo;<\/a><\/p>\n","protected":false},"author":1,"featured_media":0,"parent":0,"menu_order":0,"comment_status":"closed","ping_status":"closed","template":"","meta":{"footnotes":""},"class_list":["post-1116","page","type-page","status-publish","hentry"],"yoast_head":"<!-- This site is optimized with the Yoast SEO plugin v27.5 - https:\/\/yoast.com\/product\/yoast-seo-wordpress\/ -->\n<title>Pomeranianin pentuja kotik\u00e4ytt\u00f6\u00f6n - Osta Pomeranian<\/title>\n<meta name=\"description\" content=\"Pomeranian pennut uudelleen kotiin, N\u00e4m\u00e4 pienet rakkaat ovat hyvin sosiaalisia ja rakastavat leikki\u00e4 sek\u00e4 lasten ett\u00e4 aikuisten kanssa.\" \/>\n<meta name=\"robots\" content=\"index, follow, max-snippet:-1, max-image-preview:large, max-video-preview:-1\" \/>\n<link rel=\"canonical\" href=\"https:\/\/pomeranianvalpar.eu\/fi\/meista\/\" \/>\n<meta property=\"og:locale\" content=\"fi_FI\" \/>\n<meta property=\"og:type\" content=\"article\" \/>\n<meta property=\"og:title\" content=\"Pomeranianin pentuja kotik\u00e4ytt\u00f6\u00f6n - Osta Pomeranian\" \/>\n<meta property=\"og:description\" content=\"Pomeranian pennut uudelleen kotiin, N\u00e4m\u00e4 pienet rakkaat ovat hyvin sosiaalisia ja rakastavat leikki\u00e4 sek\u00e4 lasten ett\u00e4 aikuisten kanssa.\" \/>\n<meta property=\"og:url\" content=\"https:\/\/pomeranianvalpar.eu\/fi\/meista\/\" \/>\n<meta property=\"og:site_name\" content=\"Pomeranian valpar till salu\" \/>\n<meta property=\"article:modified_time\" content=\"2024-03-15T15:43:33+00:00\" \/>\n<meta name=\"twitter:card\" content=\"summary_large_image\" \/>\n<meta name=\"twitter:label1\" content=\"Arvioitu lukuaika\" \/>\n\t<meta name=\"twitter:data1\" content=\"1 minuutti\" \/>\n<script type=\"application\/ld+json\" class=\"yoast-schema-graph\">{\"@context\":\"https:\\\/\\\/schema.org\",\"@graph\":[{\"@type\":\"WebPage\",\"@id\":\"https:\\\/\\\/pomeranianvalpar.eu\\\/fi\\\/meista\\\/\",\"url\":\"https:\\\/\\\/pomeranianvalpar.eu\\\/fi\\\/meista\\\/\",\"name\":\"Pomeranianin pentuja kotik\u00e4ytt\u00f6\u00f6n - Osta Pomeranian\",\"isPartOf\":{\"@id\":\"https:\\\/\\\/pomeranianvalpar.eu\\\/fi\\\/#website\"},\"datePublished\":\"2021-07-13T20:24:47+00:00\",\"dateModified\":\"2024-03-15T15:43:33+00:00\",\"description\":\"Pomeranian pennut uudelleen kotiin, N\u00e4m\u00e4 pienet rakkaat ovat hyvin sosiaalisia ja rakastavat leikki\u00e4 sek\u00e4 lasten ett\u00e4 aikuisten kanssa.\",\"breadcrumb\":{\"@id\":\"https:\\\/\\\/pomeranianvalpar.eu\\\/fi\\\/meista\\\/#breadcrumb\"},\"inLanguage\":\"fi\",\"potentialAction\":[{\"@type\":\"ReadAction\",\"target\":[\"https:\\\/\\\/pomeranianvalpar.eu\\\/fi\\\/meista\\\/\"]}]},{\"@type\":\"BreadcrumbList\",\"@id\":\"https:\\\/\\\/pomeranianvalpar.eu\\\/fi\\\/meista\\\/#breadcrumb\",\"itemListElement\":[{\"@type\":\"ListItem\",\"position\":1,\"name\":\"Home\",\"item\":\"https:\\\/\\\/pomeranianvalpar.eu\\\/fi\\\/verkkosivusto\\\/\"},{\"@type\":\"ListItem\",\"position\":2,\"name\":\"Meist\u00e4\"}]},{\"@type\":\"WebSite\",\"@id\":\"https:\\\/\\\/pomeranianvalpar.eu\\\/fi\\\/#website\",\"url\":\"https:\\\/\\\/pomeranianvalpar.eu\\\/fi\\\/\",\"name\":\"Pomeranian valpar till salu\",\"description\":\"Pomeranian valpar\",\"publisher\":{\"@id\":\"https:\\\/\\\/pomeranianvalpar.eu\\\/fi\\\/#organization\"},\"potentialAction\":[{\"@type\":\"SearchAction\",\"target\":{\"@type\":\"EntryPoint\",\"urlTemplate\":\"https:\\\/\\\/pomeranianvalpar.eu\\\/fi\\\/?s={search_term_string}\"},\"query-input\":{\"@type\":\"PropertyValueSpecification\",\"valueRequired\":true,\"valueName\":\"search_term_string\"}}],\"inLanguage\":\"fi\"},{\"@type\":\"Organization\",\"@id\":\"https:\\\/\\\/pomeranianvalpar.eu\\\/fi\\\/#organization\",\"name\":\"Pomeranian valpar till salu\",\"url\":\"https:\\\/\\\/pomeranianvalpar.eu\\\/fi\\\/\",\"logo\":{\"@type\":\"ImageObject\",\"inLanguage\":\"fi\",\"@id\":\"https:\\\/\\\/pomeranianvalpar.eu\\\/fi\\\/#\\\/schema\\\/logo\\\/image\\\/\",\"url\":\"https:\\\/\\\/pomeranianvalpar.eu\\\/wp-content\\\/uploads\\\/2022\\\/04\\\/cropped-LogoMakr-8y8J7m.png\",\"contentUrl\":\"https:\\\/\\\/pomeranianvalpar.eu\\\/wp-content\\\/uploads\\\/2022\\\/04\\\/cropped-LogoMakr-8y8J7m.png\",\"width\":161,\"height\":130,\"caption\":\"Pomeranian valpar till salu\"},\"image\":{\"@id\":\"https:\\\/\\\/pomeranianvalpar.eu\\\/fi\\\/#\\\/schema\\\/logo\\\/image\\\/\"}}]}<\/script>\n<!-- \/ Yoast SEO plugin. -->","yoast_head_json":{"title":"Pomeranianin pentuja kotik\u00e4ytt\u00f6\u00f6n - Osta Pomeranian","description":"Pomeranian pennut uudelleen kotiin, N\u00e4m\u00e4 pienet rakkaat ovat hyvin sosiaalisia ja rakastavat leikki\u00e4 sek\u00e4 lasten ett\u00e4 aikuisten kanssa.","robots":{"index":"index","follow":"follow","max-snippet":"max-snippet:-1","max-image-preview":"max-image-preview:large","max-video-preview":"max-video-preview:-1"},"canonical":"https:\/\/pomeranianvalpar.eu\/fi\/meista\/","og_locale":"fi_FI","og_type":"article","og_title":"Pomeranianin pentuja kotik\u00e4ytt\u00f6\u00f6n - Osta Pomeranian","og_description":"Pomeranian pennut uudelleen kotiin, N\u00e4m\u00e4 pienet rakkaat ovat hyvin sosiaalisia ja rakastavat leikki\u00e4 sek\u00e4 lasten ett\u00e4 aikuisten kanssa.","og_url":"https:\/\/pomeranianvalpar.eu\/fi\/meista\/","og_site_name":"Pomeranian valpar till salu","article_modified_time":"2024-03-15T15:43:33+00:00","twitter_card":"summary_large_image","twitter_misc":{"Arvioitu lukuaika":"1 minuutti"},"schema":{"@context":"https:\/\/schema.org","@graph":[{"@type":"WebPage","@id":"https:\/\/pomeranianvalpar.eu\/fi\/meista\/","url":"https:\/\/pomeranianvalpar.eu\/fi\/meista\/","name":"Pomeranianin pentuja kotik\u00e4ytt\u00f6\u00f6n - Osta Pomeranian","isPartOf":{"@id":"https:\/\/pomeranianvalpar.eu\/fi\/#website"},"datePublished":"2021-07-13T20:24:47+00:00","dateModified":"2024-03-15T15:43:33+00:00","description":"Pomeranian pennut uudelleen kotiin, N\u00e4m\u00e4 pienet rakkaat ovat hyvin sosiaalisia ja rakastavat leikki\u00e4 sek\u00e4 lasten ett\u00e4 aikuisten kanssa.","breadcrumb":{"@id":"https:\/\/pomeranianvalpar.eu\/fi\/meista\/#breadcrumb"},"inLanguage":"fi","potentialAction":[{"@type":"ReadAction","target":["https:\/\/pomeranianvalpar.eu\/fi\/meista\/"]}]},{"@type":"BreadcrumbList","@id":"https:\/\/pomeranianvalpar.eu\/fi\/meista\/#breadcrumb","itemListElement":[{"@type":"ListItem","position":1,"name":"Home","item":"https:\/\/pomeranianvalpar.eu\/fi\/verkkosivusto\/"},{"@type":"ListItem","position":2,"name":"Meist\u00e4"}]},{"@type":"WebSite","@id":"https:\/\/pomeranianvalpar.eu\/fi\/#website","url":"https:\/\/pomeranianvalpar.eu\/fi\/","name":"Pomeranian valpar till salu","description":"Pomeranian valpar","publisher":{"@id":"https:\/\/pomeranianvalpar.eu\/fi\/#organization"},"potentialAction":[{"@type":"SearchAction","target":{"@type":"EntryPoint","urlTemplate":"https:\/\/pomeranianvalpar.eu\/fi\/?s={search_term_string}"},"query-input":{"@type":"PropertyValueSpecification","valueRequired":true,"valueName":"search_term_string"}}],"inLanguage":"fi"},{"@type":"Organization","@id":"https:\/\/pomeranianvalpar.eu\/fi\/#organization","name":"Pomeranian valpar till salu","url":"https:\/\/pomeranianvalpar.eu\/fi\/","logo":{"@type":"ImageObject","inLanguage":"fi","@id":"https:\/\/pomeranianvalpar.eu\/fi\/#\/schema\/logo\/image\/","url":"https:\/\/pomeranianvalpar.eu\/wp-content\/uploads\/2022\/04\/cropped-LogoMakr-8y8J7m.png","contentUrl":"https:\/\/pomeranianvalpar.eu\/wp-content\/uploads\/2022\/04\/cropped-LogoMakr-8y8J7m.png","width":161,"height":130,"caption":"Pomeranian valpar till salu"},"image":{"@id":"https:\/\/pomeranianvalpar.eu\/fi\/#\/schema\/logo\/image\/"}}]}},"_links":{"self":[{"href":"https:\/\/pomeranianvalpar.eu\/fi\/wp-json\/wp\/v2\/pages\/1116","targetHints":{"allow":["GET"]}}],"collection":[{"href":"https:\/\/pomeranianvalpar.eu\/fi\/wp-json\/wp\/v2\/pages"}],"about":[{"href":"https:\/\/pomeranianvalpar.eu\/fi\/wp-json\/wp\/v2\/types\/page"}],"author":[{"embeddable":true,"href":"https:\/\/pomeranianvalpar.eu\/fi\/wp-json\/wp\/v2\/users\/1"}],"replies":[{"embeddable":true,"href":"https:\/\/pomeranianvalpar.eu\/fi\/wp-json\/wp\/v2\/comments?post=1116"}],"version-history":[{"count":1,"href":"https:\/\/pomeranianvalpar.eu\/fi\/wp-json\/wp\/v2\/pages\/1116\/revisions"}],"predecessor-version":[{"id":1117,"href":"https:\/\/pomeranianvalpar.eu\/fi\/wp-json\/wp\/v2\/pages\/1116\/revisions\/1117"}],"wp:attachment":[{"href":"https:\/\/pomeranianvalpar.eu\/fi\/wp-json\/wp\/v2\/media?parent=1116"}],"curies":[{"name":"wp","href":"https:\/\/api.w.org\/{rel}","templated":true}]}}