{"id":1603,"date":"2021-07-13T20:25:59","date_gmt":"2021-07-13T20:25:59","guid":{"rendered":"https:\/\/pomeranianvalpar.eu\/dostava\/"},"modified":"2025-04-24T11:18:34","modified_gmt":"2025-04-24T11:18:34","slug":"dostava","status":"publish","type":"page","link":"https:\/\/pomeranianvalpar.eu\/hr\/dostava\/","title":{"rendered":"Dostava"},"content":{"rendered":"\t\t<div data-elementor-type=\"wp-page\" data-elementor-id=\"1603\" class=\"elementor elementor-1603 elementor-15\">\n\t\t\t\t\t\t<section class=\"elementor-section elementor-top-section elementor-element elementor-element-5158c2fd elementor-section-content-middle elementor-section-boxed elementor-section-height-default elementor-section-height-default\" data-id=\"5158c2fd\" data-element_type=\"section\" data-e-type=\"section\" data-settings=\"{&quot;background_background&quot;:&quot;classic&quot;}\">\n\t\t\t\t\t\t<div class=\"elementor-container elementor-column-gap-no\">\n\t\t\t\t\t<div class=\"elementor-column elementor-col-50 elementor-top-column elementor-element elementor-element-3bf45473\" data-id=\"3bf45473\" data-element_type=\"column\" data-e-type=\"column\">\n\t\t\t<div class=\"elementor-widget-wrap elementor-element-populated\">\n\t\t\t\t\t\t<div class=\"elementor-element elementor-element-7e8151c7 elementor-widget elementor-widget-image\" data-id=\"7e8151c7\" data-element_type=\"widget\" data-e-type=\"widget\" data-widget_type=\"image.default\">\n\t\t\t\t<div class=\"elementor-widget-container\">\n\t\t\t\t\t\t\t\t\t\t\t\t\t\t\t<img fetchpriority=\"high\" decoding=\"async\" width=\"1125\" height=\"760\" src=\"https:\/\/pomeranianvalpar.eu\/wp-content\/uploads\/2021\/07\/IMG_7356.jpg\" class=\"attachment-full size-full wp-image-1604\" alt=\"\" srcset=\"https:\/\/pomeranianvalpar.eu\/wp-content\/uploads\/2021\/07\/IMG_7356.jpg 1125w, https:\/\/pomeranianvalpar.eu\/wp-content\/uploads\/2021\/07\/IMG_7356-300x203.jpg 300w, https:\/\/pomeranianvalpar.eu\/wp-content\/uploads\/2021\/07\/IMG_7356-1024x692.jpg 1024w, https:\/\/pomeranianvalpar.eu\/wp-content\/uploads\/2021\/07\/IMG_7356-768x519.jpg 768w\" sizes=\"(max-width: 1125px) 100vw, 1125px\" \/>\t\t\t\t\t\t\t\t\t\t\t\t\t\t\t<\/div>\n\t\t\t\t<\/div>\n\t\t\t\t\t<\/div>\n\t\t<\/div>\n\t\t\t\t<div class=\"elementor-column elementor-col-50 elementor-top-column elementor-element elementor-element-79efaaa7\" data-id=\"79efaaa7\" data-element_type=\"column\" data-e-type=\"column\">\n\t\t\t<div class=\"elementor-widget-wrap elementor-element-populated\">\n\t\t\t\t\t\t<div class=\"elementor-element elementor-element-4c67bd60 elementor-widget elementor-widget-heading\" data-id=\"4c67bd60\" data-element_type=\"widget\" data-e-type=\"widget\" data-widget_type=\"heading.default\">\n\t\t\t\t<div class=\"elementor-widget-container\">\n\t\t\t\t\t<h4 class=\"elementor-heading-title elementor-size-default\">Slanje \u0161teneta: je li sigurno?<\/h4>\t\t\t\t<\/div>\n\t\t\t\t<\/div>\n\t\t\t\t<div class=\"elementor-element elementor-element-6cb7f3df elementor-widget elementor-widget-text-editor\" data-id=\"6cb7f3df\" data-element_type=\"widget\" data-e-type=\"widget\" data-widget_type=\"text-editor.default\">\n\t\t\t\t<div class=\"elementor-widget-container\">\n\t\t\t\t\t\t\t\t\t<section class=\"elementor-section elementor-top-section elementor-element elementor-element-8160e23 elementor-section-boxed elementor-section-height-default elementor-section-height-default\" data-id=\"8160e23\" data-element_type=\"section\"><div class=\"elementor-container elementor-column-gap-default\"><div class=\"elementor-column elementor-col-100 elementor-top-column elementor-element elementor-element-9a59000\" data-id=\"9a59000\" data-element_type=\"column\"><div class=\"elementor-widget-wrap elementor-element-populated\"><div class=\"elementor-element elementor-element-701a091 elementor-position-top elementor-vertical-align-top elementor-widget elementor-widget-image-box\" data-id=\"701a091\" data-element_type=\"widget\" data-widget_type=\"image-box.default\"><div class=\"elementor-widget-container\"><div class=\"elementor-image-box-wrapper\"><div class=\"elementor-image-box-content\"><p class=\"elementor-image-box-description\"><span style=\"color: #666699;\"><strong>S dugogodi\u0161njim iskustvom u pomorskoj industriji, kako u otpremi tako iu primanju \u0161tenaca, znam da su svi \u0161tenci dobro zbrinuti tijekom putovanja. Zapravo, slanje mo\u017ee biti manje stresno od vo\u017enje po gradovima, dr\u017eavama ili zemljama po \u0161tene. \u010cak i manje jer dostava traje samo nekoliko sati dok novi vlasnici ne prime.  <\/strong><\/span><\/p><\/div><\/div><\/div><\/div><\/div><\/div><\/div><\/section>\t\t\t\t\t\t\t\t<\/div>\n\t\t\t\t<\/div>\n\t\t\t\t\t<\/div>\n\t\t<\/div>\n\t\t\t\t\t<\/div>\n\t\t<\/section>\n\t\t\t\t<section class=\"elementor-section elementor-top-section elementor-element elementor-element-7a150bff elementor-section-content-middle elementor-reverse-mobile elementor-section-boxed elementor-section-height-default elementor-section-height-default\" data-id=\"7a150bff\" data-element_type=\"section\" data-e-type=\"section\" data-settings=\"{&quot;background_background&quot;:&quot;classic&quot;}\">\n\t\t\t\t\t\t<div class=\"elementor-container elementor-column-gap-no\">\n\t\t\t\t\t<div class=\"elementor-column elementor-col-50 elementor-top-column elementor-element elementor-element-6317a4cc\" data-id=\"6317a4cc\" data-element_type=\"column\" data-e-type=\"column\">\n\t\t\t<div class=\"elementor-widget-wrap elementor-element-populated\">\n\t\t\t\t\t\t<div class=\"elementor-element elementor-element-2d5c707b elementor-widget elementor-widget-heading\" data-id=\"2d5c707b\" data-element_type=\"widget\" data-e-type=\"widget\" data-widget_type=\"heading.default\">\n\t\t\t\t<div class=\"elementor-widget-container\">\n\t\t\t\t\t<h4 class=\"elementor-heading-title elementor-size-default\">\u0160to je uklju\u010deno u proces otpreme?<\/h4>\t\t\t\t<\/div>\n\t\t\t\t<\/div>\n\t\t\t\t<div class=\"elementor-element elementor-element-3e5c79b8 elementor-widget elementor-widget-text-editor\" data-id=\"3e5c79b8\" data-element_type=\"widget\" data-e-type=\"widget\" data-widget_type=\"text-editor.default\">\n\t\t\t\t<div class=\"elementor-widget-container\">\n\t\t\t\t\t\t\t\t\t<section class=\"elementor-section elementor-top-section elementor-element elementor-element-0ca81f3 elementor-section-boxed elementor-section-height-default elementor-section-height-default\" data-id=\"0ca81f3\" data-element_type=\"section\"><div class=\"elementor-container elementor-column-gap-default\"><div class=\"elementor-column elementor-col-100 elementor-top-column elementor-element elementor-element-33694f9\" data-id=\"33694f9\" data-element_type=\"column\"><div class=\"elementor-widget-wrap elementor-element-populated\"><div class=\"elementor-element elementor-element-d2081f0 elementor-widget elementor-widget-text-editor\" data-id=\"d2081f0\" data-element_type=\"widget\" data-widget_type=\"text-editor.default\"><div class=\"elementor-widget-container\"><p><strong>Nakon \u0161to potvrdimo uplate od vas. Dan i vrijeme ovisit \u0107e prvenstveno o dostupnosti leta i temperaturi, kao io tome kada \u0107emo oboje mo\u0107i putovati u zra\u010dnu luku. Obi\u010dno mogu rezervirati let za slanje istog dana, iako je to malo gnjava\u017ea i ko\u0161ta malo vi\u0161e. Nakon rezerviranja leta, poslat \u0107u vam e-poruku, poruku ili poziv s brojem leta, vremenom, kartom za let i mjestom preuzimanja psi\u0107a. Zatim samo pokupite psi\u0107a u svojoj zra\u010dnoj luci. Tako\u0111er mo\u017eemo organizirati dostavu na ku\u0107nu adresu tako da ne morate i\u0107i u zra\u010dnu luku po preuzimanje. Samo pri\u010dekajte da vam dostavlja\u010di donesu psi\u0107a pred vrata. Me\u0111utim, ovo je tako\u0111er vrlo bez stresa. Trebat \u0107e vam identifikacija (voza\u010dka dozvola ili osobna iskaznica) i broj avionske karte koji sam vam dao. Onda molim privatne osobe da mi se jave \u0161to prije nakon \u0161to dobiju svoje \u0161tene jer mi je jako drago da \u010dujem od \u0161teneta je li sve bilo u redu, \u0161to mislite, i jo\u0161 koja pitanja imate. Obja\u0161njenje se \u010dini dugim, ali zapravo ide vrlo brzo! \u0160tencima \u0107e tako\u0111er biti ponu\u0111ena hrana i dodatna voda tijekom putovanja ako je potrebno. \u0160tene \u0107e sti\u0107i unutar nekoliko sati od istog dana kada je otpremljeno. Proces traje oko 8 do 12 sati, a VIP putovanja obi\u010dno su kra\u0107a.             <\/strong><\/p><\/div><\/div><\/div><\/div><\/div><\/section>\t\t\t\t\t\t\t\t<\/div>\n\t\t\t\t<\/div>\n\t\t\t\t<div class=\"elementor-element elementor-element-79bddafc elementor-align-center elementor-widget elementor-widget-button\" data-id=\"79bddafc\" data-element_type=\"widget\" data-e-type=\"widget\" data-widget_type=\"button.default\">\n\t\t\t\t<div class=\"elementor-widget-container\">\n\t\t\t\t\t\t\t\t\t<div class=\"elementor-button-wrapper\">\n\t\t\t\t\t<a class=\"elementor-button elementor-button-link elementor-size-sm elementor-animation-grow\" href=\"https:\/\/pomeranianvalpar.eu\/verfugbare-welpen\/\">\n\t\t\t\t\t\t<span class=\"elementor-button-content-wrapper\">\n\t\t\t\t\t\t\t\t\t<span class=\"elementor-button-text\">Dostupni \u0161tenci<\/span>\n\t\t\t\t\t<\/span>\n\t\t\t\t\t<\/a>\n\t\t\t\t<\/div>\n\t\t\t\t\t\t\t\t<\/div>\n\t\t\t\t<\/div>\n\t\t\t\t\t<\/div>\n\t\t<\/div>\n\t\t\t\t<div class=\"elementor-column elementor-col-50 elementor-top-column elementor-element elementor-element-684f007\" data-id=\"684f007\" data-element_type=\"column\" data-e-type=\"column\" data-settings=\"{&quot;background_background&quot;:&quot;classic&quot;}\">\n\t\t\t<div class=\"elementor-widget-wrap elementor-element-populated\">\n\t\t\t\t\t\t<div class=\"elementor-element elementor-element-41f2f9a elementor-widget elementor-widget-image\" data-id=\"41f2f9a\" data-element_type=\"widget\" data-e-type=\"widget\" data-widget_type=\"image.default\">\n\t\t\t\t<div class=\"elementor-widget-container\">\n\t\t\t\t\t\t\t\t\t\t\t\t\t\t\t<img decoding=\"async\" width=\"1024\" height=\"768\" src=\"https:\/\/pomeranianvalpar.eu\/wp-content\/uploads\/2021\/07\/fr33.jpeg\" class=\"attachment-full size-full wp-image-1607\" alt=\"\" srcset=\"https:\/\/pomeranianvalpar.eu\/wp-content\/uploads\/2021\/07\/fr33.jpeg 1024w, https:\/\/pomeranianvalpar.eu\/wp-content\/uploads\/2021\/07\/fr33-300x225.jpeg 300w, https:\/\/pomeranianvalpar.eu\/wp-content\/uploads\/2021\/07\/fr33-768x576.jpeg 768w\" sizes=\"(max-width: 1024px) 100vw, 1024px\" \/>\t\t\t\t\t\t\t\t\t\t\t\t\t\t\t<\/div>\n\t\t\t\t<\/div>\n\t\t\t\t\t<\/div>\n\t\t<\/div>\n\t\t\t\t\t<\/div>\n\t\t<\/section>\n\t\t\t\t<section class=\"elementor-section elementor-top-section elementor-element elementor-element-a013124 elementor-section-boxed elementor-section-height-default elementor-section-height-default\" data-id=\"a013124\" data-element_type=\"section\" data-e-type=\"section\">\n\t\t\t\t\t\t<div class=\"elementor-container elementor-column-gap-default\">\n\t\t\t\t\t<div class=\"elementor-column elementor-col-50 elementor-top-column elementor-element elementor-element-49cf1f2\" data-id=\"49cf1f2\" data-element_type=\"column\" data-e-type=\"column\" data-settings=\"{&quot;background_background&quot;:&quot;classic&quot;}\">\n\t\t\t<div class=\"elementor-widget-wrap elementor-element-populated\">\n\t\t\t\t\t\t<div class=\"elementor-element elementor-element-bdd48d4 elementor-widget elementor-widget-image\" data-id=\"bdd48d4\" data-element_type=\"widget\" data-e-type=\"widget\" data-widget_type=\"image.default\">\n\t\t\t\t<div class=\"elementor-widget-container\">\n\t\t\t\t\t\t\t\t\t\t\t\t\t\t\t<img decoding=\"async\" width=\"1024\" height=\"728\" src=\"https:\/\/pomeranianvalpar.eu\/wp-content\/uploads\/2021\/07\/fr44-1024x728.jpeg\" class=\"attachment-large size-large wp-image-1608\" alt=\"\" srcset=\"https:\/\/pomeranianvalpar.eu\/wp-content\/uploads\/2021\/07\/fr44-1024x728.jpeg 1024w, https:\/\/pomeranianvalpar.eu\/wp-content\/uploads\/2021\/07\/fr44-300x213.jpeg 300w, https:\/\/pomeranianvalpar.eu\/wp-content\/uploads\/2021\/07\/fr44-768x546.jpeg 768w, https:\/\/pomeranianvalpar.eu\/wp-content\/uploads\/2021\/07\/fr44.jpeg 1079w\" sizes=\"(max-width: 1024px) 100vw, 1024px\" \/>\t\t\t\t\t\t\t\t\t\t\t\t\t\t\t<\/div>\n\t\t\t\t<\/div>\n\t\t\t\t\t<\/div>\n\t\t<\/div>\n\t\t\t\t<div class=\"elementor-column elementor-col-50 elementor-top-column elementor-element elementor-element-50f7137\" data-id=\"50f7137\" data-element_type=\"column\" data-e-type=\"column\" data-settings=\"{&quot;background_background&quot;:&quot;classic&quot;}\">\n\t\t\t<div class=\"elementor-widget-wrap elementor-element-populated\">\n\t\t\t\t\t\t<div class=\"elementor-element elementor-element-9a3755c elementor-widget elementor-widget-text-editor\" data-id=\"9a3755c\" data-element_type=\"widget\" data-e-type=\"widget\" data-widget_type=\"text-editor.default\">\n\t\t\t\t<div class=\"elementor-widget-container\">\n\t\t\t\t\t\t\t\t\t<p><strong>Svi \u0161tenci putuju u utrobi aviona gdje se temperatura odr\u017eava na ugodnih 70 stupnjeva. Isto kao i za putnike i oni zadnji ulaze i prvi izlaze iz aviona. Jedina stvar koja je druga\u010dija u ovo doba godine jest to \u0161to zrakoplovne kompanije mogu strogo po\u0161tovati minimalnu temperaturu na svakom sjedalu, iako se u zrakoplovu uvijek odr\u017eava temperatura od 70 stupnjeva. Mislim da je to uglavnom zbog njihove odgovornosti i za\u0161tite. Isto tako, ne \u0161alju se ljeti kada su na cesti previsoke temperature. Ako je tako, samo \u010dekamo sljede\u0107i najbolji dan za isporuku, ili ranije ili kasnije tijekom dana kako bismo se izborili s vru\u0107im\/hladnim dijelom dana. Nakon \u0161to \u0161tene dovedete ku\u0107i, bit \u0107ete u izravnom kontaktu s nama s novostima, postavljanjem pitanja i uspostavljanjem odnosa. Mi brinemo o smje\u0161taju na\u0161ih beba i naravno radije \u0107emo ostati u kontaktu i gledati malog psi\u0107a kako raste.       <\/strong><\/p>\t\t\t\t\t\t\t\t<\/div>\n\t\t\t\t<\/div>\n\t\t\t\t\t<\/div>\n\t\t<\/div>\n\t\t\t\t\t<\/div>\n\t\t<\/section>\n\t\t\t\t<\/div>\n\t\t","protected":false},"excerpt":{"rendered":"<p>Slanje \u0161teneta: je li sigurno? S dugogodi\u0161njim iskustvom u pomorskoj industriji, kako u otpremi tako iu primanju \u0161tenaca, znam da su svi \u0161tenci dobro zbrinuti tijekom putovanja. Zapravo, slanje mo\u017ee biti manje stresno od vo\u017enje po gradovima, dr\u017eavama ili zemljama po \u0161tene. \u010cak i manje jer dostava traje samo nekoliko sati dok novi vlasnici ne &hellip;<\/p>\n<p class=\"read-more\"> <a class=\"\" href=\"https:\/\/pomeranianvalpar.eu\/hr\/dostava\/\"> <span class=\"screen-reader-text\">Dostava<\/span> Read More &raquo;<\/a><\/p>\n","protected":false},"author":1,"featured_media":0,"parent":0,"menu_order":0,"comment_status":"closed","ping_status":"closed","template":"","meta":{"footnotes":""},"class_list":["post-1603","page","type-page","status-publish","hentry"],"yoast_head":"<!-- This site is optimized with the Yoast SEO plugin v27.5 - https:\/\/yoast.com\/product\/yoast-seo-wordpress\/ -->\n<title>Prodajem psa pomeranca - \u0161tene pomeranca za udomljavanje<\/title>\n<meta name=\"description\" content=\"Prodajem psa pomeranca, isporu\u010dujemo na\u0161e \u0161tence pomeranca diljem svijeta! ... Ako razmi\u0161ljate o kupnji \u0161teneta, kontaktirajte nas sada.\" \/>\n<meta name=\"robots\" content=\"index, follow, max-snippet:-1, max-image-preview:large, max-video-preview:-1\" \/>\n<link rel=\"canonical\" href=\"https:\/\/pomeranianvalpar.eu\/hr\/dostava\/\" \/>\n<meta property=\"og:locale\" content=\"hr_HR\" \/>\n<meta property=\"og:type\" content=\"article\" \/>\n<meta property=\"og:title\" content=\"Prodajem psa pomeranca - \u0161tene pomeranca za udomljavanje\" \/>\n<meta property=\"og:description\" content=\"Prodajem psa pomeranca, isporu\u010dujemo na\u0161e \u0161tence pomeranca diljem svijeta! ... Ako razmi\u0161ljate o kupnji \u0161teneta, kontaktirajte nas sada.\" \/>\n<meta property=\"og:url\" content=\"https:\/\/pomeranianvalpar.eu\/hr\/dostava\/\" \/>\n<meta property=\"og:site_name\" content=\"Pomeranian valpar till salu\" \/>\n<meta property=\"article:modified_time\" content=\"2025-04-24T11:18:34+00:00\" \/>\n<meta property=\"og:image\" content=\"https:\/\/pomeranianvalpar.eu\/wp-content\/uploads\/2021\/07\/IMG_7356.jpg\" \/>\n\t<meta property=\"og:image:width\" content=\"1125\" \/>\n\t<meta property=\"og:image:height\" content=\"760\" \/>\n\t<meta property=\"og:image:type\" content=\"image\/jpeg\" \/>\n<meta name=\"twitter:card\" content=\"summary_large_image\" \/>\n<meta name=\"twitter:label1\" content=\"Procijenjeno vrijeme \u010ditanja\" \/>\n\t<meta name=\"twitter:data1\" content=\"2 minute\" \/>\n<script type=\"application\/ld+json\" class=\"yoast-schema-graph\">{\"@context\":\"https:\\\/\\\/schema.org\",\"@graph\":[{\"@type\":\"WebPage\",\"@id\":\"https:\\\/\\\/pomeranianvalpar.eu\\\/hr\\\/dostava\\\/\",\"url\":\"https:\\\/\\\/pomeranianvalpar.eu\\\/hr\\\/dostava\\\/\",\"name\":\"Prodajem psa pomeranca - \u0161tene pomeranca za udomljavanje\",\"isPartOf\":{\"@id\":\"https:\\\/\\\/pomeranianvalpar.eu\\\/hr\\\/#website\"},\"primaryImageOfPage\":{\"@id\":\"https:\\\/\\\/pomeranianvalpar.eu\\\/hr\\\/dostava\\\/#primaryimage\"},\"image\":{\"@id\":\"https:\\\/\\\/pomeranianvalpar.eu\\\/hr\\\/dostava\\\/#primaryimage\"},\"thumbnailUrl\":\"https:\\\/\\\/pomeranianvalpar.eu\\\/wp-content\\\/uploads\\\/2021\\\/07\\\/IMG_7356.jpg\",\"datePublished\":\"2021-07-13T20:25:59+00:00\",\"dateModified\":\"2025-04-24T11:18:34+00:00\",\"description\":\"Prodajem psa pomeranca, isporu\u010dujemo na\u0161e \u0161tence pomeranca diljem svijeta! ... Ako razmi\u0161ljate o kupnji \u0161teneta, kontaktirajte nas sada.\",\"breadcrumb\":{\"@id\":\"https:\\\/\\\/pomeranianvalpar.eu\\\/hr\\\/dostava\\\/#breadcrumb\"},\"inLanguage\":\"hr\",\"potentialAction\":[{\"@type\":\"ReadAction\",\"target\":[\"https:\\\/\\\/pomeranianvalpar.eu\\\/hr\\\/dostava\\\/\"]}]},{\"@type\":\"ImageObject\",\"inLanguage\":\"hr\",\"@id\":\"https:\\\/\\\/pomeranianvalpar.eu\\\/hr\\\/dostava\\\/#primaryimage\",\"url\":\"https:\\\/\\\/pomeranianvalpar.eu\\\/wp-content\\\/uploads\\\/2021\\\/07\\\/IMG_7356.jpg\",\"contentUrl\":\"https:\\\/\\\/pomeranianvalpar.eu\\\/wp-content\\\/uploads\\\/2021\\\/07\\\/IMG_7356.jpg\"},{\"@type\":\"BreadcrumbList\",\"@id\":\"https:\\\/\\\/pomeranianvalpar.eu\\\/hr\\\/dostava\\\/#breadcrumb\",\"itemListElement\":[{\"@type\":\"ListItem\",\"position\":1,\"name\":\"Home\",\"item\":\"https:\\\/\\\/pomeranianvalpar.eu\\\/hr\\\/pocetna-stranica\\\/\"},{\"@type\":\"ListItem\",\"position\":2,\"name\":\"Dostava\"}]},{\"@type\":\"WebSite\",\"@id\":\"https:\\\/\\\/pomeranianvalpar.eu\\\/hr\\\/#website\",\"url\":\"https:\\\/\\\/pomeranianvalpar.eu\\\/hr\\\/\",\"name\":\"Pomeranian valpar till salu\",\"description\":\"Pomeranian valpar\",\"potentialAction\":[{\"@type\":\"SearchAction\",\"target\":{\"@type\":\"EntryPoint\",\"urlTemplate\":\"https:\\\/\\\/pomeranianvalpar.eu\\\/hr\\\/?s={search_term_string}\"},\"query-input\":{\"@type\":\"PropertyValueSpecification\",\"valueRequired\":true,\"valueName\":\"search_term_string\"}}],\"inLanguage\":\"hr\"}]}<\/script>\n<!-- \/ Yoast SEO plugin. -->","yoast_head_json":{"title":"Prodajem psa pomeranca - \u0161tene pomeranca za udomljavanje","description":"Prodajem psa pomeranca, isporu\u010dujemo na\u0161e \u0161tence pomeranca diljem svijeta! ... Ako razmi\u0161ljate o kupnji \u0161teneta, kontaktirajte nas sada.","robots":{"index":"index","follow":"follow","max-snippet":"max-snippet:-1","max-image-preview":"max-image-preview:large","max-video-preview":"max-video-preview:-1"},"canonical":"https:\/\/pomeranianvalpar.eu\/hr\/dostava\/","og_locale":"hr_HR","og_type":"article","og_title":"Prodajem psa pomeranca - \u0161tene pomeranca za udomljavanje","og_description":"Prodajem psa pomeranca, isporu\u010dujemo na\u0161e \u0161tence pomeranca diljem svijeta! ... Ako razmi\u0161ljate o kupnji \u0161teneta, kontaktirajte nas sada.","og_url":"https:\/\/pomeranianvalpar.eu\/hr\/dostava\/","og_site_name":"Pomeranian valpar till salu","article_modified_time":"2025-04-24T11:18:34+00:00","og_image":[{"width":1125,"height":760,"url":"https:\/\/pomeranianvalpar.eu\/wp-content\/uploads\/2021\/07\/IMG_7356.jpg","type":"image\/jpeg"}],"twitter_card":"summary_large_image","twitter_misc":{"Procijenjeno vrijeme \u010ditanja":"2 minute"},"schema":{"@context":"https:\/\/schema.org","@graph":[{"@type":"WebPage","@id":"https:\/\/pomeranianvalpar.eu\/hr\/dostava\/","url":"https:\/\/pomeranianvalpar.eu\/hr\/dostava\/","name":"Prodajem psa pomeranca - \u0161tene pomeranca za udomljavanje","isPartOf":{"@id":"https:\/\/pomeranianvalpar.eu\/hr\/#website"},"primaryImageOfPage":{"@id":"https:\/\/pomeranianvalpar.eu\/hr\/dostava\/#primaryimage"},"image":{"@id":"https:\/\/pomeranianvalpar.eu\/hr\/dostava\/#primaryimage"},"thumbnailUrl":"https:\/\/pomeranianvalpar.eu\/wp-content\/uploads\/2021\/07\/IMG_7356.jpg","datePublished":"2021-07-13T20:25:59+00:00","dateModified":"2025-04-24T11:18:34+00:00","description":"Prodajem psa pomeranca, isporu\u010dujemo na\u0161e \u0161tence pomeranca diljem svijeta! ... Ako razmi\u0161ljate o kupnji \u0161teneta, kontaktirajte nas sada.","breadcrumb":{"@id":"https:\/\/pomeranianvalpar.eu\/hr\/dostava\/#breadcrumb"},"inLanguage":"hr","potentialAction":[{"@type":"ReadAction","target":["https:\/\/pomeranianvalpar.eu\/hr\/dostava\/"]}]},{"@type":"ImageObject","inLanguage":"hr","@id":"https:\/\/pomeranianvalpar.eu\/hr\/dostava\/#primaryimage","url":"https:\/\/pomeranianvalpar.eu\/wp-content\/uploads\/2021\/07\/IMG_7356.jpg","contentUrl":"https:\/\/pomeranianvalpar.eu\/wp-content\/uploads\/2021\/07\/IMG_7356.jpg"},{"@type":"BreadcrumbList","@id":"https:\/\/pomeranianvalpar.eu\/hr\/dostava\/#breadcrumb","itemListElement":[{"@type":"ListItem","position":1,"name":"Home","item":"https:\/\/pomeranianvalpar.eu\/hr\/pocetna-stranica\/"},{"@type":"ListItem","position":2,"name":"Dostava"}]},{"@type":"WebSite","@id":"https:\/\/pomeranianvalpar.eu\/hr\/#website","url":"https:\/\/pomeranianvalpar.eu\/hr\/","name":"Pomeranian valpar till salu","description":"Pomeranian valpar","potentialAction":[{"@type":"SearchAction","target":{"@type":"EntryPoint","urlTemplate":"https:\/\/pomeranianvalpar.eu\/hr\/?s={search_term_string}"},"query-input":{"@type":"PropertyValueSpecification","valueRequired":true,"valueName":"search_term_string"}}],"inLanguage":"hr"}]}},"_links":{"self":[{"href":"https:\/\/pomeranianvalpar.eu\/hr\/wp-json\/wp\/v2\/pages\/1603","targetHints":{"allow":["GET"]}}],"collection":[{"href":"https:\/\/pomeranianvalpar.eu\/hr\/wp-json\/wp\/v2\/pages"}],"about":[{"href":"https:\/\/pomeranianvalpar.eu\/hr\/wp-json\/wp\/v2\/types\/page"}],"author":[{"embeddable":true,"href":"https:\/\/pomeranianvalpar.eu\/hr\/wp-json\/wp\/v2\/users\/1"}],"replies":[{"embeddable":true,"href":"https:\/\/pomeranianvalpar.eu\/hr\/wp-json\/wp\/v2\/comments?post=1603"}],"version-history":[{"count":1,"href":"https:\/\/pomeranianvalpar.eu\/hr\/wp-json\/wp\/v2\/pages\/1603\/revisions"}],"predecessor-version":[{"id":1609,"href":"https:\/\/pomeranianvalpar.eu\/hr\/wp-json\/wp\/v2\/pages\/1603\/revisions\/1609"}],"wp:attachment":[{"href":"https:\/\/pomeranianvalpar.eu\/hr\/wp-json\/wp\/v2\/media?parent=1603"}],"curies":[{"name":"wp","href":"https:\/\/api.w.org\/{rel}","templated":true}]}}