{"id":1647,"date":"2021-07-13T20:25:30","date_gmt":"2021-07-13T20:25:30","guid":{"rendered":"https:\/\/pomeranianvalpar.eu\/preporuke\/"},"modified":"2025-04-24T14:04:22","modified_gmt":"2025-04-24T14:04:22","slug":"preporuke","status":"publish","type":"page","link":"https:\/\/pomeranianvalpar.eu\/hr\/preporuke\/","title":{"rendered":"Preporuke"},"content":{"rendered":"\t\t<div data-elementor-type=\"wp-page\" data-elementor-id=\"1647\" class=\"elementor elementor-1647 elementor-13\">\n\t\t\t\t\t\t<section class=\"elementor-section elementor-top-section elementor-element elementor-element-712ed9e elementor-section-boxed elementor-section-height-default elementor-section-height-default\" data-id=\"712ed9e\" data-element_type=\"section\" data-e-type=\"section\" data-settings=\"{&quot;background_background&quot;:&quot;classic&quot;}\">\n\t\t\t\t\t\t<div class=\"elementor-container elementor-column-gap-default\">\n\t\t\t\t\t<div class=\"elementor-column elementor-col-100 elementor-top-column elementor-element elementor-element-56c6ee4\" data-id=\"56c6ee4\" data-element_type=\"column\" data-e-type=\"column\">\n\t\t\t<div class=\"elementor-widget-wrap elementor-element-populated\">\n\t\t\t\t\t\t<div class=\"elementor-element elementor-element-7a3b3ab elementor-widget elementor-widget-htmega-testimonial-addons\" data-id=\"7a3b3ab\" data-element_type=\"widget\" data-e-type=\"widget\" data-widget_type=\"htmega-testimonial-addons.default\">\n\t\t\t\t<div class=\"elementor-widget-container\">\n\t\t\t\t\t            <div class=\"htmega-testimonial-area htmega-sl-arraow-style-1 htmega-testimonial-style-4 sid7a3b3ab htmega-testimonial-activation\" data-settings=\"{&quot;sectionid&quot;:&quot;sid7a3b3ab&quot;,&quot;arrows&quot;:true,&quot;arrow_prev_txt&quot;:&quot;&lt;i class=\\&quot;fas fa-angle-left\\&quot;&gt;&lt;\\\/i&gt;&quot;,&quot;arrow_next_txt&quot;:&quot;&lt;i class=\\&quot;fas fa-angle-right\\&quot;&gt;&lt;\\\/i&gt;&quot;,&quot;dots&quot;:false,&quot;autoplay&quot;:true,&quot;autoplay_speed&quot;:3000,&quot;animation_speed&quot;:300,&quot;pause_on_hover&quot;:true,&quot;center_mode&quot;:false,&quot;center_padding&quot;:0,&quot;testimonial_style_ck&quot;:4,&quot;display_columns&quot;:1,&quot;scroll_columns&quot;:1,&quot;tablet_width&quot;:750,&quot;tablet_display_columns&quot;:1,&quot;tablet_scroll_columns&quot;:1,&quot;mobile_width&quot;:480,&quot;mobile_display_columns&quot;:1,&quot;mobile_scroll_columns&quot;:1}\" style=\"display:none;\">\n\n                                                            <div class=\"testimonal\">\n                            <div class=\"testimonal-image\"><img decoding=\"async\" width=\"150\" height=\"150\" src=\"https:\/\/pomeranianvalpar.eu\/wp-content\/uploads\/2021\/07\/pom4-150x150.jpeg\" class=\"attachment-thumbnail size-thumbnail wp-image-51\" alt=\"pomeranian hund\" \/><\/div>\n                                                            <div class=\"content\">\n                                    <p>Vi kj\u00f8pte en pom og prosessen var s\u00f8ml\u00f8s fra start til levering, valpen v\u00e5r er sunn og energisk. Fantastisk arbeid, ansvarlig og svarer alltid p\u00e5 meldinger, jeg er superforn\u00f8yd med valpen min. <\/p><h4>Arabella M.<\/h4>                                <\/div>\n                                                    <\/div>\n                    \n                                                                <div class=\"testimonal\">\n                            <div class=\"testimonal-image\"><img decoding=\"async\" width=\"150\" height=\"150\" src=\"https:\/\/pomeranianvalpar.eu\/wp-content\/uploads\/2021\/07\/pom-150x150.jpeg\" class=\"attachment-thumbnail size-thumbnail wp-image-48\" alt=\"pomeranian\" \/><\/div>\n                                                            <div class=\"content\">\n                                    <p>Absolutely incredible experience! We were initially sceptical by purchasing a puppy online; especially from so far away, but all our concerns disappeared. I must say all my many emails filled with tons of questions were answered. Thank you for making my life complete \u2764\ufe0f\u2764\ufe0f\ud83d\udc36   <\/p><h4>Nicholas A.<\/h4>                                <\/div>\n                                                    <\/div>\n                    \n                                                                <div class=\"testimonal\">\n                            <div class=\"testimonal-image\"><img decoding=\"async\" width=\"150\" height=\"150\" src=\"https:\/\/pomeranianvalpar.eu\/wp-content\/uploads\/2021\/07\/pom1-150x150.jpeg\" class=\"attachment-thumbnail size-thumbnail wp-image-49\" alt=\"pomeranian\" \/><\/div>\n                                                            <div class=\"content\">\n                                    <p>V\u00e5r valp \u00e4r mycket f\u00f6rtroendefull, lugn, glad, k\u00e4rleksfull (supersocialiserad), frisk och i utm\u00e4rkt kondition. mycket professionellt pappersarbete\/leverans av. P\u00e5 en skala fr\u00e5n ett till tio \u00e4r min nya hund \"Luna\" en stark 11:a :-). Jag rekommenderar dig starkt till vem som helst.   <\/p><h4>Emmeline F<\/h4>                                <\/div>\n                                                    <\/div>\n                    \n                                <\/div>\n\n                         <!-- Border style  -->\n                          \n                            \n                    \t\t\t\t<\/div>\n\t\t\t\t<\/div>\n\t\t\t\t\t<\/div>\n\t\t<\/div>\n\t\t\t\t\t<\/div>\n\t\t<\/section>\n\t\t\t\t<section class=\"elementor-section elementor-top-section elementor-element elementor-element-8988e48 elementor-section-boxed elementor-section-height-default elementor-section-height-default\" data-id=\"8988e48\" data-element_type=\"section\" data-e-type=\"section\" data-settings=\"{&quot;background_background&quot;:&quot;classic&quot;}\">\n\t\t\t\t\t\t<div class=\"elementor-container elementor-column-gap-default\">\n\t\t\t\t\t<div class=\"elementor-column elementor-col-100 elementor-top-column elementor-element elementor-element-04548dc\" data-id=\"04548dc\" data-element_type=\"column\" data-e-type=\"column\">\n\t\t\t<div class=\"elementor-widget-wrap elementor-element-populated\">\n\t\t\t\t\t\t<div class=\"elementor-element elementor-element-29dd0b4 elementor-widget elementor-widget-htmega-testimonialgrid-addons\" data-id=\"29dd0b4\" data-element_type=\"widget\" data-e-type=\"widget\" data-widget_type=\"htmega-testimonialgrid-addons.default\">\n\t\t\t\t<div class=\"elementor-widget-container\">\n\t\t\t\t\t            <div class=\"htmega-testimonialgrid-area htmega-testimonialgrid-style-5 sid29dd0b4\">\n\n                <div class=\"htb-row\">\n                    \n                        <div class=\"htb-col-lg-4 htb-col-md-4 htb-col-sm-6 htb-col-12\">\n\n                                                    <div class=\"testimonal\">\n                                <div class=\"content\">\n                                    <img loading=\"lazy\" decoding=\"async\" width=\"900\" height=\"755\" src=\"https:\/\/pomeranianvalpar.eu\/wp-content\/uploads\/2021\/07\/pomp.jpeg\" class=\"attachment-large size-large wp-image-101\" alt=\"\" srcset=\"https:\/\/pomeranianvalpar.eu\/wp-content\/uploads\/2021\/07\/pomp.jpeg 900w, https:\/\/pomeranianvalpar.eu\/wp-content\/uploads\/2021\/07\/pomp-300x252.jpeg 300w, https:\/\/pomeranianvalpar.eu\/wp-content\/uploads\/2021\/07\/pomp-768x644.jpeg 768w\" sizes=\"(max-width: 900px) 100vw, 900px\" \/>                                    <div class=\"clint-info\">\n                                        <h4>Tobias<\/h4>                                    <\/div>\n                                <\/div>\n                                <p>Bok, stvarno mi je \u017eao \u0161to mi je trebalo toliko vremena da odgovorim na tvoj e-mail. Starbucksu ide dobro, sada je poznat kao Branca. Moja \u017eena i ja smo zaljubljeni u tebe. Vidimo i da voli izlaziti, na pla\u017eu, u parkove.   <\/p>                            <\/div>\n\n                        \n                        <\/div>\n\n                    \n                        <div class=\"htb-col-lg-4 htb-col-md-4 htb-col-sm-6 htb-col-12\">\n\n                                                    <div class=\"testimonal\">\n                                <div class=\"content\">\n                                    <img loading=\"lazy\" decoding=\"async\" width=\"600\" height=\"337\" src=\"https:\/\/pomeranianvalpar.eu\/wp-content\/uploads\/2021\/07\/pom.-1.jpeg\" class=\"attachment-large size-large wp-image-95\" alt=\"Pommerschen Welpen zu verkaufen\" srcset=\"https:\/\/pomeranianvalpar.eu\/wp-content\/uploads\/2021\/07\/pom.-1.jpeg 600w, https:\/\/pomeranianvalpar.eu\/wp-content\/uploads\/2021\/07\/pom.-1-300x169.jpeg 300w\" sizes=\"(max-width: 600px) 100vw, 600px\" \/>                                    <div class=\"clint-info\">\n                                        <h4>Amelia<\/h4>                                    <\/div>\n                                <\/div>\n                                <p>Hvala vam \u0161to ste se javili nama i Maximusu. On je sve \u0161to mogu po\u017eeljeti! Savr\u0161en je na mnogo na\u010dina i jako me podsje\u0107a na mog pokojnog psi\u0107a. Svi ste nam dali ljubav na\u0161ih \u017eivota i \u017eelim vam zahvaliti. Preimenovali smo ga u Maximus i on ve\u0107 zna kako se zove, ve\u0107 se snalazi i ljubi.    <\/p>                            <\/div>\n\n                        \n                        <\/div>\n\n                    \n                        <div class=\"htb-col-lg-4 htb-col-md-4 htb-col-sm-6 htb-col-12\">\n\n                                                    <div class=\"testimonal\">\n                                <div class=\"content\">\n                                    <img loading=\"lazy\" decoding=\"async\" width=\"600\" height=\"450\" src=\"https:\/\/pomeranianvalpar.eu\/wp-content\/uploads\/2021\/07\/pom..-1.jpeg\" class=\"attachment-large size-large wp-image-97\" alt=\"Pommerschen Welpen zu verkaufen\" srcset=\"https:\/\/pomeranianvalpar.eu\/wp-content\/uploads\/2021\/07\/pom..-1.jpeg 600w, https:\/\/pomeranianvalpar.eu\/wp-content\/uploads\/2021\/07\/pom..-1-300x225.jpeg 300w\" sizes=\"(max-width: 600px) 100vw, 600px\" \/>                                    <div class=\"clint-info\">\n                                        <h4>Emmeline<\/h4>                                    <\/div>\n                                <\/div>\n                                <p>Ich hatte kaum Zeit, mich hinzusetzen und eine E-Mail zu schreiben. Ich dachte, ich w\u00fcrde es jetzt zum Mittagessen bekommen. WIR SIND ABSOLUT IN DIE LIEBE VON ROSH. Er war ein B\u00fcndel s\u00fc\u00dfer Freude in unserem Haus. Wir k\u00f6nnen Ihnen nicht genug daf\u00fcr danken, dass Sie ihn in unsere Herzen und unser Zuhause aufgenommen haben.\u2764\ufe0f\u2764\ufe0f<\/p>                            <\/div>\n\n                        \n                        <\/div>\n\n                                    <\/div>\n\n            <\/div>\n                    \t\t\t\t<\/div>\n\t\t\t\t<\/div>\n\t\t\t\t\t<\/div>\n\t\t<\/div>\n\t\t\t\t\t<\/div>\n\t\t<\/section>\n\t\t\t\t<section class=\"elementor-section elementor-top-section elementor-element elementor-element-eb67ef1 elementor-section-boxed elementor-section-height-default elementor-section-height-default\" data-id=\"eb67ef1\" data-element_type=\"section\" data-e-type=\"section\" data-settings=\"{&quot;background_background&quot;:&quot;classic&quot;}\">\n\t\t\t\t\t\t<div class=\"elementor-container elementor-column-gap-default\">\n\t\t\t\t\t<div class=\"elementor-column elementor-col-100 elementor-top-column elementor-element elementor-element-d2ef71d\" data-id=\"d2ef71d\" data-element_type=\"column\" data-e-type=\"column\">\n\t\t\t<div class=\"elementor-widget-wrap elementor-element-populated\">\n\t\t\t\t\t\t<div class=\"elementor-element elementor-element-f290b19 elementor-widget elementor-widget-htmega-testimonial-addons\" data-id=\"f290b19\" data-element_type=\"widget\" data-e-type=\"widget\" data-widget_type=\"htmega-testimonial-addons.default\">\n\t\t\t\t<div class=\"elementor-widget-container\">\n\t\t\t\t\t            <div class=\"htmega-testimonial-area htmega-sl-arraow-style- htmega-testimonial-style-7 sidf290b19 htmega-testimonial-activation\" data-settings=\"{&quot;sectionid&quot;:&quot;sidf290b19&quot;,&quot;arrows&quot;:true,&quot;arrow_prev_txt&quot;:&quot;&lt;i class=\\&quot;fas fa-angle-left\\&quot;&gt;&lt;\\\/i&gt;&quot;,&quot;arrow_next_txt&quot;:&quot;&lt;i class=\\&quot;fas fa-angle-right\\&quot;&gt;&lt;\\\/i&gt;&quot;,&quot;dots&quot;:false,&quot;autoplay&quot;:true,&quot;autoplay_speed&quot;:3000,&quot;animation_speed&quot;:300,&quot;pause_on_hover&quot;:true,&quot;center_mode&quot;:false,&quot;center_padding&quot;:0,&quot;testimonial_style_ck&quot;:7,&quot;display_columns&quot;:1,&quot;scroll_columns&quot;:1,&quot;tablet_width&quot;:750,&quot;tablet_display_columns&quot;:1,&quot;tablet_scroll_columns&quot;:1,&quot;mobile_width&quot;:480,&quot;mobile_display_columns&quot;:1,&quot;mobile_scroll_columns&quot;:1}\" style=\"display:none;\">\n\n                                                            <div class=\"testimonal\">\n                            <div class=\"testimonal-image\"><img loading=\"lazy\" decoding=\"async\" width=\"150\" height=\"150\" src=\"https:\/\/pomeranianvalpar.eu\/wp-content\/uploads\/2021\/07\/pom..-2-150x150.jpeg\" class=\"attachment-thumbnail size-thumbnail wp-image-98\" alt=\"Pommerschen Welpen\" \/><\/div> <div class=\"content\"><p>Tack f\u00f6r att du ger oss denna gl\u00e4dje. Och vi m\u00e5ste s\u00e4ga att hon \u00e4r en bunt av gl\u00e4dje. Vi njuter av varje \u00f6gonblick med henne. Hon \u00e4r en bed\u00e5rande s\u00f6t t\u00e5rta full av liv. Bifogar n\u00e5gra bilder p\u00e5 henne och jag kommer s\u00e4kert att skicka dig n\u00e5gra bra videos snart. Tack igen f\u00f6r din service.     <\/p><\/div>                            <div class=\"clint-info\">\n                                <h4>Stefan<\/h4>                            <\/div>\n                        <\/div>\n\n                    \n                                                                <div class=\"testimonal\">\n                            <div class=\"testimonal-image\"><img loading=\"lazy\" decoding=\"async\" width=\"150\" height=\"150\" src=\"https:\/\/pomeranianvalpar.eu\/wp-content\/uploads\/2021\/07\/pom..-150x150.jpeg\" class=\"attachment-thumbnail size-thumbnail wp-image-96\" alt=\"Pommerschen Welpen\" \/><\/div> <div class=\"content\"><p>He is the most beautiful puppy we have ever seen with the best temperament and nature. We really could not be more pleased with him. The service you provided was exceptional and I will definitely recommend this service to anyone I know who is interested in getting a dog  <\/p><\/div>                            <div class=\"clint-info\">\n                                <h4>Stacy Owen<\/h4>                            <\/div>\n                        <\/div>\n\n                    \n                                                                <div class=\"testimonal\">\n                            <div class=\"testimonal-image\"><img loading=\"lazy\" decoding=\"async\" width=\"150\" height=\"150\" src=\"https:\/\/pomeranianvalpar.eu\/wp-content\/uploads\/2021\/07\/IMG_6813-150x150.jpg\" class=\"attachment-thumbnail size-thumbnail wp-image-79\" alt=\"Pommerschen\" \/><\/div> <div class=\"content\"><p>Ville bare give dig en opdatering om vores lille (nu Ocha), som vi modtog i juni. Hun er meget glad for os og vores kat. Hun kom rask, og vi har \u00f8get tr\u00e6nerens arbejde. Hun nyder at g\u00e5 tur til hundeparken, snacke og lege apport med sit andeleget\u00f8j.   <\/p><\/div>                            <div class=\"clint-info\">\n                                <h4>J\u00fcrgen<\/h4>                            <\/div>\n                        <\/div>\n\n                    \n                                <\/div>\n\n                         <!-- Border style  -->\n                          \n                            \n                    \t\t\t\t<\/div>\n\t\t\t\t<\/div>\n\t\t\t\t\t<\/div>\n\t\t<\/div>\n\t\t\t\t\t<\/div>\n\t\t<\/section>\n\t\t\t\t<\/div>\n\t\t","protected":false},"excerpt":{"rendered":"<p>Vi kj\u00f8pte en pom og prosessen var s\u00f8ml\u00f8s fra start til levering, valpen v\u00e5r er sunn og energisk. Fantastisk arbeid, ansvarlig og svarer alltid p\u00e5 meldinger, jeg er superforn\u00f8yd med valpen min. Arabella M. Absolutely incredible experience! We were initially sceptical by purchasing a puppy online; especially from so far away, but all our concerns &hellip;<\/p>\n<p class=\"read-more\"> <a class=\"\" href=\"https:\/\/pomeranianvalpar.eu\/hr\/preporuke\/\"> <span class=\"screen-reader-text\">Preporuke<\/span> Read More &raquo;<\/a><\/p>\n","protected":false},"author":1,"featured_media":0,"parent":0,"menu_order":0,"comment_status":"closed","ping_status":"closed","template":"","meta":{"footnotes":""},"class_list":["post-1647","page","type-page","status-publish","hentry"],"yoast_head":"<!-- This site is optimized with the Yoast SEO plugin v27.5 - https:\/\/yoast.com\/product\/yoast-seo-wordpress\/ -->\n<title>Kupite \u0161tene pomeranca - \u0161tene pomeranca blizu mene<\/title>\n<meta name=\"description\" content=\"Kupite \u0161tene pomeranca, prekrasne \u0161tence pomeranca spremne za odlazak u nove domove pune ljubavi i brige. O\u010di\u0161\u0107en od glista kod registriranog veterinara.\" \/>\n<meta name=\"robots\" content=\"index, follow, max-snippet:-1, max-image-preview:large, max-video-preview:-1\" \/>\n<link rel=\"canonical\" href=\"https:\/\/pomeranianvalpar.eu\/hr\/preporuke\/\" \/>\n<meta property=\"og:locale\" content=\"hr_HR\" \/>\n<meta property=\"og:type\" content=\"article\" \/>\n<meta property=\"og:title\" content=\"Kupite \u0161tene pomeranca - \u0161tene pomeranca blizu mene\" \/>\n<meta property=\"og:description\" content=\"Kupite \u0161tene pomeranca, prekrasne \u0161tence pomeranca spremne za odlazak u nove domove pune ljubavi i brige. O\u010di\u0161\u0107en od glista kod registriranog veterinara.\" \/>\n<meta property=\"og:url\" content=\"https:\/\/pomeranianvalpar.eu\/hr\/preporuke\/\" \/>\n<meta property=\"og:site_name\" content=\"Pomeranian valpar till salu\" \/>\n<meta property=\"article:modified_time\" content=\"2025-04-24T14:04:22+00:00\" \/>\n<meta property=\"og:image\" content=\"https:\/\/pomeranianvalpar.eu\/wp-content\/uploads\/2021\/07\/pom4.jpeg\" \/>\n\t<meta property=\"og:image:width\" content=\"1080\" \/>\n\t<meta property=\"og:image:height\" content=\"1349\" \/>\n\t<meta property=\"og:image:type\" content=\"image\/jpeg\" \/>\n<meta name=\"twitter:card\" content=\"summary_large_image\" \/>\n<meta name=\"twitter:label1\" content=\"Procijenjeno vrijeme \u010ditanja\" \/>\n\t<meta name=\"twitter:data1\" content=\"2 minute\" \/>\n<script type=\"application\/ld+json\" class=\"yoast-schema-graph\">{\"@context\":\"https:\\\/\\\/schema.org\",\"@graph\":[{\"@type\":\"WebPage\",\"@id\":\"https:\\\/\\\/pomeranianvalpar.eu\\\/hr\\\/preporuke\\\/\",\"url\":\"https:\\\/\\\/pomeranianvalpar.eu\\\/hr\\\/preporuke\\\/\",\"name\":\"Kupite \u0161tene pomeranca - \u0161tene pomeranca blizu mene\",\"isPartOf\":{\"@id\":\"https:\\\/\\\/pomeranianvalpar.eu\\\/hr\\\/#website\"},\"primaryImageOfPage\":{\"@id\":\"https:\\\/\\\/pomeranianvalpar.eu\\\/hr\\\/preporuke\\\/#primaryimage\"},\"image\":{\"@id\":\"https:\\\/\\\/pomeranianvalpar.eu\\\/hr\\\/preporuke\\\/#primaryimage\"},\"thumbnailUrl\":\"https:\\\/\\\/pomeranianvalpar.eu\\\/wp-content\\\/uploads\\\/2021\\\/07\\\/pom4-150x150.jpeg\",\"datePublished\":\"2021-07-13T20:25:30+00:00\",\"dateModified\":\"2025-04-24T14:04:22+00:00\",\"description\":\"Kupite \u0161tene pomeranca, prekrasne \u0161tence pomeranca spremne za odlazak u nove domove pune ljubavi i brige. O\u010di\u0161\u0107en od glista kod registriranog veterinara.\",\"breadcrumb\":{\"@id\":\"https:\\\/\\\/pomeranianvalpar.eu\\\/hr\\\/preporuke\\\/#breadcrumb\"},\"inLanguage\":\"hr\",\"potentialAction\":[{\"@type\":\"ReadAction\",\"target\":[\"https:\\\/\\\/pomeranianvalpar.eu\\\/hr\\\/preporuke\\\/\"]}]},{\"@type\":\"ImageObject\",\"inLanguage\":\"hr\",\"@id\":\"https:\\\/\\\/pomeranianvalpar.eu\\\/hr\\\/preporuke\\\/#primaryimage\",\"url\":\"https:\\\/\\\/pomeranianvalpar.eu\\\/wp-content\\\/uploads\\\/2021\\\/07\\\/pom4-150x150.jpeg\",\"contentUrl\":\"https:\\\/\\\/pomeranianvalpar.eu\\\/wp-content\\\/uploads\\\/2021\\\/07\\\/pom4-150x150.jpeg\"},{\"@type\":\"BreadcrumbList\",\"@id\":\"https:\\\/\\\/pomeranianvalpar.eu\\\/hr\\\/preporuke\\\/#breadcrumb\",\"itemListElement\":[{\"@type\":\"ListItem\",\"position\":1,\"name\":\"Home\",\"item\":\"https:\\\/\\\/pomeranianvalpar.eu\\\/hr\\\/pocetna-stranica\\\/\"},{\"@type\":\"ListItem\",\"position\":2,\"name\":\"Preporuke\"}]},{\"@type\":\"WebSite\",\"@id\":\"https:\\\/\\\/pomeranianvalpar.eu\\\/hr\\\/#website\",\"url\":\"https:\\\/\\\/pomeranianvalpar.eu\\\/hr\\\/\",\"name\":\"Pomeranian valpar till salu\",\"description\":\"Pomeranian valpar\",\"potentialAction\":[{\"@type\":\"SearchAction\",\"target\":{\"@type\":\"EntryPoint\",\"urlTemplate\":\"https:\\\/\\\/pomeranianvalpar.eu\\\/hr\\\/?s={search_term_string}\"},\"query-input\":{\"@type\":\"PropertyValueSpecification\",\"valueRequired\":true,\"valueName\":\"search_term_string\"}}],\"inLanguage\":\"hr\"}]}<\/script>\n<!-- \/ Yoast SEO plugin. -->","yoast_head_json":{"title":"Kupite \u0161tene pomeranca - \u0161tene pomeranca blizu mene","description":"Kupite \u0161tene pomeranca, prekrasne \u0161tence pomeranca spremne za odlazak u nove domove pune ljubavi i brige. O\u010di\u0161\u0107en od glista kod registriranog veterinara.","robots":{"index":"index","follow":"follow","max-snippet":"max-snippet:-1","max-image-preview":"max-image-preview:large","max-video-preview":"max-video-preview:-1"},"canonical":"https:\/\/pomeranianvalpar.eu\/hr\/preporuke\/","og_locale":"hr_HR","og_type":"article","og_title":"Kupite \u0161tene pomeranca - \u0161tene pomeranca blizu mene","og_description":"Kupite \u0161tene pomeranca, prekrasne \u0161tence pomeranca spremne za odlazak u nove domove pune ljubavi i brige. O\u010di\u0161\u0107en od glista kod registriranog veterinara.","og_url":"https:\/\/pomeranianvalpar.eu\/hr\/preporuke\/","og_site_name":"Pomeranian valpar till salu","article_modified_time":"2025-04-24T14:04:22+00:00","og_image":[{"width":1080,"height":1349,"url":"https:\/\/pomeranianvalpar.eu\/wp-content\/uploads\/2021\/07\/pom4.jpeg","type":"image\/jpeg"}],"twitter_card":"summary_large_image","twitter_misc":{"Procijenjeno vrijeme \u010ditanja":"2 minute"},"schema":{"@context":"https:\/\/schema.org","@graph":[{"@type":"WebPage","@id":"https:\/\/pomeranianvalpar.eu\/hr\/preporuke\/","url":"https:\/\/pomeranianvalpar.eu\/hr\/preporuke\/","name":"Kupite \u0161tene pomeranca - \u0161tene pomeranca blizu mene","isPartOf":{"@id":"https:\/\/pomeranianvalpar.eu\/hr\/#website"},"primaryImageOfPage":{"@id":"https:\/\/pomeranianvalpar.eu\/hr\/preporuke\/#primaryimage"},"image":{"@id":"https:\/\/pomeranianvalpar.eu\/hr\/preporuke\/#primaryimage"},"thumbnailUrl":"https:\/\/pomeranianvalpar.eu\/wp-content\/uploads\/2021\/07\/pom4-150x150.jpeg","datePublished":"2021-07-13T20:25:30+00:00","dateModified":"2025-04-24T14:04:22+00:00","description":"Kupite \u0161tene pomeranca, prekrasne \u0161tence pomeranca spremne za odlazak u nove domove pune ljubavi i brige. O\u010di\u0161\u0107en od glista kod registriranog veterinara.","breadcrumb":{"@id":"https:\/\/pomeranianvalpar.eu\/hr\/preporuke\/#breadcrumb"},"inLanguage":"hr","potentialAction":[{"@type":"ReadAction","target":["https:\/\/pomeranianvalpar.eu\/hr\/preporuke\/"]}]},{"@type":"ImageObject","inLanguage":"hr","@id":"https:\/\/pomeranianvalpar.eu\/hr\/preporuke\/#primaryimage","url":"https:\/\/pomeranianvalpar.eu\/wp-content\/uploads\/2021\/07\/pom4-150x150.jpeg","contentUrl":"https:\/\/pomeranianvalpar.eu\/wp-content\/uploads\/2021\/07\/pom4-150x150.jpeg"},{"@type":"BreadcrumbList","@id":"https:\/\/pomeranianvalpar.eu\/hr\/preporuke\/#breadcrumb","itemListElement":[{"@type":"ListItem","position":1,"name":"Home","item":"https:\/\/pomeranianvalpar.eu\/hr\/pocetna-stranica\/"},{"@type":"ListItem","position":2,"name":"Preporuke"}]},{"@type":"WebSite","@id":"https:\/\/pomeranianvalpar.eu\/hr\/#website","url":"https:\/\/pomeranianvalpar.eu\/hr\/","name":"Pomeranian valpar till salu","description":"Pomeranian valpar","potentialAction":[{"@type":"SearchAction","target":{"@type":"EntryPoint","urlTemplate":"https:\/\/pomeranianvalpar.eu\/hr\/?s={search_term_string}"},"query-input":{"@type":"PropertyValueSpecification","valueRequired":true,"valueName":"search_term_string"}}],"inLanguage":"hr"}]}},"_links":{"self":[{"href":"https:\/\/pomeranianvalpar.eu\/hr\/wp-json\/wp\/v2\/pages\/1647","targetHints":{"allow":["GET"]}}],"collection":[{"href":"https:\/\/pomeranianvalpar.eu\/hr\/wp-json\/wp\/v2\/pages"}],"about":[{"href":"https:\/\/pomeranianvalpar.eu\/hr\/wp-json\/wp\/v2\/types\/page"}],"author":[{"embeddable":true,"href":"https:\/\/pomeranianvalpar.eu\/hr\/wp-json\/wp\/v2\/users\/1"}],"replies":[{"embeddable":true,"href":"https:\/\/pomeranianvalpar.eu\/hr\/wp-json\/wp\/v2\/comments?post=1647"}],"version-history":[{"count":1,"href":"https:\/\/pomeranianvalpar.eu\/hr\/wp-json\/wp\/v2\/pages\/1647\/revisions"}],"predecessor-version":[{"id":1656,"href":"https:\/\/pomeranianvalpar.eu\/hr\/wp-json\/wp\/v2\/pages\/1647\/revisions\/1656"}],"wp:attachment":[{"href":"https:\/\/pomeranianvalpar.eu\/hr\/wp-json\/wp\/v2\/media?parent=1647"}],"curies":[{"name":"wp","href":"https:\/\/api.w.org\/{rel}","templated":true}]}}