{"id":1829,"date":"2021-07-13T20:25:59","date_gmt":"2021-07-13T20:25:59","guid":{"rendered":"https:\/\/pomeranianvalpar.eu\/fuvarozas\/"},"modified":"2025-04-26T15:36:33","modified_gmt":"2025-04-26T15:36:33","slug":"fuvarozas","status":"publish","type":"page","link":"https:\/\/pomeranianvalpar.eu\/hu\/fuvarozas\/","title":{"rendered":"Fuvaroz\u00e1s"},"content":{"rendered":"\t\t<div data-elementor-type=\"wp-page\" data-elementor-id=\"1829\" class=\"elementor elementor-1829 elementor-15\">\n\t\t\t\t\t\t<section class=\"elementor-section elementor-top-section elementor-element elementor-element-5158c2fd elementor-section-content-middle elementor-section-boxed elementor-section-height-default elementor-section-height-default\" data-id=\"5158c2fd\" data-element_type=\"section\" data-e-type=\"section\" data-settings=\"{&quot;background_background&quot;:&quot;classic&quot;}\">\n\t\t\t\t\t\t<div class=\"elementor-container elementor-column-gap-no\">\n\t\t\t\t\t<div class=\"elementor-column elementor-col-50 elementor-top-column elementor-element elementor-element-3bf45473\" data-id=\"3bf45473\" data-element_type=\"column\" data-e-type=\"column\">\n\t\t\t<div class=\"elementor-widget-wrap elementor-element-populated\">\n\t\t\t\t\t\t<div class=\"elementor-element elementor-element-7e8151c7 elementor-widget elementor-widget-image\" data-id=\"7e8151c7\" data-element_type=\"widget\" data-e-type=\"widget\" data-widget_type=\"image.default\">\n\t\t\t\t<div class=\"elementor-widget-container\">\n\t\t\t\t\t\t\t\t\t\t\t\t\t\t\t<img fetchpriority=\"high\" decoding=\"async\" width=\"1125\" height=\"760\" src=\"https:\/\/pomeranianvalpar.eu\/wp-content\/uploads\/2021\/07\/IMG_7356.jpg\" class=\"attachment-full size-full wp-image-1830\" alt=\"\" srcset=\"https:\/\/pomeranianvalpar.eu\/wp-content\/uploads\/2021\/07\/IMG_7356.jpg 1125w, https:\/\/pomeranianvalpar.eu\/wp-content\/uploads\/2021\/07\/IMG_7356-300x203.jpg 300w, https:\/\/pomeranianvalpar.eu\/wp-content\/uploads\/2021\/07\/IMG_7356-1024x692.jpg 1024w, https:\/\/pomeranianvalpar.eu\/wp-content\/uploads\/2021\/07\/IMG_7356-768x519.jpg 768w\" sizes=\"(max-width: 1125px) 100vw, 1125px\" \/>\t\t\t\t\t\t\t\t\t\t\t\t\t\t\t<\/div>\n\t\t\t\t<\/div>\n\t\t\t\t\t<\/div>\n\t\t<\/div>\n\t\t\t\t<div class=\"elementor-column elementor-col-50 elementor-top-column elementor-element elementor-element-79efaaa7\" data-id=\"79efaaa7\" data-element_type=\"column\" data-e-type=\"column\">\n\t\t\t<div class=\"elementor-widget-wrap elementor-element-populated\">\n\t\t\t\t\t\t<div class=\"elementor-element elementor-element-4c67bd60 elementor-widget elementor-widget-heading\" data-id=\"4c67bd60\" data-element_type=\"widget\" data-e-type=\"widget\" data-widget_type=\"heading.default\">\n\t\t\t\t<div class=\"elementor-widget-container\">\n\t\t\t\t\t<h4 class=\"elementor-heading-title elementor-size-default\">K\u00f6ly\u00f6kkutya sz\u00e1ll\u00edt\u00e1sa: biztons\u00e1gos?<\/h4>\t\t\t\t<\/div>\n\t\t\t\t<\/div>\n\t\t\t\t<div class=\"elementor-element elementor-element-6cb7f3df elementor-widget elementor-widget-text-editor\" data-id=\"6cb7f3df\" data-element_type=\"widget\" data-e-type=\"widget\" data-widget_type=\"text-editor.default\">\n\t\t\t\t<div class=\"elementor-widget-container\">\n\t\t\t\t\t\t\t\t\t<section class=\"elementor-section elementor-top-section elementor-element elementor-element-8160e23 elementor-section-boxed elementor-section-height-default elementor-section-height-default\" data-id=\"8160e23\" data-element_type=\"section\"><div class=\"elementor-container elementor-column-gap-default\"><div class=\"elementor-column elementor-col-100 elementor-top-column elementor-element elementor-element-9a59000\" data-id=\"9a59000\" data-element_type=\"column\"><div class=\"elementor-widget-wrap elementor-element-populated\"><div class=\"elementor-element elementor-element-701a091 elementor-position-top elementor-vertical-align-top elementor-widget elementor-widget-image-box\" data-id=\"701a091\" data-element_type=\"widget\" data-widget_type=\"image-box.default\"><div class=\"elementor-widget-container\"><div class=\"elementor-image-box-wrapper\"><div class=\"elementor-image-box-content\"><p class=\"elementor-image-box-description\"><span style=\"color: #666699;\"><strong>Sok \u00e9ves tapasztalattal a sz\u00e1ll\u00edtm\u00e1nyoz\u00e1si \u00e1gazatban, mind k\u00f6ly\u00f6kkuty\u00e1k sz\u00e1ll\u00edt\u00e1s\u00e1ban, mind fogad\u00e1s\u00e1ban, tudom, hogy minden k\u00f6ly\u00f6kkuty\u00e1r\u00f3l j\u00f3l gondoskodnak az utaz\u00e1s sor\u00e1n. Val\u00f3j\u00e1ban a sz\u00e1ll\u00edt\u00e1s kev\u00e9sb\u00e9 stresszes lehet, mint v\u00e1rosokon, \u00e1llamokon vagy orsz\u00e1gokon \u00e1t aut\u00f3zni egy kiskuty\u00e1\u00e9rt. Ann\u00e1l is kev\u00e9sb\u00e9, mert a sz\u00e1ll\u00edt\u00e1s mind\u00f6ssze n\u00e9h\u00e1ny \u00f3r\u00e1t vesz ig\u00e9nybe, mire az \u00faj tulajdonosok megkapj\u00e1k.  <\/strong><\/span><\/p><\/div><\/div><\/div><\/div><\/div><\/div><\/div><\/section>\t\t\t\t\t\t\t\t<\/div>\n\t\t\t\t<\/div>\n\t\t\t\t\t<\/div>\n\t\t<\/div>\n\t\t\t\t\t<\/div>\n\t\t<\/section>\n\t\t\t\t<section class=\"elementor-section elementor-top-section elementor-element elementor-element-7a150bff elementor-section-content-middle elementor-reverse-mobile elementor-section-boxed elementor-section-height-default elementor-section-height-default\" data-id=\"7a150bff\" data-element_type=\"section\" data-e-type=\"section\" data-settings=\"{&quot;background_background&quot;:&quot;classic&quot;}\">\n\t\t\t\t\t\t<div class=\"elementor-container elementor-column-gap-no\">\n\t\t\t\t\t<div class=\"elementor-column elementor-col-50 elementor-top-column elementor-element elementor-element-6317a4cc\" data-id=\"6317a4cc\" data-element_type=\"column\" data-e-type=\"column\">\n\t\t\t<div class=\"elementor-widget-wrap elementor-element-populated\">\n\t\t\t\t\t\t<div class=\"elementor-element elementor-element-2d5c707b elementor-widget elementor-widget-heading\" data-id=\"2d5c707b\" data-element_type=\"widget\" data-e-type=\"widget\" data-widget_type=\"heading.default\">\n\t\t\t\t<div class=\"elementor-widget-container\">\n\t\t\t\t\t<h4 class=\"elementor-heading-title elementor-size-default\">Mit tartalmaz a sz\u00e1ll\u00edt\u00e1si folyamat?<\/h4>\t\t\t\t<\/div>\n\t\t\t\t<\/div>\n\t\t\t\t<div class=\"elementor-element elementor-element-3e5c79b8 elementor-widget elementor-widget-text-editor\" data-id=\"3e5c79b8\" data-element_type=\"widget\" data-e-type=\"widget\" data-widget_type=\"text-editor.default\">\n\t\t\t\t<div class=\"elementor-widget-container\">\n\t\t\t\t\t\t\t\t\t<section class=\"elementor-section elementor-top-section elementor-element elementor-element-0ca81f3 elementor-section-boxed elementor-section-height-default elementor-section-height-default\" data-id=\"0ca81f3\" data-element_type=\"section\"><div class=\"elementor-container elementor-column-gap-default\"><div class=\"elementor-column elementor-col-100 elementor-top-column elementor-element elementor-element-33694f9\" data-id=\"33694f9\" data-element_type=\"column\"><div class=\"elementor-widget-wrap elementor-element-populated\"><div class=\"elementor-element elementor-element-d2081f0 elementor-widget elementor-widget-text-editor\" data-id=\"d2081f0\" data-element_type=\"widget\" data-widget_type=\"text-editor.default\"><div class=\"elementor-widget-container\"><p><strong>Miut\u00e1n visszaigazoltuk a befizet\u00e9seit. A nap \u00e9s az id\u0151pont els\u0151sorban a j\u00e1ratok el\u00e9rhet\u0151s\u00e9g\u00e9t\u0151l \u00e9s a h\u0151m\u00e9rs\u00e9klett\u0151l, valamint att\u00f3l f\u00fcgg, hogy mikor tudunk mindketten elutazni a rep\u00fcl\u0151t\u00e9rre. \u00c1ltal\u00e1ban tudok olyan rep\u00fcl\u0151jegyet foglalni, amit m\u00e9g aznap feladnak, b\u00e1r ez egy kicsit macer\u00e1s \u00e9s egy kicsit t\u00f6bbe is ker\u00fcl. A rep\u00fcl\u0151jegy lefoglal\u00e1sa ut\u00e1n e-mailben, SMS-ben vagy telefonon \u00e9rtes\u00edtem a j\u00e1ratsz\u00e1mr\u00f3l, az id\u0151pontokr\u00f3l, a rep\u00fcl\u0151jegyr\u0151l \u00e9s arr\u00f3l, hogy hol veheted \u00e1t a kiskuty\u00e1t. Akkor csak vedd fel a kiskuty\u00e1t a rep\u00fcl\u0151t\u00e9ren. H\u00e1zhozsz\u00e1ll\u00edt\u00e1st is tudunk biztos\u00edtani, \u00edgy nem kell a rep\u00fcl\u0151t\u00e9rre menned az \u00e1tv\u00e9tel\u00e9rt. Csak megv\u00e1rod, am\u00edg a k\u00e9zbes\u00edt\u0151 szem\u00e9lyzet egyenesen az ajt\u00f3dhoz hozza a kiskuty\u00e1dat. Ez azonban nagyon stresszmentes is. Sz\u00fcks\u00e9ged lesz egy igazolv\u00e1nyra (jogos\u00edtv\u00e1ny vagy szem\u00e9lyi igazolv\u00e1ny) \u00e9s a rep\u00fcl\u0151jegy sz\u00e1m\u00e1ra, amit adtam. Azt\u00e1n arra k\u00e9rem a mag\u00e1nszem\u00e9lyeket, hogy a kiskuty\u00e1juk \u00e1tv\u00e9tele ut\u00e1n a lehet\u0151 leghamarabb vegy\u00e9k fel velem a kapcsolatot, mivel nagyon k\u00edv\u00e1ncsi vagyok a k\u00f6ly\u00f6kkutya v\u00e9lem\u00e9ny\u00e9re, hogy minden rendben volt-e, mit gondoltok, \u00e9s b\u00e1rmilyen egy\u00e9b k\u00e9rd\u00e9s\u00fck van. A magyar\u00e1zat hossz\u00fanak t\u0171nik, de val\u00f3j\u00e1ban nagyon gyorsan elhangzik! A k\u00f6ly\u00f6kkuty\u00e1knak sz\u00fcks\u00e9g eset\u00e9n \u00e9telt \u00e9s extra vizet is biztos\u00edtunk az utaz\u00e1s sor\u00e1n. A kiskutya a felad\u00e1s napj\u00e1t\u00f3l sz\u00e1m\u00edtott n\u00e9h\u00e1ny \u00f3r\u00e1n bel\u00fcl meg\u00e9rkezik. A folyamat k\u00f6r\u00fclbel\u00fcl 8-12 \u00f3r\u00e1t vesz ig\u00e9nybe, a VIP utak pedig \u00e1ltal\u00e1ban r\u00f6videbbek.             <\/strong><\/p><\/div><\/div><\/div><\/div><\/div><\/section>\t\t\t\t\t\t\t\t<\/div>\n\t\t\t\t<\/div>\n\t\t\t\t<div class=\"elementor-element elementor-element-79bddafc elementor-align-center elementor-widget elementor-widget-button\" data-id=\"79bddafc\" data-element_type=\"widget\" data-e-type=\"widget\" data-widget_type=\"button.default\">\n\t\t\t\t<div class=\"elementor-widget-container\">\n\t\t\t\t\t\t\t\t\t<div class=\"elementor-button-wrapper\">\n\t\t\t\t\t<a class=\"elementor-button elementor-button-link elementor-size-sm elementor-animation-grow\" href=\"https:\/\/pomeranianvalpar.eu\/verfugbare-welpen\/\">\n\t\t\t\t\t\t<span class=\"elementor-button-content-wrapper\">\n\t\t\t\t\t\t\t\t\t<span class=\"elementor-button-text\">El\u00e9rhet\u0151 k\u00f6lyk\u00f6k<\/span>\n\t\t\t\t\t<\/span>\n\t\t\t\t\t<\/a>\n\t\t\t\t<\/div>\n\t\t\t\t\t\t\t\t<\/div>\n\t\t\t\t<\/div>\n\t\t\t\t\t<\/div>\n\t\t<\/div>\n\t\t\t\t<div class=\"elementor-column elementor-col-50 elementor-top-column elementor-element elementor-element-684f007\" data-id=\"684f007\" data-element_type=\"column\" data-e-type=\"column\" data-settings=\"{&quot;background_background&quot;:&quot;classic&quot;}\">\n\t\t\t<div class=\"elementor-widget-wrap elementor-element-populated\">\n\t\t\t\t\t\t<div class=\"elementor-element elementor-element-41f2f9a elementor-widget elementor-widget-image\" data-id=\"41f2f9a\" data-element_type=\"widget\" data-e-type=\"widget\" data-widget_type=\"image.default\">\n\t\t\t\t<div class=\"elementor-widget-container\">\n\t\t\t\t\t\t\t\t\t\t\t\t\t\t\t<img decoding=\"async\" width=\"1024\" height=\"768\" src=\"https:\/\/pomeranianvalpar.eu\/wp-content\/uploads\/2021\/07\/fr33.jpeg\" class=\"attachment-full size-full wp-image-1833\" alt=\"\" srcset=\"https:\/\/pomeranianvalpar.eu\/wp-content\/uploads\/2021\/07\/fr33.jpeg 1024w, https:\/\/pomeranianvalpar.eu\/wp-content\/uploads\/2021\/07\/fr33-300x225.jpeg 300w, https:\/\/pomeranianvalpar.eu\/wp-content\/uploads\/2021\/07\/fr33-768x576.jpeg 768w\" sizes=\"(max-width: 1024px) 100vw, 1024px\" \/>\t\t\t\t\t\t\t\t\t\t\t\t\t\t\t<\/div>\n\t\t\t\t<\/div>\n\t\t\t\t\t<\/div>\n\t\t<\/div>\n\t\t\t\t\t<\/div>\n\t\t<\/section>\n\t\t\t\t<section class=\"elementor-section elementor-top-section elementor-element elementor-element-a013124 elementor-section-boxed elementor-section-height-default elementor-section-height-default\" data-id=\"a013124\" data-element_type=\"section\" data-e-type=\"section\">\n\t\t\t\t\t\t<div class=\"elementor-container elementor-column-gap-default\">\n\t\t\t\t\t<div class=\"elementor-column elementor-col-50 elementor-top-column elementor-element elementor-element-49cf1f2\" data-id=\"49cf1f2\" data-element_type=\"column\" data-e-type=\"column\" data-settings=\"{&quot;background_background&quot;:&quot;classic&quot;}\">\n\t\t\t<div class=\"elementor-widget-wrap elementor-element-populated\">\n\t\t\t\t\t\t<div class=\"elementor-element elementor-element-bdd48d4 elementor-widget elementor-widget-image\" data-id=\"bdd48d4\" data-element_type=\"widget\" data-e-type=\"widget\" data-widget_type=\"image.default\">\n\t\t\t\t<div class=\"elementor-widget-container\">\n\t\t\t\t\t\t\t\t\t\t\t\t\t\t\t<img decoding=\"async\" width=\"1024\" height=\"728\" src=\"https:\/\/pomeranianvalpar.eu\/wp-content\/uploads\/2021\/07\/fr44-1024x728.jpeg\" class=\"attachment-large size-large wp-image-1834\" alt=\"\" srcset=\"https:\/\/pomeranianvalpar.eu\/wp-content\/uploads\/2021\/07\/fr44-1024x728.jpeg 1024w, https:\/\/pomeranianvalpar.eu\/wp-content\/uploads\/2021\/07\/fr44-300x213.jpeg 300w, https:\/\/pomeranianvalpar.eu\/wp-content\/uploads\/2021\/07\/fr44-768x546.jpeg 768w, https:\/\/pomeranianvalpar.eu\/wp-content\/uploads\/2021\/07\/fr44.jpeg 1079w\" sizes=\"(max-width: 1024px) 100vw, 1024px\" \/>\t\t\t\t\t\t\t\t\t\t\t\t\t\t\t<\/div>\n\t\t\t\t<\/div>\n\t\t\t\t\t<\/div>\n\t\t<\/div>\n\t\t\t\t<div class=\"elementor-column elementor-col-50 elementor-top-column elementor-element elementor-element-50f7137\" data-id=\"50f7137\" data-element_type=\"column\" data-e-type=\"column\" data-settings=\"{&quot;background_background&quot;:&quot;classic&quot;}\">\n\t\t\t<div class=\"elementor-widget-wrap elementor-element-populated\">\n\t\t\t\t\t\t<div class=\"elementor-element elementor-element-9a3755c elementor-widget elementor-widget-text-editor\" data-id=\"9a3755c\" data-element_type=\"widget\" data-e-type=\"widget\" data-widget_type=\"text-editor.default\">\n\t\t\t\t<div class=\"elementor-widget-container\">\n\t\t\t\t\t\t\t\t\t<p><strong>Minden k\u00f6ly\u00f6kkutya a rep\u00fcl\u0151g\u00e9p gyomr\u00e1ban utazik, ahol a h\u0151m\u00e9rs\u00e9kletet k\u00e9nyelmes 70 fokon tartj\u00e1k. Ugyanaz, mint az utasok eset\u00e9ben, \u0151k sz\u00e1llnak fel utolj\u00e1ra, \u00e9s \u0151k sz\u00e1llnak le els\u0151k\u00e9nt a g\u00e9pr\u0151l. Az \u00e9vnek ebben a szakasz\u00e1ban az egyetlen k\u00fcl\u00f6nbs\u00e9g az, hogy a l\u00e9git\u00e1rsas\u00e1gok szigor\u00faan betarthatj\u00e1k az egyes \u00fcl\u00e9sek minim\u00e1lis h\u0151m\u00e9rs\u00e9klet\u00e9t, annak ellen\u00e9re, hogy a rep\u00fcl\u0151g\u00e9pen mindig 70 fokon tartj\u00e1k a h\u0151m\u00e9rs\u00e9kletet. Szerintem ez f\u0151leg az \u0151 felel\u0151ss\u00e9g\u00fck \u00e9s v\u00e9delm\u00fck miatt van \u00edgy. Hasonl\u00f3k\u00e9ppen, ny\u00e1ron sem sz\u00e1ll\u00edtj\u00e1k \u0151ket, amikor t\u00fal meleg van az utakon. Ha \u00edgy van, akkor csak megv\u00e1rjuk a k\u00f6vetkez\u0151 legmegfelel\u0151bb napot a sz\u00e1ll\u00edt\u00e1sra, vagy a nap kor\u00e1bbi vagy k\u00e9s\u0151bbi szakasz\u00e1t, hogy megk\u00fczdj\u00fcnk a nap meleg\/hideg szakasz\u00e1val. Miut\u00e1n hazahoztad a kiskuty\u00e1t, k\u00f6zvetlen\u00fcl kapcsolatban leszel vel\u00fcnk, t\u00e1j\u00e9koztatlak a fejlem\u00e9nyekr\u0151l, k\u00e9rd\u00e9seket teszel fel \u00e9s kapcsolatot alak\u00edtasz ki. Mi gondoskodunk a bab\u00e1ink sz\u00e1ll\u00e1s\u00e1r\u00f3l, \u00e9s term\u00e9szetesen ink\u00e1bb kapcsolatban maradn\u00e1nk vel\u00fck, \u00e9s n\u00e9zn\u00e9nk, ahogy a kiskutya feln\u0151.       <\/strong><\/p>\t\t\t\t\t\t\t\t<\/div>\n\t\t\t\t<\/div>\n\t\t\t\t\t<\/div>\n\t\t<\/div>\n\t\t\t\t\t<\/div>\n\t\t<\/section>\n\t\t\t\t<\/div>\n\t\t","protected":false},"excerpt":{"rendered":"<p>K\u00f6ly\u00f6kkutya sz\u00e1ll\u00edt\u00e1sa: biztons\u00e1gos? Sok \u00e9ves tapasztalattal a sz\u00e1ll\u00edtm\u00e1nyoz\u00e1si \u00e1gazatban, mind k\u00f6ly\u00f6kkuty\u00e1k sz\u00e1ll\u00edt\u00e1s\u00e1ban, mind fogad\u00e1s\u00e1ban, tudom, hogy minden k\u00f6ly\u00f6kkuty\u00e1r\u00f3l j\u00f3l gondoskodnak az utaz\u00e1s sor\u00e1n. Val\u00f3j\u00e1ban a sz\u00e1ll\u00edt\u00e1s kev\u00e9sb\u00e9 stresszes lehet, mint v\u00e1rosokon, \u00e1llamokon vagy orsz\u00e1gokon \u00e1t aut\u00f3zni egy kiskuty\u00e1\u00e9rt. Ann\u00e1l is kev\u00e9sb\u00e9, mert a sz\u00e1ll\u00edt\u00e1s mind\u00f6ssze n\u00e9h\u00e1ny \u00f3r\u00e1t vesz ig\u00e9nybe, mire az \u00faj tulajdonosok megkapj\u00e1k. Mit &hellip;<\/p>\n<p class=\"read-more\"> <a class=\"\" href=\"https:\/\/pomeranianvalpar.eu\/hu\/fuvarozas\/\"> <span class=\"screen-reader-text\">Fuvaroz\u00e1s<\/span> Read More &raquo;<\/a><\/p>\n","protected":false},"author":1,"featured_media":0,"parent":0,"menu_order":0,"comment_status":"closed","ping_status":"closed","template":"","meta":{"footnotes":""},"class_list":["post-1829","page","type-page","status-publish","hentry"],"yoast_head":"<!-- This site is optimized with the Yoast SEO plugin v27.5 - https:\/\/yoast.com\/product\/yoast-seo-wordpress\/ -->\n<title>Pomer\u00e1niai kutya elad\u00f3 - Pomer\u00e1niai k\u00f6ly\u00f6kkutya \u00f6r\u00f6kbefogad\u00e1sra<\/title>\n<meta name=\"description\" content=\"Pomer\u00e1niai kutya elad\u00f3, Pomer\u00e1niai k\u00f6lyk\u00f6ket vil\u00e1gszerte sz\u00e1ll\u00edtunk! ... Ha kiskutya v\u00e1s\u00e1rl\u00e1s\u00e1n gondolkodik, vegye fel vel\u00fcnk a kapcsolatot most.\" \/>\n<meta name=\"robots\" content=\"index, follow, max-snippet:-1, max-image-preview:large, max-video-preview:-1\" \/>\n<link rel=\"canonical\" href=\"https:\/\/pomeranianvalpar.eu\/hu\/fuvarozas\/\" \/>\n<meta property=\"og:locale\" content=\"hu_HU\" \/>\n<meta property=\"og:type\" content=\"article\" \/>\n<meta property=\"og:title\" content=\"Pomer\u00e1niai kutya elad\u00f3 - Pomer\u00e1niai k\u00f6ly\u00f6kkutya \u00f6r\u00f6kbefogad\u00e1sra\" \/>\n<meta property=\"og:description\" content=\"Pomer\u00e1niai kutya elad\u00f3, Pomer\u00e1niai k\u00f6lyk\u00f6ket vil\u00e1gszerte sz\u00e1ll\u00edtunk! ... Ha kiskutya v\u00e1s\u00e1rl\u00e1s\u00e1n gondolkodik, vegye fel vel\u00fcnk a kapcsolatot most.\" \/>\n<meta property=\"og:url\" content=\"https:\/\/pomeranianvalpar.eu\/hu\/fuvarozas\/\" \/>\n<meta property=\"og:site_name\" content=\"Pomeranian valpar till salu\" \/>\n<meta property=\"article:modified_time\" content=\"2025-04-26T15:36:33+00:00\" \/>\n<meta property=\"og:image\" content=\"https:\/\/pomeranianvalpar.eu\/wp-content\/uploads\/2021\/07\/IMG_7356.jpg\" \/>\n\t<meta property=\"og:image:width\" content=\"1125\" \/>\n\t<meta property=\"og:image:height\" content=\"760\" \/>\n\t<meta property=\"og:image:type\" content=\"image\/jpeg\" \/>\n<meta name=\"twitter:card\" content=\"summary_large_image\" \/>\n<meta name=\"twitter:label1\" content=\"Becs\u00fclt olvas\u00e1si id\u0151\" \/>\n\t<meta name=\"twitter:data1\" content=\"3 perc\" \/>\n<script type=\"application\/ld+json\" class=\"yoast-schema-graph\">{\"@context\":\"https:\\\/\\\/schema.org\",\"@graph\":[{\"@type\":\"WebPage\",\"@id\":\"https:\\\/\\\/pomeranianvalpar.eu\\\/hu\\\/fuvarozas\\\/\",\"url\":\"https:\\\/\\\/pomeranianvalpar.eu\\\/hu\\\/fuvarozas\\\/\",\"name\":\"Pomer\u00e1niai kutya elad\u00f3 - Pomer\u00e1niai k\u00f6ly\u00f6kkutya \u00f6r\u00f6kbefogad\u00e1sra\",\"isPartOf\":{\"@id\":\"https:\\\/\\\/pomeranianvalpar.eu\\\/hu\\\/#website\"},\"primaryImageOfPage\":{\"@id\":\"https:\\\/\\\/pomeranianvalpar.eu\\\/hu\\\/fuvarozas\\\/#primaryimage\"},\"image\":{\"@id\":\"https:\\\/\\\/pomeranianvalpar.eu\\\/hu\\\/fuvarozas\\\/#primaryimage\"},\"thumbnailUrl\":\"https:\\\/\\\/pomeranianvalpar.eu\\\/wp-content\\\/uploads\\\/2021\\\/07\\\/IMG_7356.jpg\",\"datePublished\":\"2021-07-13T20:25:59+00:00\",\"dateModified\":\"2025-04-26T15:36:33+00:00\",\"description\":\"Pomer\u00e1niai kutya elad\u00f3, Pomer\u00e1niai k\u00f6lyk\u00f6ket vil\u00e1gszerte sz\u00e1ll\u00edtunk! ... Ha kiskutya v\u00e1s\u00e1rl\u00e1s\u00e1n gondolkodik, vegye fel vel\u00fcnk a kapcsolatot most.\",\"breadcrumb\":{\"@id\":\"https:\\\/\\\/pomeranianvalpar.eu\\\/hu\\\/fuvarozas\\\/#breadcrumb\"},\"inLanguage\":\"hu\",\"potentialAction\":[{\"@type\":\"ReadAction\",\"target\":[\"https:\\\/\\\/pomeranianvalpar.eu\\\/hu\\\/fuvarozas\\\/\"]}]},{\"@type\":\"ImageObject\",\"inLanguage\":\"hu\",\"@id\":\"https:\\\/\\\/pomeranianvalpar.eu\\\/hu\\\/fuvarozas\\\/#primaryimage\",\"url\":\"https:\\\/\\\/pomeranianvalpar.eu\\\/wp-content\\\/uploads\\\/2021\\\/07\\\/IMG_7356.jpg\",\"contentUrl\":\"https:\\\/\\\/pomeranianvalpar.eu\\\/wp-content\\\/uploads\\\/2021\\\/07\\\/IMG_7356.jpg\"},{\"@type\":\"BreadcrumbList\",\"@id\":\"https:\\\/\\\/pomeranianvalpar.eu\\\/hu\\\/fuvarozas\\\/#breadcrumb\",\"itemListElement\":[{\"@type\":\"ListItem\",\"position\":1,\"name\":\"Home\",\"item\":\"https:\\\/\\\/pomeranianvalpar.eu\\\/hu\\\/kezdolap\\\/\"},{\"@type\":\"ListItem\",\"position\":2,\"name\":\"Fuvaroz\u00e1s\"}]},{\"@type\":\"WebSite\",\"@id\":\"https:\\\/\\\/pomeranianvalpar.eu\\\/hu\\\/#website\",\"url\":\"https:\\\/\\\/pomeranianvalpar.eu\\\/hu\\\/\",\"name\":\"Pomeranian valpar till salu\",\"description\":\"Pomeranian valpar\",\"potentialAction\":[{\"@type\":\"SearchAction\",\"target\":{\"@type\":\"EntryPoint\",\"urlTemplate\":\"https:\\\/\\\/pomeranianvalpar.eu\\\/hu\\\/?s={search_term_string}\"},\"query-input\":{\"@type\":\"PropertyValueSpecification\",\"valueRequired\":true,\"valueName\":\"search_term_string\"}}],\"inLanguage\":\"hu\"}]}<\/script>\n<!-- \/ Yoast SEO plugin. -->","yoast_head_json":{"title":"Pomer\u00e1niai kutya elad\u00f3 - Pomer\u00e1niai k\u00f6ly\u00f6kkutya \u00f6r\u00f6kbefogad\u00e1sra","description":"Pomer\u00e1niai kutya elad\u00f3, Pomer\u00e1niai k\u00f6lyk\u00f6ket vil\u00e1gszerte sz\u00e1ll\u00edtunk! ... Ha kiskutya v\u00e1s\u00e1rl\u00e1s\u00e1n gondolkodik, vegye fel vel\u00fcnk a kapcsolatot most.","robots":{"index":"index","follow":"follow","max-snippet":"max-snippet:-1","max-image-preview":"max-image-preview:large","max-video-preview":"max-video-preview:-1"},"canonical":"https:\/\/pomeranianvalpar.eu\/hu\/fuvarozas\/","og_locale":"hu_HU","og_type":"article","og_title":"Pomer\u00e1niai kutya elad\u00f3 - Pomer\u00e1niai k\u00f6ly\u00f6kkutya \u00f6r\u00f6kbefogad\u00e1sra","og_description":"Pomer\u00e1niai kutya elad\u00f3, Pomer\u00e1niai k\u00f6lyk\u00f6ket vil\u00e1gszerte sz\u00e1ll\u00edtunk! ... Ha kiskutya v\u00e1s\u00e1rl\u00e1s\u00e1n gondolkodik, vegye fel vel\u00fcnk a kapcsolatot most.","og_url":"https:\/\/pomeranianvalpar.eu\/hu\/fuvarozas\/","og_site_name":"Pomeranian valpar till salu","article_modified_time":"2025-04-26T15:36:33+00:00","og_image":[{"width":1125,"height":760,"url":"https:\/\/pomeranianvalpar.eu\/wp-content\/uploads\/2021\/07\/IMG_7356.jpg","type":"image\/jpeg"}],"twitter_card":"summary_large_image","twitter_misc":{"Becs\u00fclt olvas\u00e1si id\u0151":"3 perc"},"schema":{"@context":"https:\/\/schema.org","@graph":[{"@type":"WebPage","@id":"https:\/\/pomeranianvalpar.eu\/hu\/fuvarozas\/","url":"https:\/\/pomeranianvalpar.eu\/hu\/fuvarozas\/","name":"Pomer\u00e1niai kutya elad\u00f3 - Pomer\u00e1niai k\u00f6ly\u00f6kkutya \u00f6r\u00f6kbefogad\u00e1sra","isPartOf":{"@id":"https:\/\/pomeranianvalpar.eu\/hu\/#website"},"primaryImageOfPage":{"@id":"https:\/\/pomeranianvalpar.eu\/hu\/fuvarozas\/#primaryimage"},"image":{"@id":"https:\/\/pomeranianvalpar.eu\/hu\/fuvarozas\/#primaryimage"},"thumbnailUrl":"https:\/\/pomeranianvalpar.eu\/wp-content\/uploads\/2021\/07\/IMG_7356.jpg","datePublished":"2021-07-13T20:25:59+00:00","dateModified":"2025-04-26T15:36:33+00:00","description":"Pomer\u00e1niai kutya elad\u00f3, Pomer\u00e1niai k\u00f6lyk\u00f6ket vil\u00e1gszerte sz\u00e1ll\u00edtunk! ... Ha kiskutya v\u00e1s\u00e1rl\u00e1s\u00e1n gondolkodik, vegye fel vel\u00fcnk a kapcsolatot most.","breadcrumb":{"@id":"https:\/\/pomeranianvalpar.eu\/hu\/fuvarozas\/#breadcrumb"},"inLanguage":"hu","potentialAction":[{"@type":"ReadAction","target":["https:\/\/pomeranianvalpar.eu\/hu\/fuvarozas\/"]}]},{"@type":"ImageObject","inLanguage":"hu","@id":"https:\/\/pomeranianvalpar.eu\/hu\/fuvarozas\/#primaryimage","url":"https:\/\/pomeranianvalpar.eu\/wp-content\/uploads\/2021\/07\/IMG_7356.jpg","contentUrl":"https:\/\/pomeranianvalpar.eu\/wp-content\/uploads\/2021\/07\/IMG_7356.jpg"},{"@type":"BreadcrumbList","@id":"https:\/\/pomeranianvalpar.eu\/hu\/fuvarozas\/#breadcrumb","itemListElement":[{"@type":"ListItem","position":1,"name":"Home","item":"https:\/\/pomeranianvalpar.eu\/hu\/kezdolap\/"},{"@type":"ListItem","position":2,"name":"Fuvaroz\u00e1s"}]},{"@type":"WebSite","@id":"https:\/\/pomeranianvalpar.eu\/hu\/#website","url":"https:\/\/pomeranianvalpar.eu\/hu\/","name":"Pomeranian valpar till salu","description":"Pomeranian valpar","potentialAction":[{"@type":"SearchAction","target":{"@type":"EntryPoint","urlTemplate":"https:\/\/pomeranianvalpar.eu\/hu\/?s={search_term_string}"},"query-input":{"@type":"PropertyValueSpecification","valueRequired":true,"valueName":"search_term_string"}}],"inLanguage":"hu"}]}},"_links":{"self":[{"href":"https:\/\/pomeranianvalpar.eu\/hu\/wp-json\/wp\/v2\/pages\/1829","targetHints":{"allow":["GET"]}}],"collection":[{"href":"https:\/\/pomeranianvalpar.eu\/hu\/wp-json\/wp\/v2\/pages"}],"about":[{"href":"https:\/\/pomeranianvalpar.eu\/hu\/wp-json\/wp\/v2\/types\/page"}],"author":[{"embeddable":true,"href":"https:\/\/pomeranianvalpar.eu\/hu\/wp-json\/wp\/v2\/users\/1"}],"replies":[{"embeddable":true,"href":"https:\/\/pomeranianvalpar.eu\/hu\/wp-json\/wp\/v2\/comments?post=1829"}],"version-history":[{"count":1,"href":"https:\/\/pomeranianvalpar.eu\/hu\/wp-json\/wp\/v2\/pages\/1829\/revisions"}],"predecessor-version":[{"id":1835,"href":"https:\/\/pomeranianvalpar.eu\/hu\/wp-json\/wp\/v2\/pages\/1829\/revisions\/1835"}],"wp:attachment":[{"href":"https:\/\/pomeranianvalpar.eu\/hu\/wp-json\/wp\/v2\/media?parent=1829"}],"curies":[{"name":"wp","href":"https:\/\/api.w.org\/{rel}","templated":true}]}}