{"id":1979,"date":"2021-07-13T20:25:30","date_gmt":"2021-07-13T20:25:30","guid":{"rendered":"https:\/\/pomeranianvalpar.eu\/velemenyek\/"},"modified":"2025-04-26T22:27:30","modified_gmt":"2025-04-26T22:27:30","slug":"velemenyek","status":"publish","type":"page","link":"https:\/\/pomeranianvalpar.eu\/hu\/velemenyek\/","title":{"rendered":"V\u00e9lem\u00e9nyek"},"content":{"rendered":"\t\t<div data-elementor-type=\"wp-page\" data-elementor-id=\"1979\" class=\"elementor elementor-1979 elementor-13\">\n\t\t\t\t\t\t<section class=\"elementor-section elementor-top-section elementor-element elementor-element-712ed9e elementor-section-boxed elementor-section-height-default elementor-section-height-default\" data-id=\"712ed9e\" data-element_type=\"section\" data-e-type=\"section\" data-settings=\"{&quot;background_background&quot;:&quot;classic&quot;}\">\n\t\t\t\t\t\t<div class=\"elementor-container elementor-column-gap-default\">\n\t\t\t\t\t<div class=\"elementor-column elementor-col-100 elementor-top-column elementor-element elementor-element-56c6ee4\" data-id=\"56c6ee4\" data-element_type=\"column\" data-e-type=\"column\">\n\t\t\t<div class=\"elementor-widget-wrap elementor-element-populated\">\n\t\t\t\t\t\t<div class=\"elementor-element elementor-element-7a3b3ab elementor-widget elementor-widget-htmega-testimonial-addons\" data-id=\"7a3b3ab\" data-element_type=\"widget\" data-e-type=\"widget\" data-widget_type=\"htmega-testimonial-addons.default\">\n\t\t\t\t<div class=\"elementor-widget-container\">\n\t\t\t\t\t            <div class=\"htmega-testimonial-area htmega-sl-arraow-style-1 htmega-testimonial-style-4 sid7a3b3ab htmega-testimonial-activation\" data-settings=\"{&quot;sectionid&quot;:&quot;sid7a3b3ab&quot;,&quot;arrows&quot;:true,&quot;arrow_prev_txt&quot;:&quot;&lt;i class=\\&quot;fas fa-angle-left\\&quot;&gt;&lt;\\\/i&gt;&quot;,&quot;arrow_next_txt&quot;:&quot;&lt;i class=\\&quot;fas fa-angle-right\\&quot;&gt;&lt;\\\/i&gt;&quot;,&quot;dots&quot;:false,&quot;autoplay&quot;:true,&quot;autoplay_speed&quot;:3000,&quot;animation_speed&quot;:300,&quot;pause_on_hover&quot;:true,&quot;center_mode&quot;:false,&quot;center_padding&quot;:0,&quot;testimonial_style_ck&quot;:4,&quot;display_columns&quot;:1,&quot;scroll_columns&quot;:1,&quot;tablet_width&quot;:750,&quot;tablet_display_columns&quot;:1,&quot;tablet_scroll_columns&quot;:1,&quot;mobile_width&quot;:480,&quot;mobile_display_columns&quot;:1,&quot;mobile_scroll_columns&quot;:1}\" style=\"display:none;\">\n\n                                                            <div class=\"testimonal\">\n                            <div class=\"testimonal-image\"><img decoding=\"async\" width=\"150\" height=\"150\" src=\"https:\/\/pomeranianvalpar.eu\/wp-content\/uploads\/2021\/07\/pom4-150x150.jpeg\" class=\"attachment-thumbnail size-thumbnail wp-image-51\" alt=\"pomeranian hund\" \/><\/div>\n                                                            <div class=\"content\">\n                                    <p>V\u00e1s\u00e1roltunk egy pomponos bab\u00e1t, \u00e9s a folyamat z\u00f6kken\u0151mentes volt az elej\u00e9t\u0151l a k\u00e9zbes\u00edt\u00e9sig, a kiskuty\u00e1nk eg\u00e9szs\u00e9ges \u00e9s energikus. Fantasztikus munka, felel\u0151ss\u00e9gteljes \u00e9s mindig v\u00e1laszol az \u00fczenetekre, nagyon el\u00e9gedett vagyok a kiskuty\u00e1mmal. <\/p><h4>Arabella M.<\/h4>                                <\/div>\n                                                    <\/div>\n                    \n                                                                <div class=\"testimonal\">\n                            <div class=\"testimonal-image\"><img decoding=\"async\" width=\"150\" height=\"150\" src=\"https:\/\/pomeranianvalpar.eu\/wp-content\/uploads\/2021\/07\/pom-150x150.jpeg\" class=\"attachment-thumbnail size-thumbnail wp-image-48\" alt=\"pomeranian\" \/><\/div>\n                                                            <div class=\"content\">\n                                    <p>Abszol\u00fat hihetetlen \u00e9lm\u00e9ny! Eleinte szkeptikusak voltunk egy kiskutya online v\u00e1s\u00e1rl\u00e1s\u00e1val kapcsolatban; k\u00fcl\u00f6n\u00f6sen ilyen messzir\u0151l, de minden aggodalmunk elm\u00falt. Azt kell mondanom, hogy a rengeteg k\u00e9rd\u00e9ssel teli e-mailemre v\u00e1laszt kaptam. K\u00f6sz\u00f6n\u00f6m, hogy teljess\u00e9 tetted az \u00e9letemet \u2764\ufe0f\u2764\ufe0f\ud83d\udc36   <\/p><h4>Nicholas A.<\/h4>                                <\/div>\n                                                    <\/div>\n                    \n                                                                <div class=\"testimonal\">\n                            <div class=\"testimonal-image\"><img decoding=\"async\" width=\"150\" height=\"150\" src=\"https:\/\/pomeranianvalpar.eu\/wp-content\/uploads\/2021\/07\/pom1-150x150.jpeg\" class=\"attachment-thumbnail size-thumbnail wp-image-49\" alt=\"pomeranian\" \/><\/div>\n                                                            <div class=\"content\">\n                                    <p>V\u00e5r valp \u00e4r mycket f\u00f6rtroendefull, lugn, glad, k\u00e4rleksfull (supersocialiserad), frisk och i utm\u00e4rkt kondition. mycket professionellt pappersarbete\/leverans av. P\u00e5 en skala fr\u00e5n ett till tio \u00e4r min nya hund \"Luna\" en stark 11:a :-). Jag rekommenderar dig starkt till vem som helst.   <\/p><h4>Emmeline F<\/h4>                                <\/div>\n                                                    <\/div>\n                    \n                                <\/div>\n\n                         <!-- Border style  -->\n                          \n                            \n                    \t\t\t\t<\/div>\n\t\t\t\t<\/div>\n\t\t\t\t\t<\/div>\n\t\t<\/div>\n\t\t\t\t\t<\/div>\n\t\t<\/section>\n\t\t\t\t<section class=\"elementor-section elementor-top-section elementor-element elementor-element-8988e48 elementor-section-boxed elementor-section-height-default elementor-section-height-default\" data-id=\"8988e48\" data-element_type=\"section\" data-e-type=\"section\" data-settings=\"{&quot;background_background&quot;:&quot;classic&quot;}\">\n\t\t\t\t\t\t<div class=\"elementor-container elementor-column-gap-default\">\n\t\t\t\t\t<div class=\"elementor-column elementor-col-100 elementor-top-column elementor-element elementor-element-04548dc\" data-id=\"04548dc\" data-element_type=\"column\" data-e-type=\"column\">\n\t\t\t<div class=\"elementor-widget-wrap elementor-element-populated\">\n\t\t\t\t\t\t<div class=\"elementor-element elementor-element-29dd0b4 elementor-widget elementor-widget-htmega-testimonialgrid-addons\" data-id=\"29dd0b4\" data-element_type=\"widget\" data-e-type=\"widget\" data-widget_type=\"htmega-testimonialgrid-addons.default\">\n\t\t\t\t<div class=\"elementor-widget-container\">\n\t\t\t\t\t            <div class=\"htmega-testimonialgrid-area htmega-testimonialgrid-style-5 sid29dd0b4\">\n\n                <div class=\"htb-row\">\n                    \n                        <div class=\"htb-col-lg-4 htb-col-md-4 htb-col-sm-6 htb-col-12\">\n\n                                                    <div class=\"testimonal\">\n                                <div class=\"content\">\n                                    <img loading=\"lazy\" decoding=\"async\" width=\"900\" height=\"755\" src=\"https:\/\/pomeranianvalpar.eu\/wp-content\/uploads\/2021\/07\/pomp.jpeg\" class=\"attachment-large size-large wp-image-101\" alt=\"\" srcset=\"https:\/\/pomeranianvalpar.eu\/wp-content\/uploads\/2021\/07\/pomp.jpeg 900w, https:\/\/pomeranianvalpar.eu\/wp-content\/uploads\/2021\/07\/pomp-300x252.jpeg 300w, https:\/\/pomeranianvalpar.eu\/wp-content\/uploads\/2021\/07\/pomp-768x644.jpeg 768w\" sizes=\"(max-width: 900px) 100vw, 900px\" \/>                                    <div class=\"clint-info\">\n                                        <h4>Tobias<\/h4>                                    <\/div>\n                                <\/div>\n                                <p>Szia, nagyon sajn\u00e1lom, hogy ilyen sok\u00e1ig tartott, mire v\u00e1laszoltam az e-mailedre. A Starbucks j\u00f3l teljes\u00edt, most m\u00e1r Branca n\u00e9ven ismert. A feles\u00e9gemmel szerelmesek vagyunk bel\u00e9d. Azt is l\u00e1thatjuk, hogy szeret kimozdulni, strandolni, parkokba j\u00e1rni.   <\/p>                            <\/div>\n\n                        \n                        <\/div>\n\n                    \n                        <div class=\"htb-col-lg-4 htb-col-md-4 htb-col-sm-6 htb-col-12\">\n\n                                                    <div class=\"testimonal\">\n                                <div class=\"content\">\n                                    <img loading=\"lazy\" decoding=\"async\" width=\"600\" height=\"337\" src=\"https:\/\/pomeranianvalpar.eu\/wp-content\/uploads\/2021\/07\/pom.-1.jpeg\" class=\"attachment-large size-large wp-image-95\" alt=\"Pommerschen Welpen zu verkaufen\" srcset=\"https:\/\/pomeranianvalpar.eu\/wp-content\/uploads\/2021\/07\/pom.-1.jpeg 600w, https:\/\/pomeranianvalpar.eu\/wp-content\/uploads\/2021\/07\/pom.-1-300x169.jpeg 300w\" sizes=\"(max-width: 600px) 100vw, 600px\" \/>                                    <div class=\"clint-info\">\n                                        <h4>Amelia<\/h4>                                    <\/div>\n                                <\/div>\n                                <p>K\u00f6sz\u00f6nj\u00fck, hogy ben\u00e9zt\u00e9l hozz\u00e1nk \u00e9s Maximushoz. \u0150 minden, amit k\u00edv\u00e1nhatok! Olyan sok mindenben t\u00f6k\u00e9letes, \u00e9s annyira eml\u00e9keztet az elhunyt kiskuty\u00e1mra. \u00c9let\u00fcnk szerelm\u00e9t adt\u00e1tok nek\u00fcnk, \u00e9s szeretn\u00e9m megk\u00f6sz\u00f6nni nektek. \u00c1tnevezt\u00fck Maximusnak, \u00e9s m\u00e1r ismeri a nev\u00e9t, m\u00e1r ismeri \u00e9s megcs\u00f3kolja.    <\/p>                            <\/div>\n\n                        \n                        <\/div>\n\n                    \n                        <div class=\"htb-col-lg-4 htb-col-md-4 htb-col-sm-6 htb-col-12\">\n\n                                                    <div class=\"testimonal\">\n                                <div class=\"content\">\n                                    <img loading=\"lazy\" decoding=\"async\" width=\"600\" height=\"450\" src=\"https:\/\/pomeranianvalpar.eu\/wp-content\/uploads\/2021\/07\/pom..-1.jpeg\" class=\"attachment-large size-large wp-image-97\" alt=\"Pommerschen Welpen zu verkaufen\" srcset=\"https:\/\/pomeranianvalpar.eu\/wp-content\/uploads\/2021\/07\/pom..-1.jpeg 600w, https:\/\/pomeranianvalpar.eu\/wp-content\/uploads\/2021\/07\/pom..-1-300x225.jpeg 300w\" sizes=\"(max-width: 600px) 100vw, 600px\" \/>                                    <div class=\"clint-info\">\n                                        <h4>Emmeline<\/h4>                                    <\/div>\n                                <\/div>\n                                <p>Alig volt id\u0151m le\u00fclni \u00e9s e-mailt \u00edrni. Gondoltam, most megveszem eb\u00e9dre. MI TELJESEN SZERETETESEK VAGYUNK ROSH-BA. \u00c9des \u00f6r\u00f6mcsomag volt n\u00e1lunk. Nem tudjuk el\u00e9gg\u00e9 megk\u00f6sz\u00f6nni, hogy befogadt\u00e1tok \u0151t a sz\u00edv\u00fcnkbe \u00e9s az otthonainkba.\u2764\ufe0f\u2764\ufe0f<\/p>                            <\/div>\n\n                        \n                        <\/div>\n\n                                    <\/div>\n\n            <\/div>\n                    \t\t\t\t<\/div>\n\t\t\t\t<\/div>\n\t\t\t\t\t<\/div>\n\t\t<\/div>\n\t\t\t\t\t<\/div>\n\t\t<\/section>\n\t\t\t\t<section class=\"elementor-section elementor-top-section elementor-element elementor-element-eb67ef1 elementor-section-boxed elementor-section-height-default elementor-section-height-default\" data-id=\"eb67ef1\" data-element_type=\"section\" data-e-type=\"section\" data-settings=\"{&quot;background_background&quot;:&quot;classic&quot;}\">\n\t\t\t\t\t\t<div class=\"elementor-container elementor-column-gap-default\">\n\t\t\t\t\t<div class=\"elementor-column elementor-col-100 elementor-top-column elementor-element elementor-element-d2ef71d\" data-id=\"d2ef71d\" data-element_type=\"column\" data-e-type=\"column\">\n\t\t\t<div class=\"elementor-widget-wrap elementor-element-populated\">\n\t\t\t\t\t\t<div class=\"elementor-element elementor-element-f290b19 elementor-widget elementor-widget-htmega-testimonial-addons\" data-id=\"f290b19\" data-element_type=\"widget\" data-e-type=\"widget\" data-widget_type=\"htmega-testimonial-addons.default\">\n\t\t\t\t<div class=\"elementor-widget-container\">\n\t\t\t\t\t            <div class=\"htmega-testimonial-area htmega-sl-arraow-style- htmega-testimonial-style-7 sidf290b19 htmega-testimonial-activation\" data-settings=\"{&quot;sectionid&quot;:&quot;sidf290b19&quot;,&quot;arrows&quot;:true,&quot;arrow_prev_txt&quot;:&quot;&lt;i class=\\&quot;fas fa-angle-left\\&quot;&gt;&lt;\\\/i&gt;&quot;,&quot;arrow_next_txt&quot;:&quot;&lt;i class=\\&quot;fas fa-angle-right\\&quot;&gt;&lt;\\\/i&gt;&quot;,&quot;dots&quot;:false,&quot;autoplay&quot;:true,&quot;autoplay_speed&quot;:3000,&quot;animation_speed&quot;:300,&quot;pause_on_hover&quot;:true,&quot;center_mode&quot;:false,&quot;center_padding&quot;:0,&quot;testimonial_style_ck&quot;:7,&quot;display_columns&quot;:1,&quot;scroll_columns&quot;:1,&quot;tablet_width&quot;:750,&quot;tablet_display_columns&quot;:1,&quot;tablet_scroll_columns&quot;:1,&quot;mobile_width&quot;:480,&quot;mobile_display_columns&quot;:1,&quot;mobile_scroll_columns&quot;:1}\" style=\"display:none;\">\n\n                                                            <div class=\"testimonal\">\n                            <div class=\"testimonal-image\"><img loading=\"lazy\" decoding=\"async\" width=\"150\" height=\"150\" src=\"https:\/\/pomeranianvalpar.eu\/wp-content\/uploads\/2021\/07\/pom..-2-150x150.jpeg\" class=\"attachment-thumbnail size-thumbnail wp-image-98\" alt=\"Pommerschen Welpen\" \/><\/div> <div class=\"content\"><p>K\u00f6sz\u00f6nj\u00fck, hogy megadtad nek\u00fcnk ezt az \u00f6r\u00f6m\u00f6t. \u00c9s azt kell mondanunk, hogy \u0151 egy \u00f6r\u00f6mcsomag. \u00c9lvezz\u00fck minden vele t\u00f6lt\u00f6tt pillanatot. \u0150 egy im\u00e1dnival\u00f3, \u00e9des s\u00fctem\u00e9ny, tele \u00e9lettel. Csatolok r\u00f3la n\u00e9h\u00e1ny k\u00e9pet, \u00e9s val\u00f3sz\u00edn\u0171leg hamarosan k\u00fcld\u00f6k majd n\u00e9h\u00e1ny j\u00f3 vide\u00f3t is. M\u00e9g egyszer k\u00f6sz\u00f6n\u00f6m a szolg\u00e1ltat\u00e1s\u00e1t.     <\/p><\/div>                            <div class=\"clint-info\">\n                                <h4>Stefan<\/h4>                            <\/div>\n                        <\/div>\n\n                    \n                                                                <div class=\"testimonal\">\n                            <div class=\"testimonal-image\"><img loading=\"lazy\" decoding=\"async\" width=\"150\" height=\"150\" src=\"https:\/\/pomeranianvalpar.eu\/wp-content\/uploads\/2021\/07\/pom..-150x150.jpeg\" class=\"attachment-thumbnail size-thumbnail wp-image-96\" alt=\"Pommerschen Welpen\" \/><\/div> <div class=\"content\"><p>\u0150 a legszebb k\u00f6ly\u00f6kkutya, akit valaha l\u00e1ttunk, a legjobb temperamentummal \u00e9s term\u00e9szettel. T\u00e9nyleg nem is lehetn\u00e9nk el\u00e9gedettebbek vele. A szolg\u00e1ltat\u00e1s kiv\u00e9teles volt, \u00e9s mindenkinek aj\u00e1nlom, akit ismerek, \u00e9s kuty\u00e1t szeretne.  <\/p><\/div>                            <div class=\"clint-info\">\n                                <h4>Stasy O.<\/h4>                            <\/div>\n                        <\/div>\n\n                    \n                                                                <div class=\"testimonal\">\n                            <div class=\"testimonal-image\"><img loading=\"lazy\" decoding=\"async\" width=\"150\" height=\"150\" src=\"https:\/\/pomeranianvalpar.eu\/wp-content\/uploads\/2021\/07\/IMG_6813-150x150.jpg\" class=\"attachment-thumbnail size-thumbnail wp-image-79\" alt=\"Pommerschen\" \/><\/div> <div class=\"content\"><p>Csak szerettem volna egy friss\u00edt\u00e9st adni a kicsi l\u00e1nyunkr\u00f3l (most Ocha), akit j\u00faniusban kaptunk. Nagyon el\u00e9gedett vel\u00fcnk \u00e9s a macsk\u00e1nkkal is. J\u00f3l fel\u00e9p\u00fclt, \u00e9s megn\u00f6velt\u00fck az edz\u0151 munkaterhel\u00e9s\u00e9t. Szereti a kutyaparkba j\u00e1rni, nassolni \u00e9s apport\u00edrozni a kacsaj\u00e1t\u00e9k\u00e1val.   <\/p><\/div>                            <div class=\"clint-info\">\n                                <h4>J\u00fcrgen<\/h4>                            <\/div>\n                        <\/div>\n\n                    \n                                <\/div>\n\n                         <!-- Border style  -->\n                          \n                            \n                    \t\t\t\t<\/div>\n\t\t\t\t<\/div>\n\t\t\t\t\t<\/div>\n\t\t<\/div>\n\t\t\t\t\t<\/div>\n\t\t<\/section>\n\t\t\t\t<\/div>\n\t\t","protected":false},"excerpt":{"rendered":"<p>V\u00e1s\u00e1roltunk egy pomponos bab\u00e1t, \u00e9s a folyamat z\u00f6kken\u0151mentes volt az elej\u00e9t\u0151l a k\u00e9zbes\u00edt\u00e9sig, a kiskuty\u00e1nk eg\u00e9szs\u00e9ges \u00e9s energikus. Fantasztikus munka, felel\u0151ss\u00e9gteljes \u00e9s mindig v\u00e1laszol az \u00fczenetekre, nagyon el\u00e9gedett vagyok a kiskuty\u00e1mmal. Arabella M. Abszol\u00fat hihetetlen \u00e9lm\u00e9ny! Eleinte szkeptikusak voltunk egy kiskutya online v\u00e1s\u00e1rl\u00e1s\u00e1val kapcsolatban; k\u00fcl\u00f6n\u00f6sen ilyen messzir\u0151l, de minden aggodalmunk elm\u00falt. Azt kell mondanom, hogy &hellip;<\/p>\n<p class=\"read-more\"> <a class=\"\" href=\"https:\/\/pomeranianvalpar.eu\/hu\/velemenyek\/\"> <span class=\"screen-reader-text\">V\u00e9lem\u00e9nyek<\/span> Read More &raquo;<\/a><\/p>\n","protected":false},"author":1,"featured_media":0,"parent":0,"menu_order":0,"comment_status":"closed","ping_status":"closed","template":"","meta":{"footnotes":""},"class_list":["post-1979","page","type-page","status-publish","hentry"],"yoast_head":"<!-- This site is optimized with the Yoast SEO plugin v27.5 - https:\/\/yoast.com\/product\/yoast-seo-wordpress\/ -->\n<title>Pomer\u00e1niai k\u00f6ly\u00f6kkutya v\u00e1s\u00e1rl\u00e1s - Pomer\u00e1niai k\u00f6ly\u00f6kkutya a k\u00f6zelemben<\/title>\n<meta name=\"description\" content=\"Pomer\u00e1niai k\u00f6ly\u00f6kkutya v\u00e1s\u00e1rl\u00e1sa, gy\u00f6ny\u00f6r\u0171 pomer\u00e1niai k\u00f6lyk\u00f6k, akik k\u00e9szen \u00e1llnak \u00faj szeret\u0151 \u00e9s gondoskod\u00f3 otthonokba k\u00f6lt\u00f6zni. Bejegyzett \u00e1llatorvos \u00e1ltal f\u00e9regtelen\u00edtve.\" \/>\n<meta name=\"robots\" content=\"index, follow, max-snippet:-1, max-image-preview:large, max-video-preview:-1\" \/>\n<link rel=\"canonical\" href=\"https:\/\/pomeranianvalpar.eu\/hu\/velemenyek\/\" \/>\n<meta property=\"og:locale\" content=\"hu_HU\" \/>\n<meta property=\"og:type\" content=\"article\" \/>\n<meta property=\"og:title\" content=\"Pomer\u00e1niai k\u00f6ly\u00f6kkutya v\u00e1s\u00e1rl\u00e1s - Pomer\u00e1niai k\u00f6ly\u00f6kkutya a k\u00f6zelemben\" \/>\n<meta property=\"og:description\" content=\"Pomer\u00e1niai k\u00f6ly\u00f6kkutya v\u00e1s\u00e1rl\u00e1sa, gy\u00f6ny\u00f6r\u0171 pomer\u00e1niai k\u00f6lyk\u00f6k, akik k\u00e9szen \u00e1llnak \u00faj szeret\u0151 \u00e9s gondoskod\u00f3 otthonokba k\u00f6lt\u00f6zni. Bejegyzett \u00e1llatorvos \u00e1ltal f\u00e9regtelen\u00edtve.\" \/>\n<meta property=\"og:url\" content=\"https:\/\/pomeranianvalpar.eu\/hu\/velemenyek\/\" \/>\n<meta property=\"og:site_name\" content=\"Pomeranian valpar till salu\" \/>\n<meta property=\"article:modified_time\" content=\"2025-04-26T22:27:30+00:00\" \/>\n<meta property=\"og:image\" content=\"https:\/\/pomeranianvalpar.eu\/wp-content\/uploads\/2021\/07\/pom4.jpeg\" \/>\n\t<meta property=\"og:image:width\" content=\"1080\" \/>\n\t<meta property=\"og:image:height\" content=\"1349\" \/>\n\t<meta property=\"og:image:type\" content=\"image\/jpeg\" \/>\n<meta name=\"twitter:card\" content=\"summary_large_image\" \/>\n<meta name=\"twitter:label1\" content=\"Becs\u00fclt olvas\u00e1si id\u0151\" \/>\n\t<meta name=\"twitter:data1\" content=\"2 perc\" \/>\n<script type=\"application\/ld+json\" class=\"yoast-schema-graph\">{\"@context\":\"https:\\\/\\\/schema.org\",\"@graph\":[{\"@type\":\"WebPage\",\"@id\":\"https:\\\/\\\/pomeranianvalpar.eu\\\/hu\\\/velemenyek\\\/\",\"url\":\"https:\\\/\\\/pomeranianvalpar.eu\\\/hu\\\/velemenyek\\\/\",\"name\":\"Pomer\u00e1niai k\u00f6ly\u00f6kkutya v\u00e1s\u00e1rl\u00e1s - Pomer\u00e1niai k\u00f6ly\u00f6kkutya a k\u00f6zelemben\",\"isPartOf\":{\"@id\":\"https:\\\/\\\/pomeranianvalpar.eu\\\/hu\\\/#website\"},\"primaryImageOfPage\":{\"@id\":\"https:\\\/\\\/pomeranianvalpar.eu\\\/hu\\\/velemenyek\\\/#primaryimage\"},\"image\":{\"@id\":\"https:\\\/\\\/pomeranianvalpar.eu\\\/hu\\\/velemenyek\\\/#primaryimage\"},\"thumbnailUrl\":\"https:\\\/\\\/pomeranianvalpar.eu\\\/wp-content\\\/uploads\\\/2021\\\/07\\\/pom4-150x150.jpeg\",\"datePublished\":\"2021-07-13T20:25:30+00:00\",\"dateModified\":\"2025-04-26T22:27:30+00:00\",\"description\":\"Pomer\u00e1niai k\u00f6ly\u00f6kkutya v\u00e1s\u00e1rl\u00e1sa, gy\u00f6ny\u00f6r\u0171 pomer\u00e1niai k\u00f6lyk\u00f6k, akik k\u00e9szen \u00e1llnak \u00faj szeret\u0151 \u00e9s gondoskod\u00f3 otthonokba k\u00f6lt\u00f6zni. Bejegyzett \u00e1llatorvos \u00e1ltal f\u00e9regtelen\u00edtve.\",\"breadcrumb\":{\"@id\":\"https:\\\/\\\/pomeranianvalpar.eu\\\/hu\\\/velemenyek\\\/#breadcrumb\"},\"inLanguage\":\"hu\",\"potentialAction\":[{\"@type\":\"ReadAction\",\"target\":[\"https:\\\/\\\/pomeranianvalpar.eu\\\/hu\\\/velemenyek\\\/\"]}]},{\"@type\":\"ImageObject\",\"inLanguage\":\"hu\",\"@id\":\"https:\\\/\\\/pomeranianvalpar.eu\\\/hu\\\/velemenyek\\\/#primaryimage\",\"url\":\"https:\\\/\\\/pomeranianvalpar.eu\\\/wp-content\\\/uploads\\\/2021\\\/07\\\/pom4-150x150.jpeg\",\"contentUrl\":\"https:\\\/\\\/pomeranianvalpar.eu\\\/wp-content\\\/uploads\\\/2021\\\/07\\\/pom4-150x150.jpeg\"},{\"@type\":\"BreadcrumbList\",\"@id\":\"https:\\\/\\\/pomeranianvalpar.eu\\\/hu\\\/velemenyek\\\/#breadcrumb\",\"itemListElement\":[{\"@type\":\"ListItem\",\"position\":1,\"name\":\"Home\",\"item\":\"https:\\\/\\\/pomeranianvalpar.eu\\\/hu\\\/kezdolap\\\/\"},{\"@type\":\"ListItem\",\"position\":2,\"name\":\"V\u00e9lem\u00e9nyek\"}]},{\"@type\":\"WebSite\",\"@id\":\"https:\\\/\\\/pomeranianvalpar.eu\\\/hu\\\/#website\",\"url\":\"https:\\\/\\\/pomeranianvalpar.eu\\\/hu\\\/\",\"name\":\"Pomeranian valpar till salu\",\"description\":\"Pomeranian valpar\",\"potentialAction\":[{\"@type\":\"SearchAction\",\"target\":{\"@type\":\"EntryPoint\",\"urlTemplate\":\"https:\\\/\\\/pomeranianvalpar.eu\\\/hu\\\/?s={search_term_string}\"},\"query-input\":{\"@type\":\"PropertyValueSpecification\",\"valueRequired\":true,\"valueName\":\"search_term_string\"}}],\"inLanguage\":\"hu\"}]}<\/script>\n<!-- \/ Yoast SEO plugin. -->","yoast_head_json":{"title":"Pomer\u00e1niai k\u00f6ly\u00f6kkutya v\u00e1s\u00e1rl\u00e1s - Pomer\u00e1niai k\u00f6ly\u00f6kkutya a k\u00f6zelemben","description":"Pomer\u00e1niai k\u00f6ly\u00f6kkutya v\u00e1s\u00e1rl\u00e1sa, gy\u00f6ny\u00f6r\u0171 pomer\u00e1niai k\u00f6lyk\u00f6k, akik k\u00e9szen \u00e1llnak \u00faj szeret\u0151 \u00e9s gondoskod\u00f3 otthonokba k\u00f6lt\u00f6zni. Bejegyzett \u00e1llatorvos \u00e1ltal f\u00e9regtelen\u00edtve.","robots":{"index":"index","follow":"follow","max-snippet":"max-snippet:-1","max-image-preview":"max-image-preview:large","max-video-preview":"max-video-preview:-1"},"canonical":"https:\/\/pomeranianvalpar.eu\/hu\/velemenyek\/","og_locale":"hu_HU","og_type":"article","og_title":"Pomer\u00e1niai k\u00f6ly\u00f6kkutya v\u00e1s\u00e1rl\u00e1s - Pomer\u00e1niai k\u00f6ly\u00f6kkutya a k\u00f6zelemben","og_description":"Pomer\u00e1niai k\u00f6ly\u00f6kkutya v\u00e1s\u00e1rl\u00e1sa, gy\u00f6ny\u00f6r\u0171 pomer\u00e1niai k\u00f6lyk\u00f6k, akik k\u00e9szen \u00e1llnak \u00faj szeret\u0151 \u00e9s gondoskod\u00f3 otthonokba k\u00f6lt\u00f6zni. Bejegyzett \u00e1llatorvos \u00e1ltal f\u00e9regtelen\u00edtve.","og_url":"https:\/\/pomeranianvalpar.eu\/hu\/velemenyek\/","og_site_name":"Pomeranian valpar till salu","article_modified_time":"2025-04-26T22:27:30+00:00","og_image":[{"width":1080,"height":1349,"url":"https:\/\/pomeranianvalpar.eu\/wp-content\/uploads\/2021\/07\/pom4.jpeg","type":"image\/jpeg"}],"twitter_card":"summary_large_image","twitter_misc":{"Becs\u00fclt olvas\u00e1si id\u0151":"2 perc"},"schema":{"@context":"https:\/\/schema.org","@graph":[{"@type":"WebPage","@id":"https:\/\/pomeranianvalpar.eu\/hu\/velemenyek\/","url":"https:\/\/pomeranianvalpar.eu\/hu\/velemenyek\/","name":"Pomer\u00e1niai k\u00f6ly\u00f6kkutya v\u00e1s\u00e1rl\u00e1s - Pomer\u00e1niai k\u00f6ly\u00f6kkutya a k\u00f6zelemben","isPartOf":{"@id":"https:\/\/pomeranianvalpar.eu\/hu\/#website"},"primaryImageOfPage":{"@id":"https:\/\/pomeranianvalpar.eu\/hu\/velemenyek\/#primaryimage"},"image":{"@id":"https:\/\/pomeranianvalpar.eu\/hu\/velemenyek\/#primaryimage"},"thumbnailUrl":"https:\/\/pomeranianvalpar.eu\/wp-content\/uploads\/2021\/07\/pom4-150x150.jpeg","datePublished":"2021-07-13T20:25:30+00:00","dateModified":"2025-04-26T22:27:30+00:00","description":"Pomer\u00e1niai k\u00f6ly\u00f6kkutya v\u00e1s\u00e1rl\u00e1sa, gy\u00f6ny\u00f6r\u0171 pomer\u00e1niai k\u00f6lyk\u00f6k, akik k\u00e9szen \u00e1llnak \u00faj szeret\u0151 \u00e9s gondoskod\u00f3 otthonokba k\u00f6lt\u00f6zni. Bejegyzett \u00e1llatorvos \u00e1ltal f\u00e9regtelen\u00edtve.","breadcrumb":{"@id":"https:\/\/pomeranianvalpar.eu\/hu\/velemenyek\/#breadcrumb"},"inLanguage":"hu","potentialAction":[{"@type":"ReadAction","target":["https:\/\/pomeranianvalpar.eu\/hu\/velemenyek\/"]}]},{"@type":"ImageObject","inLanguage":"hu","@id":"https:\/\/pomeranianvalpar.eu\/hu\/velemenyek\/#primaryimage","url":"https:\/\/pomeranianvalpar.eu\/wp-content\/uploads\/2021\/07\/pom4-150x150.jpeg","contentUrl":"https:\/\/pomeranianvalpar.eu\/wp-content\/uploads\/2021\/07\/pom4-150x150.jpeg"},{"@type":"BreadcrumbList","@id":"https:\/\/pomeranianvalpar.eu\/hu\/velemenyek\/#breadcrumb","itemListElement":[{"@type":"ListItem","position":1,"name":"Home","item":"https:\/\/pomeranianvalpar.eu\/hu\/kezdolap\/"},{"@type":"ListItem","position":2,"name":"V\u00e9lem\u00e9nyek"}]},{"@type":"WebSite","@id":"https:\/\/pomeranianvalpar.eu\/hu\/#website","url":"https:\/\/pomeranianvalpar.eu\/hu\/","name":"Pomeranian valpar till salu","description":"Pomeranian valpar","potentialAction":[{"@type":"SearchAction","target":{"@type":"EntryPoint","urlTemplate":"https:\/\/pomeranianvalpar.eu\/hu\/?s={search_term_string}"},"query-input":{"@type":"PropertyValueSpecification","valueRequired":true,"valueName":"search_term_string"}}],"inLanguage":"hu"}]}},"_links":{"self":[{"href":"https:\/\/pomeranianvalpar.eu\/hu\/wp-json\/wp\/v2\/pages\/1979","targetHints":{"allow":["GET"]}}],"collection":[{"href":"https:\/\/pomeranianvalpar.eu\/hu\/wp-json\/wp\/v2\/pages"}],"about":[{"href":"https:\/\/pomeranianvalpar.eu\/hu\/wp-json\/wp\/v2\/types\/page"}],"author":[{"embeddable":true,"href":"https:\/\/pomeranianvalpar.eu\/hu\/wp-json\/wp\/v2\/users\/1"}],"replies":[{"embeddable":true,"href":"https:\/\/pomeranianvalpar.eu\/hu\/wp-json\/wp\/v2\/comments?post=1979"}],"version-history":[{"count":1,"href":"https:\/\/pomeranianvalpar.eu\/hu\/wp-json\/wp\/v2\/pages\/1979\/revisions"}],"predecessor-version":[{"id":1988,"href":"https:\/\/pomeranianvalpar.eu\/hu\/wp-json\/wp\/v2\/pages\/1979\/revisions\/1988"}],"wp:attachment":[{"href":"https:\/\/pomeranianvalpar.eu\/hu\/wp-json\/wp\/v2\/media?parent=1979"}],"curies":[{"name":"wp","href":"https:\/\/api.w.org\/{rel}","templated":true}]}}