{"id":1127,"date":"2021-07-13T20:24:47","date_gmt":"2021-07-13T20:24:47","guid":{"rendered":"https:\/\/pomeranianvalpar.eu\/chi-siamo\/"},"modified":"2024-03-19T07:29:34","modified_gmt":"2024-03-19T07:29:34","slug":"chi-siamo","status":"publish","type":"page","link":"https:\/\/pomeranianvalpar.eu\/it\/chi-siamo\/","title":{"rendered":"Chi siamo"},"content":{"rendered":"\t\t<div data-elementor-type=\"wp-page\" data-elementor-id=\"1127\" class=\"elementor elementor-1127 elementor-9\">\n\t\t\t\t\t\t<section class=\"elementor-section elementor-top-section elementor-element elementor-element-4f746402 elementor-section-boxed elementor-section-height-default elementor-section-height-default\" data-id=\"4f746402\" data-element_type=\"section\" data-e-type=\"section\" data-settings=\"{&quot;background_background&quot;:&quot;classic&quot;,&quot;shape_divider_bottom&quot;:&quot;curve&quot;,&quot;shape_divider_bottom_negative&quot;:&quot;yes&quot;}\">\n\t\t\t\t\t\t\t<div class=\"elementor-background-overlay\"><\/div>\n\t\t\t\t\t\t<div class=\"elementor-shape elementor-shape-bottom\" aria-hidden=\"true\" data-negative=\"true\">\n\t\t\t<svg xmlns=\"http:\/\/www.w3.org\/2000\/svg\" viewBox=\"0 0 1000 100\" preserveAspectRatio=\"none\">\n\t<path class=\"elementor-shape-fill\" d=\"M500,97C126.7,96.3,0.8,19.8,0,0v100l1000,0V1C1000,19.4,873.3,97.8,500,97z\"\/>\n<\/svg>\t\t<\/div>\n\t\t\t\t\t<div class=\"elementor-container elementor-column-gap-default\">\n\t\t\t\t\t<div class=\"elementor-column elementor-col-100 elementor-top-column elementor-element elementor-element-39b8e071\" data-id=\"39b8e071\" data-element_type=\"column\" data-e-type=\"column\">\n\t\t\t<div class=\"elementor-widget-wrap elementor-element-populated\">\n\t\t\t\t\t\t<div class=\"elementor-element elementor-element-1b0d8f33 elementor-widget elementor-widget-heading\" data-id=\"1b0d8f33\" data-element_type=\"widget\" data-e-type=\"widget\" data-widget_type=\"heading.default\">\n\t\t\t\t<div class=\"elementor-widget-container\">\n\t\t\t\t\t<h2 class=\"elementor-heading-title elementor-size-default\">Chi siamo<\/h2>\t\t\t\t<\/div>\n\t\t\t\t<\/div>\n\t\t\t\t<div class=\"elementor-element elementor-element-1c0c93e7 elementor-widget-divider--view-line elementor-widget elementor-widget-divider\" data-id=\"1c0c93e7\" data-element_type=\"widget\" data-e-type=\"widget\" data-widget_type=\"divider.default\">\n\t\t\t\t<div class=\"elementor-widget-container\">\n\t\t\t\t\t\t\t<div class=\"elementor-divider\">\n\t\t\t<span class=\"elementor-divider-separator\">\n\t\t\t\t\t\t<\/span>\n\t\t<\/div>\n\t\t\t\t\t\t<\/div>\n\t\t\t\t<\/div>\n\t\t\t\t<div class=\"elementor-element elementor-element-77ce2e36 elementor-widget elementor-widget-text-editor\" data-id=\"77ce2e36\" data-element_type=\"widget\" data-e-type=\"widget\" data-widget_type=\"text-editor.default\">\n\t\t\t\t<div class=\"elementor-widget-container\">\n\t\t\t\t\t\t\t\t\t<p><strong>Siamo un team dedicato e premuroso e la nostra missione \u00e8 fornire in sicurezza cuccioli di alta qualit\u00e0 con cartelle cliniche pulite e allevati in modo responsabile. Perch\u00e9 tutti meritano un grande amico a quattro zampe!<\/strong><\/p>\n\t\t\t\t\t\t\t\t<\/div>\n\t\t\t\t<\/div>\n\t\t\t\t\t<\/div>\n\t\t<\/div>\n\t\t\t\t\t<\/div>\n\t\t<\/section>\n\t\t\t\t<section class=\"elementor-section elementor-top-section elementor-element elementor-element-53c12235 elementor-section-boxed elementor-section-height-default elementor-section-height-default\" data-id=\"53c12235\" data-element_type=\"section\" data-e-type=\"section\" data-settings=\"{&quot;background_background&quot;:&quot;gradient&quot;}\">\n\t\t\t\t\t\t<div class=\"elementor-container elementor-column-gap-wide\">\n\t\t\t\t\t<div class=\"elementor-column elementor-col-33 elementor-top-column elementor-element elementor-element-6c87c64c\" data-id=\"6c87c64c\" data-element_type=\"column\" data-e-type=\"column\">\n\t\t\t<div class=\"elementor-widget-wrap elementor-element-populated\">\n\t\t\t\t\t\t<div class=\"elementor-element elementor-element-7747917d elementor-view-default elementor-position-block-start elementor-mobile-position-block-start elementor-widget elementor-widget-icon-box\" data-id=\"7747917d\" data-element_type=\"widget\" data-e-type=\"widget\" data-widget_type=\"icon-box.default\">\n\t\t\t\t<div class=\"elementor-widget-container\">\n\t\t\t\t\t\t\t<div class=\"elementor-icon-box-wrapper\">\n\n\t\t\t\t\t\t<div class=\"elementor-icon-box-icon\">\n\t\t\t\t<span  class=\"elementor-icon\">\n\t\t\t\t<i aria-hidden=\"true\" class=\"fas fa-paw\"><\/i>\t\t\t\t<\/span>\n\t\t\t<\/div>\n\t\t\t\n\t\t\t\t\t\t<div class=\"elementor-icon-box-content\">\n\n\t\t\t\t\n\t\t\t\t\t\t\t\t\t<p class=\"elementor-icon-box-description\">\n\t\t\t\t\t\tI nostri cuccioli sono accuditi con amore e cura, quindi tutto ci\u00f2 che devi fare \u00e8 portarli a casa e amarli.\t\t\t\t\t<\/p>\n\t\t\t\t\n\t\t\t<\/div>\n\t\t\t\n\t\t<\/div>\n\t\t\t\t\t\t<\/div>\n\t\t\t\t<\/div>\n\t\t\t\t\t<\/div>\n\t\t<\/div>\n\t\t\t\t<div class=\"elementor-column elementor-col-33 elementor-top-column elementor-element elementor-element-6b235440\" data-id=\"6b235440\" data-element_type=\"column\" data-e-type=\"column\">\n\t\t\t<div class=\"elementor-widget-wrap elementor-element-populated\">\n\t\t\t\t\t\t<div class=\"elementor-element elementor-element-69186569 elementor-view-default elementor-position-block-start elementor-mobile-position-block-start elementor-widget elementor-widget-icon-box\" data-id=\"69186569\" data-element_type=\"widget\" data-e-type=\"widget\" data-widget_type=\"icon-box.default\">\n\t\t\t\t<div class=\"elementor-widget-container\">\n\t\t\t\t\t\t\t<div class=\"elementor-icon-box-wrapper\">\n\n\t\t\t\t\t\t<div class=\"elementor-icon-box-icon\">\n\t\t\t\t<span  class=\"elementor-icon\">\n\t\t\t\t<i aria-hidden=\"true\" class=\"fas fa-dog\"><\/i>\t\t\t\t<\/span>\n\t\t\t<\/div>\n\t\t\t\n\t\t\t\t\t\t<div class=\"elementor-icon-box-content\">\n\n\t\t\t\t\n\t\t\t\t\t\t\t\t\t<p class=\"elementor-icon-box-description\">\n\t\t\t\t\t\tI cuccioli di Pomerania Teacup sono l'animale domestico per eccellenza. Con qualit\u00e0 sorprendenti, questi cani sono di piccola taglia e hanno un grande cuore.\t\t\t\t\t<\/p>\n\t\t\t\t\n\t\t\t<\/div>\n\t\t\t\n\t\t<\/div>\n\t\t\t\t\t\t<\/div>\n\t\t\t\t<\/div>\n\t\t\t\t\t<\/div>\n\t\t<\/div>\n\t\t\t\t<div class=\"elementor-column elementor-col-33 elementor-top-column elementor-element elementor-element-1586866f\" data-id=\"1586866f\" data-element_type=\"column\" data-e-type=\"column\">\n\t\t\t<div class=\"elementor-widget-wrap elementor-element-populated\">\n\t\t\t\t\t\t<div class=\"elementor-element elementor-element-7f7448c2 elementor-view-default elementor-position-block-start elementor-mobile-position-block-start elementor-widget elementor-widget-icon-box\" data-id=\"7f7448c2\" data-element_type=\"widget\" data-e-type=\"widget\" data-widget_type=\"icon-box.default\">\n\t\t\t\t<div class=\"elementor-widget-container\">\n\t\t\t\t\t\t\t<div class=\"elementor-icon-box-wrapper\">\n\n\t\t\t\t\t\t<div class=\"elementor-icon-box-icon\">\n\t\t\t\t<span  class=\"elementor-icon\">\n\t\t\t\t<i aria-hidden=\"true\" class=\"fas fa-paw\"><\/i>\t\t\t\t<\/span>\n\t\t\t<\/div>\n\t\t\t\n\t\t\t\t\t\t<div class=\"elementor-icon-box-content\">\n\n\t\t\t\t\n\t\t\t\t\t\t\t\t\t<p class=\"elementor-icon-box-description\">\n\t\t\t\t\t\tQuesti cani di buon carattere e molto intelligenti vengono utilizzati come aiutanti per i disabili, guardiani delle case, compagni per i bambini.\t\t\t\t\t<\/p>\n\t\t\t\t\n\t\t\t<\/div>\n\t\t\t\n\t\t<\/div>\n\t\t\t\t\t\t<\/div>\n\t\t\t\t<\/div>\n\t\t\t\t\t<\/div>\n\t\t<\/div>\n\t\t\t\t\t<\/div>\n\t\t<\/section>\n\t\t\t\t<section class=\"elementor-section elementor-top-section elementor-element elementor-element-206ca4f7 elementor-section-boxed elementor-section-height-default elementor-section-height-default\" data-id=\"206ca4f7\" data-element_type=\"section\" data-e-type=\"section\" data-settings=\"{&quot;background_background&quot;:&quot;classic&quot;}\">\n\t\t\t\t\t\t<div class=\"elementor-container elementor-column-gap-wide\">\n\t\t\t\t\t<div class=\"elementor-column elementor-col-100 elementor-top-column elementor-element elementor-element-398b197c\" data-id=\"398b197c\" data-element_type=\"column\" data-e-type=\"column\" data-settings=\"{&quot;background_background&quot;:&quot;gradient&quot;}\">\n\t\t\t<div class=\"elementor-widget-wrap elementor-element-populated\">\n\t\t\t\t\t\t<div class=\"elementor-element elementor-element-7cca380d elementor-widget elementor-widget-heading\" data-id=\"7cca380d\" data-element_type=\"widget\" data-e-type=\"widget\" data-widget_type=\"heading.default\">\n\t\t\t\t<div class=\"elementor-widget-container\">\n\t\t\t\t\t<h3 class=\"elementor-heading-title elementor-size-default\">la nostra storia<\/h3>\t\t\t\t<\/div>\n\t\t\t\t<\/div>\n\t\t\t\t<div class=\"elementor-element elementor-element-7311bd04 elementor-view-default elementor-widget elementor-widget-icon\" data-id=\"7311bd04\" data-element_type=\"widget\" data-e-type=\"widget\" data-widget_type=\"icon.default\">\n\t\t\t\t<div class=\"elementor-widget-container\">\n\t\t\t\t\t\t\t<div class=\"elementor-icon-wrapper\">\n\t\t\t<div class=\"elementor-icon\">\n\t\t\t<i aria-hidden=\"true\" class=\"fas fa-heart\"><\/i>\t\t\t<\/div>\n\t\t<\/div>\n\t\t\t\t\t\t<\/div>\n\t\t\t\t<\/div>\n\t\t\t\t<section class=\"elementor-section elementor-inner-section elementor-element elementor-element-4c00892b elementor-section-boxed elementor-section-height-default elementor-section-height-default\" data-id=\"4c00892b\" data-element_type=\"section\" data-e-type=\"section\">\n\t\t\t\t\t\t<div class=\"elementor-container elementor-column-gap-default\">\n\t\t\t\t\t<div class=\"elementor-column elementor-col-50 elementor-inner-column elementor-element elementor-element-5f7bae30\" data-id=\"5f7bae30\" data-element_type=\"column\" data-e-type=\"column\">\n\t\t\t<div class=\"elementor-widget-wrap elementor-element-populated\">\n\t\t\t\t\t\t<div class=\"elementor-element elementor-element-5a785f21 elementor-widget elementor-widget-text-editor\" data-id=\"5a785f21\" data-element_type=\"widget\" data-e-type=\"widget\" data-widget_type=\"text-editor.default\">\n\t\t\t\t<div class=\"elementor-widget-container\">\n\t\t\t\t\t\t\t\t\t<p><strong>Siamo un&#8217;azienda a conduzione familiare e alleviamo e vendiamo cuccioli di Pomerania Teacup Pomerania dal 2009. Alleviamo solo cuccioli di Pomerania Teacup Pomerania di razza pura e poich\u00e9 siamo specializzati alleviamo solo cani di qualit\u00e0. Non ci limitiamo ad allevare e vendere i nostri cani, sono la nostra famiglia. Spediamo in tutta Europa e nel resto del mondo a molto meno.<\/strong><\/p>\n\t\t\t\t\t\t\t\t<\/div>\n\t\t\t\t<\/div>\n\t\t\t\t\t<\/div>\n\t\t<\/div>\n\t\t\t\t<div class=\"elementor-column elementor-col-50 elementor-inner-column elementor-element elementor-element-74adecc7\" data-id=\"74adecc7\" data-element_type=\"column\" data-e-type=\"column\">\n\t\t\t<div class=\"elementor-widget-wrap elementor-element-populated\">\n\t\t\t\t\t\t<div class=\"elementor-element elementor-element-d4eb4a1 elementor-widget elementor-widget-text-editor\" data-id=\"d4eb4a1\" data-element_type=\"widget\" data-e-type=\"widget\" data-widget_type=\"text-editor.default\">\n\t\t\t\t<div class=\"elementor-widget-container\">\n\t\t\t\t\t\t\t\t\t<p><strong>La nostra prima priorit\u00e0 \u00e8 aiutarti a scegliere un cucciolo di Pomerania Teacup Pomeranian che sar\u00e0 un membro della tua famiglia per i prossimi 15-20 anni. Offriamo la migliore garanzia sanitaria a vita del settore, come chiaramente indicato sul sito web. Quando riceverai il tuo cucciolo, riceverai questa identica garanzia sanitaria per iscritto. Dedicheremo tutto il tempo necessario per aiutarti a scegliere il cucciolo giusto per la tua famiglia.<\/strong><\/p>\n\t\t\t\t\t\t\t\t<\/div>\n\t\t\t\t<\/div>\n\t\t\t\t\t<\/div>\n\t\t<\/div>\n\t\t\t\t\t<\/div>\n\t\t<\/section>\n\t\t\t\t\t<\/div>\n\t\t<\/div>\n\t\t\t\t\t<\/div>\n\t\t<\/section>\n\t\t\t\t<\/div>\n\t\t","protected":false},"excerpt":{"rendered":"<p>Chi siamo Siamo un team dedicato e premuroso e la nostra missione \u00e8 fornire in sicurezza cuccioli di alta qualit\u00e0 con cartelle cliniche pulite e allevati in modo responsabile. Perch\u00e9 tutti meritano un grande amico a quattro zampe! I nostri cuccioli sono accuditi con amore e cura, quindi tutto ci\u00f2 che devi fare \u00e8 portarli &hellip;<\/p>\n<p class=\"read-more\"> <a class=\"\" href=\"https:\/\/pomeranianvalpar.eu\/it\/chi-siamo\/\"> <span class=\"screen-reader-text\">Chi siamo<\/span> Leggi altro &raquo;<\/a><\/p>\n","protected":false},"author":1,"featured_media":0,"parent":0,"menu_order":0,"comment_status":"closed","ping_status":"closed","template":"","meta":{"footnotes":""},"class_list":["post-1127","page","type-page","status-publish","hentry"],"yoast_head":"<!-- This site is optimized with the Yoast SEO plugin v27.5 - https:\/\/yoast.com\/product\/yoast-seo-wordpress\/ -->\n<title>Cuccioli di Pomerania per il reinserimento - Acquista Pomerania<\/title>\n<meta name=\"description\" content=\"Cuccioli di Pomerania per il reinserimento, questi piccoli tesori sono ben socializzati e amano giocare sia con i bambini che con gli adulti.\" \/>\n<meta name=\"robots\" content=\"index, follow, max-snippet:-1, max-image-preview:large, max-video-preview:-1\" \/>\n<link rel=\"canonical\" href=\"https:\/\/pomeranianvalpar.eu\/it\/chi-siamo\/\" \/>\n<meta property=\"og:locale\" content=\"it_IT\" \/>\n<meta property=\"og:type\" content=\"article\" \/>\n<meta property=\"og:title\" content=\"Cuccioli di Pomerania per il reinserimento - Acquista Pomerania\" \/>\n<meta property=\"og:description\" content=\"Cuccioli di Pomerania per il reinserimento, questi piccoli tesori sono ben socializzati e amano giocare sia con i bambini che con gli adulti.\" \/>\n<meta property=\"og:url\" content=\"https:\/\/pomeranianvalpar.eu\/it\/chi-siamo\/\" \/>\n<meta property=\"og:site_name\" content=\"Pomeranian valpar till salu\" \/>\n<meta property=\"article:modified_time\" content=\"2024-03-19T07:29:34+00:00\" \/>\n<meta name=\"twitter:card\" content=\"summary_large_image\" \/>\n<meta name=\"twitter:label1\" content=\"Tempo di lettura stimato\" \/>\n\t<meta name=\"twitter:data1\" content=\"1 minuto\" \/>\n<script type=\"application\/ld+json\" class=\"yoast-schema-graph\">{\"@context\":\"https:\\\/\\\/schema.org\",\"@graph\":[{\"@type\":\"WebPage\",\"@id\":\"https:\\\/\\\/pomeranianvalpar.eu\\\/it\\\/chi-siamo\\\/\",\"url\":\"https:\\\/\\\/pomeranianvalpar.eu\\\/it\\\/chi-siamo\\\/\",\"name\":\"Cuccioli di Pomerania per il reinserimento - Acquista Pomerania\",\"isPartOf\":{\"@id\":\"https:\\\/\\\/pomeranianvalpar.eu\\\/it\\\/#website\"},\"datePublished\":\"2021-07-13T20:24:47+00:00\",\"dateModified\":\"2024-03-19T07:29:34+00:00\",\"description\":\"Cuccioli di Pomerania per il reinserimento, questi piccoli tesori sono ben socializzati e amano giocare sia con i bambini che con gli adulti.\",\"breadcrumb\":{\"@id\":\"https:\\\/\\\/pomeranianvalpar.eu\\\/it\\\/chi-siamo\\\/#breadcrumb\"},\"inLanguage\":\"it-IT\",\"potentialAction\":[{\"@type\":\"ReadAction\",\"target\":[\"https:\\\/\\\/pomeranianvalpar.eu\\\/it\\\/chi-siamo\\\/\"]}]},{\"@type\":\"BreadcrumbList\",\"@id\":\"https:\\\/\\\/pomeranianvalpar.eu\\\/it\\\/chi-siamo\\\/#breadcrumb\",\"itemListElement\":[{\"@type\":\"ListItem\",\"position\":1,\"name\":\"Home\",\"item\":\"https:\\\/\\\/pomeranianvalpar.eu\\\/it\\\/pagina-iniziale\\\/\"},{\"@type\":\"ListItem\",\"position\":2,\"name\":\"Chi siamo\"}]},{\"@type\":\"WebSite\",\"@id\":\"https:\\\/\\\/pomeranianvalpar.eu\\\/it\\\/#website\",\"url\":\"https:\\\/\\\/pomeranianvalpar.eu\\\/it\\\/\",\"name\":\"Pomeranian valpar till salu\",\"description\":\"Pomeranian valpar\",\"publisher\":{\"@id\":\"https:\\\/\\\/pomeranianvalpar.eu\\\/it\\\/#organization\"},\"potentialAction\":[{\"@type\":\"SearchAction\",\"target\":{\"@type\":\"EntryPoint\",\"urlTemplate\":\"https:\\\/\\\/pomeranianvalpar.eu\\\/it\\\/?s={search_term_string}\"},\"query-input\":{\"@type\":\"PropertyValueSpecification\",\"valueRequired\":true,\"valueName\":\"search_term_string\"}}],\"inLanguage\":\"it-IT\"},{\"@type\":\"Organization\",\"@id\":\"https:\\\/\\\/pomeranianvalpar.eu\\\/it\\\/#organization\",\"name\":\"Pomeranian valpar till salu\",\"url\":\"https:\\\/\\\/pomeranianvalpar.eu\\\/it\\\/\",\"logo\":{\"@type\":\"ImageObject\",\"inLanguage\":\"it-IT\",\"@id\":\"https:\\\/\\\/pomeranianvalpar.eu\\\/it\\\/#\\\/schema\\\/logo\\\/image\\\/\",\"url\":\"https:\\\/\\\/pomeranianvalpar.eu\\\/wp-content\\\/uploads\\\/2022\\\/04\\\/cropped-LogoMakr-8y8J7m.png\",\"contentUrl\":\"https:\\\/\\\/pomeranianvalpar.eu\\\/wp-content\\\/uploads\\\/2022\\\/04\\\/cropped-LogoMakr-8y8J7m.png\",\"width\":161,\"height\":130,\"caption\":\"Pomeranian valpar till salu\"},\"image\":{\"@id\":\"https:\\\/\\\/pomeranianvalpar.eu\\\/it\\\/#\\\/schema\\\/logo\\\/image\\\/\"}}]}<\/script>\n<!-- \/ Yoast SEO plugin. -->","yoast_head_json":{"title":"Cuccioli di Pomerania per il reinserimento - Acquista Pomerania","description":"Cuccioli di Pomerania per il reinserimento, questi piccoli tesori sono ben socializzati e amano giocare sia con i bambini che con gli adulti.","robots":{"index":"index","follow":"follow","max-snippet":"max-snippet:-1","max-image-preview":"max-image-preview:large","max-video-preview":"max-video-preview:-1"},"canonical":"https:\/\/pomeranianvalpar.eu\/it\/chi-siamo\/","og_locale":"it_IT","og_type":"article","og_title":"Cuccioli di Pomerania per il reinserimento - Acquista Pomerania","og_description":"Cuccioli di Pomerania per il reinserimento, questi piccoli tesori sono ben socializzati e amano giocare sia con i bambini che con gli adulti.","og_url":"https:\/\/pomeranianvalpar.eu\/it\/chi-siamo\/","og_site_name":"Pomeranian valpar till salu","article_modified_time":"2024-03-19T07:29:34+00:00","twitter_card":"summary_large_image","twitter_misc":{"Tempo di lettura stimato":"1 minuto"},"schema":{"@context":"https:\/\/schema.org","@graph":[{"@type":"WebPage","@id":"https:\/\/pomeranianvalpar.eu\/it\/chi-siamo\/","url":"https:\/\/pomeranianvalpar.eu\/it\/chi-siamo\/","name":"Cuccioli di Pomerania per il reinserimento - Acquista Pomerania","isPartOf":{"@id":"https:\/\/pomeranianvalpar.eu\/it\/#website"},"datePublished":"2021-07-13T20:24:47+00:00","dateModified":"2024-03-19T07:29:34+00:00","description":"Cuccioli di Pomerania per il reinserimento, questi piccoli tesori sono ben socializzati e amano giocare sia con i bambini che con gli adulti.","breadcrumb":{"@id":"https:\/\/pomeranianvalpar.eu\/it\/chi-siamo\/#breadcrumb"},"inLanguage":"it-IT","potentialAction":[{"@type":"ReadAction","target":["https:\/\/pomeranianvalpar.eu\/it\/chi-siamo\/"]}]},{"@type":"BreadcrumbList","@id":"https:\/\/pomeranianvalpar.eu\/it\/chi-siamo\/#breadcrumb","itemListElement":[{"@type":"ListItem","position":1,"name":"Home","item":"https:\/\/pomeranianvalpar.eu\/it\/pagina-iniziale\/"},{"@type":"ListItem","position":2,"name":"Chi siamo"}]},{"@type":"WebSite","@id":"https:\/\/pomeranianvalpar.eu\/it\/#website","url":"https:\/\/pomeranianvalpar.eu\/it\/","name":"Pomeranian valpar till salu","description":"Pomeranian valpar","publisher":{"@id":"https:\/\/pomeranianvalpar.eu\/it\/#organization"},"potentialAction":[{"@type":"SearchAction","target":{"@type":"EntryPoint","urlTemplate":"https:\/\/pomeranianvalpar.eu\/it\/?s={search_term_string}"},"query-input":{"@type":"PropertyValueSpecification","valueRequired":true,"valueName":"search_term_string"}}],"inLanguage":"it-IT"},{"@type":"Organization","@id":"https:\/\/pomeranianvalpar.eu\/it\/#organization","name":"Pomeranian valpar till salu","url":"https:\/\/pomeranianvalpar.eu\/it\/","logo":{"@type":"ImageObject","inLanguage":"it-IT","@id":"https:\/\/pomeranianvalpar.eu\/it\/#\/schema\/logo\/image\/","url":"https:\/\/pomeranianvalpar.eu\/wp-content\/uploads\/2022\/04\/cropped-LogoMakr-8y8J7m.png","contentUrl":"https:\/\/pomeranianvalpar.eu\/wp-content\/uploads\/2022\/04\/cropped-LogoMakr-8y8J7m.png","width":161,"height":130,"caption":"Pomeranian valpar till salu"},"image":{"@id":"https:\/\/pomeranianvalpar.eu\/it\/#\/schema\/logo\/image\/"}}]}},"_links":{"self":[{"href":"https:\/\/pomeranianvalpar.eu\/it\/wp-json\/wp\/v2\/pages\/1127","targetHints":{"allow":["GET"]}}],"collection":[{"href":"https:\/\/pomeranianvalpar.eu\/it\/wp-json\/wp\/v2\/pages"}],"about":[{"href":"https:\/\/pomeranianvalpar.eu\/it\/wp-json\/wp\/v2\/types\/page"}],"author":[{"embeddable":true,"href":"https:\/\/pomeranianvalpar.eu\/it\/wp-json\/wp\/v2\/users\/1"}],"replies":[{"embeddable":true,"href":"https:\/\/pomeranianvalpar.eu\/it\/wp-json\/wp\/v2\/comments?post=1127"}],"version-history":[{"count":1,"href":"https:\/\/pomeranianvalpar.eu\/it\/wp-json\/wp\/v2\/pages\/1127\/revisions"}],"predecessor-version":[{"id":1128,"href":"https:\/\/pomeranianvalpar.eu\/it\/wp-json\/wp\/v2\/pages\/1127\/revisions\/1128"}],"wp:attachment":[{"href":"https:\/\/pomeranianvalpar.eu\/it\/wp-json\/wp\/v2\/media?parent=1127"}],"curies":[{"name":"wp","href":"https:\/\/api.w.org\/{rel}","templated":true}]}}