{"id":1671,"date":"2021-07-13T20:25:59","date_gmt":"2021-07-13T20:25:59","guid":{"rendered":"https:\/\/pomeranianvalpar.eu\/piegade\/"},"modified":"2025-04-24T19:40:10","modified_gmt":"2025-04-24T19:40:10","slug":"piegade","status":"publish","type":"page","link":"https:\/\/pomeranianvalpar.eu\/lv\/piegade\/","title":{"rendered":"Pieg\u0101de"},"content":{"rendered":"\t\t<div data-elementor-type=\"wp-page\" data-elementor-id=\"1671\" class=\"elementor elementor-1671 elementor-15\">\n\t\t\t\t\t\t<section class=\"elementor-section elementor-top-section elementor-element elementor-element-5158c2fd elementor-section-content-middle elementor-section-boxed elementor-section-height-default elementor-section-height-default\" data-id=\"5158c2fd\" data-element_type=\"section\" data-e-type=\"section\" data-settings=\"{&quot;background_background&quot;:&quot;classic&quot;}\">\n\t\t\t\t\t\t<div class=\"elementor-container elementor-column-gap-no\">\n\t\t\t\t\t<div class=\"elementor-column elementor-col-50 elementor-top-column elementor-element elementor-element-3bf45473\" data-id=\"3bf45473\" data-element_type=\"column\" data-e-type=\"column\">\n\t\t\t<div class=\"elementor-widget-wrap elementor-element-populated\">\n\t\t\t\t\t\t<div class=\"elementor-element elementor-element-7e8151c7 elementor-widget elementor-widget-image\" data-id=\"7e8151c7\" data-element_type=\"widget\" data-e-type=\"widget\" data-widget_type=\"image.default\">\n\t\t\t\t<div class=\"elementor-widget-container\">\n\t\t\t\t\t\t\t\t\t\t\t\t\t\t\t<img fetchpriority=\"high\" decoding=\"async\" width=\"1125\" height=\"760\" src=\"https:\/\/pomeranianvalpar.eu\/wp-content\/uploads\/2021\/07\/IMG_7356.jpg\" class=\"attachment-full size-full wp-image-1672\" alt=\"\" srcset=\"https:\/\/pomeranianvalpar.eu\/wp-content\/uploads\/2021\/07\/IMG_7356.jpg 1125w, https:\/\/pomeranianvalpar.eu\/wp-content\/uploads\/2021\/07\/IMG_7356-300x203.jpg 300w, https:\/\/pomeranianvalpar.eu\/wp-content\/uploads\/2021\/07\/IMG_7356-1024x692.jpg 1024w, https:\/\/pomeranianvalpar.eu\/wp-content\/uploads\/2021\/07\/IMG_7356-768x519.jpg 768w\" sizes=\"(max-width: 1125px) 100vw, 1125px\" \/>\t\t\t\t\t\t\t\t\t\t\t\t\t\t\t<\/div>\n\t\t\t\t<\/div>\n\t\t\t\t\t<\/div>\n\t\t<\/div>\n\t\t\t\t<div class=\"elementor-column elementor-col-50 elementor-top-column elementor-element elementor-element-79efaaa7\" data-id=\"79efaaa7\" data-element_type=\"column\" data-e-type=\"column\">\n\t\t\t<div class=\"elementor-widget-wrap elementor-element-populated\">\n\t\t\t\t\t\t<div class=\"elementor-element elementor-element-4c67bd60 elementor-widget elementor-widget-heading\" data-id=\"4c67bd60\" data-element_type=\"widget\" data-e-type=\"widget\" data-widget_type=\"heading.default\">\n\t\t\t\t<div class=\"elementor-widget-container\">\n\t\t\t\t\t<h4 class=\"elementor-heading-title elementor-size-default\">Kuc\u0113na nos\u016bt\u012b\u0161ana: vai tas ir dro\u0161i?<\/h4>\t\t\t\t<\/div>\n\t\t\t\t<\/div>\n\t\t\t\t<div class=\"elementor-element elementor-element-6cb7f3df elementor-widget elementor-widget-text-editor\" data-id=\"6cb7f3df\" data-element_type=\"widget\" data-e-type=\"widget\" data-widget_type=\"text-editor.default\">\n\t\t\t\t<div class=\"elementor-widget-container\">\n\t\t\t\t\t\t\t\t\t<section class=\"elementor-section elementor-top-section elementor-element elementor-element-8160e23 elementor-section-boxed elementor-section-height-default elementor-section-height-default\" data-id=\"8160e23\" data-element_type=\"section\"><div class=\"elementor-container elementor-column-gap-default\"><div class=\"elementor-column elementor-col-100 elementor-top-column elementor-element elementor-element-9a59000\" data-id=\"9a59000\" data-element_type=\"column\"><div class=\"elementor-widget-wrap elementor-element-populated\"><div class=\"elementor-element elementor-element-701a091 elementor-position-top elementor-vertical-align-top elementor-widget elementor-widget-image-box\" data-id=\"701a091\" data-element_type=\"widget\" data-widget_type=\"image-box.default\"><div class=\"elementor-widget-container\"><div class=\"elementor-image-box-wrapper\"><div class=\"elementor-image-box-content\"><p class=\"elementor-image-box-description\"><span style=\"color: #666699;\"><strong>Ar daudzu gadu pieredzi ku\u0123niec\u012bbas nozar\u0113, gan nos\u016btot, gan sa\u0146emot kuc\u0113nus, es zinu, ka visi kuc\u0113ni ir labi apr\u016bp\u0113ti vi\u0146u ce\u013cojuma laik\u0101. Faktiski pieg\u0101de var b\u016bt maz\u0101k stresa nek\u0101 brauk\u0161ana pa pils\u0113t\u0101m, \u0161tatiem vai valst\u012bm, lai pa\u0146emtu kuc\u0113nu. V\u0113l maz\u0101k, jo pieg\u0101de aiz\u0146em tikai da\u017eas stundas, l\u012bdz jaunie \u012bpa\u0161nieki to sa\u0146em.  <\/strong><\/span><\/p><\/div><\/div><\/div><\/div><\/div><\/div><\/div><\/section>\t\t\t\t\t\t\t\t<\/div>\n\t\t\t\t<\/div>\n\t\t\t\t\t<\/div>\n\t\t<\/div>\n\t\t\t\t\t<\/div>\n\t\t<\/section>\n\t\t\t\t<section class=\"elementor-section elementor-top-section elementor-element elementor-element-7a150bff elementor-section-content-middle elementor-reverse-mobile elementor-section-boxed elementor-section-height-default elementor-section-height-default\" data-id=\"7a150bff\" data-element_type=\"section\" data-e-type=\"section\" data-settings=\"{&quot;background_background&quot;:&quot;classic&quot;}\">\n\t\t\t\t\t\t<div class=\"elementor-container elementor-column-gap-no\">\n\t\t\t\t\t<div class=\"elementor-column elementor-col-50 elementor-top-column elementor-element elementor-element-6317a4cc\" data-id=\"6317a4cc\" data-element_type=\"column\" data-e-type=\"column\">\n\t\t\t<div class=\"elementor-widget-wrap elementor-element-populated\">\n\t\t\t\t\t\t<div class=\"elementor-element elementor-element-2d5c707b elementor-widget elementor-widget-heading\" data-id=\"2d5c707b\" data-element_type=\"widget\" data-e-type=\"widget\" data-widget_type=\"heading.default\">\n\t\t\t\t<div class=\"elementor-widget-container\">\n\t\t\t\t\t<h4 class=\"elementor-heading-title elementor-size-default\">Kas ir iek\u013cauts pieg\u0101des proces\u0101?<\/h4>\t\t\t\t<\/div>\n\t\t\t\t<\/div>\n\t\t\t\t<div class=\"elementor-element elementor-element-3e5c79b8 elementor-widget elementor-widget-text-editor\" data-id=\"3e5c79b8\" data-element_type=\"widget\" data-e-type=\"widget\" data-widget_type=\"text-editor.default\">\n\t\t\t\t<div class=\"elementor-widget-container\">\n\t\t\t\t\t\t\t\t\t<section class=\"elementor-section elementor-top-section elementor-element elementor-element-0ca81f3 elementor-section-boxed elementor-section-height-default elementor-section-height-default\" data-id=\"0ca81f3\" data-element_type=\"section\"><div class=\"elementor-container elementor-column-gap-default\"><div class=\"elementor-column elementor-col-100 elementor-top-column elementor-element elementor-element-33694f9\" data-id=\"33694f9\" data-element_type=\"column\"><div class=\"elementor-widget-wrap elementor-element-populated\"><div class=\"elementor-element elementor-element-d2081f0 elementor-widget elementor-widget-text-editor\" data-id=\"d2081f0\" data-element_type=\"widget\" data-widget_type=\"text-editor.default\"><div class=\"elementor-widget-container\"><p><strong>P\u0113c tam, kad b\u016bsim apstiprin\u0101ju\u0161i j\u016bsu maks\u0101jumus. Diena un laiks galvenok\u0101rt b\u016bs atkar\u012bgs no lidojuma pieejam\u012bbas un temperat\u016bras, k\u0101 ar\u012b no t\u0101, kad m\u0113s abi var\u0113sim doties uz lidostu. Es parasti varu rezerv\u0113t lidojumu, lai to nos\u016bt\u012btu taj\u0101 pa\u0161\u0101 dien\u0101, lai gan tas ir nedaudz apgr\u016btino\u0161i un maks\u0101 nedaudz vair\u0101k. P\u0113c lidojuma rezerv\u0113\u0161anas es jums nos\u016bt\u012b\u0161u e-pastu, \u012bszi\u0146u vai piezvan\u012b\u0161u, nor\u0101dot lidojuma numuru, laikus, lidojuma bi\u013ceti un vietu, kur iz\u0146emt kuc\u0113nu. P\u0113c tam vienk\u0101r\u0161i pa\u0146emiet kuc\u0113nu sav\u0101 lidost\u0101. M\u0113s varam ar\u012b noorganiz\u0113t pieg\u0101di uz m\u0101j\u0101m, lai jums neb\u016btu j\u0101dodas uz lidostu p\u0113c sa\u0146em\u0161anas. J\u016bs vienk\u0101r\u0161i gaidiet, kam\u0113r pieg\u0101des person\u0101ls atved\u012bs j\u016bsu kuc\u0113nu tie\u0161i pie j\u016bsu durv\u012bm. Tom\u0113r tas ir ar\u012b \u013coti bez stresa. Jums b\u016bs nepiecie\u0161ama identifik\u0101cijas dokuments (vad\u012bt\u0101ja apliec\u012bba vai ID karte) un lidojuma bi\u013cetes numurs, ko es jums iedevu. Tad es l\u016bdzu priv\u0101tpersonas sazin\u0101ties ar mani p\u0113c iesp\u0113jas \u0101tr\u0101k p\u0113c kuc\u0113na sa\u0146em\u0161anas, jo es \u013coti v\u0113los dzird\u0113t no kuc\u0113na, vai viss bija k\u0101rt\u012bb\u0101, vai j\u016bs dom\u0101jat, un k\u0101di citi jaut\u0101jumi jums var\u0113tu b\u016bt. Izskaidrojums \u0161\u0137iet gar\u0161, bet paties\u012bb\u0101 tas notiek \u013coti \u0101tri! T\u0101pat kuc\u0113niem ce\u013cojuma laik\u0101 tiks pied\u0101v\u0101ta bar\u012bba un papildus \u016bdens, ja tas b\u016bs nepiecie\u0161ams. Kuc\u0113ns ierad\u012bsies da\u017eu stundu laik\u0101 no nos\u016bt\u012b\u0161anas dienas. Process ilgst aptuveni 8 l\u012bdz 12 stundas, un VIP braucieni parasti ir \u012bs\u0101ki.             <\/strong><\/p><\/div><\/div><\/div><\/div><\/div><\/section>\t\t\t\t\t\t\t\t<\/div>\n\t\t\t\t<\/div>\n\t\t\t\t<div class=\"elementor-element elementor-element-79bddafc elementor-align-center elementor-widget elementor-widget-button\" data-id=\"79bddafc\" data-element_type=\"widget\" data-e-type=\"widget\" data-widget_type=\"button.default\">\n\t\t\t\t<div class=\"elementor-widget-container\">\n\t\t\t\t\t\t\t\t\t<div class=\"elementor-button-wrapper\">\n\t\t\t\t\t<a class=\"elementor-button elementor-button-link elementor-size-sm elementor-animation-grow\" href=\"https:\/\/pomeranianvalpar.eu\/verfugbare-welpen\/\">\n\t\t\t\t\t\t<span class=\"elementor-button-content-wrapper\">\n\t\t\t\t\t\t\t\t\t<span class=\"elementor-button-text\">Pieejami kuc\u0113ni<\/span>\n\t\t\t\t\t<\/span>\n\t\t\t\t\t<\/a>\n\t\t\t\t<\/div>\n\t\t\t\t\t\t\t\t<\/div>\n\t\t\t\t<\/div>\n\t\t\t\t\t<\/div>\n\t\t<\/div>\n\t\t\t\t<div class=\"elementor-column elementor-col-50 elementor-top-column elementor-element elementor-element-684f007\" data-id=\"684f007\" data-element_type=\"column\" data-e-type=\"column\" data-settings=\"{&quot;background_background&quot;:&quot;classic&quot;}\">\n\t\t\t<div class=\"elementor-widget-wrap elementor-element-populated\">\n\t\t\t\t\t\t<div class=\"elementor-element elementor-element-41f2f9a elementor-widget elementor-widget-image\" data-id=\"41f2f9a\" data-element_type=\"widget\" data-e-type=\"widget\" data-widget_type=\"image.default\">\n\t\t\t\t<div class=\"elementor-widget-container\">\n\t\t\t\t\t\t\t\t\t\t\t\t\t\t\t<img decoding=\"async\" width=\"1024\" height=\"768\" src=\"https:\/\/pomeranianvalpar.eu\/wp-content\/uploads\/2021\/07\/fr33.jpeg\" class=\"attachment-full size-full wp-image-1675\" alt=\"\" srcset=\"https:\/\/pomeranianvalpar.eu\/wp-content\/uploads\/2021\/07\/fr33.jpeg 1024w, https:\/\/pomeranianvalpar.eu\/wp-content\/uploads\/2021\/07\/fr33-300x225.jpeg 300w, https:\/\/pomeranianvalpar.eu\/wp-content\/uploads\/2021\/07\/fr33-768x576.jpeg 768w\" sizes=\"(max-width: 1024px) 100vw, 1024px\" \/>\t\t\t\t\t\t\t\t\t\t\t\t\t\t\t<\/div>\n\t\t\t\t<\/div>\n\t\t\t\t\t<\/div>\n\t\t<\/div>\n\t\t\t\t\t<\/div>\n\t\t<\/section>\n\t\t\t\t<section class=\"elementor-section elementor-top-section elementor-element elementor-element-a013124 elementor-section-boxed elementor-section-height-default elementor-section-height-default\" data-id=\"a013124\" data-element_type=\"section\" data-e-type=\"section\">\n\t\t\t\t\t\t<div class=\"elementor-container elementor-column-gap-default\">\n\t\t\t\t\t<div class=\"elementor-column elementor-col-50 elementor-top-column elementor-element elementor-element-49cf1f2\" data-id=\"49cf1f2\" data-element_type=\"column\" data-e-type=\"column\" data-settings=\"{&quot;background_background&quot;:&quot;classic&quot;}\">\n\t\t\t<div class=\"elementor-widget-wrap elementor-element-populated\">\n\t\t\t\t\t\t<div class=\"elementor-element elementor-element-bdd48d4 elementor-widget elementor-widget-image\" data-id=\"bdd48d4\" data-element_type=\"widget\" data-e-type=\"widget\" data-widget_type=\"image.default\">\n\t\t\t\t<div class=\"elementor-widget-container\">\n\t\t\t\t\t\t\t\t\t\t\t\t\t\t\t<img decoding=\"async\" width=\"1024\" height=\"728\" src=\"https:\/\/pomeranianvalpar.eu\/wp-content\/uploads\/2021\/07\/fr44-1024x728.jpeg\" class=\"attachment-large size-large wp-image-1676\" alt=\"\" srcset=\"https:\/\/pomeranianvalpar.eu\/wp-content\/uploads\/2021\/07\/fr44-1024x728.jpeg 1024w, https:\/\/pomeranianvalpar.eu\/wp-content\/uploads\/2021\/07\/fr44-300x213.jpeg 300w, https:\/\/pomeranianvalpar.eu\/wp-content\/uploads\/2021\/07\/fr44-768x546.jpeg 768w, https:\/\/pomeranianvalpar.eu\/wp-content\/uploads\/2021\/07\/fr44.jpeg 1079w\" sizes=\"(max-width: 1024px) 100vw, 1024px\" \/>\t\t\t\t\t\t\t\t\t\t\t\t\t\t\t<\/div>\n\t\t\t\t<\/div>\n\t\t\t\t\t<\/div>\n\t\t<\/div>\n\t\t\t\t<div class=\"elementor-column elementor-col-50 elementor-top-column elementor-element elementor-element-50f7137\" data-id=\"50f7137\" data-element_type=\"column\" data-e-type=\"column\" data-settings=\"{&quot;background_background&quot;:&quot;classic&quot;}\">\n\t\t\t<div class=\"elementor-widget-wrap elementor-element-populated\">\n\t\t\t\t\t\t<div class=\"elementor-element elementor-element-9a3755c elementor-widget elementor-widget-text-editor\" data-id=\"9a3755c\" data-element_type=\"widget\" data-e-type=\"widget\" data-widget_type=\"text-editor.default\">\n\t\t\t\t<div class=\"elementor-widget-container\">\n\t\t\t\t\t\t\t\t\t<p><strong>Visi kuc\u0113ni ce\u013co lidma\u0161\u012bnas v\u0113der\u0101, kur temperat\u016bra tiek uztur\u0113ta \u0113rt\u0101 70 gr\u0101du l\u012bmen\u012b. T\u0101pat k\u0101 pasa\u017eieriem, un vi\u0146i ir p\u0113d\u0113jie lidma\u0161\u012bn\u0101 un pirmie izk\u0101pj no t\u0101s. Vien\u012bgais, kas \u0161aj\u0101 gadalaik\u0101 at\u0161\u0137iras, ir tas, ka aviokomp\u0101nijas var stingri iev\u0113rot minim\u0101lo temperat\u016bru katr\u0101 s\u0113dviet\u0101, lai gan lidma\u0161\u012bn\u0101 vienm\u0113r tiek uztur\u0113ta 70 gr\u0101du temperat\u016bra. Es dom\u0101ju, ka tas galvenok\u0101rt ir vi\u0146u atbild\u012bbas un aizsardz\u012bbas d\u0113\u013c. T\u0101pat tie netiek pieg\u0101d\u0101ti vasar\u0101, kad uz ce\u013ca ir p\u0101r\u0101k augsta temperat\u016bra. Ja t\u0101, m\u0113s vienk\u0101r\u0161i gaid\u0101m n\u0101kamo lab\u0101ko nos\u016bt\u012b\u0161anas dienu vai agr\u0101ku vai v\u0113l\u0101ku dienu, lai c\u012bn\u012btos pret karsto\/auksto dienas da\u013cu. P\u0113c kuc\u0113na atve\u0161anas m\u0101j\u0101s j\u016bs tie\u0161i sazin\u0101sieties ar mums, lai uzzin\u0101tu jaunumus, uzdotu jaut\u0101jumus un veidotu attiec\u012bbas. M\u0113s r\u016bp\u0113jamies par savu mazu\u013cu izmitin\u0101\u0161anu un, protams, labpr\u0101t\u0101k sazin\u0101simies un v\u0113rojam, k\u0101 mazais kuc\u0113ns aug.       <\/strong><\/p>\t\t\t\t\t\t\t\t<\/div>\n\t\t\t\t<\/div>\n\t\t\t\t\t<\/div>\n\t\t<\/div>\n\t\t\t\t\t<\/div>\n\t\t<\/section>\n\t\t\t\t<\/div>\n\t\t","protected":false},"excerpt":{"rendered":"<p>Kuc\u0113na nos\u016bt\u012b\u0161ana: vai tas ir dro\u0161i? Ar daudzu gadu pieredzi ku\u0123niec\u012bbas nozar\u0113, gan nos\u016btot, gan sa\u0146emot kuc\u0113nus, es zinu, ka visi kuc\u0113ni ir labi apr\u016bp\u0113ti vi\u0146u ce\u013cojuma laik\u0101. Faktiski pieg\u0101de var b\u016bt maz\u0101k stresa nek\u0101 brauk\u0161ana pa pils\u0113t\u0101m, \u0161tatiem vai valst\u012bm, lai pa\u0146emtu kuc\u0113nu. V\u0113l maz\u0101k, jo pieg\u0101de aiz\u0146em tikai da\u017eas stundas, l\u012bdz jaunie \u012bpa\u0161nieki &hellip;<\/p>\n<p class=\"read-more\"> <a class=\"\" href=\"https:\/\/pomeranianvalpar.eu\/lv\/piegade\/\"> <span class=\"screen-reader-text\">Pieg\u0101de<\/span> Read More &raquo;<\/a><\/p>\n","protected":false},"author":1,"featured_media":0,"parent":0,"menu_order":0,"comment_status":"closed","ping_status":"closed","template":"","meta":{"footnotes":""},"class_list":["post-1671","page","type-page","status-publish","hentry"],"yoast_head":"<!-- This site is optimized with the Yoast SEO plugin v27.5 - https:\/\/yoast.com\/product\/yoast-seo-wordpress\/ -->\n<title>P\u0101rdodu Pomer\u0101nijas sun\u012bti - Adopcijai Pomer\u0101nijas kuc\u0113ns<\/title>\n<meta name=\"description\" content=\"P\u0101rdodu Pomer\u0101nijas suni, M\u0113s pieg\u0101d\u0101jam m\u016bsu Pomer\u0101nijas kuc\u0113nus vis\u0101 pasaul\u0113! ... Ja apsverat kuc\u0113na ieg\u0101di, sazinieties ar mums t\u016bl\u012bt.\" \/>\n<meta name=\"robots\" content=\"index, follow, max-snippet:-1, max-image-preview:large, max-video-preview:-1\" \/>\n<link rel=\"canonical\" href=\"https:\/\/pomeranianvalpar.eu\/lv\/piegade\/\" \/>\n<meta property=\"og:locale\" content=\"lv_LV\" \/>\n<meta property=\"og:type\" content=\"article\" \/>\n<meta property=\"og:title\" content=\"P\u0101rdodu Pomer\u0101nijas sun\u012bti - Adopcijai Pomer\u0101nijas kuc\u0113ns\" \/>\n<meta property=\"og:description\" content=\"P\u0101rdodu Pomer\u0101nijas suni, M\u0113s pieg\u0101d\u0101jam m\u016bsu Pomer\u0101nijas kuc\u0113nus vis\u0101 pasaul\u0113! ... Ja apsverat kuc\u0113na ieg\u0101di, sazinieties ar mums t\u016bl\u012bt.\" \/>\n<meta property=\"og:url\" content=\"https:\/\/pomeranianvalpar.eu\/lv\/piegade\/\" \/>\n<meta property=\"og:site_name\" content=\"Pomeranian valpar till salu\" \/>\n<meta property=\"article:modified_time\" content=\"2025-04-24T19:40:10+00:00\" \/>\n<meta property=\"og:image\" content=\"https:\/\/pomeranianvalpar.eu\/wp-content\/uploads\/2021\/07\/IMG_7356.jpg\" \/>\n\t<meta property=\"og:image:width\" content=\"1125\" \/>\n\t<meta property=\"og:image:height\" content=\"760\" \/>\n\t<meta property=\"og:image:type\" content=\"image\/jpeg\" \/>\n<meta name=\"twitter:card\" content=\"summary_large_image\" \/>\n<meta name=\"twitter:label1\" content=\"Est. reading time\" \/>\n\t<meta name=\"twitter:data1\" content=\"3 minutes\" \/>\n<script type=\"application\/ld+json\" class=\"yoast-schema-graph\">{\"@context\":\"https:\\\/\\\/schema.org\",\"@graph\":[{\"@type\":\"WebPage\",\"@id\":\"https:\\\/\\\/pomeranianvalpar.eu\\\/lv\\\/piegade\\\/\",\"url\":\"https:\\\/\\\/pomeranianvalpar.eu\\\/lv\\\/piegade\\\/\",\"name\":\"P\u0101rdodu Pomer\u0101nijas sun\u012bti - Adopcijai Pomer\u0101nijas kuc\u0113ns\",\"isPartOf\":{\"@id\":\"https:\\\/\\\/pomeranianvalpar.eu\\\/lv\\\/#website\"},\"primaryImageOfPage\":{\"@id\":\"https:\\\/\\\/pomeranianvalpar.eu\\\/lv\\\/piegade\\\/#primaryimage\"},\"image\":{\"@id\":\"https:\\\/\\\/pomeranianvalpar.eu\\\/lv\\\/piegade\\\/#primaryimage\"},\"thumbnailUrl\":\"https:\\\/\\\/pomeranianvalpar.eu\\\/wp-content\\\/uploads\\\/2021\\\/07\\\/IMG_7356.jpg\",\"datePublished\":\"2021-07-13T20:25:59+00:00\",\"dateModified\":\"2025-04-24T19:40:10+00:00\",\"description\":\"P\u0101rdodu Pomer\u0101nijas suni, M\u0113s pieg\u0101d\u0101jam m\u016bsu Pomer\u0101nijas kuc\u0113nus vis\u0101 pasaul\u0113! ... Ja apsverat kuc\u0113na ieg\u0101di, sazinieties ar mums t\u016bl\u012bt.\",\"breadcrumb\":{\"@id\":\"https:\\\/\\\/pomeranianvalpar.eu\\\/lv\\\/piegade\\\/#breadcrumb\"},\"inLanguage\":\"lv-LV\",\"potentialAction\":[{\"@type\":\"ReadAction\",\"target\":[\"https:\\\/\\\/pomeranianvalpar.eu\\\/lv\\\/piegade\\\/\"]}]},{\"@type\":\"ImageObject\",\"inLanguage\":\"lv-LV\",\"@id\":\"https:\\\/\\\/pomeranianvalpar.eu\\\/lv\\\/piegade\\\/#primaryimage\",\"url\":\"https:\\\/\\\/pomeranianvalpar.eu\\\/wp-content\\\/uploads\\\/2021\\\/07\\\/IMG_7356.jpg\",\"contentUrl\":\"https:\\\/\\\/pomeranianvalpar.eu\\\/wp-content\\\/uploads\\\/2021\\\/07\\\/IMG_7356.jpg\"},{\"@type\":\"BreadcrumbList\",\"@id\":\"https:\\\/\\\/pomeranianvalpar.eu\\\/lv\\\/piegade\\\/#breadcrumb\",\"itemListElement\":[{\"@type\":\"ListItem\",\"position\":1,\"name\":\"Home\",\"item\":\"https:\\\/\\\/pomeranianvalpar.eu\\\/lv\\\/majas-lapa\\\/\"},{\"@type\":\"ListItem\",\"position\":2,\"name\":\"Pieg\u0101de\"}]},{\"@type\":\"WebSite\",\"@id\":\"https:\\\/\\\/pomeranianvalpar.eu\\\/lv\\\/#website\",\"url\":\"https:\\\/\\\/pomeranianvalpar.eu\\\/lv\\\/\",\"name\":\"Pomeranian valpar till salu\",\"description\":\"Pomeranian valpar\",\"potentialAction\":[{\"@type\":\"SearchAction\",\"target\":{\"@type\":\"EntryPoint\",\"urlTemplate\":\"https:\\\/\\\/pomeranianvalpar.eu\\\/lv\\\/?s={search_term_string}\"},\"query-input\":{\"@type\":\"PropertyValueSpecification\",\"valueRequired\":true,\"valueName\":\"search_term_string\"}}],\"inLanguage\":\"lv-LV\"}]}<\/script>\n<!-- \/ Yoast SEO plugin. -->","yoast_head_json":{"title":"P\u0101rdodu Pomer\u0101nijas sun\u012bti - Adopcijai Pomer\u0101nijas kuc\u0113ns","description":"P\u0101rdodu Pomer\u0101nijas suni, M\u0113s pieg\u0101d\u0101jam m\u016bsu Pomer\u0101nijas kuc\u0113nus vis\u0101 pasaul\u0113! ... Ja apsverat kuc\u0113na ieg\u0101di, sazinieties ar mums t\u016bl\u012bt.","robots":{"index":"index","follow":"follow","max-snippet":"max-snippet:-1","max-image-preview":"max-image-preview:large","max-video-preview":"max-video-preview:-1"},"canonical":"https:\/\/pomeranianvalpar.eu\/lv\/piegade\/","og_locale":"lv_LV","og_type":"article","og_title":"P\u0101rdodu Pomer\u0101nijas sun\u012bti - Adopcijai Pomer\u0101nijas kuc\u0113ns","og_description":"P\u0101rdodu Pomer\u0101nijas suni, M\u0113s pieg\u0101d\u0101jam m\u016bsu Pomer\u0101nijas kuc\u0113nus vis\u0101 pasaul\u0113! ... Ja apsverat kuc\u0113na ieg\u0101di, sazinieties ar mums t\u016bl\u012bt.","og_url":"https:\/\/pomeranianvalpar.eu\/lv\/piegade\/","og_site_name":"Pomeranian valpar till salu","article_modified_time":"2025-04-24T19:40:10+00:00","og_image":[{"width":1125,"height":760,"url":"https:\/\/pomeranianvalpar.eu\/wp-content\/uploads\/2021\/07\/IMG_7356.jpg","type":"image\/jpeg"}],"twitter_card":"summary_large_image","twitter_misc":{"Est. reading time":"3 minutes"},"schema":{"@context":"https:\/\/schema.org","@graph":[{"@type":"WebPage","@id":"https:\/\/pomeranianvalpar.eu\/lv\/piegade\/","url":"https:\/\/pomeranianvalpar.eu\/lv\/piegade\/","name":"P\u0101rdodu Pomer\u0101nijas sun\u012bti - Adopcijai Pomer\u0101nijas kuc\u0113ns","isPartOf":{"@id":"https:\/\/pomeranianvalpar.eu\/lv\/#website"},"primaryImageOfPage":{"@id":"https:\/\/pomeranianvalpar.eu\/lv\/piegade\/#primaryimage"},"image":{"@id":"https:\/\/pomeranianvalpar.eu\/lv\/piegade\/#primaryimage"},"thumbnailUrl":"https:\/\/pomeranianvalpar.eu\/wp-content\/uploads\/2021\/07\/IMG_7356.jpg","datePublished":"2021-07-13T20:25:59+00:00","dateModified":"2025-04-24T19:40:10+00:00","description":"P\u0101rdodu Pomer\u0101nijas suni, M\u0113s pieg\u0101d\u0101jam m\u016bsu Pomer\u0101nijas kuc\u0113nus vis\u0101 pasaul\u0113! ... Ja apsverat kuc\u0113na ieg\u0101di, sazinieties ar mums t\u016bl\u012bt.","breadcrumb":{"@id":"https:\/\/pomeranianvalpar.eu\/lv\/piegade\/#breadcrumb"},"inLanguage":"lv-LV","potentialAction":[{"@type":"ReadAction","target":["https:\/\/pomeranianvalpar.eu\/lv\/piegade\/"]}]},{"@type":"ImageObject","inLanguage":"lv-LV","@id":"https:\/\/pomeranianvalpar.eu\/lv\/piegade\/#primaryimage","url":"https:\/\/pomeranianvalpar.eu\/wp-content\/uploads\/2021\/07\/IMG_7356.jpg","contentUrl":"https:\/\/pomeranianvalpar.eu\/wp-content\/uploads\/2021\/07\/IMG_7356.jpg"},{"@type":"BreadcrumbList","@id":"https:\/\/pomeranianvalpar.eu\/lv\/piegade\/#breadcrumb","itemListElement":[{"@type":"ListItem","position":1,"name":"Home","item":"https:\/\/pomeranianvalpar.eu\/lv\/majas-lapa\/"},{"@type":"ListItem","position":2,"name":"Pieg\u0101de"}]},{"@type":"WebSite","@id":"https:\/\/pomeranianvalpar.eu\/lv\/#website","url":"https:\/\/pomeranianvalpar.eu\/lv\/","name":"Pomeranian valpar till salu","description":"Pomeranian valpar","potentialAction":[{"@type":"SearchAction","target":{"@type":"EntryPoint","urlTemplate":"https:\/\/pomeranianvalpar.eu\/lv\/?s={search_term_string}"},"query-input":{"@type":"PropertyValueSpecification","valueRequired":true,"valueName":"search_term_string"}}],"inLanguage":"lv-LV"}]}},"_links":{"self":[{"href":"https:\/\/pomeranianvalpar.eu\/lv\/wp-json\/wp\/v2\/pages\/1671","targetHints":{"allow":["GET"]}}],"collection":[{"href":"https:\/\/pomeranianvalpar.eu\/lv\/wp-json\/wp\/v2\/pages"}],"about":[{"href":"https:\/\/pomeranianvalpar.eu\/lv\/wp-json\/wp\/v2\/types\/page"}],"author":[{"embeddable":true,"href":"https:\/\/pomeranianvalpar.eu\/lv\/wp-json\/wp\/v2\/users\/1"}],"replies":[{"embeddable":true,"href":"https:\/\/pomeranianvalpar.eu\/lv\/wp-json\/wp\/v2\/comments?post=1671"}],"version-history":[{"count":1,"href":"https:\/\/pomeranianvalpar.eu\/lv\/wp-json\/wp\/v2\/pages\/1671\/revisions"}],"predecessor-version":[{"id":1677,"href":"https:\/\/pomeranianvalpar.eu\/lv\/wp-json\/wp\/v2\/pages\/1671\/revisions\/1677"}],"wp:attachment":[{"href":"https:\/\/pomeranianvalpar.eu\/lv\/wp-json\/wp\/v2\/media?parent=1671"}],"curies":[{"name":"wp","href":"https:\/\/api.w.org\/{rel}","templated":true}]}}