{"id":1765,"date":"2021-07-13T20:25:30","date_gmt":"2021-07-13T20:25:30","guid":{"rendered":"https:\/\/pomeranianvalpar.eu\/atsauksmes\/"},"modified":"2025-04-24T22:18:15","modified_gmt":"2025-04-24T22:18:15","slug":"atsauksmes","status":"publish","type":"page","link":"https:\/\/pomeranianvalpar.eu\/lv\/atsauksmes\/","title":{"rendered":"Atsauksmes"},"content":{"rendered":"\t\t<div data-elementor-type=\"wp-page\" data-elementor-id=\"1765\" class=\"elementor elementor-1765 elementor-13\">\n\t\t\t\t\t\t<section class=\"elementor-section elementor-top-section elementor-element elementor-element-712ed9e elementor-section-boxed elementor-section-height-default elementor-section-height-default\" data-id=\"712ed9e\" data-element_type=\"section\" data-e-type=\"section\" data-settings=\"{&quot;background_background&quot;:&quot;classic&quot;}\">\n\t\t\t\t\t\t<div class=\"elementor-container elementor-column-gap-default\">\n\t\t\t\t\t<div class=\"elementor-column elementor-col-100 elementor-top-column elementor-element elementor-element-56c6ee4\" data-id=\"56c6ee4\" data-element_type=\"column\" data-e-type=\"column\">\n\t\t\t<div class=\"elementor-widget-wrap elementor-element-populated\">\n\t\t\t\t\t\t<div class=\"elementor-element elementor-element-7a3b3ab elementor-widget elementor-widget-htmega-testimonial-addons\" data-id=\"7a3b3ab\" data-element_type=\"widget\" data-e-type=\"widget\" data-widget_type=\"htmega-testimonial-addons.default\">\n\t\t\t\t<div class=\"elementor-widget-container\">\n\t\t\t\t\t            <div class=\"htmega-testimonial-area htmega-sl-arraow-style-1 htmega-testimonial-style-4 sid7a3b3ab htmega-testimonial-activation\" data-settings=\"{&quot;sectionid&quot;:&quot;sid7a3b3ab&quot;,&quot;arrows&quot;:true,&quot;arrow_prev_txt&quot;:&quot;&lt;i class=\\&quot;fas fa-angle-left\\&quot;&gt;&lt;\\\/i&gt;&quot;,&quot;arrow_next_txt&quot;:&quot;&lt;i class=\\&quot;fas fa-angle-right\\&quot;&gt;&lt;\\\/i&gt;&quot;,&quot;dots&quot;:false,&quot;autoplay&quot;:true,&quot;autoplay_speed&quot;:3000,&quot;animation_speed&quot;:300,&quot;pause_on_hover&quot;:true,&quot;center_mode&quot;:false,&quot;center_padding&quot;:0,&quot;testimonial_style_ck&quot;:4,&quot;display_columns&quot;:1,&quot;scroll_columns&quot;:1,&quot;tablet_width&quot;:750,&quot;tablet_display_columns&quot;:1,&quot;tablet_scroll_columns&quot;:1,&quot;mobile_width&quot;:480,&quot;mobile_display_columns&quot;:1,&quot;mobile_scroll_columns&quot;:1}\" style=\"display:none;\">\n\n                                                            <div class=\"testimonal\">\n                            <div class=\"testimonal-image\"><img decoding=\"async\" width=\"150\" height=\"150\" src=\"https:\/\/pomeranianvalpar.eu\/wp-content\/uploads\/2021\/07\/pom4-150x150.jpeg\" class=\"attachment-thumbnail size-thumbnail wp-image-51\" alt=\"pomeranian hund\" \/><\/div>\n                                                            <div class=\"content\">\n                                    <p>M\u0113s ieg\u0101d\u0101j\u0101mies bumbuli, un viss norit\u0113ja neman\u0101mi no s\u0101kuma l\u012bdz pieg\u0101dei, m\u016bsu kuc\u0113ns ir vesel\u012bgs un ener\u0123isks. Fantastisks darbs, atbild\u012bga pieeja un vienm\u0113r atbild uz zi\u0146ojumiem, esmu \u013coti apmierin\u0101ta ar savu kuc\u0113nu. <\/p><h4>Arabella M.<\/h4>                                <\/div>\n                                                    <\/div>\n                    \n                                                                <div class=\"testimonal\">\n                            <div class=\"testimonal-image\"><img decoding=\"async\" width=\"150\" height=\"150\" src=\"https:\/\/pomeranianvalpar.eu\/wp-content\/uploads\/2021\/07\/pom-150x150.jpeg\" class=\"attachment-thumbnail size-thumbnail wp-image-48\" alt=\"pomeranian\" \/><\/div>\n                                                            <div class=\"content\">\n                                    <p>Absolutely incredible experience! We were initially sceptical by purchasing a puppy online; especially from so far away, but all our concerns disappeared. I must say all my many emails filled with tons of questions were answered. Thank you for making my life complete \u2764\ufe0f\u2764\ufe0f\ud83d\udc36   <\/p><h4>Nicholas A.<\/h4>                                <\/div>\n                                                    <\/div>\n                    \n                                                                <div class=\"testimonal\">\n                            <div class=\"testimonal-image\"><img decoding=\"async\" width=\"150\" height=\"150\" src=\"https:\/\/pomeranianvalpar.eu\/wp-content\/uploads\/2021\/07\/pom1-150x150.jpeg\" class=\"attachment-thumbnail size-thumbnail wp-image-49\" alt=\"pomeranian\" \/><\/div>\n                                                            <div class=\"content\">\n                                    <p>V\u00e5r valp \u00e4r mycket f\u00f6rtroendefull, lugn, glad, k\u00e4rleksfull (supersocialiserad), frisk och i utm\u00e4rkt kondition. mycket professionellt pappersarbete\/leverans av. P\u00e5 en skala fr\u00e5n ett till tio \u00e4r min nya hund \"Luna\" en stark 11:a :-). Jag rekommenderar dig starkt till vem som helst.   <\/p><h4>Emmeline F<\/h4>                                <\/div>\n                                                    <\/div>\n                    \n                                <\/div>\n\n                         <!-- Border style  -->\n                          \n                            \n                    \t\t\t\t<\/div>\n\t\t\t\t<\/div>\n\t\t\t\t\t<\/div>\n\t\t<\/div>\n\t\t\t\t\t<\/div>\n\t\t<\/section>\n\t\t\t\t<section class=\"elementor-section elementor-top-section elementor-element elementor-element-8988e48 elementor-section-boxed elementor-section-height-default elementor-section-height-default\" data-id=\"8988e48\" data-element_type=\"section\" data-e-type=\"section\" data-settings=\"{&quot;background_background&quot;:&quot;classic&quot;}\">\n\t\t\t\t\t\t<div class=\"elementor-container elementor-column-gap-default\">\n\t\t\t\t\t<div class=\"elementor-column elementor-col-100 elementor-top-column elementor-element elementor-element-04548dc\" data-id=\"04548dc\" data-element_type=\"column\" data-e-type=\"column\">\n\t\t\t<div class=\"elementor-widget-wrap elementor-element-populated\">\n\t\t\t\t\t\t<div class=\"elementor-element elementor-element-29dd0b4 elementor-widget elementor-widget-htmega-testimonialgrid-addons\" data-id=\"29dd0b4\" data-element_type=\"widget\" data-e-type=\"widget\" data-widget_type=\"htmega-testimonialgrid-addons.default\">\n\t\t\t\t<div class=\"elementor-widget-container\">\n\t\t\t\t\t            <div class=\"htmega-testimonialgrid-area htmega-testimonialgrid-style-5 sid29dd0b4\">\n\n                <div class=\"htb-row\">\n                    \n                        <div class=\"htb-col-lg-4 htb-col-md-4 htb-col-sm-6 htb-col-12\">\n\n                                                    <div class=\"testimonal\">\n                                <div class=\"content\">\n                                    <img loading=\"lazy\" decoding=\"async\" width=\"900\" height=\"755\" src=\"https:\/\/pomeranianvalpar.eu\/wp-content\/uploads\/2021\/07\/pomp.jpeg\" class=\"attachment-large size-large wp-image-101\" alt=\"\" srcset=\"https:\/\/pomeranianvalpar.eu\/wp-content\/uploads\/2021\/07\/pomp.jpeg 900w, https:\/\/pomeranianvalpar.eu\/wp-content\/uploads\/2021\/07\/pomp-300x252.jpeg 300w, https:\/\/pomeranianvalpar.eu\/wp-content\/uploads\/2021\/07\/pomp-768x644.jpeg 768w\" sizes=\"(max-width: 900px) 100vw, 900px\" \/>                                    <div class=\"clint-info\">\n                                        <h4>Tobias<\/h4>                                    <\/div>\n                                <\/div>\n                                <p>Sveiki, man \u013coti \u017e\u0113l, ka tik ilgi vajadz\u0113ja atbild\u0113t uz j\u016bsu e-pastu. Starbucks kl\u0101jas labi, tagad tas ir paz\u012bstams k\u0101 Branca. Mana sieva un es esam tev\u012b iem\u012bl\u0113ju\u0161ies. M\u0113s ar\u012b varam redz\u0113t, ka vi\u0146ai pat\u012bk iet \u0101r\u0101, uz pludmali, uz parkiem.   <\/p>                            <\/div>\n\n                        \n                        <\/div>\n\n                    \n                        <div class=\"htb-col-lg-4 htb-col-md-4 htb-col-sm-6 htb-col-12\">\n\n                                                    <div class=\"testimonal\">\n                                <div class=\"content\">\n                                    <img loading=\"lazy\" decoding=\"async\" width=\"600\" height=\"337\" src=\"https:\/\/pomeranianvalpar.eu\/wp-content\/uploads\/2021\/07\/pom.-1.jpeg\" class=\"attachment-large size-large wp-image-95\" alt=\"Pommerschen Welpen zu verkaufen\" srcset=\"https:\/\/pomeranianvalpar.eu\/wp-content\/uploads\/2021\/07\/pom.-1.jpeg 600w, https:\/\/pomeranianvalpar.eu\/wp-content\/uploads\/2021\/07\/pom.-1-300x169.jpeg 300w\" sizes=\"(max-width: 600px) 100vw, 600px\" \/>                                    <div class=\"clint-info\">\n                                        <h4>Amelia<\/h4>                                    <\/div>\n                                <\/div>\n                                <p>Tack f\u00f6r att du kollade in hos oss och Maximus. Han \u00e4r allt jag kan \u00f6nska mig! Han \u00e4r perfekt p\u00e5 s\u00e5 m\u00e5nga s\u00e4tt och p\u00e5minner mig s\u00e5 mycket om min sena valp. Ni har alla gett oss v\u00e5ra livs k\u00e4rlek och jag vill tacka er. Vi d\u00f6pte honom om Maximus och han vet redan vad han heter, han kan redan sin v\u00e4g och kysser den.    <\/p>                            <\/div>\n\n                        \n                        <\/div>\n\n                    \n                        <div class=\"htb-col-lg-4 htb-col-md-4 htb-col-sm-6 htb-col-12\">\n\n                                                    <div class=\"testimonal\">\n                                <div class=\"content\">\n                                    <img loading=\"lazy\" decoding=\"async\" width=\"600\" height=\"450\" src=\"https:\/\/pomeranianvalpar.eu\/wp-content\/uploads\/2021\/07\/pom..-1.jpeg\" class=\"attachment-large size-large wp-image-97\" alt=\"Pommerschen Welpen zu verkaufen\" srcset=\"https:\/\/pomeranianvalpar.eu\/wp-content\/uploads\/2021\/07\/pom..-1.jpeg 600w, https:\/\/pomeranianvalpar.eu\/wp-content\/uploads\/2021\/07\/pom..-1-300x225.jpeg 300w\" sizes=\"(max-width: 600px) 100vw, 600px\" \/>                                    <div class=\"clint-info\">\n                                        <h4>Emmeline<\/h4>                                    <\/div>\n                                <\/div>\n                                <p>Ich hatte kaum Zeit, mich hinzusetzen und eine E-Mail zu schreiben. Ich dachte, ich w\u00fcrde es jetzt zum Mittagessen bekommen. WIR SIND ABSOLUT IN DIE LIEBE VON ROSH. Er war ein B\u00fcndel s\u00fc\u00dfer Freude in unserem Haus. Wir k\u00f6nnen Ihnen nicht genug daf\u00fcr danken, dass Sie ihn in unsere Herzen und unser Zuhause aufgenommen haben.\u2764\ufe0f\u2764\ufe0f<\/p>                            <\/div>\n\n                        \n                        <\/div>\n\n                                    <\/div>\n\n            <\/div>\n                    \t\t\t\t<\/div>\n\t\t\t\t<\/div>\n\t\t\t\t\t<\/div>\n\t\t<\/div>\n\t\t\t\t\t<\/div>\n\t\t<\/section>\n\t\t\t\t<section class=\"elementor-section elementor-top-section elementor-element elementor-element-eb67ef1 elementor-section-boxed elementor-section-height-default elementor-section-height-default\" data-id=\"eb67ef1\" data-element_type=\"section\" data-e-type=\"section\" data-settings=\"{&quot;background_background&quot;:&quot;classic&quot;}\">\n\t\t\t\t\t\t<div class=\"elementor-container elementor-column-gap-default\">\n\t\t\t\t\t<div class=\"elementor-column elementor-col-100 elementor-top-column elementor-element elementor-element-d2ef71d\" data-id=\"d2ef71d\" data-element_type=\"column\" data-e-type=\"column\">\n\t\t\t<div class=\"elementor-widget-wrap elementor-element-populated\">\n\t\t\t\t\t\t<div class=\"elementor-element elementor-element-f290b19 elementor-widget elementor-widget-htmega-testimonial-addons\" data-id=\"f290b19\" data-element_type=\"widget\" data-e-type=\"widget\" data-widget_type=\"htmega-testimonial-addons.default\">\n\t\t\t\t<div class=\"elementor-widget-container\">\n\t\t\t\t\t            <div class=\"htmega-testimonial-area htmega-sl-arraow-style- htmega-testimonial-style-7 sidf290b19 htmega-testimonial-activation\" data-settings=\"{&quot;sectionid&quot;:&quot;sidf290b19&quot;,&quot;arrows&quot;:true,&quot;arrow_prev_txt&quot;:&quot;&lt;i class=\\&quot;fas fa-angle-left\\&quot;&gt;&lt;\\\/i&gt;&quot;,&quot;arrow_next_txt&quot;:&quot;&lt;i class=\\&quot;fas fa-angle-right\\&quot;&gt;&lt;\\\/i&gt;&quot;,&quot;dots&quot;:false,&quot;autoplay&quot;:true,&quot;autoplay_speed&quot;:3000,&quot;animation_speed&quot;:300,&quot;pause_on_hover&quot;:true,&quot;center_mode&quot;:false,&quot;center_padding&quot;:0,&quot;testimonial_style_ck&quot;:7,&quot;display_columns&quot;:1,&quot;scroll_columns&quot;:1,&quot;tablet_width&quot;:750,&quot;tablet_display_columns&quot;:1,&quot;tablet_scroll_columns&quot;:1,&quot;mobile_width&quot;:480,&quot;mobile_display_columns&quot;:1,&quot;mobile_scroll_columns&quot;:1}\" style=\"display:none;\">\n\n                                                            <div class=\"testimonal\">\n                            <div class=\"testimonal-image\"><img loading=\"lazy\" decoding=\"async\" width=\"150\" height=\"150\" src=\"https:\/\/pomeranianvalpar.eu\/wp-content\/uploads\/2021\/07\/pom..-2-150x150.jpeg\" class=\"attachment-thumbnail size-thumbnail wp-image-98\" alt=\"Pommerschen Welpen\" \/><\/div> <div class=\"content\"><p>Paldies, ka d\u0101v\u0101jat mums \u0161o prieku. Un mums j\u0101saka, vi\u0146a ir prieka sai\u0161\u0137is. M\u0113s izbaud\u0101m katru mirkli kop\u0101 ar vi\u0146u. Vi\u0146a ir burv\u012bga, salda k\u016bka, pilna dz\u012bv\u012bbas. Pievienoju da\u017eas vi\u0146as bildes, un, iesp\u0113jams, dr\u012bz nos\u016bt\u012b\u0161u tev da\u017eus labus video. V\u0113lreiz paldies par j\u016bsu pakalpojumu.     <\/p><\/div>                            <div class=\"clint-info\">\n                                <h4>Stefan<\/h4>                            <\/div>\n                        <\/div>\n\n                    \n                                                                <div class=\"testimonal\">\n                            <div class=\"testimonal-image\"><img loading=\"lazy\" decoding=\"async\" width=\"150\" height=\"150\" src=\"https:\/\/pomeranianvalpar.eu\/wp-content\/uploads\/2021\/07\/pom..-150x150.jpeg\" class=\"attachment-thumbnail size-thumbnail wp-image-96\" alt=\"Pommerschen Welpen\" \/><\/div> <div class=\"content\"><p>He is the most beautiful puppy we have ever seen with the best temperament and nature. We really could not be more pleased with him. The service you provided was exceptional and I will definitely recommend this service to anyone I know who is interested in getting a dog  <\/p><\/div>                            <div class=\"clint-info\">\n                                <h4>Stacy Owen<\/h4>                            <\/div>\n                        <\/div>\n\n                    \n                                                                <div class=\"testimonal\">\n                            <div class=\"testimonal-image\"><img loading=\"lazy\" decoding=\"async\" width=\"150\" height=\"150\" src=\"https:\/\/pomeranianvalpar.eu\/wp-content\/uploads\/2021\/07\/IMG_6813-150x150.jpg\" class=\"attachment-thumbnail size-thumbnail wp-image-79\" alt=\"Pommerschen\" \/><\/div> <div class=\"content\"><p>Ville bare give dig en opdatering om vores lille (nu Ocha), som vi modtog i juni. Hun er meget glad for os og vores kat. Hun kom rask, og vi har \u00f8get tr\u00e6nerens arbejde. Hun nyder at g\u00e5 tur til hundeparken, snacke og lege apport med sit andeleget\u00f8j.   <\/p><\/div>                            <div class=\"clint-info\">\n                                <h4>J\u00fcrgen<\/h4>                            <\/div>\n                        <\/div>\n\n                    \n                                <\/div>\n\n                         <!-- Border style  -->\n                          \n                            \n                    \t\t\t\t<\/div>\n\t\t\t\t<\/div>\n\t\t\t\t\t<\/div>\n\t\t<\/div>\n\t\t\t\t\t<\/div>\n\t\t<\/section>\n\t\t\t\t<\/div>\n\t\t","protected":false},"excerpt":{"rendered":"<p>M\u0113s ieg\u0101d\u0101j\u0101mies bumbuli, un viss norit\u0113ja neman\u0101mi no s\u0101kuma l\u012bdz pieg\u0101dei, m\u016bsu kuc\u0113ns ir vesel\u012bgs un ener\u0123isks. Fantastisks darbs, atbild\u012bga pieeja un vienm\u0113r atbild uz zi\u0146ojumiem, esmu \u013coti apmierin\u0101ta ar savu kuc\u0113nu. Arabella M. Absolutely incredible experience! We were initially sceptical by purchasing a puppy online; especially from so far away, but all our concerns &hellip;<\/p>\n<p class=\"read-more\"> <a class=\"\" href=\"https:\/\/pomeranianvalpar.eu\/lv\/atsauksmes\/\"> <span class=\"screen-reader-text\">Atsauksmes<\/span> Read More &raquo;<\/a><\/p>\n","protected":false},"author":1,"featured_media":0,"parent":0,"menu_order":0,"comment_status":"closed","ping_status":"closed","template":"","meta":{"footnotes":""},"class_list":["post-1765","page","type-page","status-publish","hentry"],"yoast_head":"<!-- This site is optimized with the Yoast SEO plugin v27.5 - https:\/\/yoast.com\/product\/yoast-seo-wordpress\/ -->\n<title>Nopirkt Pomer\u0101nijas kuc\u0113nu - Pomer\u0101nijas kuc\u0113ns man tuvum\u0101<\/title>\n<meta name=\"description\" content=\"P\u0113rciet Pomer\u0101nijas kuc\u0113nu, skaisti Pomer\u0101nijas kuc\u0113ni, gatavi doties uz jaun\u0101m, m\u012blo\u0161\u0101m un g\u0101d\u012bg\u0101m m\u0101j\u0101m. Att\u0101rpots pie re\u0123istr\u0113ta veterin\u0101r\u0101rsta.\" \/>\n<meta name=\"robots\" content=\"index, follow, max-snippet:-1, max-image-preview:large, max-video-preview:-1\" \/>\n<link rel=\"canonical\" href=\"https:\/\/pomeranianvalpar.eu\/lv\/atsauksmes\/\" \/>\n<meta property=\"og:locale\" content=\"lv_LV\" \/>\n<meta property=\"og:type\" content=\"article\" \/>\n<meta property=\"og:title\" content=\"Nopirkt Pomer\u0101nijas kuc\u0113nu - Pomer\u0101nijas kuc\u0113ns man tuvum\u0101\" \/>\n<meta property=\"og:description\" content=\"P\u0113rciet Pomer\u0101nijas kuc\u0113nu, skaisti Pomer\u0101nijas kuc\u0113ni, gatavi doties uz jaun\u0101m, m\u012blo\u0161\u0101m un g\u0101d\u012bg\u0101m m\u0101j\u0101m. Att\u0101rpots pie re\u0123istr\u0113ta veterin\u0101r\u0101rsta.\" \/>\n<meta property=\"og:url\" content=\"https:\/\/pomeranianvalpar.eu\/lv\/atsauksmes\/\" \/>\n<meta property=\"og:site_name\" content=\"Pomeranian valpar till salu\" \/>\n<meta property=\"article:modified_time\" content=\"2025-04-24T22:18:15+00:00\" \/>\n<meta property=\"og:image\" content=\"https:\/\/pomeranianvalpar.eu\/wp-content\/uploads\/2021\/07\/pom4.jpeg\" \/>\n\t<meta property=\"og:image:width\" content=\"1080\" \/>\n\t<meta property=\"og:image:height\" content=\"1349\" \/>\n\t<meta property=\"og:image:type\" content=\"image\/jpeg\" \/>\n<meta name=\"twitter:card\" content=\"summary_large_image\" \/>\n<meta name=\"twitter:label1\" content=\"Est. reading time\" \/>\n\t<meta name=\"twitter:data1\" content=\"3 minutes\" \/>\n<script type=\"application\/ld+json\" class=\"yoast-schema-graph\">{\"@context\":\"https:\\\/\\\/schema.org\",\"@graph\":[{\"@type\":\"WebPage\",\"@id\":\"https:\\\/\\\/pomeranianvalpar.eu\\\/lv\\\/atsauksmes\\\/\",\"url\":\"https:\\\/\\\/pomeranianvalpar.eu\\\/lv\\\/atsauksmes\\\/\",\"name\":\"Nopirkt Pomer\u0101nijas kuc\u0113nu - Pomer\u0101nijas kuc\u0113ns man tuvum\u0101\",\"isPartOf\":{\"@id\":\"https:\\\/\\\/pomeranianvalpar.eu\\\/lv\\\/#website\"},\"primaryImageOfPage\":{\"@id\":\"https:\\\/\\\/pomeranianvalpar.eu\\\/lv\\\/atsauksmes\\\/#primaryimage\"},\"image\":{\"@id\":\"https:\\\/\\\/pomeranianvalpar.eu\\\/lv\\\/atsauksmes\\\/#primaryimage\"},\"thumbnailUrl\":\"https:\\\/\\\/pomeranianvalpar.eu\\\/wp-content\\\/uploads\\\/2021\\\/07\\\/pom4-150x150.jpeg\",\"datePublished\":\"2021-07-13T20:25:30+00:00\",\"dateModified\":\"2025-04-24T22:18:15+00:00\",\"description\":\"P\u0113rciet Pomer\u0101nijas kuc\u0113nu, skaisti Pomer\u0101nijas kuc\u0113ni, gatavi doties uz jaun\u0101m, m\u012blo\u0161\u0101m un g\u0101d\u012bg\u0101m m\u0101j\u0101m. Att\u0101rpots pie re\u0123istr\u0113ta veterin\u0101r\u0101rsta.\",\"breadcrumb\":{\"@id\":\"https:\\\/\\\/pomeranianvalpar.eu\\\/lv\\\/atsauksmes\\\/#breadcrumb\"},\"inLanguage\":\"lv-LV\",\"potentialAction\":[{\"@type\":\"ReadAction\",\"target\":[\"https:\\\/\\\/pomeranianvalpar.eu\\\/lv\\\/atsauksmes\\\/\"]}]},{\"@type\":\"ImageObject\",\"inLanguage\":\"lv-LV\",\"@id\":\"https:\\\/\\\/pomeranianvalpar.eu\\\/lv\\\/atsauksmes\\\/#primaryimage\",\"url\":\"https:\\\/\\\/pomeranianvalpar.eu\\\/wp-content\\\/uploads\\\/2021\\\/07\\\/pom4-150x150.jpeg\",\"contentUrl\":\"https:\\\/\\\/pomeranianvalpar.eu\\\/wp-content\\\/uploads\\\/2021\\\/07\\\/pom4-150x150.jpeg\"},{\"@type\":\"BreadcrumbList\",\"@id\":\"https:\\\/\\\/pomeranianvalpar.eu\\\/lv\\\/atsauksmes\\\/#breadcrumb\",\"itemListElement\":[{\"@type\":\"ListItem\",\"position\":1,\"name\":\"Home\",\"item\":\"https:\\\/\\\/pomeranianvalpar.eu\\\/lv\\\/majas-lapa\\\/\"},{\"@type\":\"ListItem\",\"position\":2,\"name\":\"Atsauksmes\"}]},{\"@type\":\"WebSite\",\"@id\":\"https:\\\/\\\/pomeranianvalpar.eu\\\/lv\\\/#website\",\"url\":\"https:\\\/\\\/pomeranianvalpar.eu\\\/lv\\\/\",\"name\":\"Pomeranian valpar till salu\",\"description\":\"Pomeranian valpar\",\"potentialAction\":[{\"@type\":\"SearchAction\",\"target\":{\"@type\":\"EntryPoint\",\"urlTemplate\":\"https:\\\/\\\/pomeranianvalpar.eu\\\/lv\\\/?s={search_term_string}\"},\"query-input\":{\"@type\":\"PropertyValueSpecification\",\"valueRequired\":true,\"valueName\":\"search_term_string\"}}],\"inLanguage\":\"lv-LV\"}]}<\/script>\n<!-- \/ Yoast SEO plugin. -->","yoast_head_json":{"title":"Nopirkt Pomer\u0101nijas kuc\u0113nu - Pomer\u0101nijas kuc\u0113ns man tuvum\u0101","description":"P\u0113rciet Pomer\u0101nijas kuc\u0113nu, skaisti Pomer\u0101nijas kuc\u0113ni, gatavi doties uz jaun\u0101m, m\u012blo\u0161\u0101m un g\u0101d\u012bg\u0101m m\u0101j\u0101m. Att\u0101rpots pie re\u0123istr\u0113ta veterin\u0101r\u0101rsta.","robots":{"index":"index","follow":"follow","max-snippet":"max-snippet:-1","max-image-preview":"max-image-preview:large","max-video-preview":"max-video-preview:-1"},"canonical":"https:\/\/pomeranianvalpar.eu\/lv\/atsauksmes\/","og_locale":"lv_LV","og_type":"article","og_title":"Nopirkt Pomer\u0101nijas kuc\u0113nu - Pomer\u0101nijas kuc\u0113ns man tuvum\u0101","og_description":"P\u0113rciet Pomer\u0101nijas kuc\u0113nu, skaisti Pomer\u0101nijas kuc\u0113ni, gatavi doties uz jaun\u0101m, m\u012blo\u0161\u0101m un g\u0101d\u012bg\u0101m m\u0101j\u0101m. Att\u0101rpots pie re\u0123istr\u0113ta veterin\u0101r\u0101rsta.","og_url":"https:\/\/pomeranianvalpar.eu\/lv\/atsauksmes\/","og_site_name":"Pomeranian valpar till salu","article_modified_time":"2025-04-24T22:18:15+00:00","og_image":[{"width":1080,"height":1349,"url":"https:\/\/pomeranianvalpar.eu\/wp-content\/uploads\/2021\/07\/pom4.jpeg","type":"image\/jpeg"}],"twitter_card":"summary_large_image","twitter_misc":{"Est. reading time":"3 minutes"},"schema":{"@context":"https:\/\/schema.org","@graph":[{"@type":"WebPage","@id":"https:\/\/pomeranianvalpar.eu\/lv\/atsauksmes\/","url":"https:\/\/pomeranianvalpar.eu\/lv\/atsauksmes\/","name":"Nopirkt Pomer\u0101nijas kuc\u0113nu - Pomer\u0101nijas kuc\u0113ns man tuvum\u0101","isPartOf":{"@id":"https:\/\/pomeranianvalpar.eu\/lv\/#website"},"primaryImageOfPage":{"@id":"https:\/\/pomeranianvalpar.eu\/lv\/atsauksmes\/#primaryimage"},"image":{"@id":"https:\/\/pomeranianvalpar.eu\/lv\/atsauksmes\/#primaryimage"},"thumbnailUrl":"https:\/\/pomeranianvalpar.eu\/wp-content\/uploads\/2021\/07\/pom4-150x150.jpeg","datePublished":"2021-07-13T20:25:30+00:00","dateModified":"2025-04-24T22:18:15+00:00","description":"P\u0113rciet Pomer\u0101nijas kuc\u0113nu, skaisti Pomer\u0101nijas kuc\u0113ni, gatavi doties uz jaun\u0101m, m\u012blo\u0161\u0101m un g\u0101d\u012bg\u0101m m\u0101j\u0101m. Att\u0101rpots pie re\u0123istr\u0113ta veterin\u0101r\u0101rsta.","breadcrumb":{"@id":"https:\/\/pomeranianvalpar.eu\/lv\/atsauksmes\/#breadcrumb"},"inLanguage":"lv-LV","potentialAction":[{"@type":"ReadAction","target":["https:\/\/pomeranianvalpar.eu\/lv\/atsauksmes\/"]}]},{"@type":"ImageObject","inLanguage":"lv-LV","@id":"https:\/\/pomeranianvalpar.eu\/lv\/atsauksmes\/#primaryimage","url":"https:\/\/pomeranianvalpar.eu\/wp-content\/uploads\/2021\/07\/pom4-150x150.jpeg","contentUrl":"https:\/\/pomeranianvalpar.eu\/wp-content\/uploads\/2021\/07\/pom4-150x150.jpeg"},{"@type":"BreadcrumbList","@id":"https:\/\/pomeranianvalpar.eu\/lv\/atsauksmes\/#breadcrumb","itemListElement":[{"@type":"ListItem","position":1,"name":"Home","item":"https:\/\/pomeranianvalpar.eu\/lv\/majas-lapa\/"},{"@type":"ListItem","position":2,"name":"Atsauksmes"}]},{"@type":"WebSite","@id":"https:\/\/pomeranianvalpar.eu\/lv\/#website","url":"https:\/\/pomeranianvalpar.eu\/lv\/","name":"Pomeranian valpar till salu","description":"Pomeranian valpar","potentialAction":[{"@type":"SearchAction","target":{"@type":"EntryPoint","urlTemplate":"https:\/\/pomeranianvalpar.eu\/lv\/?s={search_term_string}"},"query-input":{"@type":"PropertyValueSpecification","valueRequired":true,"valueName":"search_term_string"}}],"inLanguage":"lv-LV"}]}},"_links":{"self":[{"href":"https:\/\/pomeranianvalpar.eu\/lv\/wp-json\/wp\/v2\/pages\/1765","targetHints":{"allow":["GET"]}}],"collection":[{"href":"https:\/\/pomeranianvalpar.eu\/lv\/wp-json\/wp\/v2\/pages"}],"about":[{"href":"https:\/\/pomeranianvalpar.eu\/lv\/wp-json\/wp\/v2\/types\/page"}],"author":[{"embeddable":true,"href":"https:\/\/pomeranianvalpar.eu\/lv\/wp-json\/wp\/v2\/users\/1"}],"replies":[{"embeddable":true,"href":"https:\/\/pomeranianvalpar.eu\/lv\/wp-json\/wp\/v2\/comments?post=1765"}],"version-history":[{"count":1,"href":"https:\/\/pomeranianvalpar.eu\/lv\/wp-json\/wp\/v2\/pages\/1765\/revisions"}],"predecessor-version":[{"id":1774,"href":"https:\/\/pomeranianvalpar.eu\/lv\/wp-json\/wp\/v2\/pages\/1765\/revisions\/1774"}],"wp:attachment":[{"href":"https:\/\/pomeranianvalpar.eu\/lv\/wp-json\/wp\/v2\/media?parent=1765"}],"curies":[{"name":"wp","href":"https:\/\/api.w.org\/{rel}","templated":true}]}}