{"id":1544,"date":"2021-07-13T20:25:59","date_gmt":"2021-07-13T20:25:59","guid":{"rendered":"https:\/\/pomeranianvalpar.eu\/wysylka\/"},"modified":"2025-04-24T10:22:02","modified_gmt":"2025-04-24T10:22:02","slug":"wysylka","status":"publish","type":"page","link":"https:\/\/pomeranianvalpar.eu\/pl\/wysylka\/","title":{"rendered":"Wysy\u0142ka"},"content":{"rendered":"\t\t<div data-elementor-type=\"wp-page\" data-elementor-id=\"1544\" class=\"elementor elementor-1544 elementor-15\">\n\t\t\t\t\t\t<section class=\"elementor-section elementor-top-section elementor-element elementor-element-5158c2fd elementor-section-content-middle elementor-section-boxed elementor-section-height-default elementor-section-height-default\" data-id=\"5158c2fd\" data-element_type=\"section\" data-e-type=\"section\" data-settings=\"{&quot;background_background&quot;:&quot;classic&quot;}\">\n\t\t\t\t\t\t<div class=\"elementor-container elementor-column-gap-no\">\n\t\t\t\t\t<div class=\"elementor-column elementor-col-50 elementor-top-column elementor-element elementor-element-3bf45473\" data-id=\"3bf45473\" data-element_type=\"column\" data-e-type=\"column\">\n\t\t\t<div class=\"elementor-widget-wrap elementor-element-populated\">\n\t\t\t\t\t\t<div class=\"elementor-element elementor-element-7e8151c7 elementor-widget elementor-widget-image\" data-id=\"7e8151c7\" data-element_type=\"widget\" data-e-type=\"widget\" data-widget_type=\"image.default\">\n\t\t\t\t<div class=\"elementor-widget-container\">\n\t\t\t\t\t\t\t\t\t\t\t\t\t\t\t<img fetchpriority=\"high\" decoding=\"async\" width=\"1125\" height=\"760\" src=\"https:\/\/pomeranianvalpar.eu\/wp-content\/uploads\/2021\/07\/IMG_7356.jpg\" class=\"attachment-full size-full wp-image-1545\" alt=\"\" srcset=\"https:\/\/pomeranianvalpar.eu\/wp-content\/uploads\/2021\/07\/IMG_7356.jpg 1125w, https:\/\/pomeranianvalpar.eu\/wp-content\/uploads\/2021\/07\/IMG_7356-300x203.jpg 300w, https:\/\/pomeranianvalpar.eu\/wp-content\/uploads\/2021\/07\/IMG_7356-1024x692.jpg 1024w, https:\/\/pomeranianvalpar.eu\/wp-content\/uploads\/2021\/07\/IMG_7356-768x519.jpg 768w\" sizes=\"(max-width: 1125px) 100vw, 1125px\" \/>\t\t\t\t\t\t\t\t\t\t\t\t\t\t\t<\/div>\n\t\t\t\t<\/div>\n\t\t\t\t\t<\/div>\n\t\t<\/div>\n\t\t\t\t<div class=\"elementor-column elementor-col-50 elementor-top-column elementor-element elementor-element-79efaaa7\" data-id=\"79efaaa7\" data-element_type=\"column\" data-e-type=\"column\">\n\t\t\t<div class=\"elementor-widget-wrap elementor-element-populated\">\n\t\t\t\t\t\t<div class=\"elementor-element elementor-element-4c67bd60 elementor-widget elementor-widget-heading\" data-id=\"4c67bd60\" data-element_type=\"widget\" data-e-type=\"widget\" data-widget_type=\"heading.default\">\n\t\t\t\t<div class=\"elementor-widget-container\">\n\t\t\t\t\t<h4 class=\"elementor-heading-title elementor-size-default\">Wysy\u0142ka szczeniaka: Czy to bezpieczne?<\/h4>\t\t\t\t<\/div>\n\t\t\t\t<\/div>\n\t\t\t\t<div class=\"elementor-element elementor-element-6cb7f3df elementor-widget elementor-widget-text-editor\" data-id=\"6cb7f3df\" data-element_type=\"widget\" data-e-type=\"widget\" data-widget_type=\"text-editor.default\">\n\t\t\t\t<div class=\"elementor-widget-container\">\n\t\t\t\t\t\t\t\t\t<section class=\"elementor-section elementor-top-section elementor-element elementor-element-8160e23 elementor-section-boxed elementor-section-height-default elementor-section-height-default\" data-id=\"8160e23\" data-element_type=\"section\"><div class=\"elementor-container elementor-column-gap-default\"><div class=\"elementor-column elementor-col-100 elementor-top-column elementor-element elementor-element-9a59000\" data-id=\"9a59000\" data-element_type=\"column\"><div class=\"elementor-widget-wrap elementor-element-populated\"><div class=\"elementor-element elementor-element-701a091 elementor-position-top elementor-vertical-align-top elementor-widget elementor-widget-image-box\" data-id=\"701a091\" data-element_type=\"widget\" data-widget_type=\"image-box.default\"><div class=\"elementor-widget-container\"><div class=\"elementor-image-box-wrapper\"><div class=\"elementor-image-box-content\"><p class=\"elementor-image-box-description\"><span style=\"color: #666699;\"><strong>Posiadaj\u0105c wieloletnie do\u015bwiadczenie w bran\u017cy spedycyjnej, zar\u00f3wno w zakresie wysy\u0142ki, jak i odbioru szczeni\u0105t, wiem, \u017ce wszystkie szczeni\u0119ta s\u0105 pod dobr\u0105 opiek\u0105 w czasie podr\u00f3\u017cy. W rzeczywisto\u015bci wysy\u0142ka mo\u017ce by\u0107 mniej stresuj\u0105ca ni\u017c jazda przez miasta, stany czy kraje w celu odebrania szczeniaka. Tym bardziej, \u017ce przesy\u0142ka dociera do nowych w\u0142a\u015bcicieli w ci\u0105gu zaledwie kilku godzin.  <\/strong><\/span><\/p><\/div><\/div><\/div><\/div><\/div><\/div><\/div><\/section>\t\t\t\t\t\t\t\t<\/div>\n\t\t\t\t<\/div>\n\t\t\t\t\t<\/div>\n\t\t<\/div>\n\t\t\t\t\t<\/div>\n\t\t<\/section>\n\t\t\t\t<section class=\"elementor-section elementor-top-section elementor-element elementor-element-7a150bff elementor-section-content-middle elementor-reverse-mobile elementor-section-boxed elementor-section-height-default elementor-section-height-default\" data-id=\"7a150bff\" data-element_type=\"section\" data-e-type=\"section\" data-settings=\"{&quot;background_background&quot;:&quot;classic&quot;}\">\n\t\t\t\t\t\t<div class=\"elementor-container elementor-column-gap-no\">\n\t\t\t\t\t<div class=\"elementor-column elementor-col-50 elementor-top-column elementor-element elementor-element-6317a4cc\" data-id=\"6317a4cc\" data-element_type=\"column\" data-e-type=\"column\">\n\t\t\t<div class=\"elementor-widget-wrap elementor-element-populated\">\n\t\t\t\t\t\t<div class=\"elementor-element elementor-element-2d5c707b elementor-widget elementor-widget-heading\" data-id=\"2d5c707b\" data-element_type=\"widget\" data-e-type=\"widget\" data-widget_type=\"heading.default\">\n\t\t\t\t<div class=\"elementor-widget-container\">\n\t\t\t\t\t<h4 class=\"elementor-heading-title elementor-size-default\">Co obejmuje proces wysy\u0142ki?<\/h4>\t\t\t\t<\/div>\n\t\t\t\t<\/div>\n\t\t\t\t<div class=\"elementor-element elementor-element-3e5c79b8 elementor-widget elementor-widget-text-editor\" data-id=\"3e5c79b8\" data-element_type=\"widget\" data-e-type=\"widget\" data-widget_type=\"text-editor.default\">\n\t\t\t\t<div class=\"elementor-widget-container\">\n\t\t\t\t\t\t\t\t\t<section class=\"elementor-section elementor-top-section elementor-element elementor-element-0ca81f3 elementor-section-boxed elementor-section-height-default elementor-section-height-default\" data-id=\"0ca81f3\" data-element_type=\"section\"><div class=\"elementor-container elementor-column-gap-default\"><div class=\"elementor-column elementor-col-100 elementor-top-column elementor-element elementor-element-33694f9\" data-id=\"33694f9\" data-element_type=\"column\"><div class=\"elementor-widget-wrap elementor-element-populated\"><div class=\"elementor-element elementor-element-d2081f0 elementor-widget elementor-widget-text-editor\" data-id=\"d2081f0\" data-element_type=\"widget\" data-widget_type=\"text-editor.default\"><div class=\"elementor-widget-container\"><p><strong>Po potwierdzeniu p\u0142atno\u015bci od Ciebie. Dzie\u0144 i godzina b\u0119d\u0105 zale\u017ce\u0107 przede wszystkim od dost\u0119pno\u015bci lot\u00f3w i temperatury, a tak\u017ce od tego, kiedy oboje b\u0119dziemy mogli dotrze\u0107 na lotnisko. Zazwyczaj mog\u0119 zarezerwowa\u0107 lot, kt\u00f3ry zostanie wys\u0142any tego samego dnia, cho\u0107 jest to troch\u0119 k\u0142opotliwe i kosztuje troch\u0119 wi\u0119cej. Po dokonaniu rezerwacji lotu wy\u015bl\u0119 Ci e-mail, SMS-a lub zadzwoni\u0119, podaj\u0105c numer lotu, godzin\u0119 i bilet lotniczy oraz miejsce odbioru szczeniaka. Nast\u0119pnie wystarczy odebra\u0107 szczeniaka na lotnisku. Mo\u017cemy r\u00f3wnie\u017c zorganizowa\u0107 dostaw\u0119 do domu, dzi\u0119ki czemu nie b\u0119dziesz musia\u0142 jecha\u0107 na lotnisko, aby odebra\u0107 zam\u00f3wienie. Po prostu poczekaj, a\u017c dostawca przyniesie Twojego szczeniaka prosto pod Twoje drzwi. Jednak\u017ce jest to r\u00f3wnie\u017c bardzo bezstresowe. B\u0119dziesz potrzebowa\u0107 dokumentu to\u017csamo\u015bci (prawa jazdy lub dowodu osobistego) i numeru biletu lotniczego, kt\u00f3ry ci poda\u0142em. Nast\u0119pnie prosz\u0119 osoby prywatne o kontakt ze mn\u0105 mo\u017cliwie jak najszybciej po otrzymaniu szczeniaka, poniewa\u017c bardzo zale\u017cy mi na tym, aby dowiedzie\u0107 si\u0119, czy wszystko by\u0142o w porz\u0105dku, co o nim my\u015blicie, a tak\u017ce aby pozna\u0107 wszelkie inne Pa\u0144stwa pytania. Wyja\u015bnienie wydaje si\u0119 d\u0142ugie, ale w rzeczywisto\u015bci jest bardzo szybkie! W razie potrzeby szczeni\u0119tom podczas podr\u00f3\u017cy b\u0119dzie oferowane tak\u017ce jedzenie i dodatkowa woda. Szczeni\u0119 zostanie dostarczone w ci\u0105gu kilku godzin od dnia wysy\u0142ki. Ca\u0142y proces trwa od 8 do 12 godzin, a wycieczki VIP s\u0105 zazwyczaj kr\u00f3tsze.             <\/strong><\/p><\/div><\/div><\/div><\/div><\/div><\/section>\t\t\t\t\t\t\t\t<\/div>\n\t\t\t\t<\/div>\n\t\t\t\t<div class=\"elementor-element elementor-element-79bddafc elementor-align-center elementor-widget elementor-widget-button\" data-id=\"79bddafc\" data-element_type=\"widget\" data-e-type=\"widget\" data-widget_type=\"button.default\">\n\t\t\t\t<div class=\"elementor-widget-container\">\n\t\t\t\t\t\t\t\t\t<div class=\"elementor-button-wrapper\">\n\t\t\t\t\t<a class=\"elementor-button elementor-button-link elementor-size-sm elementor-animation-grow\" href=\"https:\/\/pomeranianvalpar.eu\/verfugbare-welpen\/\">\n\t\t\t\t\t\t<span class=\"elementor-button-content-wrapper\">\n\t\t\t\t\t\t\t\t\t<span class=\"elementor-button-text\">Dost\u0119pne szczeni\u0119ta<\/span>\n\t\t\t\t\t<\/span>\n\t\t\t\t\t<\/a>\n\t\t\t\t<\/div>\n\t\t\t\t\t\t\t\t<\/div>\n\t\t\t\t<\/div>\n\t\t\t\t\t<\/div>\n\t\t<\/div>\n\t\t\t\t<div class=\"elementor-column elementor-col-50 elementor-top-column elementor-element elementor-element-684f007\" data-id=\"684f007\" data-element_type=\"column\" data-e-type=\"column\" data-settings=\"{&quot;background_background&quot;:&quot;classic&quot;}\">\n\t\t\t<div class=\"elementor-widget-wrap elementor-element-populated\">\n\t\t\t\t\t\t<div class=\"elementor-element elementor-element-41f2f9a elementor-widget elementor-widget-image\" data-id=\"41f2f9a\" data-element_type=\"widget\" data-e-type=\"widget\" data-widget_type=\"image.default\">\n\t\t\t\t<div class=\"elementor-widget-container\">\n\t\t\t\t\t\t\t\t\t\t\t\t\t\t\t<img decoding=\"async\" width=\"1024\" height=\"768\" src=\"https:\/\/pomeranianvalpar.eu\/wp-content\/uploads\/2021\/07\/fr33.jpeg\" class=\"attachment-full size-full wp-image-1548\" alt=\"\" srcset=\"https:\/\/pomeranianvalpar.eu\/wp-content\/uploads\/2021\/07\/fr33.jpeg 1024w, https:\/\/pomeranianvalpar.eu\/wp-content\/uploads\/2021\/07\/fr33-300x225.jpeg 300w, https:\/\/pomeranianvalpar.eu\/wp-content\/uploads\/2021\/07\/fr33-768x576.jpeg 768w\" sizes=\"(max-width: 1024px) 100vw, 1024px\" \/>\t\t\t\t\t\t\t\t\t\t\t\t\t\t\t<\/div>\n\t\t\t\t<\/div>\n\t\t\t\t\t<\/div>\n\t\t<\/div>\n\t\t\t\t\t<\/div>\n\t\t<\/section>\n\t\t\t\t<section class=\"elementor-section elementor-top-section elementor-element elementor-element-a013124 elementor-section-boxed elementor-section-height-default elementor-section-height-default\" data-id=\"a013124\" data-element_type=\"section\" data-e-type=\"section\">\n\t\t\t\t\t\t<div class=\"elementor-container elementor-column-gap-default\">\n\t\t\t\t\t<div class=\"elementor-column elementor-col-50 elementor-top-column elementor-element elementor-element-49cf1f2\" data-id=\"49cf1f2\" data-element_type=\"column\" data-e-type=\"column\" data-settings=\"{&quot;background_background&quot;:&quot;classic&quot;}\">\n\t\t\t<div class=\"elementor-widget-wrap elementor-element-populated\">\n\t\t\t\t\t\t<div class=\"elementor-element elementor-element-bdd48d4 elementor-widget elementor-widget-image\" data-id=\"bdd48d4\" data-element_type=\"widget\" data-e-type=\"widget\" data-widget_type=\"image.default\">\n\t\t\t\t<div class=\"elementor-widget-container\">\n\t\t\t\t\t\t\t\t\t\t\t\t\t\t\t<img decoding=\"async\" width=\"1024\" height=\"728\" src=\"https:\/\/pomeranianvalpar.eu\/wp-content\/uploads\/2021\/07\/fr44-1024x728.jpeg\" class=\"attachment-large size-large wp-image-1549\" alt=\"\" srcset=\"https:\/\/pomeranianvalpar.eu\/wp-content\/uploads\/2021\/07\/fr44-1024x728.jpeg 1024w, https:\/\/pomeranianvalpar.eu\/wp-content\/uploads\/2021\/07\/fr44-300x213.jpeg 300w, https:\/\/pomeranianvalpar.eu\/wp-content\/uploads\/2021\/07\/fr44-768x546.jpeg 768w, https:\/\/pomeranianvalpar.eu\/wp-content\/uploads\/2021\/07\/fr44.jpeg 1079w\" sizes=\"(max-width: 1024px) 100vw, 1024px\" \/>\t\t\t\t\t\t\t\t\t\t\t\t\t\t\t<\/div>\n\t\t\t\t<\/div>\n\t\t\t\t\t<\/div>\n\t\t<\/div>\n\t\t\t\t<div class=\"elementor-column elementor-col-50 elementor-top-column elementor-element elementor-element-50f7137\" data-id=\"50f7137\" data-element_type=\"column\" data-e-type=\"column\" data-settings=\"{&quot;background_background&quot;:&quot;classic&quot;}\">\n\t\t\t<div class=\"elementor-widget-wrap elementor-element-populated\">\n\t\t\t\t\t\t<div class=\"elementor-element elementor-element-9a3755c elementor-widget elementor-widget-text-editor\" data-id=\"9a3755c\" data-element_type=\"widget\" data-e-type=\"widget\" data-widget_type=\"text-editor.default\">\n\t\t\t\t<div class=\"elementor-widget-container\">\n\t\t\t\t\t\t\t\t\t<p><strong>Wszystkie szczeni\u0119ta podr\u00f3\u017cuj\u0105 w przedziale pasa\u017cerskim samolotu, gdzie temperatura utrzymywana jest na komfortowym poziomie 70 stopni. Tak samo jak pasa\u017cerowie. Wchodz\u0105 na pok\u0142ad samolotu jako ostatni i pierwsi z niego wychodz\u0105. Jedyn\u0105 r\u00f3\u017cnic\u0105 w tym okresie roku jest to, \u017ce linie lotnicze mog\u0105 \u015bci\u015ble przestrzega\u0107 minimalnej temperatury na ka\u017cdym siedzeniu, mimo \u017ce w samolocie zawsze utrzymuje si\u0119 temperatura 70 stopni. My\u015bl\u0119, \u017ce chodzi tu g\u0142\u00f3wnie o ich odpowiedzialno\u015b\u0107 i ochron\u0119. Podobnie, nie wysy\u0142a si\u0119 ich latem, gdy temperatury w transporcie s\u0105 zbyt wysokie. Je\u015bli tak, po prostu czekamy na nast\u0119pny najlepszy dzie\u0144 na wysy\u0142k\u0119 lub na wcze\u015bniejsz\u0105 lub p\u00f3\u017aniejsz\u0105 por\u0119 dnia, aby poradzi\u0107 sobie z gor\u0105c\u0105\/zimn\u0105 por\u0105 dnia. Po przyniesieniu szczeniaka do domu, b\u0119dziesz si\u0119 z nami bezpo\u015brednio kontaktowa\u0107, przekazywa\u0107 nam najnowsze informacje, zadawa\u0107 pytania i nawi\u0105zywa\u0107 relacje. Dbamy o warunki bytowe naszych maluch\u00f3w i oczywi\u015bcie woleliby\u015bmy pozosta\u0107 w kontakcie i obserwowa\u0107, jak ma\u0142y szczeniak dorasta.       <\/strong><\/p>\t\t\t\t\t\t\t\t<\/div>\n\t\t\t\t<\/div>\n\t\t\t\t\t<\/div>\n\t\t<\/div>\n\t\t\t\t\t<\/div>\n\t\t<\/section>\n\t\t\t\t<\/div>\n\t\t","protected":false},"excerpt":{"rendered":"<p>Wysy\u0142ka szczeniaka: Czy to bezpieczne? Posiadaj\u0105c wieloletnie do\u015bwiadczenie w bran\u017cy spedycyjnej, zar\u00f3wno w zakresie wysy\u0142ki, jak i odbioru szczeni\u0105t, wiem, \u017ce wszystkie szczeni\u0119ta s\u0105 pod dobr\u0105 opiek\u0105 w czasie podr\u00f3\u017cy. W rzeczywisto\u015bci wysy\u0142ka mo\u017ce by\u0107 mniej stresuj\u0105ca ni\u017c jazda przez miasta, stany czy kraje w celu odebrania szczeniaka. Tym bardziej, \u017ce przesy\u0142ka dociera do nowych &hellip;<\/p>\n<p class=\"read-more\"> <a class=\"\" href=\"https:\/\/pomeranianvalpar.eu\/pl\/wysylka\/\"> <span class=\"screen-reader-text\">Wysy\u0142ka<\/span> Read More &raquo;<\/a><\/p>\n","protected":false},"author":1,"featured_media":0,"parent":0,"menu_order":0,"comment_status":"closed","ping_status":"closed","template":"","meta":{"footnotes":""},"class_list":["post-1544","page","type-page","status-publish","hentry"],"yoast_head":"<!-- This site is optimized with the Yoast SEO plugin v27.5 - https:\/\/yoast.com\/product\/yoast-seo-wordpress\/ -->\n<title>Pies rasy pomeranian na sprzeda\u017c - Szczeniak rasy pomeranian do adopcji<\/title>\n<meta name=\"description\" content=\"Pies rasy pomeranian na sprzeda\u017c. Dostarczamy szczeni\u0119ta rasy pomeranian na ca\u0142y \u015bwiat! ... Je\u015bli rozwa\u017casz zakup szczeniaka, skontaktuj si\u0119 z nami ju\u017c teraz.\" \/>\n<meta name=\"robots\" content=\"index, follow, max-snippet:-1, max-image-preview:large, max-video-preview:-1\" \/>\n<link rel=\"canonical\" href=\"https:\/\/pomeranianvalpar.eu\/pl\/wysylka\/\" \/>\n<meta property=\"og:locale\" content=\"pl_PL\" \/>\n<meta property=\"og:type\" content=\"article\" \/>\n<meta property=\"og:title\" content=\"Pies rasy pomeranian na sprzeda\u017c - Szczeniak rasy pomeranian do adopcji\" \/>\n<meta property=\"og:description\" content=\"Pies rasy pomeranian na sprzeda\u017c. Dostarczamy szczeni\u0119ta rasy pomeranian na ca\u0142y \u015bwiat! ... Je\u015bli rozwa\u017casz zakup szczeniaka, skontaktuj si\u0119 z nami ju\u017c teraz.\" \/>\n<meta property=\"og:url\" content=\"https:\/\/pomeranianvalpar.eu\/pl\/wysylka\/\" \/>\n<meta property=\"og:site_name\" content=\"Pomeranian valpar till salu\" \/>\n<meta property=\"article:modified_time\" content=\"2025-04-24T10:22:02+00:00\" \/>\n<meta property=\"og:image\" content=\"https:\/\/pomeranianvalpar.eu\/wp-content\/uploads\/2021\/07\/IMG_7356.jpg\" \/>\n\t<meta property=\"og:image:width\" content=\"1125\" \/>\n\t<meta property=\"og:image:height\" content=\"760\" \/>\n\t<meta property=\"og:image:type\" content=\"image\/jpeg\" \/>\n<meta name=\"twitter:card\" content=\"summary_large_image\" \/>\n<meta name=\"twitter:label1\" content=\"Szacowany czas czytania\" \/>\n\t<meta name=\"twitter:data1\" content=\"3 minuty\" \/>\n<script type=\"application\/ld+json\" class=\"yoast-schema-graph\">{\"@context\":\"https:\\\/\\\/schema.org\",\"@graph\":[{\"@type\":\"WebPage\",\"@id\":\"https:\\\/\\\/pomeranianvalpar.eu\\\/pl\\\/wysylka\\\/\",\"url\":\"https:\\\/\\\/pomeranianvalpar.eu\\\/pl\\\/wysylka\\\/\",\"name\":\"Pies rasy pomeranian na sprzeda\u017c - Szczeniak rasy pomeranian do adopcji\",\"isPartOf\":{\"@id\":\"https:\\\/\\\/pomeranianvalpar.eu\\\/pl\\\/#website\"},\"primaryImageOfPage\":{\"@id\":\"https:\\\/\\\/pomeranianvalpar.eu\\\/pl\\\/wysylka\\\/#primaryimage\"},\"image\":{\"@id\":\"https:\\\/\\\/pomeranianvalpar.eu\\\/pl\\\/wysylka\\\/#primaryimage\"},\"thumbnailUrl\":\"https:\\\/\\\/pomeranianvalpar.eu\\\/wp-content\\\/uploads\\\/2021\\\/07\\\/IMG_7356.jpg\",\"datePublished\":\"2021-07-13T20:25:59+00:00\",\"dateModified\":\"2025-04-24T10:22:02+00:00\",\"description\":\"Pies rasy pomeranian na sprzeda\u017c. Dostarczamy szczeni\u0119ta rasy pomeranian na ca\u0142y \u015bwiat! ... Je\u015bli rozwa\u017casz zakup szczeniaka, skontaktuj si\u0119 z nami ju\u017c teraz.\",\"breadcrumb\":{\"@id\":\"https:\\\/\\\/pomeranianvalpar.eu\\\/pl\\\/wysylka\\\/#breadcrumb\"},\"inLanguage\":\"pl-PL\",\"potentialAction\":[{\"@type\":\"ReadAction\",\"target\":[\"https:\\\/\\\/pomeranianvalpar.eu\\\/pl\\\/wysylka\\\/\"]}]},{\"@type\":\"ImageObject\",\"inLanguage\":\"pl-PL\",\"@id\":\"https:\\\/\\\/pomeranianvalpar.eu\\\/pl\\\/wysylka\\\/#primaryimage\",\"url\":\"https:\\\/\\\/pomeranianvalpar.eu\\\/wp-content\\\/uploads\\\/2021\\\/07\\\/IMG_7356.jpg\",\"contentUrl\":\"https:\\\/\\\/pomeranianvalpar.eu\\\/wp-content\\\/uploads\\\/2021\\\/07\\\/IMG_7356.jpg\"},{\"@type\":\"BreadcrumbList\",\"@id\":\"https:\\\/\\\/pomeranianvalpar.eu\\\/pl\\\/wysylka\\\/#breadcrumb\",\"itemListElement\":[{\"@type\":\"ListItem\",\"position\":1,\"name\":\"Home\",\"item\":\"https:\\\/\\\/pomeranianvalpar.eu\\\/pl\\\/strona-glowna\\\/\"},{\"@type\":\"ListItem\",\"position\":2,\"name\":\"Wysy\u0142ka\"}]},{\"@type\":\"WebSite\",\"@id\":\"https:\\\/\\\/pomeranianvalpar.eu\\\/pl\\\/#website\",\"url\":\"https:\\\/\\\/pomeranianvalpar.eu\\\/pl\\\/\",\"name\":\"Pomeranian valpar till salu\",\"description\":\"Pomeranian valpar\",\"potentialAction\":[{\"@type\":\"SearchAction\",\"target\":{\"@type\":\"EntryPoint\",\"urlTemplate\":\"https:\\\/\\\/pomeranianvalpar.eu\\\/pl\\\/?s={search_term_string}\"},\"query-input\":{\"@type\":\"PropertyValueSpecification\",\"valueRequired\":true,\"valueName\":\"search_term_string\"}}],\"inLanguage\":\"pl-PL\"}]}<\/script>\n<!-- \/ Yoast SEO plugin. -->","yoast_head_json":{"title":"Pies rasy pomeranian na sprzeda\u017c - Szczeniak rasy pomeranian do adopcji","description":"Pies rasy pomeranian na sprzeda\u017c. Dostarczamy szczeni\u0119ta rasy pomeranian na ca\u0142y \u015bwiat! ... Je\u015bli rozwa\u017casz zakup szczeniaka, skontaktuj si\u0119 z nami ju\u017c teraz.","robots":{"index":"index","follow":"follow","max-snippet":"max-snippet:-1","max-image-preview":"max-image-preview:large","max-video-preview":"max-video-preview:-1"},"canonical":"https:\/\/pomeranianvalpar.eu\/pl\/wysylka\/","og_locale":"pl_PL","og_type":"article","og_title":"Pies rasy pomeranian na sprzeda\u017c - Szczeniak rasy pomeranian do adopcji","og_description":"Pies rasy pomeranian na sprzeda\u017c. Dostarczamy szczeni\u0119ta rasy pomeranian na ca\u0142y \u015bwiat! ... Je\u015bli rozwa\u017casz zakup szczeniaka, skontaktuj si\u0119 z nami ju\u017c teraz.","og_url":"https:\/\/pomeranianvalpar.eu\/pl\/wysylka\/","og_site_name":"Pomeranian valpar till salu","article_modified_time":"2025-04-24T10:22:02+00:00","og_image":[{"width":1125,"height":760,"url":"https:\/\/pomeranianvalpar.eu\/wp-content\/uploads\/2021\/07\/IMG_7356.jpg","type":"image\/jpeg"}],"twitter_card":"summary_large_image","twitter_misc":{"Szacowany czas czytania":"3 minuty"},"schema":{"@context":"https:\/\/schema.org","@graph":[{"@type":"WebPage","@id":"https:\/\/pomeranianvalpar.eu\/pl\/wysylka\/","url":"https:\/\/pomeranianvalpar.eu\/pl\/wysylka\/","name":"Pies rasy pomeranian na sprzeda\u017c - Szczeniak rasy pomeranian do adopcji","isPartOf":{"@id":"https:\/\/pomeranianvalpar.eu\/pl\/#website"},"primaryImageOfPage":{"@id":"https:\/\/pomeranianvalpar.eu\/pl\/wysylka\/#primaryimage"},"image":{"@id":"https:\/\/pomeranianvalpar.eu\/pl\/wysylka\/#primaryimage"},"thumbnailUrl":"https:\/\/pomeranianvalpar.eu\/wp-content\/uploads\/2021\/07\/IMG_7356.jpg","datePublished":"2021-07-13T20:25:59+00:00","dateModified":"2025-04-24T10:22:02+00:00","description":"Pies rasy pomeranian na sprzeda\u017c. Dostarczamy szczeni\u0119ta rasy pomeranian na ca\u0142y \u015bwiat! ... Je\u015bli rozwa\u017casz zakup szczeniaka, skontaktuj si\u0119 z nami ju\u017c teraz.","breadcrumb":{"@id":"https:\/\/pomeranianvalpar.eu\/pl\/wysylka\/#breadcrumb"},"inLanguage":"pl-PL","potentialAction":[{"@type":"ReadAction","target":["https:\/\/pomeranianvalpar.eu\/pl\/wysylka\/"]}]},{"@type":"ImageObject","inLanguage":"pl-PL","@id":"https:\/\/pomeranianvalpar.eu\/pl\/wysylka\/#primaryimage","url":"https:\/\/pomeranianvalpar.eu\/wp-content\/uploads\/2021\/07\/IMG_7356.jpg","contentUrl":"https:\/\/pomeranianvalpar.eu\/wp-content\/uploads\/2021\/07\/IMG_7356.jpg"},{"@type":"BreadcrumbList","@id":"https:\/\/pomeranianvalpar.eu\/pl\/wysylka\/#breadcrumb","itemListElement":[{"@type":"ListItem","position":1,"name":"Home","item":"https:\/\/pomeranianvalpar.eu\/pl\/strona-glowna\/"},{"@type":"ListItem","position":2,"name":"Wysy\u0142ka"}]},{"@type":"WebSite","@id":"https:\/\/pomeranianvalpar.eu\/pl\/#website","url":"https:\/\/pomeranianvalpar.eu\/pl\/","name":"Pomeranian valpar till salu","description":"Pomeranian valpar","potentialAction":[{"@type":"SearchAction","target":{"@type":"EntryPoint","urlTemplate":"https:\/\/pomeranianvalpar.eu\/pl\/?s={search_term_string}"},"query-input":{"@type":"PropertyValueSpecification","valueRequired":true,"valueName":"search_term_string"}}],"inLanguage":"pl-PL"}]}},"_links":{"self":[{"href":"https:\/\/pomeranianvalpar.eu\/pl\/wp-json\/wp\/v2\/pages\/1544","targetHints":{"allow":["GET"]}}],"collection":[{"href":"https:\/\/pomeranianvalpar.eu\/pl\/wp-json\/wp\/v2\/pages"}],"about":[{"href":"https:\/\/pomeranianvalpar.eu\/pl\/wp-json\/wp\/v2\/types\/page"}],"author":[{"embeddable":true,"href":"https:\/\/pomeranianvalpar.eu\/pl\/wp-json\/wp\/v2\/users\/1"}],"replies":[{"embeddable":true,"href":"https:\/\/pomeranianvalpar.eu\/pl\/wp-json\/wp\/v2\/comments?post=1544"}],"version-history":[{"count":1,"href":"https:\/\/pomeranianvalpar.eu\/pl\/wp-json\/wp\/v2\/pages\/1544\/revisions"}],"predecessor-version":[{"id":1550,"href":"https:\/\/pomeranianvalpar.eu\/pl\/wp-json\/wp\/v2\/pages\/1544\/revisions\/1550"}],"wp:attachment":[{"href":"https:\/\/pomeranianvalpar.eu\/pl\/wp-json\/wp\/v2\/media?parent=1544"}],"curies":[{"name":"wp","href":"https:\/\/api.w.org\/{rel}","templated":true}]}}