{"id":1999,"date":"2021-07-13T20:25:30","date_gmt":"2021-07-13T20:25:30","guid":{"rendered":"https:\/\/pomeranianvalpar.eu\/avaliacoes\/"},"modified":"2025-04-26T22:39:40","modified_gmt":"2025-04-26T22:39:40","slug":"avaliacoes","status":"publish","type":"page","link":"https:\/\/pomeranianvalpar.eu\/pt-pt\/avaliacoes\/","title":{"rendered":"Avalia\u00e7\u00f5es"},"content":{"rendered":"\t\t<div data-elementor-type=\"wp-page\" data-elementor-id=\"1999\" class=\"elementor elementor-1999 elementor-13\">\n\t\t\t\t\t\t<section class=\"elementor-section elementor-top-section elementor-element elementor-element-712ed9e elementor-section-boxed elementor-section-height-default elementor-section-height-default\" data-id=\"712ed9e\" data-element_type=\"section\" data-e-type=\"section\" data-settings=\"{&quot;background_background&quot;:&quot;classic&quot;}\">\n\t\t\t\t\t\t<div class=\"elementor-container elementor-column-gap-default\">\n\t\t\t\t\t<div class=\"elementor-column elementor-col-100 elementor-top-column elementor-element elementor-element-56c6ee4\" data-id=\"56c6ee4\" data-element_type=\"column\" data-e-type=\"column\">\n\t\t\t<div class=\"elementor-widget-wrap elementor-element-populated\">\n\t\t\t\t\t\t<div class=\"elementor-element elementor-element-7a3b3ab elementor-widget elementor-widget-htmega-testimonial-addons\" data-id=\"7a3b3ab\" data-element_type=\"widget\" data-e-type=\"widget\" data-widget_type=\"htmega-testimonial-addons.default\">\n\t\t\t\t<div class=\"elementor-widget-container\">\n\t\t\t\t\t            <div class=\"htmega-testimonial-area htmega-sl-arraow-style-1 htmega-testimonial-style-4 sid7a3b3ab htmega-testimonial-activation\" data-settings=\"{&quot;sectionid&quot;:&quot;sid7a3b3ab&quot;,&quot;arrows&quot;:true,&quot;arrow_prev_txt&quot;:&quot;&lt;i class=\\&quot;fas fa-angle-left\\&quot;&gt;&lt;\\\/i&gt;&quot;,&quot;arrow_next_txt&quot;:&quot;&lt;i class=\\&quot;fas fa-angle-right\\&quot;&gt;&lt;\\\/i&gt;&quot;,&quot;dots&quot;:false,&quot;autoplay&quot;:true,&quot;autoplay_speed&quot;:3000,&quot;animation_speed&quot;:300,&quot;pause_on_hover&quot;:true,&quot;center_mode&quot;:false,&quot;center_padding&quot;:0,&quot;testimonial_style_ck&quot;:4,&quot;display_columns&quot;:1,&quot;scroll_columns&quot;:1,&quot;tablet_width&quot;:750,&quot;tablet_display_columns&quot;:1,&quot;tablet_scroll_columns&quot;:1,&quot;mobile_width&quot;:480,&quot;mobile_display_columns&quot;:1,&quot;mobile_scroll_columns&quot;:1}\" style=\"display:none;\">\n\n                                                            <div class=\"testimonal\">\n                            <div class=\"testimonal-image\"><img decoding=\"async\" width=\"150\" height=\"150\" src=\"https:\/\/pomeranianvalpar.eu\/wp-content\/uploads\/2021\/07\/pom4-150x150.jpeg\" class=\"attachment-thumbnail size-thumbnail wp-image-51\" alt=\"pomeranian hund\" \/><\/div>\n                                                            <div class=\"content\">\n                                    <p>Compr\u00e1mos um pom e o processo foi tranquilo desde o in\u00edcio at\u00e9 \u00e0 entrega, o nosso c\u00e3ozinho \u00e9 saud\u00e1vel e cheio de energia. Trabalho fant\u00e1stico, respons\u00e1vel e responde sempre \u00e0s mensagens, estou super contente com o meu c\u00e3ozinho. <\/p><h4>Arabella M.<\/h4>                                <\/div>\n                                                    <\/div>\n                    \n                                                                <div class=\"testimonal\">\n                            <div class=\"testimonal-image\"><img decoding=\"async\" width=\"150\" height=\"150\" src=\"https:\/\/pomeranianvalpar.eu\/wp-content\/uploads\/2021\/07\/pom-150x150.jpeg\" class=\"attachment-thumbnail size-thumbnail wp-image-48\" alt=\"pomeranian\" \/><\/div>\n                                                            <div class=\"content\">\n                                    <p>Experi\u00eancia absolutamente incr\u00edvel! Inicialmente est\u00e1vamos c\u00e9ticos em comprar um cachorro online; especialmente de t\u00e3o longe, mas todas as nossas preocupa\u00e7\u00f5es desapareceram. Devo dizer que todos os meus muitos e-mails cheios de perguntas foram respondidos. Obrigada por tornares a minha vida completa \u2764\ufe0f\u2764\ufe0f\ud83d\udc36   <\/p><h4>Nicholas A.<\/h4>                                <\/div>\n                                                    <\/div>\n                    \n                                                                <div class=\"testimonal\">\n                            <div class=\"testimonal-image\"><img decoding=\"async\" width=\"150\" height=\"150\" src=\"https:\/\/pomeranianvalpar.eu\/wp-content\/uploads\/2021\/07\/pom1-150x150.jpeg\" class=\"attachment-thumbnail size-thumbnail wp-image-49\" alt=\"pomeranian\" \/><\/div>\n                                                            <div class=\"content\">\n                                    <p>O nosso c\u00e3ozinho \u00e9 muito confiante, calmo, feliz, amoroso (super socializado), saud\u00e1vel e est\u00e1 em excelentes condi\u00e7\u00f5es. papelada\/entrega muito profissional. Numa escala de um a dez, a minha nova cadela \"Luna\" \u00e9 um forte 11 :-). Recomendo-vos muito a todos.   <\/p><h4>Emmeline F<\/h4>                                <\/div>\n                                                    <\/div>\n                    \n                                <\/div>\n\n                         <!-- Border style  -->\n                          \n                            \n                    \t\t\t\t<\/div>\n\t\t\t\t<\/div>\n\t\t\t\t\t<\/div>\n\t\t<\/div>\n\t\t\t\t\t<\/div>\n\t\t<\/section>\n\t\t\t\t<section class=\"elementor-section elementor-top-section elementor-element elementor-element-8988e48 elementor-section-boxed elementor-section-height-default elementor-section-height-default\" data-id=\"8988e48\" data-element_type=\"section\" data-e-type=\"section\" data-settings=\"{&quot;background_background&quot;:&quot;classic&quot;}\">\n\t\t\t\t\t\t<div class=\"elementor-container elementor-column-gap-default\">\n\t\t\t\t\t<div class=\"elementor-column elementor-col-100 elementor-top-column elementor-element elementor-element-04548dc\" data-id=\"04548dc\" data-element_type=\"column\" data-e-type=\"column\">\n\t\t\t<div class=\"elementor-widget-wrap elementor-element-populated\">\n\t\t\t\t\t\t<div class=\"elementor-element elementor-element-29dd0b4 elementor-widget elementor-widget-htmega-testimonialgrid-addons\" data-id=\"29dd0b4\" data-element_type=\"widget\" data-e-type=\"widget\" data-widget_type=\"htmega-testimonialgrid-addons.default\">\n\t\t\t\t<div class=\"elementor-widget-container\">\n\t\t\t\t\t            <div class=\"htmega-testimonialgrid-area htmega-testimonialgrid-style-5 sid29dd0b4\">\n\n                <div class=\"htb-row\">\n                    \n                        <div class=\"htb-col-lg-4 htb-col-md-4 htb-col-sm-6 htb-col-12\">\n\n                                                    <div class=\"testimonal\">\n                                <div class=\"content\">\n                                    <img loading=\"lazy\" decoding=\"async\" width=\"900\" height=\"755\" src=\"https:\/\/pomeranianvalpar.eu\/wp-content\/uploads\/2021\/07\/pomp.jpeg\" class=\"attachment-large size-large wp-image-101\" alt=\"\" srcset=\"https:\/\/pomeranianvalpar.eu\/wp-content\/uploads\/2021\/07\/pomp.jpeg 900w, https:\/\/pomeranianvalpar.eu\/wp-content\/uploads\/2021\/07\/pomp-300x252.jpeg 300w, https:\/\/pomeranianvalpar.eu\/wp-content\/uploads\/2021\/07\/pomp-768x644.jpeg 768w\" sizes=\"(max-width: 900px) 100vw, 900px\" \/>                                    <div class=\"clint-info\">\n                                        <h4>Tobias<\/h4>                                    <\/div>\n                                <\/div>\n                                <p>Ol\u00e1, pe\u00e7o desculpa pela demora na resposta ao seu e-mail. A Starbucks est\u00e1 a correr bem, agora \u00e9 conhecida como Branca. A minha esposa e eu estamos apaixonados por si. Podemos tamb\u00e9m ver que ela gosta de sair, de ir \u00e0 praia, aos parques.   <\/p>                            <\/div>\n\n                        \n                        <\/div>\n\n                    \n                        <div class=\"htb-col-lg-4 htb-col-md-4 htb-col-sm-6 htb-col-12\">\n\n                                                    <div class=\"testimonal\">\n                                <div class=\"content\">\n                                    <img loading=\"lazy\" decoding=\"async\" width=\"600\" height=\"337\" src=\"https:\/\/pomeranianvalpar.eu\/wp-content\/uploads\/2021\/07\/pom.-1.jpeg\" class=\"attachment-large size-large wp-image-95\" alt=\"Pommerschen Welpen zu verkaufen\" srcset=\"https:\/\/pomeranianvalpar.eu\/wp-content\/uploads\/2021\/07\/pom.-1.jpeg 600w, https:\/\/pomeranianvalpar.eu\/wp-content\/uploads\/2021\/07\/pom.-1-300x169.jpeg 300w\" sizes=\"(max-width: 600px) 100vw, 600px\" \/>                                    <div class=\"clint-info\">\n                                        <h4>Amelia<\/h4>                                    <\/div>\n                                <\/div>\n                                <p>Obrigado por entrar em contacto connosco e com a Maximus. Ele \u00e9 tudo o que eu poderia desejar! Ele \u00e9 perfeito em muitos aspetos e faz-me lembrar muito o meu falecido cachorrinho. Todos voc\u00eas deram-nos o amor das nossas vidas e eu quero agradecer-vos. N\u00f3s renome\u00e1mo-lo como Maximus e ele j\u00e1 sabe o seu nome, j\u00e1 sabe virar-se e beija-o.    <\/p>                            <\/div>\n\n                        \n                        <\/div>\n\n                    \n                        <div class=\"htb-col-lg-4 htb-col-md-4 htb-col-sm-6 htb-col-12\">\n\n                                                    <div class=\"testimonal\">\n                                <div class=\"content\">\n                                    <img loading=\"lazy\" decoding=\"async\" width=\"600\" height=\"450\" src=\"https:\/\/pomeranianvalpar.eu\/wp-content\/uploads\/2021\/07\/pom..-1.jpeg\" class=\"attachment-large size-large wp-image-97\" alt=\"Pommerschen Welpen zu verkaufen\" srcset=\"https:\/\/pomeranianvalpar.eu\/wp-content\/uploads\/2021\/07\/pom..-1.jpeg 600w, https:\/\/pomeranianvalpar.eu\/wp-content\/uploads\/2021\/07\/pom..-1-300x225.jpeg 300w\" sizes=\"(max-width: 600px) 100vw, 600px\" \/>                                    <div class=\"clint-info\">\n                                        <h4>Emmeline<\/h4>                                    <\/div>\n                                <\/div>\n                                <p>Mal tive tempo para me sentar e escrever um e-mail. Pensei em compr\u00e1-lo para o almo\u00e7o agora. ESTAMOS ABSOLUTAMENTE APAIXONADOS PELO ROSH. Ele era um pacote de doce alegria em nossa casa. N\u00e3o podemos agradecer-lhe o suficiente por o receber nos nossos cora\u00e7\u00f5es e lares.\u2764\ufe0f\u2764\ufe0f<\/p>                            <\/div>\n\n                        \n                        <\/div>\n\n                                    <\/div>\n\n            <\/div>\n                    \t\t\t\t<\/div>\n\t\t\t\t<\/div>\n\t\t\t\t\t<\/div>\n\t\t<\/div>\n\t\t\t\t\t<\/div>\n\t\t<\/section>\n\t\t\t\t<section class=\"elementor-section elementor-top-section elementor-element elementor-element-eb67ef1 elementor-section-boxed elementor-section-height-default elementor-section-height-default\" data-id=\"eb67ef1\" data-element_type=\"section\" data-e-type=\"section\" data-settings=\"{&quot;background_background&quot;:&quot;classic&quot;}\">\n\t\t\t\t\t\t<div class=\"elementor-container elementor-column-gap-default\">\n\t\t\t\t\t<div class=\"elementor-column elementor-col-100 elementor-top-column elementor-element elementor-element-d2ef71d\" data-id=\"d2ef71d\" data-element_type=\"column\" data-e-type=\"column\">\n\t\t\t<div class=\"elementor-widget-wrap elementor-element-populated\">\n\t\t\t\t\t\t<div class=\"elementor-element elementor-element-f290b19 elementor-widget elementor-widget-htmega-testimonial-addons\" data-id=\"f290b19\" data-element_type=\"widget\" data-e-type=\"widget\" data-widget_type=\"htmega-testimonial-addons.default\">\n\t\t\t\t<div class=\"elementor-widget-container\">\n\t\t\t\t\t            <div class=\"htmega-testimonial-area htmega-sl-arraow-style- htmega-testimonial-style-7 sidf290b19 htmega-testimonial-activation\" data-settings=\"{&quot;sectionid&quot;:&quot;sidf290b19&quot;,&quot;arrows&quot;:true,&quot;arrow_prev_txt&quot;:&quot;&lt;i class=\\&quot;fas fa-angle-left\\&quot;&gt;&lt;\\\/i&gt;&quot;,&quot;arrow_next_txt&quot;:&quot;&lt;i class=\\&quot;fas fa-angle-right\\&quot;&gt;&lt;\\\/i&gt;&quot;,&quot;dots&quot;:false,&quot;autoplay&quot;:true,&quot;autoplay_speed&quot;:3000,&quot;animation_speed&quot;:300,&quot;pause_on_hover&quot;:true,&quot;center_mode&quot;:false,&quot;center_padding&quot;:0,&quot;testimonial_style_ck&quot;:7,&quot;display_columns&quot;:1,&quot;scroll_columns&quot;:1,&quot;tablet_width&quot;:750,&quot;tablet_display_columns&quot;:1,&quot;tablet_scroll_columns&quot;:1,&quot;mobile_width&quot;:480,&quot;mobile_display_columns&quot;:1,&quot;mobile_scroll_columns&quot;:1}\" style=\"display:none;\">\n\n                                                            <div class=\"testimonal\">\n                            <div class=\"testimonal-image\"><img loading=\"lazy\" decoding=\"async\" width=\"150\" height=\"150\" src=\"https:\/\/pomeranianvalpar.eu\/wp-content\/uploads\/2021\/07\/pom..-2-150x150.jpeg\" class=\"attachment-thumbnail size-thumbnail wp-image-98\" alt=\"Pommerschen Welpen\" \/><\/div> <div class=\"content\"><p>Obrigado por nos dar essa alegria. E devemos dizer que ela \u00e9 um pacote de alegria. Desfrutamos cada momento com ela. Ela \u00e9 um bolo doce ador\u00e1vel e cheio de vida. Anexei algumas fotos dela e provavelmente enviar-lhe-ei alguns v\u00eddeos bons em breve. Obrigado novamente pelo vosso servi\u00e7o.     <\/p><\/div>                            <div class=\"clint-info\">\n                                <h4>Stefan<\/h4>                            <\/div>\n                        <\/div>\n\n                    \n                                                                <div class=\"testimonal\">\n                            <div class=\"testimonal-image\"><img loading=\"lazy\" decoding=\"async\" width=\"150\" height=\"150\" src=\"https:\/\/pomeranianvalpar.eu\/wp-content\/uploads\/2021\/07\/pom..-150x150.jpeg\" class=\"attachment-thumbnail size-thumbnail wp-image-96\" alt=\"Pommerschen Welpen\" \/><\/div> <div class=\"content\"><p>\u00c9 o cachorro mais lindo que j\u00e1 vimos, com o melhor temperamento e natureza. Realmente n\u00e3o pod\u00edamos estar mais satisfeitos com ele. O servi\u00e7o que prestou foi excepcional e eu definitivamente recomendarei este servi\u00e7o a qualquer pessoa que eu conhe\u00e7a que esteja interessada em ter um c\u00e3o.  <\/p><\/div>                            <div class=\"clint-info\">\n                                <h4>Stacy O<\/h4>                            <\/div>\n                        <\/div>\n\n                    \n                                                                <div class=\"testimonal\">\n                            <div class=\"testimonal-image\"><img loading=\"lazy\" decoding=\"async\" width=\"150\" height=\"150\" src=\"https:\/\/pomeranianvalpar.eu\/wp-content\/uploads\/2021\/07\/IMG_6813-150x150.jpg\" class=\"attachment-thumbnail size-thumbnail wp-image-79\" alt=\"Pommerschen\" \/><\/div> <div class=\"content\"><p>Queria apenas dar uma atualiza\u00e7\u00e3o sobre a nossa pequena (agora Ocha), que recebemos em junho. Ela est\u00e1 muito feliz connosco e com o nosso gato. Ela recuperou bem e aument\u00e1mos a carga de trabalho do treinador. Ela gosta de ir ao parque para c\u00e3es, comer snacks e brincar \u00e0 apanhada com o seu pato de brincar.   <\/p><\/div>                            <div class=\"clint-info\">\n                                <h4>J\u00fcrgen<\/h4>                            <\/div>\n                        <\/div>\n\n                    \n                                <\/div>\n\n                         <!-- Border style  -->\n                          \n                            \n                    \t\t\t\t<\/div>\n\t\t\t\t<\/div>\n\t\t\t\t\t<\/div>\n\t\t<\/div>\n\t\t\t\t\t<\/div>\n\t\t<\/section>\n\t\t\t\t<\/div>\n\t\t","protected":false},"excerpt":{"rendered":"<p>Compr\u00e1mos um pom e o processo foi tranquilo desde o in\u00edcio at\u00e9 \u00e0 entrega, o nosso c\u00e3ozinho \u00e9 saud\u00e1vel e cheio de energia. Trabalho fant\u00e1stico, respons\u00e1vel e responde sempre \u00e0s mensagens, estou super contente com o meu c\u00e3ozinho. Arabella M. Experi\u00eancia absolutamente incr\u00edvel! Inicialmente est\u00e1vamos c\u00e9ticos em comprar um cachorro online; especialmente de t\u00e3o longe, &hellip;<\/p>\n<p class=\"read-more\"> <a class=\"\" href=\"https:\/\/pomeranianvalpar.eu\/pt-pt\/avaliacoes\/\"> <span class=\"screen-reader-text\">Avalia\u00e7\u00f5es<\/span> Read More &raquo;<\/a><\/p>\n","protected":false},"author":1,"featured_media":0,"parent":0,"menu_order":0,"comment_status":"closed","ping_status":"closed","template":"","meta":{"footnotes":""},"class_list":["post-1999","page","type-page","status-publish","hentry"],"yoast_head":"<!-- This site is optimized with the Yoast SEO plugin v27.5 - https:\/\/yoast.com\/product\/yoast-seo-wordpress\/ -->\n<title>Compre um cachorro da ra\u00e7a Lulu da Pomer\u00e2nia - Cachorro da ra\u00e7a Lulu da Pomer\u00e2nia perto de mim<\/title>\n<meta name=\"description\" content=\"Compre um cachorro Lulu da Pomer\u00e2nia. Lindos cachorros Lulu da Pomer\u00e2nia prontos para ir para novos lares amorosos e atenciosos. Desparasitado por veterin\u00e1rio registado.\" \/>\n<meta name=\"robots\" content=\"index, follow, max-snippet:-1, max-image-preview:large, max-video-preview:-1\" \/>\n<link rel=\"canonical\" href=\"https:\/\/pomeranianvalpar.eu\/pt-pt\/avaliacoes\/\" \/>\n<meta property=\"og:locale\" content=\"pt_PT\" \/>\n<meta property=\"og:type\" content=\"article\" \/>\n<meta property=\"og:title\" content=\"Compre um cachorro da ra\u00e7a Lulu da Pomer\u00e2nia - Cachorro da ra\u00e7a Lulu da Pomer\u00e2nia perto de mim\" \/>\n<meta property=\"og:description\" content=\"Compre um cachorro Lulu da Pomer\u00e2nia. Lindos cachorros Lulu da Pomer\u00e2nia prontos para ir para novos lares amorosos e atenciosos. Desparasitado por veterin\u00e1rio registado.\" \/>\n<meta property=\"og:url\" content=\"https:\/\/pomeranianvalpar.eu\/pt-pt\/avaliacoes\/\" \/>\n<meta property=\"og:site_name\" content=\"Pomeranian valpar till salu\" \/>\n<meta property=\"article:modified_time\" content=\"2025-04-26T22:39:40+00:00\" \/>\n<meta property=\"og:image\" content=\"https:\/\/pomeranianvalpar.eu\/wp-content\/uploads\/2021\/07\/pom4.jpeg\" \/>\n\t<meta property=\"og:image:width\" content=\"1080\" \/>\n\t<meta property=\"og:image:height\" content=\"1349\" \/>\n\t<meta property=\"og:image:type\" content=\"image\/jpeg\" \/>\n<meta name=\"twitter:card\" content=\"summary_large_image\" \/>\n<meta name=\"twitter:label1\" content=\"Tempo estimado de leitura\" \/>\n\t<meta name=\"twitter:data1\" content=\"2 minutos\" \/>\n<script type=\"application\/ld+json\" class=\"yoast-schema-graph\">{\"@context\":\"https:\\\/\\\/schema.org\",\"@graph\":[{\"@type\":\"WebPage\",\"@id\":\"https:\\\/\\\/pomeranianvalpar.eu\\\/pt-pt\\\/avaliacoes\\\/\",\"url\":\"https:\\\/\\\/pomeranianvalpar.eu\\\/pt-pt\\\/avaliacoes\\\/\",\"name\":\"Compre um cachorro da ra\u00e7a Lulu da Pomer\u00e2nia - Cachorro da ra\u00e7a Lulu da Pomer\u00e2nia perto de mim\",\"isPartOf\":{\"@id\":\"https:\\\/\\\/pomeranianvalpar.eu\\\/pt-pt\\\/#website\"},\"primaryImageOfPage\":{\"@id\":\"https:\\\/\\\/pomeranianvalpar.eu\\\/pt-pt\\\/avaliacoes\\\/#primaryimage\"},\"image\":{\"@id\":\"https:\\\/\\\/pomeranianvalpar.eu\\\/pt-pt\\\/avaliacoes\\\/#primaryimage\"},\"thumbnailUrl\":\"https:\\\/\\\/pomeranianvalpar.eu\\\/wp-content\\\/uploads\\\/2021\\\/07\\\/pom4-150x150.jpeg\",\"datePublished\":\"2021-07-13T20:25:30+00:00\",\"dateModified\":\"2025-04-26T22:39:40+00:00\",\"description\":\"Compre um cachorro Lulu da Pomer\u00e2nia. Lindos cachorros Lulu da Pomer\u00e2nia prontos para ir para novos lares amorosos e atenciosos. Desparasitado por veterin\u00e1rio registado.\",\"breadcrumb\":{\"@id\":\"https:\\\/\\\/pomeranianvalpar.eu\\\/pt-pt\\\/avaliacoes\\\/#breadcrumb\"},\"inLanguage\":\"pt-PT\",\"potentialAction\":[{\"@type\":\"ReadAction\",\"target\":[\"https:\\\/\\\/pomeranianvalpar.eu\\\/pt-pt\\\/avaliacoes\\\/\"]}]},{\"@type\":\"ImageObject\",\"inLanguage\":\"pt-PT\",\"@id\":\"https:\\\/\\\/pomeranianvalpar.eu\\\/pt-pt\\\/avaliacoes\\\/#primaryimage\",\"url\":\"https:\\\/\\\/pomeranianvalpar.eu\\\/wp-content\\\/uploads\\\/2021\\\/07\\\/pom4-150x150.jpeg\",\"contentUrl\":\"https:\\\/\\\/pomeranianvalpar.eu\\\/wp-content\\\/uploads\\\/2021\\\/07\\\/pom4-150x150.jpeg\"},{\"@type\":\"BreadcrumbList\",\"@id\":\"https:\\\/\\\/pomeranianvalpar.eu\\\/pt-pt\\\/avaliacoes\\\/#breadcrumb\",\"itemListElement\":[{\"@type\":\"ListItem\",\"position\":1,\"name\":\"Home\",\"item\":\"https:\\\/\\\/pomeranianvalpar.eu\\\/pt-pt\\\/pagina-inicial\\\/\"},{\"@type\":\"ListItem\",\"position\":2,\"name\":\"Avalia\u00e7\u00f5es\"}]},{\"@type\":\"WebSite\",\"@id\":\"https:\\\/\\\/pomeranianvalpar.eu\\\/pt-pt\\\/#website\",\"url\":\"https:\\\/\\\/pomeranianvalpar.eu\\\/pt-pt\\\/\",\"name\":\"Pomeranian valpar till salu\",\"description\":\"Pomeranian valpar\",\"potentialAction\":[{\"@type\":\"SearchAction\",\"target\":{\"@type\":\"EntryPoint\",\"urlTemplate\":\"https:\\\/\\\/pomeranianvalpar.eu\\\/pt-pt\\\/?s={search_term_string}\"},\"query-input\":{\"@type\":\"PropertyValueSpecification\",\"valueRequired\":true,\"valueName\":\"search_term_string\"}}],\"inLanguage\":\"pt-PT\"}]}<\/script>\n<!-- \/ Yoast SEO plugin. -->","yoast_head_json":{"title":"Compre um cachorro da ra\u00e7a Lulu da Pomer\u00e2nia - Cachorro da ra\u00e7a Lulu da Pomer\u00e2nia perto de mim","description":"Compre um cachorro Lulu da Pomer\u00e2nia. Lindos cachorros Lulu da Pomer\u00e2nia prontos para ir para novos lares amorosos e atenciosos. Desparasitado por veterin\u00e1rio registado.","robots":{"index":"index","follow":"follow","max-snippet":"max-snippet:-1","max-image-preview":"max-image-preview:large","max-video-preview":"max-video-preview:-1"},"canonical":"https:\/\/pomeranianvalpar.eu\/pt-pt\/avaliacoes\/","og_locale":"pt_PT","og_type":"article","og_title":"Compre um cachorro da ra\u00e7a Lulu da Pomer\u00e2nia - Cachorro da ra\u00e7a Lulu da Pomer\u00e2nia perto de mim","og_description":"Compre um cachorro Lulu da Pomer\u00e2nia. Lindos cachorros Lulu da Pomer\u00e2nia prontos para ir para novos lares amorosos e atenciosos. Desparasitado por veterin\u00e1rio registado.","og_url":"https:\/\/pomeranianvalpar.eu\/pt-pt\/avaliacoes\/","og_site_name":"Pomeranian valpar till salu","article_modified_time":"2025-04-26T22:39:40+00:00","og_image":[{"width":1080,"height":1349,"url":"https:\/\/pomeranianvalpar.eu\/wp-content\/uploads\/2021\/07\/pom4.jpeg","type":"image\/jpeg"}],"twitter_card":"summary_large_image","twitter_misc":{"Tempo estimado de leitura":"2 minutos"},"schema":{"@context":"https:\/\/schema.org","@graph":[{"@type":"WebPage","@id":"https:\/\/pomeranianvalpar.eu\/pt-pt\/avaliacoes\/","url":"https:\/\/pomeranianvalpar.eu\/pt-pt\/avaliacoes\/","name":"Compre um cachorro da ra\u00e7a Lulu da Pomer\u00e2nia - Cachorro da ra\u00e7a Lulu da Pomer\u00e2nia perto de mim","isPartOf":{"@id":"https:\/\/pomeranianvalpar.eu\/pt-pt\/#website"},"primaryImageOfPage":{"@id":"https:\/\/pomeranianvalpar.eu\/pt-pt\/avaliacoes\/#primaryimage"},"image":{"@id":"https:\/\/pomeranianvalpar.eu\/pt-pt\/avaliacoes\/#primaryimage"},"thumbnailUrl":"https:\/\/pomeranianvalpar.eu\/wp-content\/uploads\/2021\/07\/pom4-150x150.jpeg","datePublished":"2021-07-13T20:25:30+00:00","dateModified":"2025-04-26T22:39:40+00:00","description":"Compre um cachorro Lulu da Pomer\u00e2nia. Lindos cachorros Lulu da Pomer\u00e2nia prontos para ir para novos lares amorosos e atenciosos. Desparasitado por veterin\u00e1rio registado.","breadcrumb":{"@id":"https:\/\/pomeranianvalpar.eu\/pt-pt\/avaliacoes\/#breadcrumb"},"inLanguage":"pt-PT","potentialAction":[{"@type":"ReadAction","target":["https:\/\/pomeranianvalpar.eu\/pt-pt\/avaliacoes\/"]}]},{"@type":"ImageObject","inLanguage":"pt-PT","@id":"https:\/\/pomeranianvalpar.eu\/pt-pt\/avaliacoes\/#primaryimage","url":"https:\/\/pomeranianvalpar.eu\/wp-content\/uploads\/2021\/07\/pom4-150x150.jpeg","contentUrl":"https:\/\/pomeranianvalpar.eu\/wp-content\/uploads\/2021\/07\/pom4-150x150.jpeg"},{"@type":"BreadcrumbList","@id":"https:\/\/pomeranianvalpar.eu\/pt-pt\/avaliacoes\/#breadcrumb","itemListElement":[{"@type":"ListItem","position":1,"name":"Home","item":"https:\/\/pomeranianvalpar.eu\/pt-pt\/pagina-inicial\/"},{"@type":"ListItem","position":2,"name":"Avalia\u00e7\u00f5es"}]},{"@type":"WebSite","@id":"https:\/\/pomeranianvalpar.eu\/pt-pt\/#website","url":"https:\/\/pomeranianvalpar.eu\/pt-pt\/","name":"Pomeranian valpar till salu","description":"Pomeranian valpar","potentialAction":[{"@type":"SearchAction","target":{"@type":"EntryPoint","urlTemplate":"https:\/\/pomeranianvalpar.eu\/pt-pt\/?s={search_term_string}"},"query-input":{"@type":"PropertyValueSpecification","valueRequired":true,"valueName":"search_term_string"}}],"inLanguage":"pt-PT"}]}},"_links":{"self":[{"href":"https:\/\/pomeranianvalpar.eu\/pt-pt\/wp-json\/wp\/v2\/pages\/1999","targetHints":{"allow":["GET"]}}],"collection":[{"href":"https:\/\/pomeranianvalpar.eu\/pt-pt\/wp-json\/wp\/v2\/pages"}],"about":[{"href":"https:\/\/pomeranianvalpar.eu\/pt-pt\/wp-json\/wp\/v2\/types\/page"}],"author":[{"embeddable":true,"href":"https:\/\/pomeranianvalpar.eu\/pt-pt\/wp-json\/wp\/v2\/users\/1"}],"replies":[{"embeddable":true,"href":"https:\/\/pomeranianvalpar.eu\/pt-pt\/wp-json\/wp\/v2\/comments?post=1999"}],"version-history":[{"count":1,"href":"https:\/\/pomeranianvalpar.eu\/pt-pt\/wp-json\/wp\/v2\/pages\/1999\/revisions"}],"predecessor-version":[{"id":2008,"href":"https:\/\/pomeranianvalpar.eu\/pt-pt\/wp-json\/wp\/v2\/pages\/1999\/revisions\/2008"}],"wp:attachment":[{"href":"https:\/\/pomeranianvalpar.eu\/pt-pt\/wp-json\/wp\/v2\/media?parent=1999"}],"curies":[{"name":"wp","href":"https:\/\/api.w.org\/{rel}","templated":true}]}}