{"id":1989,"date":"2021-07-13T20:25:30","date_gmt":"2021-07-13T20:25:30","guid":{"rendered":"https:\/\/pomeranianvalpar.eu\/recenzii\/"},"modified":"2025-04-26T22:33:09","modified_gmt":"2025-04-26T22:33:09","slug":"recenzii","status":"publish","type":"page","link":"https:\/\/pomeranianvalpar.eu\/ro\/recenzii\/","title":{"rendered":"Recenzii"},"content":{"rendered":"\t\t<div data-elementor-type=\"wp-page\" data-elementor-id=\"1989\" class=\"elementor elementor-1989 elementor-13\">\n\t\t\t\t\t\t<section class=\"elementor-section elementor-top-section elementor-element elementor-element-712ed9e elementor-section-boxed elementor-section-height-default elementor-section-height-default\" data-id=\"712ed9e\" data-element_type=\"section\" data-e-type=\"section\" data-settings=\"{&quot;background_background&quot;:&quot;classic&quot;}\">\n\t\t\t\t\t\t<div class=\"elementor-container elementor-column-gap-default\">\n\t\t\t\t\t<div class=\"elementor-column elementor-col-100 elementor-top-column elementor-element elementor-element-56c6ee4\" data-id=\"56c6ee4\" data-element_type=\"column\" data-e-type=\"column\">\n\t\t\t<div class=\"elementor-widget-wrap elementor-element-populated\">\n\t\t\t\t\t\t<div class=\"elementor-element elementor-element-7a3b3ab elementor-widget elementor-widget-htmega-testimonial-addons\" data-id=\"7a3b3ab\" data-element_type=\"widget\" data-e-type=\"widget\" data-widget_type=\"htmega-testimonial-addons.default\">\n\t\t\t\t<div class=\"elementor-widget-container\">\n\t\t\t\t\t            <div class=\"htmega-testimonial-area htmega-sl-arraow-style-1 htmega-testimonial-style-4 sid7a3b3ab htmega-testimonial-activation\" data-settings=\"{&quot;sectionid&quot;:&quot;sid7a3b3ab&quot;,&quot;arrows&quot;:true,&quot;arrow_prev_txt&quot;:&quot;&lt;i class=\\&quot;fas fa-angle-left\\&quot;&gt;&lt;\\\/i&gt;&quot;,&quot;arrow_next_txt&quot;:&quot;&lt;i class=\\&quot;fas fa-angle-right\\&quot;&gt;&lt;\\\/i&gt;&quot;,&quot;dots&quot;:false,&quot;autoplay&quot;:true,&quot;autoplay_speed&quot;:3000,&quot;animation_speed&quot;:300,&quot;pause_on_hover&quot;:true,&quot;center_mode&quot;:false,&quot;center_padding&quot;:0,&quot;testimonial_style_ck&quot;:4,&quot;display_columns&quot;:1,&quot;scroll_columns&quot;:1,&quot;tablet_width&quot;:750,&quot;tablet_display_columns&quot;:1,&quot;tablet_scroll_columns&quot;:1,&quot;mobile_width&quot;:480,&quot;mobile_display_columns&quot;:1,&quot;mobile_scroll_columns&quot;:1}\" style=\"display:none;\">\n\n                                                            <div class=\"testimonal\">\n                            <div class=\"testimonal-image\"><img decoding=\"async\" width=\"150\" height=\"150\" src=\"https:\/\/pomeranianvalpar.eu\/wp-content\/uploads\/2021\/07\/pom4-150x150.jpeg\" class=\"attachment-thumbnail size-thumbnail wp-image-51\" alt=\"pomeranian hund\" \/><\/div>\n                                                            <div class=\"content\">\n                                    <p>Am cump\u0103rat un pui de c\u00e2ine \u0219i procesul a fost f\u0103r\u0103 probleme de la \u00eenceput p\u00e2n\u0103 la livrare, c\u0103\u021belu\u0219ul nostru este s\u0103n\u0103tos \u0219i energic. Treab\u0103 fantastic\u0103, responsabil \u0219i r\u0103spunde mereu la mesaje, sunt super mul\u021bumit de c\u0103\u021belu\u0219ul meu. <\/p><h4>Arabella M.<\/h4>                                <\/div>\n                                                    <\/div>\n                    \n                                                                <div class=\"testimonal\">\n                            <div class=\"testimonal-image\"><img decoding=\"async\" width=\"150\" height=\"150\" src=\"https:\/\/pomeranianvalpar.eu\/wp-content\/uploads\/2021\/07\/pom-150x150.jpeg\" class=\"attachment-thumbnail size-thumbnail wp-image-48\" alt=\"pomeranian\" \/><\/div>\n                                                            <div class=\"content\">\n                                    <p>O experien\u021b\u0103 absolut incredibil\u0103! Ini\u021bial am fost sceptici \u00een privin\u021ba cump\u0103r\u0103rii unui c\u0103\u021belu\u0219 online; mai ales de at\u00e2t de departe, dar toate \u00eengrijor\u0103rile noastre au disp\u0103rut. Trebuie s\u0103 spun c\u0103 toate numeroasele mele e-mailuri pline de \u00eentreb\u0103ri au primit r\u0103spuns. Mul\u021bumesc c\u0103 mi-a\u021bi f\u0103cut via\u021ba complet\u0103 \u2764\ufe0f\u2764\ufe0f\ud83d\udc36   <\/p><h4>Nicholas A.<\/h4>                                <\/div>\n                                                    <\/div>\n                    \n                                                                <div class=\"testimonal\">\n                            <div class=\"testimonal-image\"><img decoding=\"async\" width=\"150\" height=\"150\" src=\"https:\/\/pomeranianvalpar.eu\/wp-content\/uploads\/2021\/07\/pom1-150x150.jpeg\" class=\"attachment-thumbnail size-thumbnail wp-image-49\" alt=\"pomeranian\" \/><\/div>\n                                                            <div class=\"content\">\n                                    <p>V\u00e5r valp \u00e4r mycket f\u00f6rtroendefull, lugn, glad, k\u00e4rleksfull (supersocialiserad), frisk och i utm\u00e4rkt kondition. mycket professionellt pappersarbete\/leverans av. P\u00e5 en skala fr\u00e5n ett till tio \u00e4r min nya hund \"Luna\" en stark 11:a :-). Jag rekommenderar dig starkt till vem som helst.   <\/p><h4>Emmeline F<\/h4>                                <\/div>\n                                                    <\/div>\n                    \n                                <\/div>\n\n                         <!-- Border style  -->\n                          \n                            \n                    \t\t\t\t<\/div>\n\t\t\t\t<\/div>\n\t\t\t\t\t<\/div>\n\t\t<\/div>\n\t\t\t\t\t<\/div>\n\t\t<\/section>\n\t\t\t\t<section class=\"elementor-section elementor-top-section elementor-element elementor-element-8988e48 elementor-section-boxed elementor-section-height-default elementor-section-height-default\" data-id=\"8988e48\" data-element_type=\"section\" data-e-type=\"section\" data-settings=\"{&quot;background_background&quot;:&quot;classic&quot;}\">\n\t\t\t\t\t\t<div class=\"elementor-container elementor-column-gap-default\">\n\t\t\t\t\t<div class=\"elementor-column elementor-col-100 elementor-top-column elementor-element elementor-element-04548dc\" data-id=\"04548dc\" data-element_type=\"column\" data-e-type=\"column\">\n\t\t\t<div class=\"elementor-widget-wrap elementor-element-populated\">\n\t\t\t\t\t\t<div class=\"elementor-element elementor-element-29dd0b4 elementor-widget elementor-widget-htmega-testimonialgrid-addons\" data-id=\"29dd0b4\" data-element_type=\"widget\" data-e-type=\"widget\" data-widget_type=\"htmega-testimonialgrid-addons.default\">\n\t\t\t\t<div class=\"elementor-widget-container\">\n\t\t\t\t\t            <div class=\"htmega-testimonialgrid-area htmega-testimonialgrid-style-5 sid29dd0b4\">\n\n                <div class=\"htb-row\">\n                    \n                        <div class=\"htb-col-lg-4 htb-col-md-4 htb-col-sm-6 htb-col-12\">\n\n                                                    <div class=\"testimonal\">\n                                <div class=\"content\">\n                                    <img loading=\"lazy\" decoding=\"async\" width=\"900\" height=\"755\" src=\"https:\/\/pomeranianvalpar.eu\/wp-content\/uploads\/2021\/07\/pomp.jpeg\" class=\"attachment-large size-large wp-image-101\" alt=\"\" srcset=\"https:\/\/pomeranianvalpar.eu\/wp-content\/uploads\/2021\/07\/pomp.jpeg 900w, https:\/\/pomeranianvalpar.eu\/wp-content\/uploads\/2021\/07\/pomp-300x252.jpeg 300w, https:\/\/pomeranianvalpar.eu\/wp-content\/uploads\/2021\/07\/pomp-768x644.jpeg 768w\" sizes=\"(max-width: 900px) 100vw, 900px\" \/>                                    <div class=\"clint-info\">\n                                        <h4>Tobias<\/h4>                                    <\/div>\n                                <\/div>\n                                <p>Bun\u0103, \u00eemi pare foarte r\u0103u c\u0103 am \u00eent\u00e2rziat at\u00e2t de mult s\u0103 r\u0103spund la e-mailul t\u0103u. Starbucks o duce bine, acum este cunoscut sub numele de Branca. Eu \u0219i so\u021bia mea suntem \u00eendr\u0103gosti\u021bi de tine. Putem vedea, de asemenea, c\u0103 \u00eei place s\u0103 ias\u0103 \u00een ora\u0219, la plaj\u0103, \u00een parcuri.   <\/p>                            <\/div>\n\n                        \n                        <\/div>\n\n                    \n                        <div class=\"htb-col-lg-4 htb-col-md-4 htb-col-sm-6 htb-col-12\">\n\n                                                    <div class=\"testimonal\">\n                                <div class=\"content\">\n                                    <img loading=\"lazy\" decoding=\"async\" width=\"600\" height=\"337\" src=\"https:\/\/pomeranianvalpar.eu\/wp-content\/uploads\/2021\/07\/pom.-1.jpeg\" class=\"attachment-large size-large wp-image-95\" alt=\"Pommerschen Welpen zu verkaufen\" srcset=\"https:\/\/pomeranianvalpar.eu\/wp-content\/uploads\/2021\/07\/pom.-1.jpeg 600w, https:\/\/pomeranianvalpar.eu\/wp-content\/uploads\/2021\/07\/pom.-1-300x169.jpeg 300w\" sizes=\"(max-width: 600px) 100vw, 600px\" \/>                                    <div class=\"clint-info\">\n                                        <h4>Amelia<\/h4>                                    <\/div>\n                                <\/div>\n                                <p>Mul\u021bumim c\u0103 a\u021bi fost al\u0103turi de noi \u0219i de Maximus. El este tot ce mi-a\u0219 putea dori! Este perfect \u00een at\u00e2tea feluri \u0219i \u00eemi aminte\u0219te at\u00e2t de mult de regretatul meu c\u0103\u021belu\u0219. Ne-a\u021bi d\u0103ruit cu to\u021bii dragostea vie\u021bii noastre \u0219i vreau s\u0103 v\u0103 mul\u021bumesc. L-am redenumit Maximus \u0219i deja \u00ee\u0219i \u0219tie numele, deja se \u0219tie cum se descurc\u0103 \u0219i \u00eel s\u0103rut\u0103.    <\/p>                            <\/div>\n\n                        \n                        <\/div>\n\n                    \n                        <div class=\"htb-col-lg-4 htb-col-md-4 htb-col-sm-6 htb-col-12\">\n\n                                                    <div class=\"testimonal\">\n                                <div class=\"content\">\n                                    <img loading=\"lazy\" decoding=\"async\" width=\"600\" height=\"450\" src=\"https:\/\/pomeranianvalpar.eu\/wp-content\/uploads\/2021\/07\/pom..-1.jpeg\" class=\"attachment-large size-large wp-image-97\" alt=\"Pommerschen Welpen zu verkaufen\" srcset=\"https:\/\/pomeranianvalpar.eu\/wp-content\/uploads\/2021\/07\/pom..-1.jpeg 600w, https:\/\/pomeranianvalpar.eu\/wp-content\/uploads\/2021\/07\/pom..-1-300x225.jpeg 300w\" sizes=\"(max-width: 600px) 100vw, 600px\" \/>                                    <div class=\"clint-info\">\n                                        <h4>Emmeline<\/h4>                                    <\/div>\n                                <\/div>\n                                <p>Abia am avut timp s\u0103 m\u0103 a\u0219ez \u0219i s\u0103 scriu un e-mail. M-am g\u00e2ndit s\u0103-l iau acum pentru pr\u00e2nz. SUNTEM ABSOLUT \u00ceNDROG\u0102\u0218I\u021aI DE ROSH. El a fost un pachet de dulce bucurie \u00een casa noastr\u0103. Nu v\u0103 putem mul\u021bumi \u00eendeajuns c\u0103 l-a\u021bi primit \u00een inimile \u0219i casele noastre.\u2764\ufe0f\u2764\ufe0f<\/p>                            <\/div>\n\n                        \n                        <\/div>\n\n                                    <\/div>\n\n            <\/div>\n                    \t\t\t\t<\/div>\n\t\t\t\t<\/div>\n\t\t\t\t\t<\/div>\n\t\t<\/div>\n\t\t\t\t\t<\/div>\n\t\t<\/section>\n\t\t\t\t<section class=\"elementor-section elementor-top-section elementor-element elementor-element-eb67ef1 elementor-section-boxed elementor-section-height-default elementor-section-height-default\" data-id=\"eb67ef1\" data-element_type=\"section\" data-e-type=\"section\" data-settings=\"{&quot;background_background&quot;:&quot;classic&quot;}\">\n\t\t\t\t\t\t<div class=\"elementor-container elementor-column-gap-default\">\n\t\t\t\t\t<div class=\"elementor-column elementor-col-100 elementor-top-column elementor-element elementor-element-d2ef71d\" data-id=\"d2ef71d\" data-element_type=\"column\" data-e-type=\"column\">\n\t\t\t<div class=\"elementor-widget-wrap elementor-element-populated\">\n\t\t\t\t\t\t<div class=\"elementor-element elementor-element-f290b19 elementor-widget elementor-widget-htmega-testimonial-addons\" data-id=\"f290b19\" data-element_type=\"widget\" data-e-type=\"widget\" data-widget_type=\"htmega-testimonial-addons.default\">\n\t\t\t\t<div class=\"elementor-widget-container\">\n\t\t\t\t\t            <div class=\"htmega-testimonial-area htmega-sl-arraow-style- htmega-testimonial-style-7 sidf290b19 htmega-testimonial-activation\" data-settings=\"{&quot;sectionid&quot;:&quot;sidf290b19&quot;,&quot;arrows&quot;:true,&quot;arrow_prev_txt&quot;:&quot;&lt;i class=\\&quot;fas fa-angle-left\\&quot;&gt;&lt;\\\/i&gt;&quot;,&quot;arrow_next_txt&quot;:&quot;&lt;i class=\\&quot;fas fa-angle-right\\&quot;&gt;&lt;\\\/i&gt;&quot;,&quot;dots&quot;:false,&quot;autoplay&quot;:true,&quot;autoplay_speed&quot;:3000,&quot;animation_speed&quot;:300,&quot;pause_on_hover&quot;:true,&quot;center_mode&quot;:false,&quot;center_padding&quot;:0,&quot;testimonial_style_ck&quot;:7,&quot;display_columns&quot;:1,&quot;scroll_columns&quot;:1,&quot;tablet_width&quot;:750,&quot;tablet_display_columns&quot;:1,&quot;tablet_scroll_columns&quot;:1,&quot;mobile_width&quot;:480,&quot;mobile_display_columns&quot;:1,&quot;mobile_scroll_columns&quot;:1}\" style=\"display:none;\">\n\n                                                            <div class=\"testimonal\">\n                            <div class=\"testimonal-image\"><img loading=\"lazy\" decoding=\"async\" width=\"150\" height=\"150\" src=\"https:\/\/pomeranianvalpar.eu\/wp-content\/uploads\/2021\/07\/pom..-2-150x150.jpeg\" class=\"attachment-thumbnail size-thumbnail wp-image-98\" alt=\"Pommerschen Welpen\" \/><\/div> <div class=\"content\"><p>Mul\u021bumim c\u0103 ne-ai oferit aceast\u0103 bucurie. \u0218i trebuie s\u0103 spunem, este o \u00eenc\u00e2ntare. Ne bucur\u0103m de fiecare clip\u0103 al\u0103turi de ea. Este o pr\u0103jitur\u0103 dulce \u0219i adorabil\u0103, plin\u0103 de via\u021b\u0103. Ata\u0219ez ni\u0219te poze cu ea \u0219i probabil v\u0103 voi trimite ni\u0219te videoclipuri bune \u00een cur\u00e2nd. V\u0103 mul\u021bumesc \u00eenc\u0103 o dat\u0103 pentru serviciile dumneavoastr\u0103.     <\/p><\/div>                            <div class=\"clint-info\">\n                                <h4>Stefan<\/h4>                            <\/div>\n                        <\/div>\n\n                    \n                                                                <div class=\"testimonal\">\n                            <div class=\"testimonal-image\"><img loading=\"lazy\" decoding=\"async\" width=\"150\" height=\"150\" src=\"https:\/\/pomeranianvalpar.eu\/wp-content\/uploads\/2021\/07\/pom..-150x150.jpeg\" class=\"attachment-thumbnail size-thumbnail wp-image-96\" alt=\"Pommerschen Welpen\" \/><\/div> <div class=\"content\"><p>Este cel mai frumos c\u0103\u021belu\u0219 pe care l-am v\u0103zut vreodat\u0103, cu cel mai bun temperament \u0219i fire. Nu am putea fi mai mul\u021bumi\u021bi de el. Serviciile pe care ni le-a\u021bi oferit au fost excep\u021bionale \u0219i cu siguran\u021b\u0103 voi recomanda aceste servicii oricui cunosc \u0219i este interesat s\u0103 aib\u0103 un c\u00e2ine.  <\/p><\/div>                            <div class=\"clint-info\">\n                                <h4>Stacy O.<\/h4>                            <\/div>\n                        <\/div>\n\n                    \n                                                                <div class=\"testimonal\">\n                            <div class=\"testimonal-image\"><img loading=\"lazy\" decoding=\"async\" width=\"150\" height=\"150\" src=\"https:\/\/pomeranianvalpar.eu\/wp-content\/uploads\/2021\/07\/IMG_6813-150x150.jpg\" class=\"attachment-thumbnail size-thumbnail wp-image-79\" alt=\"Pommerschen\" \/><\/div> <div class=\"content\"><p>Doar voiam s\u0103 v\u0103 dau nout\u0103\u021bi despre micu\u021ba noastr\u0103 (acum Ocha) pe care am primit-o \u00een iunie. Este foarte mul\u021bumit\u0103 de noi \u0219i de pisica noastr\u0103. Ea \u0219i-a revenit bine, iar noi am m\u0103rit volumul de munc\u0103 al antrenorului. \u00cei place s\u0103 mearg\u0103 \u00een parcul pentru c\u00e2ini, s\u0103 m\u0103n\u00e2nce gust\u0103ri \u0219i s\u0103 se joace de-a aduce r\u0103\u021bu\u0219ca.   <\/p><\/div>                            <div class=\"clint-info\">\n                                <h4>J\u00fcrgen<\/h4>                            <\/div>\n                        <\/div>\n\n                    \n                                <\/div>\n\n                         <!-- Border style  -->\n                          \n                            \n                    \t\t\t\t<\/div>\n\t\t\t\t<\/div>\n\t\t\t\t\t<\/div>\n\t\t<\/div>\n\t\t\t\t\t<\/div>\n\t\t<\/section>\n\t\t\t\t<\/div>\n\t\t","protected":false},"excerpt":{"rendered":"<p>Am cump\u0103rat un pui de c\u00e2ine \u0219i procesul a fost f\u0103r\u0103 probleme de la \u00eenceput p\u00e2n\u0103 la livrare, c\u0103\u021belu\u0219ul nostru este s\u0103n\u0103tos \u0219i energic. Treab\u0103 fantastic\u0103, responsabil \u0219i r\u0103spunde mereu la mesaje, sunt super mul\u021bumit de c\u0103\u021belu\u0219ul meu. Arabella M. O experien\u021b\u0103 absolut incredibil\u0103! Ini\u021bial am fost sceptici \u00een privin\u021ba cump\u0103r\u0103rii unui c\u0103\u021belu\u0219 online; mai &hellip;<\/p>\n<p class=\"read-more\"> <a class=\"\" href=\"https:\/\/pomeranianvalpar.eu\/ro\/recenzii\/\"> <span class=\"screen-reader-text\">Recenzii<\/span> Read More &raquo;<\/a><\/p>\n","protected":false},"author":1,"featured_media":0,"parent":0,"menu_order":0,"comment_status":"closed","ping_status":"closed","template":"","meta":{"footnotes":""},"class_list":["post-1989","page","type-page","status-publish","hentry"],"yoast_head":"<!-- This site is optimized with the Yoast SEO plugin v27.5 - https:\/\/yoast.com\/product\/yoast-seo-wordpress\/ -->\n<title>Cump\u0103r\u0103 c\u0103\u021belu\u0219 Pomeranian - C\u0103\u021belu\u0219 Pomeranian l\u00e2ng\u0103 mine<\/title>\n<meta name=\"description\" content=\"Cump\u0103ra\u021bi c\u0103\u021belu\u0219 Pomeranian, c\u0103\u021bei Pomeranian frumo\u0219i, gata s\u0103 mearg\u0103 \u00een case noi, iubitoare \u0219i grijulii. Deparazitat\u0103 de c\u0103tre medicul veterinar autorizat.\" \/>\n<meta name=\"robots\" content=\"index, follow, max-snippet:-1, max-image-preview:large, max-video-preview:-1\" \/>\n<link rel=\"canonical\" href=\"https:\/\/pomeranianvalpar.eu\/ro\/recenzii\/\" \/>\n<meta property=\"og:locale\" content=\"ro_RO\" \/>\n<meta property=\"og:type\" content=\"article\" \/>\n<meta property=\"og:title\" content=\"Cump\u0103r\u0103 c\u0103\u021belu\u0219 Pomeranian - C\u0103\u021belu\u0219 Pomeranian l\u00e2ng\u0103 mine\" \/>\n<meta property=\"og:description\" content=\"Cump\u0103ra\u021bi c\u0103\u021belu\u0219 Pomeranian, c\u0103\u021bei Pomeranian frumo\u0219i, gata s\u0103 mearg\u0103 \u00een case noi, iubitoare \u0219i grijulii. Deparazitat\u0103 de c\u0103tre medicul veterinar autorizat.\" \/>\n<meta property=\"og:url\" content=\"https:\/\/pomeranianvalpar.eu\/ro\/recenzii\/\" \/>\n<meta property=\"og:site_name\" content=\"Pomeranian valpar till salu\" \/>\n<meta property=\"article:modified_time\" content=\"2025-04-26T22:33:09+00:00\" \/>\n<meta property=\"og:image\" content=\"https:\/\/pomeranianvalpar.eu\/wp-content\/uploads\/2021\/07\/pom4.jpeg\" \/>\n\t<meta property=\"og:image:width\" content=\"1080\" \/>\n\t<meta property=\"og:image:height\" content=\"1349\" \/>\n\t<meta property=\"og:image:type\" content=\"image\/jpeg\" \/>\n<meta name=\"twitter:card\" content=\"summary_large_image\" \/>\n<meta name=\"twitter:label1\" content=\"Timp estimat pentru citire\" \/>\n\t<meta name=\"twitter:data1\" content=\"3 minute\" \/>\n<script type=\"application\/ld+json\" class=\"yoast-schema-graph\">{\"@context\":\"https:\\\/\\\/schema.org\",\"@graph\":[{\"@type\":\"WebPage\",\"@id\":\"https:\\\/\\\/pomeranianvalpar.eu\\\/ro\\\/recenzii\\\/\",\"url\":\"https:\\\/\\\/pomeranianvalpar.eu\\\/ro\\\/recenzii\\\/\",\"name\":\"Cump\u0103r\u0103 c\u0103\u021belu\u0219 Pomeranian - C\u0103\u021belu\u0219 Pomeranian l\u00e2ng\u0103 mine\",\"isPartOf\":{\"@id\":\"https:\\\/\\\/pomeranianvalpar.eu\\\/ro\\\/#website\"},\"primaryImageOfPage\":{\"@id\":\"https:\\\/\\\/pomeranianvalpar.eu\\\/ro\\\/recenzii\\\/#primaryimage\"},\"image\":{\"@id\":\"https:\\\/\\\/pomeranianvalpar.eu\\\/ro\\\/recenzii\\\/#primaryimage\"},\"thumbnailUrl\":\"https:\\\/\\\/pomeranianvalpar.eu\\\/wp-content\\\/uploads\\\/2021\\\/07\\\/pom4-150x150.jpeg\",\"datePublished\":\"2021-07-13T20:25:30+00:00\",\"dateModified\":\"2025-04-26T22:33:09+00:00\",\"description\":\"Cump\u0103ra\u021bi c\u0103\u021belu\u0219 Pomeranian, c\u0103\u021bei Pomeranian frumo\u0219i, gata s\u0103 mearg\u0103 \u00een case noi, iubitoare \u0219i grijulii. Deparazitat\u0103 de c\u0103tre medicul veterinar autorizat.\",\"breadcrumb\":{\"@id\":\"https:\\\/\\\/pomeranianvalpar.eu\\\/ro\\\/recenzii\\\/#breadcrumb\"},\"inLanguage\":\"ro-RO\",\"potentialAction\":[{\"@type\":\"ReadAction\",\"target\":[\"https:\\\/\\\/pomeranianvalpar.eu\\\/ro\\\/recenzii\\\/\"]}]},{\"@type\":\"ImageObject\",\"inLanguage\":\"ro-RO\",\"@id\":\"https:\\\/\\\/pomeranianvalpar.eu\\\/ro\\\/recenzii\\\/#primaryimage\",\"url\":\"https:\\\/\\\/pomeranianvalpar.eu\\\/wp-content\\\/uploads\\\/2021\\\/07\\\/pom4-150x150.jpeg\",\"contentUrl\":\"https:\\\/\\\/pomeranianvalpar.eu\\\/wp-content\\\/uploads\\\/2021\\\/07\\\/pom4-150x150.jpeg\"},{\"@type\":\"BreadcrumbList\",\"@id\":\"https:\\\/\\\/pomeranianvalpar.eu\\\/ro\\\/recenzii\\\/#breadcrumb\",\"itemListElement\":[{\"@type\":\"ListItem\",\"position\":1,\"name\":\"Home\",\"item\":\"https:\\\/\\\/pomeranianvalpar.eu\\\/ro\\\/pagina-principala\\\/\"},{\"@type\":\"ListItem\",\"position\":2,\"name\":\"Recenzii\"}]},{\"@type\":\"WebSite\",\"@id\":\"https:\\\/\\\/pomeranianvalpar.eu\\\/ro\\\/#website\",\"url\":\"https:\\\/\\\/pomeranianvalpar.eu\\\/ro\\\/\",\"name\":\"Pomeranian valpar till salu\",\"description\":\"Pomeranian valpar\",\"potentialAction\":[{\"@type\":\"SearchAction\",\"target\":{\"@type\":\"EntryPoint\",\"urlTemplate\":\"https:\\\/\\\/pomeranianvalpar.eu\\\/ro\\\/?s={search_term_string}\"},\"query-input\":{\"@type\":\"PropertyValueSpecification\",\"valueRequired\":true,\"valueName\":\"search_term_string\"}}],\"inLanguage\":\"ro-RO\"}]}<\/script>\n<!-- \/ Yoast SEO plugin. -->","yoast_head_json":{"title":"Cump\u0103r\u0103 c\u0103\u021belu\u0219 Pomeranian - C\u0103\u021belu\u0219 Pomeranian l\u00e2ng\u0103 mine","description":"Cump\u0103ra\u021bi c\u0103\u021belu\u0219 Pomeranian, c\u0103\u021bei Pomeranian frumo\u0219i, gata s\u0103 mearg\u0103 \u00een case noi, iubitoare \u0219i grijulii. Deparazitat\u0103 de c\u0103tre medicul veterinar autorizat.","robots":{"index":"index","follow":"follow","max-snippet":"max-snippet:-1","max-image-preview":"max-image-preview:large","max-video-preview":"max-video-preview:-1"},"canonical":"https:\/\/pomeranianvalpar.eu\/ro\/recenzii\/","og_locale":"ro_RO","og_type":"article","og_title":"Cump\u0103r\u0103 c\u0103\u021belu\u0219 Pomeranian - C\u0103\u021belu\u0219 Pomeranian l\u00e2ng\u0103 mine","og_description":"Cump\u0103ra\u021bi c\u0103\u021belu\u0219 Pomeranian, c\u0103\u021bei Pomeranian frumo\u0219i, gata s\u0103 mearg\u0103 \u00een case noi, iubitoare \u0219i grijulii. Deparazitat\u0103 de c\u0103tre medicul veterinar autorizat.","og_url":"https:\/\/pomeranianvalpar.eu\/ro\/recenzii\/","og_site_name":"Pomeranian valpar till salu","article_modified_time":"2025-04-26T22:33:09+00:00","og_image":[{"width":1080,"height":1349,"url":"https:\/\/pomeranianvalpar.eu\/wp-content\/uploads\/2021\/07\/pom4.jpeg","type":"image\/jpeg"}],"twitter_card":"summary_large_image","twitter_misc":{"Timp estimat pentru citire":"3 minute"},"schema":{"@context":"https:\/\/schema.org","@graph":[{"@type":"WebPage","@id":"https:\/\/pomeranianvalpar.eu\/ro\/recenzii\/","url":"https:\/\/pomeranianvalpar.eu\/ro\/recenzii\/","name":"Cump\u0103r\u0103 c\u0103\u021belu\u0219 Pomeranian - C\u0103\u021belu\u0219 Pomeranian l\u00e2ng\u0103 mine","isPartOf":{"@id":"https:\/\/pomeranianvalpar.eu\/ro\/#website"},"primaryImageOfPage":{"@id":"https:\/\/pomeranianvalpar.eu\/ro\/recenzii\/#primaryimage"},"image":{"@id":"https:\/\/pomeranianvalpar.eu\/ro\/recenzii\/#primaryimage"},"thumbnailUrl":"https:\/\/pomeranianvalpar.eu\/wp-content\/uploads\/2021\/07\/pom4-150x150.jpeg","datePublished":"2021-07-13T20:25:30+00:00","dateModified":"2025-04-26T22:33:09+00:00","description":"Cump\u0103ra\u021bi c\u0103\u021belu\u0219 Pomeranian, c\u0103\u021bei Pomeranian frumo\u0219i, gata s\u0103 mearg\u0103 \u00een case noi, iubitoare \u0219i grijulii. Deparazitat\u0103 de c\u0103tre medicul veterinar autorizat.","breadcrumb":{"@id":"https:\/\/pomeranianvalpar.eu\/ro\/recenzii\/#breadcrumb"},"inLanguage":"ro-RO","potentialAction":[{"@type":"ReadAction","target":["https:\/\/pomeranianvalpar.eu\/ro\/recenzii\/"]}]},{"@type":"ImageObject","inLanguage":"ro-RO","@id":"https:\/\/pomeranianvalpar.eu\/ro\/recenzii\/#primaryimage","url":"https:\/\/pomeranianvalpar.eu\/wp-content\/uploads\/2021\/07\/pom4-150x150.jpeg","contentUrl":"https:\/\/pomeranianvalpar.eu\/wp-content\/uploads\/2021\/07\/pom4-150x150.jpeg"},{"@type":"BreadcrumbList","@id":"https:\/\/pomeranianvalpar.eu\/ro\/recenzii\/#breadcrumb","itemListElement":[{"@type":"ListItem","position":1,"name":"Home","item":"https:\/\/pomeranianvalpar.eu\/ro\/pagina-principala\/"},{"@type":"ListItem","position":2,"name":"Recenzii"}]},{"@type":"WebSite","@id":"https:\/\/pomeranianvalpar.eu\/ro\/#website","url":"https:\/\/pomeranianvalpar.eu\/ro\/","name":"Pomeranian valpar till salu","description":"Pomeranian valpar","potentialAction":[{"@type":"SearchAction","target":{"@type":"EntryPoint","urlTemplate":"https:\/\/pomeranianvalpar.eu\/ro\/?s={search_term_string}"},"query-input":{"@type":"PropertyValueSpecification","valueRequired":true,"valueName":"search_term_string"}}],"inLanguage":"ro-RO"}]}},"_links":{"self":[{"href":"https:\/\/pomeranianvalpar.eu\/ro\/wp-json\/wp\/v2\/pages\/1989","targetHints":{"allow":["GET"]}}],"collection":[{"href":"https:\/\/pomeranianvalpar.eu\/ro\/wp-json\/wp\/v2\/pages"}],"about":[{"href":"https:\/\/pomeranianvalpar.eu\/ro\/wp-json\/wp\/v2\/types\/page"}],"author":[{"embeddable":true,"href":"https:\/\/pomeranianvalpar.eu\/ro\/wp-json\/wp\/v2\/users\/1"}],"replies":[{"embeddable":true,"href":"https:\/\/pomeranianvalpar.eu\/ro\/wp-json\/wp\/v2\/comments?post=1989"}],"version-history":[{"count":1,"href":"https:\/\/pomeranianvalpar.eu\/ro\/wp-json\/wp\/v2\/pages\/1989\/revisions"}],"predecessor-version":[{"id":1998,"href":"https:\/\/pomeranianvalpar.eu\/ro\/wp-json\/wp\/v2\/pages\/1989\/revisions\/1998"}],"wp:attachment":[{"href":"https:\/\/pomeranianvalpar.eu\/ro\/wp-json\/wp\/v2\/media?parent=1989"}],"curies":[{"name":"wp","href":"https:\/\/api.w.org\/{rel}","templated":true}]}}